{"id":11948,"date":"2025-12-04T09:20:38","date_gmt":"2025-12-04T12:20:38","guid":{"rendered":"https:\/\/jfsimulacaosaude.com.br\/site\/?post_type=product&#038;p=11948"},"modified":"2025-12-08T17:06:02","modified_gmt":"2025-12-08T20:06:02","slug":"alta-performance-em-atendimento-pre-hospitalar-t15","status":"publish","type":"product","link":"https:\/\/jfsimulacaosaude.com.br\/site\/produto\/alta-performance-em-atendimento-pre-hospitalar-t15\/","title":{"rendered":"Alta Performance em Atendimento Pr\u00e9-Hospitalar &#8211; T15"},"content":{"rendered":"<p><strong>Objetivos:<\/strong><\/p>\n<p><strong>Geral: <\/strong><\/p>\n<p>Oferecer capacita\u00e7\u00e3o te\u00f3rico-pr\u00e1tica baseada em evid\u00eancias cient\u00edficas nacionais e internacionais atuais em alta performance no atendimento de emerg\u00eancia pr\u00e9-hospitalar.<\/p>\n<p><strong>Espec\u00edficos: <\/strong><\/p>\n<p>Capacitar profissionais a reconhecerem e ofertarem resposta adequada a situa\u00e7\u00f5es de risco imediato \u00e0 vida;<\/p>\n<p>Formar profissionais de excel\u00eancia em padr\u00e3o-ouro para socorro e resgate de v\u00edtimas.<\/p>\n<p><strong>P\u00fablico-alvo<\/strong>:<\/p>\n<p>Acad\u00eamicos e profissionais da sa\u00fade; bombeiros militares e civis; condutores de ve\u00edculos; educadores f\u00edsicos e profissionais afins.<\/p>\n<p><strong>Carga Hor\u00e1ria:<\/strong><\/p>\n<p>200h<\/p>\n<p><b>Modalidade:<\/b> H\u00edbrido (Presencial e Online &#8211; v\u00eddeoaulas)<\/p>\n<p><strong>Periodicidade:<\/strong><\/p>\n<p>Aula presencial: S\u00e1bado e Domingo (8h \u00e0s 17h) &#8211; 02 VEZEZ AO M\u00caS.<\/p>\n<p><b>Per\u00edodo:<\/b> 07 de mar\u00e7o a 03 de maio de 2026.<\/p>\n<p><strong>Vagas:<\/strong> 35<\/p>\n<p><em><strong>CRONOGRAMA PREVISTO (<a href=\"https:\/\/drive.google.com\/file\/d\/1CDYLJmqGu81rdOelhChsfpNkrYmwY_ti\/view?usp=sharing\">CLIQUE AQUI<\/a>)<\/strong><\/em><\/p>\n<p>Documenta\u00e7\u00e3o Necess\u00e1ria:<br \/>\n&#8211; C\u00f3pia do RG e CPF ou CNH;<br \/>\n&#8211; C\u00f3pia do Comprovante de Endere\u00e7o;<br \/>\n&#8211; Contrato Educacional assinado;<br \/>\n&#8211; Comprovante da taxa de inscri\u00e7\u00e3o (R$ 80,00).<\/p>\n<p><strong>Local de Realiza\u00e7\u00e3o:<\/strong><\/p>\n<ul>\n<li><strong>FAUNIQ<\/strong> (Rua Dr Joaquim Fernandes, 661, Centro &#8211; Quixeramobim-CE)<\/li>\n<\/ul>\n<p><strong>Certifica\u00e7\u00e3o:<\/strong><\/p>\n<p>Ser\u00e1 fornecido certificado de participa\u00e7\u00e3o para todos os alunos que completarem no m\u00ednimo 75% da carga hor\u00e1ria do curso.<\/p>\n<p><strong>Conte\u00fado Program\u00e1tico baseado na Portaria 2048 de 2002:<\/strong><\/p>\n<ul>\n<li>Os 3 S da Seguran\u00e7a \/ Suporte Imediato \u00e0 Vida;<\/li>\n<li>Emerg\u00eancias Cl\u00ednicas;<\/li>\n<li>Emerg\u00eancias Traum\u00e1ticas;<\/li>\n<li>Novas Evid\u00eancias no Atendimento Pr\u00e9-Hospitalar;<\/li>\n<li>Emerg\u00eancia em Popula\u00e7\u00f5es Especiais (Psiquiatria);<\/li>\n<li>Emerg\u00eancia em Popula\u00e7\u00f5es Especiais (Gestante e Idoso);<\/li>\n<li>Visita T\u00e9cnica (SAMU) *;<\/li>\n<li><em>Stop The Bleed<\/em> (Certifica\u00e7\u00e3o Internacional) .<\/li>\n<li>Resgate em altura ;<\/li>\n<li>Emerg\u00eancias aqu\u00e1ticas ;<\/li>\n<li><strong>B\u00f4nus 1: <\/strong>\u00a0Resolu\u00e7\u00e3o de Quest\u00f5es com gamifica\u00e7\u00f5es voltadas para concursos;<\/li>\n<li><strong>B\u00f4nus 2:<\/strong> <em>check list<\/em> (esta\u00e7\u00f5es pr\u00e1ticas);<\/li>\n<li><strong>B\u00f4nus 3:<\/strong> Camisa;<\/li>\n<li><strong>B\u00f4nus 4:<\/strong> Mentoria de Carreira Profissional: Trajet\u00f3ria de Sucesso.<\/li>\n<\/ul>\n<p><strong>*CRONOGRAMA SUJEITO A ALTERA\u00c7\u00d5ES.<br \/>\n<\/strong><\/p>\n<p>*Visita t\u00e9cnica mediante disponibilidade das institui\u00e7\u00f5es.<\/p>\n<p><strong>Metodologia: <\/strong><\/p>\n<ul>\n<li>Aulas expositivas e dialogadas com a utiliza\u00e7\u00e3o de material audiovisual;<\/li>\n<li>Aprendizagem Baseada em Problemas (ABP) com resolu\u00e7\u00e3o de casos cl\u00ednicos;<\/li>\n<li>Demonstra\u00e7\u00e3o de equipamentos e visitas t\u00e9cnicas em servi\u00e7os de atendimento pr\u00e9 e intra-hospitalar;<\/li>\n<li>Simula\u00e7\u00f5es com manequins de m\u00e9dia fidelidade;<\/li>\n<li>Simula\u00e7\u00e3o real\u00edstica e cl\u00ednica;<\/li>\n<li>Simulador virtual;<\/li>\n<li>Gamifica\u00e7\u00e3o;<\/li>\n<li>Ambiente EaD;<\/li>\n<li>Atividades avaliativas em cada m\u00f3dulo;<\/li>\n<\/ul>\n<p><strong>Investimento:<\/strong><\/p>\n<p><b>Taxa de Inscri\u00e7\u00e3o:<\/b> R$ 120,00 (cento e vinte reais)<br \/>\n<b>Valor do Curso:<\/b> 04 mensalidades de R$ 375,00 (trezentos e setenta e cinco reais) ou at\u00e9 12 vezes no cart\u00e3o de cr\u00e9dito com acr\u00e9scimo da operadora.<\/p>\n<p>*Acad\u00eamicos da sa\u00fade da FAUNIQ ter\u00e3o direito a 10% de desconto. Para isso \u00e9 necess\u00e1rio entrar em contato com o Centro de Ensino e Simula\u00e7\u00e3o em Sa\u00fade JF para enviar um comprovante no WhatsApp (85) 99183.5387.<\/p>\n<p>*Os descontos concedidos n\u00e3o s\u00e3o cumulativos.<\/p>\n<p><strong>ORIENTA\u00c7\u00d5ES GERAIS<\/strong><\/p>\n<p>CURSOS LIVRES<\/p>\n<ol>\n<li>As inscri\u00e7\u00f5es ser\u00e3o realizadas at\u00e9 o \u00faltimo dia \u00fatil que antecede a data de in\u00edcio do curso, e se houver vaga. Caso a quantidade de pagantes ultrapasse o n\u00famero de vagas, o valor integral ser\u00e1 devolvido ao \u00faltimo participante inscrito;<\/li>\n<li>A realiza\u00e7\u00e3o do curso est\u00e1 sujeita a forma\u00e7\u00e3o de turma, com n\u00famero igual ou superior aos gastos estipulados pela empresa. A n\u00e3o forma\u00e7\u00e3o de turma est\u00e1 sujeita a devolu\u00e7\u00e3o do valor integral de da inscri\u00e7\u00e3o;<\/li>\n<li>A desist\u00eancia dever\u00e1 ser comunicada por e-mail (jf@jfservicoseducacionais.com.br) at\u00e9 72(setenta e duas) horas antes do in\u00edcio do curso. Ap\u00f3s esse prazo ser\u00e1 devolvido 70% (setenta por cento) do valor e ap\u00f3s o in\u00edcio do curso n\u00e3o h\u00e1 devolu\u00e7\u00e3o e\/ou estorno. No e-mail deve ser informado os dados banc\u00e1rios do aluno com o devido CPF e nome completo, e anexado o comprovante de pagamento para devolu\u00e7\u00e3o e\/ou estorno no caso de pagamento por meio de cart\u00e3o de cr\u00e9dito. A devolu\u00e7\u00e3o e\/ou estorno ser\u00e1 feita at\u00e9 3 (tr\u00eas) dias \u00fateis ap\u00f3s o recebimento do e-mail.<\/li>\n<li><b>DIREITO AO USO DA IMAGEM<\/b><b>\u00a0\u2013\u00a0<\/b>O(A)<b>\u00a0inscrito(a)\u00a0<\/b>cede expressa e gratuitamente ao Centro de Ensino e Simula\u00e7\u00e3o em Sa\u00fade \u2013 JF o direito de uso de sua imagem ou do benefici\u00e1rio (Aluno) pelo qual \u00e9 respons\u00e1vel legal, para figurar, individual ou coletivamente, em campanhas institucionais ou publicit\u00e1rias do Centro de Ensino e Simula\u00e7\u00e3o em Sa\u00fade \u2013 JF, para todos os efeitos legais, observada a moral e os bons costumes.<\/li>\n<\/ol>\n<p>ORIENTA\u00c7\u00d5ES ESPEC\u00cdFICAS<\/p>\n<ol>\n<li>As aulas EAD (www.eadjf.com.br) ficar\u00e3o dispon\u00edveis no per\u00edodo de realiza\u00e7\u00e3o do curso, bem como as aulas remotas que ser\u00e3o enviadas (link privado), se for o caso, para o e-mail cadastrado de cada aluno inscrito, sabendo que n\u00e3o \u00e9 permitido compartilhar este conte\u00fado a terceiros;<\/li>\n<li>Para o recebimento do certificado, \u00e9 necess\u00e1rio a participa\u00e7\u00e3o m\u00ednima em 75% das aulas remotas, presenciais e EAD.<\/li>\n<\/ol>\n<p><strong>Dra. Julyana Freitas<br \/>\n<\/strong>Dire\u00e7\u00e3o Geral<\/p>\n","protected":false},"excerpt":{"rendered":"<p><strong>TURMA 15 &#8211; QUIXERAMOBIM | CE<\/strong><\/p>\n<p><strong>IN\u00cdCIO:<\/strong> 07 de Mar\u00e7o de 2026<\/p>\n<p><strong>Investimento:<\/strong><\/p>\n<p><b>Taxa de Inscri\u00e7\u00e3o:<\/b> R$ 120,00 (cento e vinte reais)<br \/>\n<b>Valor do Curso:<\/b> 04 mensalidades de R$ 375,00 (trezentos e setenta e cinco reais) ou at\u00e9 12 vezes no cart\u00e3o de cr\u00e9dito com acr\u00e9scimo da operadora.<\/p>\n<p>*Acad\u00eamicos da sa\u00fade da FAUNIQ ter\u00e3o direito a 10% de desconto. Para isso \u00e9 necess\u00e1rio entrar em contato com o Centro de Ensino e Simula\u00e7\u00e3o em Sa\u00fade JF para enviar um comprovante no WhatsApp (85) 99183.5387.<\/p>\n<p>*Os descontos concedidos n\u00e3o s\u00e3o cumulativos.<\/p>\n<p>&nbsp;<\/p>\n","protected":false},"featured_media":0,"comment_status":"open","ping_status":"closed","template":"","meta":{"_acf_changed":false},"product_brand":[],"product_cat":[147],"product_tag":[],"class_list":{"0":"post-11948","1":"product","2":"type-product","3":"status-publish","5":"product_cat-livre-em-oferta","7":"first","8":"instock","9":"downloadable","10":"virtual","11":"purchasable","12":"product-type-simple"},"acf":[],"_links":{"self":[{"href":"https:\/\/jfsimulacaosaude.com.br\/site\/wp-json\/wp\/v2\/product\/11948","targetHints":{"allow":["GET"]}}],"collection":[{"href":"https:\/\/jfsimulacaosaude.com.br\/site\/wp-json\/wp\/v2\/product"}],"about":[{"href":"https:\/\/jfsimulacaosaude.com.br\/site\/wp-json\/wp\/v2\/types\/product"}],"replies":[{"embeddable":true,"href":"https:\/\/jfsimulacaosaude.com.br\/site\/wp-json\/wp\/v2\/comments?post=11948"}],"wp:attachment":[{"href":"https:\/\/jfsimulacaosaude.com.br\/site\/wp-json\/wp\/v2\/media?parent=11948"}],"wp:term":[{"taxonomy":"product_brand","embeddable":true,"href":"https:\/\/jfsimulacaosaude.com.br\/site\/wp-json\/wp\/v2\/product_brand?post=11948"},{"taxonomy":"product_cat","embeddable":true,"href":"https:\/\/jfsimulacaosaude.com.br\/site\/wp-json\/wp\/v2\/product_cat?post=11948"},{"taxonomy":"product_tag","embeddable":true,"href":"https:\/\/jfsimulacaosaude.com.br\/site\/wp-json\/wp\/v2\/product_tag?post=11948"}],"curies":[{"name":"wp","href":"https:\/\/api.w.org\/{rel}","templated":true}]}}