{"id":11943,"date":"2025-12-03T11:44:14","date_gmt":"2025-12-03T14:44:14","guid":{"rendered":"https:\/\/jfsimulacaosaude.com.br\/site\/?post_type=product&#038;p=11943"},"modified":"2025-12-05T10:42:44","modified_gmt":"2025-12-05T13:42:44","slug":"assumi-o-plantao-e-agora-alta-performance-em-treinamento-de-habilidades-em-enfermagem-t4","status":"publish","type":"product","link":"https:\/\/jfsimulacaosaude.com.br\/site\/produto\/assumi-o-plantao-e-agora-alta-performance-em-treinamento-de-habilidades-em-enfermagem-t4\/","title":{"rendered":"Assumi o Plant\u00e3o! E Agora? Alta Performance em Treinamento de Habilidades em Enfermagem T4"},"content":{"rendered":"<p><strong>TURMA 04<\/strong><\/p>\n<p><strong><u>DESCRI\u00c7\u00c3O<\/u><\/strong><\/p>\n<p><strong>Objetivo:<\/strong><\/p>\n<p>Conectar alta tecnologia, infraestrutura e conhecimento na forma de treinamento de habilidades, manuseio de equipamentos e dispositivos m\u00e9dicos nos procedimentos de enfermagem mais rotineiros no ambiente hospitalar, aliado a evid\u00eancias cient\u00edficas mais atuais, favorecendo o desenvolvimento de boas pr\u00e1ticas e alta performance nos cuidados gerais de enfermagem.<\/p>\n<p>&nbsp;<\/p>\n<p><strong>P\u00fablico-alvo:<\/strong><\/p>\n<p>Acad\u00eamicos de Enfermagem, Auxiliares\/T\u00e9cnicos de Enfermagem e Enfermeiros.<\/p>\n<p>&nbsp;<\/p>\n<p><strong>Carga Hor\u00e1ria:<\/strong><\/p>\n<p>20h<\/p>\n<p>&nbsp;<\/p>\n<p><strong>Modalidade:\u00a0<\/strong><\/p>\n<p>Hibrido<\/p>\n<p>&nbsp;<\/p>\n<p><strong>Per\u00edodo:<\/strong><\/p>\n<p>24 e 25 de Janeiro<\/p>\n<p>&nbsp;<\/p>\n<p><strong>Local de Realiza\u00e7\u00e3o:<\/strong><\/p>\n<p>Centro de Ensino e Simula\u00e7\u00e3o em Sa\u00fade \u2013 JF (Rua Ab\u00edlio Martins, 900, Parquel\u00e2ndia)<\/p>\n<p>&nbsp;<\/p>\n<p><strong>Certifica\u00e7\u00e3o:<\/strong><\/p>\n<p>Ser\u00e1 fornecido certificado de participa\u00e7\u00e3o para todos os alunos que completarem no m\u00ednimo 75% da carga hor\u00e1ria do curso.<\/p>\n<p>&nbsp;<\/p>\n<p><strong>Conte\u00fado Program\u00e1tico (Esta\u00e7\u00f5es Pr\u00e1ticas)*<\/strong><\/p>\n<ol>\n<li>Exame f\u00edsico \u00e0 beira leito<\/li>\n<li>Monitoriza\u00e7\u00e3o hemodin\u00e2mica b\u00e1sica<\/li>\n<li>Oxigenoterapia<\/li>\n<li>Aspira\u00e7\u00e3o de vias a\u00e9reas<\/li>\n<li>Cateterismo g\u00e1strico<\/li>\n<li>Cateterismo enteral<\/li>\n<li>Cateterismo vesical de al\u00edvio<\/li>\n<li>Cateterismo vesical de demora<\/li>\n<li>Administra\u00e7\u00e3o de medica\u00e7\u00f5es<\/li>\n<li>Manejo de injet\u00e1veis (ID, SC, IM e EV)<\/li>\n<\/ol>\n<p>&nbsp;<\/p>\n<p><strong><em>*<\/em><\/strong><em>CRONOGRAMA SUJEITO A ALTERA\u00c7\u00d5ES.<\/em><\/p>\n<p>&nbsp;<\/p>\n<p><strong>Facilitadores:<\/strong><\/p>\n<p><strong>Enf.\u00aa Prof. Dra. Julyana Freitas<\/strong><\/p>\n<p><em>Enfermeira pela Universidade Federal do Cear\u00e1 (2008).<\/em><\/p>\n<p><em>Mestrado e Doutorado pela Universidade Federal do Cear\u00e1 (2011\/2013).<\/em><\/p>\n<p><em>Especialista em Urg\u00eancia e Emerg\u00eancia pela ESP (Escola de Sa\u00fade P\u00fablica (2013).<\/em><\/p>\n<p><em>Docente da Universidade de Fortaleza (UNIFOR) (2013\/2024).<\/em><\/p>\n<p><em>Enfermeira Emergencista Hospital Instituto Dr. Jos\u00e9 Frota (Atual)CEO do Centro de Ensino e Simula\u00e7\u00e3o em Sa\u00fade JF (2018\/atual).<\/em><\/p>\n<p><em>Especialista em Simula\u00e7\u00e3o Cl\u00ednica da Escola de Sa\u00fade P\u00fablica (ESP\/CE) (2021\/ atual).<\/em><\/p>\n<p>&nbsp;<\/p>\n<p><strong>Enf.\u00ba Prof. Ms. Raphael Colares de S\u00e1<\/strong><\/p>\n<p><em>Enfermeiro Emergencista do Eixo Cr\u00edtico do Instituto Dr. Jos\u00e9 Frota \u2013 IJF.<\/em><\/p>\n<p><em>Enfermeiro do Transplante Hep\u00e1tico, Renal e Pancre\u00e1tico do Hospital Geral de Fortaleza \u2013 HGF.<\/em><\/p>\n<p><em>Preceptor da Resid\u00eancia Multiprofissional do Instituto Dr. Jos\u00e9 Frota \u2013 IJF.<\/em><\/p>\n<p><em>Membro da Dire\u00e7\u00e3o de Ensino em Pesquisa do Hospital Geral de Fortaleza \u2013 HGF.<\/em><\/p>\n<p><em>Especialista em Transplante de \u00d3rg\u00e3os e Tecidos.<\/em><\/p>\n<p><em>Especialista em Urg\u00eancia e Emerg\u00eancia.<\/em><\/p>\n<p><em>Mestre em Ensino em Sa\u00fade.<\/em><\/p>\n<p><em>Professor de P\u00f3s-Gradua\u00e7\u00e3o nas \u00e1reas de Urg\u00eancia e Emerg\u00eancia e Terapia Intensiva.<\/em><\/p>\n<p>&nbsp;<\/p>\n<p><strong>Enf.\u00ba Prof. Esp. Ac\u00e1ssio Ferreira de Holanda<\/strong><\/p>\n<p><em>Graduado em Enfermagem pelo Centro Universit\u00e1rio Est\u00e1cio do Cear\u00e1. Especialista em Terapia Vascular pela Universit\u00e8 Paris Descartes V. P\u00f3s-graduando Urg\u00eancia e Emerg\u00eancia pela JF Servi\u00e7os Educacionais em Sa\u00fade. P\u00f3s- graduando em Acessos Vasculares e Terapia Infunsional e Habilitado para inser\u00e7\u00e3o de PICC pelo Hospital Israelita de Ensino e Pesquisa Albert Einstein. Membro da Infusion Nurse Society\u2013 INS. T\u00e9cnico de Laborat\u00f3rio em An\u00e1lises Cl\u00ednicas. Pesquisador com \u00eanfase nas linhas de pesquisas na \u00e1rea de tecnologias educacionais para enfermagem, constru\u00e7\u00e3o e valida\u00e7\u00e3o de tecnologias educacionais.<\/em><\/p>\n<p>&nbsp;<\/p>\n<p><strong><u>AO FINAL DO CURSO O ALUNO SER\u00c1 CAPAZ DE:<\/u><\/strong><\/p>\n<ul>\n<li>Desenvolver boas pr\u00e1ticas com alta performance em habilidades de enfermagem no contexto de assist\u00eancia hospitalar;<\/li>\n<li>Manusear tecnologias e dispositivos m\u00e9dicos para a execu\u00e7\u00e3o h\u00e1bil e eficaz de procedimentos de enfermagem rotineiros no contexto de assist\u00eancia hospitalar;<\/li>\n<\/ul>\n<p>&nbsp;<\/p>\n<p><strong>Investimento:<\/strong><\/p>\n<p>R$ 389,00 (trezentos e oitenta e nove reais).<\/p>\n<p>&nbsp;<\/p>\n<p><strong><u>ORIENTA\u00c7\u00d5ES GERAIS<\/u><\/strong><\/p>\n<p>&nbsp;<\/p>\n<p><strong>CURSOS LIVRES<\/strong><\/p>\n<ul>\n<li>As inscri\u00e7\u00f5es ser\u00e3o realizadas at\u00e9 o \u00faltimo dia \u00fatil que antecede a data de in\u00edcio do curso, e se houver vaga. Caso a quantidade de pagantes ultrapasse o n\u00famero de vagas, o valor integral ser\u00e1 devolvido ao \u00faltimo participante inscrito;<\/li>\n<li>A realiza\u00e7\u00e3o do curso est\u00e1 sujeita a forma\u00e7\u00e3o de turma, com n\u00famero igual ou superior aos gastos estipulados pela empresa. A n\u00e3o forma\u00e7\u00e3o de turma est\u00e1 sujeita a devolu\u00e7\u00e3o do valor integral de da inscri\u00e7\u00e3o;<\/li>\n<li>A desist\u00eancia dever\u00e1 ser comunicada por e-mail (jf@jfservicoseducacionais.com.br) at\u00e9 72 (setenta e duas) horas antes do in\u00edcio do curso. Ap\u00f3s esse prazo ser\u00e1 devolvido 70% (setenta por cento) do valor e ap\u00f3s o in\u00edcio do curso n\u00e3o h\u00e1 devolu\u00e7\u00e3o e\/ou estorno. No e-mail deve ser informado os dados banc\u00e1rios do aluno com o devido CPF e nome completo, e anexado o comprovante de pagamento para devolu\u00e7\u00e3o e\/ou estorno no caso de pagamento por meio de cart\u00e3o de cr\u00e9dito. A devolu\u00e7\u00e3o e\/ou estorno ser\u00e1 feita at\u00e9 3 (tr\u00eas) dias \u00fateis ap\u00f3s o recebimento do e-mail.<\/li>\n<li>DIREITO AO USO DA IMAGEM \u2013 O(A) inscrito(a) cede expressa e gratuitamente ao Centro de Ensino e Simula\u00e7\u00e3o em Sa\u00fade \u2013 JF o direito de uso de sua imagem ou do benefici\u00e1rio (Aluno) pelo qual \u00e9 respons\u00e1vel legal, para figurar, individual ou coletivamente, em campanhas institucionais ou publicit\u00e1rias do Centro de Ensino e Simula\u00e7\u00e3o em Sa\u00fade \u2013 JF, para todos os efeitos legais, observada a moral e os bons costumes.<\/li>\n<\/ul>\n<p>&nbsp;<\/p>\n<p><strong>ORIENTA\u00c7\u00d5ES ESPEC\u00cdFICAS<\/strong><\/p>\n<ul>\n<li>As aulas EAD (www.eadjf.com.br) ficar\u00e3o dispon\u00edveis no per\u00edodo de realiza\u00e7\u00e3o do curso, bem como as aulas remotas que ser\u00e3o enviadas (link privado), se for o caso, para o e-mail cadastrado de cada aluno inscrito, sabendo que n\u00e3o \u00e9 permitido compartilhar este conte\u00fado a terceiros.<\/li>\n<li>Para o recebimento do certificado, \u00e9 necess\u00e1rio a participa\u00e7\u00e3o m\u00ednima em 75% das aulas remotas, presenciais e EAD.<\/li>\n<\/ul>\n","protected":false},"excerpt":{"rendered":"<p><strong>TURMA 3<\/strong><\/p>\n<p><strong>Dias<\/strong><\/p>\n<p>24 e 25 de Janeiro<\/p>\n<p><strong>Local de Realiza\u00e7\u00e3o:<\/strong><\/p>\n<ul>\n<li><strong>Centro de Ensino e Simula\u00e7\u00e3o em Sa\u00fade &#8211; JF<\/strong> (Rua Ab\u00edlio Martins, 900, Parquel\u00e2ndia)<\/li>\n<\/ul>\n<p>&nbsp;<\/p>\n","protected":false},"featured_media":11950,"comment_status":"open","ping_status":"closed","template":"","meta":{"_acf_changed":false},"product_brand":[],"product_cat":[147],"product_tag":[],"class_list":{"0":"post-11943","1":"product","2":"type-product","3":"status-publish","4":"has-post-thumbnail","6":"product_cat-livre-em-oferta","8":"first","9":"instock","10":"downloadable","11":"virtual","12":"purchasable","13":"product-type-simple"},"acf":[],"_links":{"self":[{"href":"https:\/\/jfsimulacaosaude.com.br\/site\/wp-json\/wp\/v2\/product\/11943","targetHints":{"allow":["GET"]}}],"collection":[{"href":"https:\/\/jfsimulacaosaude.com.br\/site\/wp-json\/wp\/v2\/product"}],"about":[{"href":"https:\/\/jfsimulacaosaude.com.br\/site\/wp-json\/wp\/v2\/types\/product"}],"replies":[{"embeddable":true,"href":"https:\/\/jfsimulacaosaude.com.br\/site\/wp-json\/wp\/v2\/comments?post=11943"}],"wp:featuredmedia":[{"embeddable":true,"href":"https:\/\/jfsimulacaosaude.com.br\/site\/wp-json\/wp\/v2\/media\/11950"}],"wp:attachment":[{"href":"https:\/\/jfsimulacaosaude.com.br\/site\/wp-json\/wp\/v2\/media?parent=11943"}],"wp:term":[{"taxonomy":"product_brand","embeddable":true,"href":"https:\/\/jfsimulacaosaude.com.br\/site\/wp-json\/wp\/v2\/product_brand?post=11943"},{"taxonomy":"product_cat","embeddable":true,"href":"https:\/\/jfsimulacaosaude.com.br\/site\/wp-json\/wp\/v2\/product_cat?post=11943"},{"taxonomy":"product_tag","embeddable":true,"href":"https:\/\/jfsimulacaosaude.com.br\/site\/wp-json\/wp\/v2\/product_tag?post=11943"}],"curies":[{"name":"wp","href":"https:\/\/api.w.org\/{rel}","templated":true}]}}