{"id":11902,"date":"2025-11-10T08:43:31","date_gmt":"2025-11-10T11:43:31","guid":{"rendered":"https:\/\/jfsimulacaosaude.com.br\/site\/?post_type=product&#038;p=11902"},"modified":"2025-11-10T14:45:45","modified_gmt":"2025-11-10T17:45:45","slug":"manejo-avancado-de-vias-aereas-mava-t05","status":"publish","type":"product","link":"https:\/\/jfsimulacaosaude.com.br\/site\/produto\/manejo-avancado-de-vias-aereas-mava-t05\/","title":{"rendered":"Manejo Avan\u00e7ado de Vias A\u00e9reas &#8211; MAVA &#8211; T05"},"content":{"rendered":"<p><b>Objetivo<\/b><\/p>\n<ul>\n<li>Capacitar profissionais de enfermagem a realizar o manejo avan\u00e7ado de via a\u00e9rea com seguran\u00e7a e precis\u00e3o, integrando avalia\u00e7\u00e3o r\u00e1pida, escolha adequada de dispositivos e execu\u00e7\u00e3o de t\u00e9cnicas avan\u00e7adas para suporte ventilat\u00f3rio eficaz em situa\u00e7\u00f5es cr\u00edticas.<\/li>\n<\/ul>\n<p><strong>P\u00fablico-alvo:<\/strong><\/p>\n<p>Acad\u00eamicos de Enfermagem e Enfermeiros.<\/p>\n<p><strong>Carga Hor\u00e1ria:<\/strong><\/p>\n<p>16h<\/p>\n<p><strong>Modalidade:\u00a0<\/strong>H\u00edbrida<\/p>\n<p>Conte\u00fado na plataforma online + conte\u00fado presencial com aulas pr\u00e1ticas.<\/p>\n<p><strong>Dia:<\/strong><\/p>\n<p>10\/12\/2025 (quarta-feira das 08h \u00e0s 18h)<\/p>\n<p><strong>Local de Realiza\u00e7\u00e3o:<\/strong><\/p>\n<p>Centro de Ensino e Simula\u00e7\u00e3o em Sa\u00fade \u2013 JF (Rua Ab\u00edlio Martins, 900, Parquel\u00e2ndia)<\/p>\n<p><strong>Certifica\u00e7\u00e3o:<\/strong><\/p>\n<p>Ser\u00e1 fornecido certificado de participa\u00e7\u00e3o para todos os alunos que completarem no m\u00ednimo 75% da carga hor\u00e1ria do curso.<\/p>\n<p><b>Conte\u00fado Program\u00e1tico<\/b><\/p>\n<p>1. Anatomia e Fisiologia da Via A\u00e9rea;<br \/>\n2. No\u00e7\u00f5es b\u00e1sicas de Oxigenoterapia<br \/>\n3. Equipamentos e Manobras de Permeabiliza\u00e7\u00e3o da Via A\u00e9rea<br \/>\n4.Dispositivos n\u00e3o invasivos<br \/>\n5. Uso de Dispositivos Adjuntos<br \/>\n5.1: CNF (C\u00e2nula Nasofar\u00edngea) e COF (C\u00e2nula Orofar\u00edngea);<br \/>\n5. Dispositivos de Via A\u00e9rea Avan\u00e7ada<br \/>\n5.1 M\u00e1scara Lar\u00edngea (Habilita\u00e7\u00e3o conforme resolu\u00e7\u00e3o do COFEN 641 de 2020);<br \/>\n5.2 Laringoscopia e Papel da Equipe na IOT (Sequ\u00eancia R\u00e1pida de Intuba\u00e7\u00e3o \u2013 SRI);<br \/>\n5.3 Tubo Esof\u00e1gico<br \/>\n6. Via Avan\u00e7ada e Definitiva;<br \/>\n6.1 Cricotireoidostomia por pun\u00e7\u00e3o (Habilita\u00e7\u00e3o conforme resolu\u00e7\u00e3o do COFEN 641 de 2020);<br \/>\n7. Via A\u00e9rea Dif\u00edcil<br \/>\n7.1 V\u00eddeolaringoscopia<\/p>\n<p>O curso HABILITA o Enfermeiro no MANEJO de VIAS A\u00c9REAS, conforme\u00a0a\u00a0RES.\u00a0641\/2020<\/p>\n<p><b>Facilitador<\/b><\/p>\n<p><b>Prof. Ms. Miller Brand\u00e3o<\/b><\/p>\n<ul>\n<li>Enfermeiro<\/li>\n<li>Mestre em Enfermagem e Sa\u00fade pela UFBA<\/li>\n<li>Especialista em processos educacionais em sa\u00fade pelo H Sirio Liban\u00eas<\/li>\n<li>Especialista em Urg\u00eancia e Emerg\u00eancia<\/li>\n<li>Professor Equipe R\u00f4mulo Passos<\/li>\n<li>Professor Titular da Faculdade de Medicina da UniFTC Salvador<\/li>\n<li>Intervencionista de SAV e AERO do SAMU METROPOLITANO de Salvador<\/li>\n<li>Diretor de Ensino do Grupo de Atualiza\u00e7\u00f5es em Sa\u00fade-GAS<\/li>\n<\/ul>\n<p><b>Investimento<\/b><\/p>\n<p>R$ 550,00 (quinhentos e cinquenta reais)<\/p>\n<p><strong>ORIENTA\u00c7\u00d5ES GERAIS<\/strong><\/p>\n<p>CURSOS LIVRES<\/p>\n<ol>\n<li style=\"list-style-type: none;\">\n<ol>\n<li>As inscri\u00e7\u00f5es ser\u00e3o realizadas at\u00e9 o \u00faltimo dia \u00fatil que antecede a data de in\u00edcio do curso, e se houver vaga. Caso a quantidade de pagantes ultrapasse o n\u00famero de vagas, o valor integral ser\u00e1 devolvido ao \u00faltimo participante inscrito;<\/li>\n<li>A realiza\u00e7\u00e3o do curso est\u00e1 sujeita a forma\u00e7\u00e3o de turma, com n\u00famero igual ou superior aos gastos estipulados pela empresa. A n\u00e3o forma\u00e7\u00e3o de turma est\u00e1 sujeita a devolu\u00e7\u00e3o do valor integral de da inscri\u00e7\u00e3o;<\/li>\n<li>A desist\u00eancia dever\u00e1 ser comunicada por e-mail (jf@jfservicoseducacionais.com.br) at\u00e9 72(setenta e duas) horas antes do in\u00edcio do curso. Ap\u00f3s esse prazo ser\u00e1 devolvido 70% (setenta por cento) do valor e ap\u00f3s o in\u00edcio do curso n\u00e3o h\u00e1 devolu\u00e7\u00e3o e\/ou estorno. No e-mail deve ser informado os dados banc\u00e1rios do aluno com o devido CPF e nome completo, e anexado o comprovante de pagamento para devolu\u00e7\u00e3o e\/ou estorno no caso de pagamento por meio de cart\u00e3o de cr\u00e9dito. A devolu\u00e7\u00e3o e\/ou estorno ser\u00e1 feita at\u00e9 3 (tr\u00eas) dias \u00fateis ap\u00f3s o recebimento do e-mail.<\/li>\n<li><b>DIREITO AO USO DA IMAGEM<\/b><b>\u00a0\u2013\u00a0<\/b>O(A)<b>\u00a0inscrito(a)\u00a0<\/b>cede expressa e gratuitamente ao Centro de Ensino e Simula\u00e7\u00e3o em Sa\u00fade \u2013 JF o direito de uso de sua imagem ou do benefici\u00e1rio (Aluno) pelo qual \u00e9 respons\u00e1vel legal, para figurar, individual ou coletivamente, em campanhas institucionais ou publicit\u00e1rias do Centro de Ensino e Simula\u00e7\u00e3o em Sa\u00fade \u2013 JF, para todos os efeitos legais, observada a moral e os bons costumes.<\/li>\n<\/ol>\n<p>ORIENTA\u00c7\u00d5ES ESPEC\u00cdFICAS<\/p>\n<ol>\n<li>As aulas EAD (www.eadjf.com.br) ficar\u00e3o dispon\u00edveis no per\u00edodo de realiza\u00e7\u00e3o do curso, bem como as aulas remotas que ser\u00e3o enviadas (link privado), se for o caso, para o e-mail cadastrado de cada aluno inscrito, sabendo que n\u00e3o \u00e9 permitido compartilhar este conte\u00fado a terceiros;<\/li>\n<li>Para o recebimento do certificado, \u00e9 necess\u00e1rio a participa\u00e7\u00e3o m\u00ednima em 75% das aulas remotas, presenciais e EAD.<\/li>\n<\/ol>\n<\/li>\n<\/ol>\n<p>&nbsp;<\/p>\n<p><strong>Dra. Julyana Freitas<br \/>\n<\/strong>Dire\u00e7\u00e3o Geral<\/p>\n","protected":false},"excerpt":{"rendered":"<p><strong>Dia:<\/strong><\/p>\n<p>10\/12\/2025 (quarta-feira das 08h \u00e0s 18h)<\/p>\n<p><strong>Local de Realiza\u00e7\u00e3o:<\/strong><\/p>\n<p>Centro de Ensino e Simula\u00e7\u00e3o em Sa\u00fade \u2013 JF (Rua Ab\u00edlio Martins, 900, Parquel\u00e2ndia)<\/p>\n","protected":false},"featured_media":11903,"comment_status":"open","ping_status":"closed","template":"","meta":{"_acf_changed":false},"product_brand":[],"product_cat":[147],"product_tag":[],"class_list":{"0":"post-11902","1":"product","2":"type-product","3":"status-publish","4":"has-post-thumbnail","6":"product_cat-livre-em-oferta","8":"first","9":"instock","10":"downloadable","11":"virtual","12":"purchasable","13":"product-type-simple"},"acf":[],"_links":{"self":[{"href":"https:\/\/jfsimulacaosaude.com.br\/site\/wp-json\/wp\/v2\/product\/11902","targetHints":{"allow":["GET"]}}],"collection":[{"href":"https:\/\/jfsimulacaosaude.com.br\/site\/wp-json\/wp\/v2\/product"}],"about":[{"href":"https:\/\/jfsimulacaosaude.com.br\/site\/wp-json\/wp\/v2\/types\/product"}],"replies":[{"embeddable":true,"href":"https:\/\/jfsimulacaosaude.com.br\/site\/wp-json\/wp\/v2\/comments?post=11902"}],"wp:featuredmedia":[{"embeddable":true,"href":"https:\/\/jfsimulacaosaude.com.br\/site\/wp-json\/wp\/v2\/media\/11903"}],"wp:attachment":[{"href":"https:\/\/jfsimulacaosaude.com.br\/site\/wp-json\/wp\/v2\/media?parent=11902"}],"wp:term":[{"taxonomy":"product_brand","embeddable":true,"href":"https:\/\/jfsimulacaosaude.com.br\/site\/wp-json\/wp\/v2\/product_brand?post=11902"},{"taxonomy":"product_cat","embeddable":true,"href":"https:\/\/jfsimulacaosaude.com.br\/site\/wp-json\/wp\/v2\/product_cat?post=11902"},{"taxonomy":"product_tag","embeddable":true,"href":"https:\/\/jfsimulacaosaude.com.br\/site\/wp-json\/wp\/v2\/product_tag?post=11902"}],"curies":[{"name":"wp","href":"https:\/\/api.w.org\/{rel}","templated":true}]}}