{"id":11853,"date":"2025-10-23T16:09:14","date_gmt":"2025-10-23T19:09:14","guid":{"rendered":"https:\/\/jfsimulacaosaude.com.br\/site\/?post_type=product&#038;p=11853"},"modified":"2025-11-14T15:13:18","modified_gmt":"2025-11-14T18:13:18","slug":"pratica-deliberada-em-ciclos-rapidos-pdcr-suporte-avancado-de-vida-t3-2","status":"publish","type":"product","link":"https:\/\/jfsimulacaosaude.com.br\/site\/produto\/pratica-deliberada-em-ciclos-rapidos-pdcr-suporte-avancado-de-vida-t3-2\/","title":{"rendered":"Pr\u00e1tica Deliberada em Ciclos R\u00e1pidos (PDCR): Suporte Avan\u00e7ado de Vida T4"},"content":{"rendered":"<p><strong>Pr\u00e1tica Deliberada em Ciclo R\u00e1pidos (PDCR)<\/strong> \u00e9 o nome dado a uma metodologia estrat\u00e9gica de simula\u00e7\u00e3o cl\u00ednica, em que um caso cl\u00ednico \u00e9 aplicado aos alunos e este \u00e9 simulado v\u00e1rias vezes at\u00e9 que a compet\u00eancia desejada seja atingida com maestria. S\u00e3o constru\u00eddos cen\u00e1rios com objetivos pr\u00e9-definidos em cada ciclo da pr\u00e1tica deliberada, onde o aluno deve completar cada ciclo sem erros.<\/p>\n<p><strong>Objetivo: <\/strong>Aplicar a PDCR para treinamento de Suporte Avan\u00e7ado de Vida.<\/p>\n<p><strong>P\u00fablico-alvo:<\/strong> Acad\u00eamicos e profissionais da sa\u00fade.<\/p>\n<p><strong>Carga Hor\u00e1ria:<\/strong> 20h<\/p>\n<p><strong>Data:<\/strong> 13\/12\/2025 &#8211; S\u00e1bado das 8h \u00e0s 18h (Centro de Simula\u00e7\u00e3o em S\u00e1ude\u00a0 &#8211; Dra. Julyana Freitas &#8211; CESS-JF)<\/p>\n<p>Rua Ab\u00edlio Martins, 900 \u2013 Parquel\u00e2ndia.<\/p>\n<p><strong>Certifica\u00e7\u00e3o:<\/strong> Ser\u00e1 fornecido certificado de participa\u00e7\u00e3o para todos os alunos que completarem no m\u00ednimo 75% da carga hor\u00e1ria do curso.<\/p>\n<p><strong>Conte\u00fado Program\u00e1tico:<\/strong><\/p>\n<ol>\n<li>Suporte B\u00e1sico e Avan\u00e7ado de Vida;<\/li>\n<li>Time de Resposta R\u00e1pida;<\/li>\n<li>Manejo de Via A\u00e9rea;<\/li>\n<li>Farmacologia na Parada Cardiorrespirat\u00f3ria (PCR);<\/li>\n<li>Cuidados p\u00f3s-PCR;<\/li>\n<\/ol>\n<p><strong>Esta\u00e7\u00f5es pr\u00e1ticas simuladas:<\/strong><\/p>\n<p>1) Esta\u00e7\u00e3o de Pr\u00e1tica de Suporte B\u00e1sico de Vida;<\/p>\n<p>2) Esta\u00e7\u00e3o de Manejo de Via A\u00e9rea na PCR;<\/p>\n<p>3) Esta\u00e7\u00e3o de uso do Cardioversor\/DEA na PCR;<\/p>\n<p>4) Esta\u00e7\u00e3o de Suporte Avan\u00e7ado de Vida e em PCR;<\/p>\n<p><strong>SIMULA\u00c7\u00c3O CL\u00cdNICA: PR\u00c1TICA DELIBERADA EM CICLOS R\u00c1PIDOS<\/strong><\/p>\n<p>Facilitadora:<\/p>\n<p><strong>Enf.\u00ba Prof. Dra. Julyana Freitas<\/strong><\/p>\n<p>Enfermeira pela Universidade Federal do Cear\u00e1 (2008).<br \/>\nMestrado e Doutorado pela Universidade Federal do Cear\u00e1 (2011\/2013).<br \/>\nEspecialista em Urg\u00eancia e Emerg\u00eancia pela ESP (Escola de Sa\u00fade P\u00fablica (2013).<br \/>\nDocente da Universidade de Fortaleza (UNIFOR) (2013\/2024).<br \/>\nEnfermeira Emergencista Hospital Instituto Dr. Jos\u00e9 Frota (Atual)CEO do Centro de Ensino e Simula\u00e7\u00e3o em Sa\u00fade JF (2018\/atual).<br \/>\nEspecialista em Simula\u00e7\u00e3o Cl\u00ednica da Escola de Sa\u00fade P\u00fablica (ESP\/CE) (2021\/ atual).<\/p>\n<p><strong>Investimento:<\/strong><\/p>\n<p><b>Valor do Curso:<\/b> R$ 189,90 (cento e oitenta e nove reais e noventa centavos).<\/p>\n<p>*Alunos da P\u00f3s-Gradua\u00e7\u00e3o do <strong>Centro de Ensino e Simula\u00e7\u00e3o em Sa\u00fade (CESS &#8211; JF)<\/strong> ter\u00e3o direito a 20% de desconto. Para isso \u00e9 necess\u00e1rio entrar em contato com o\u00a0 para enviar um comprovante no WhatsApp (85) 991835387.<\/p>\n<p><strong>ORIENTA\u00c7\u00d5ES GERAIS<\/strong><\/p>\n<p>CURSOS LIVRES<\/p>\n<ol>\n<li>As inscri\u00e7\u00f5es ser\u00e3o realizadas at\u00e9 o \u00faltimo dia \u00fatil que antecede a data de in\u00edcio do curso, e se houver vaga. Caso a quantidade de pagantes ultrapasse o n\u00famero de vagas, o valor integral ser\u00e1 devolvido ao \u00faltimo participante inscrito;<\/li>\n<li>A realiza\u00e7\u00e3o do curso est\u00e1 sujeita a forma\u00e7\u00e3o de turma, com n\u00famero igual ou superior aos gastos estipulados pela empresa. A n\u00e3o forma\u00e7\u00e3o de turma est\u00e1 sujeita a devolu\u00e7\u00e3o do valor integral de da inscri\u00e7\u00e3o;<\/li>\n<li>A desist\u00eancia dever\u00e1 ser comunicada por e-mail (jf@jfservicoseducacionais.com.br) at\u00e9 72(setenta e duas) horas antes do in\u00edcio do curso. Ap\u00f3s esse prazo ser\u00e1 devolvido 70% (setenta por cento) do valor e ap\u00f3s o in\u00edcio do curso n\u00e3o h\u00e1 devolu\u00e7\u00e3o e\/ou estorno. No e-mail deve ser informado os dados banc\u00e1rios do aluno com o devido CPF e nome completo, e anexado o comprovante de pagamento para devolu\u00e7\u00e3o e\/ou estorno no caso de pagamento por meio de cart\u00e3o de cr\u00e9dito. A devolu\u00e7\u00e3o e\/ou estorno ser\u00e1 feita at\u00e9 3 (tr\u00eas) dias \u00fateis ap\u00f3s o recebimento do e-mail.<\/li>\n<li><b>DIREITO AO USO DA IMAGEM<\/b><b>\u00a0\u2013\u00a0<\/b>O(A)<b>\u00a0inscrito(a)\u00a0<\/b>cede expressa e gratuitamente ao Centro de Ensino e Simula\u00e7\u00e3o em Sa\u00fade \u2013 JF o direito de uso de sua imagem ou do benefici\u00e1rio (Aluno) pelo qual \u00e9 respons\u00e1vel legal, para figurar, individual ou coletivamente, em campanhas institucionais ou publicit\u00e1rias do Centro de Ensino e Simula\u00e7\u00e3o em Sa\u00fade \u2013 JF, para todos os efeitos legais, observada a moral e os bons costumes.<\/li>\n<\/ol>\n<p>ORIENTA\u00c7\u00d5ES ESPEC\u00cdFICAS<\/p>\n<ol>\n<li>As aulas EAD (www.eadjf.com.br) ficar\u00e3o dispon\u00edveis no per\u00edodo de realiza\u00e7\u00e3o do curso, bem como as aulas remotas que ser\u00e3o enviadas (link privado), se for o caso, para o e-mail cadastrado de cada aluno inscrito, sabendo que n\u00e3o \u00e9 permitido compartilhar este conte\u00fado a terceiros;<\/li>\n<li>Para o recebimento do certificado, \u00e9 necess\u00e1rio a participa\u00e7\u00e3o m\u00ednima em 75% das aulas remotas, presenciais e EAD.<\/li>\n<\/ol>\n<p>&nbsp;<\/p>\n<p><strong>Dra. Julyana Freitas<br \/>\n<\/strong>Dire\u00e7\u00e3o Geral<\/p>\n","protected":false},"excerpt":{"rendered":"<p><strong>Data:<\/strong> 13\/12\/2025 &#8211; S\u00e1bado das 8h \u00e0s 18h (Centro de Simula\u00e7\u00e3o em S\u00e1ude\u00a0 &#8211; Dra. Julyana Freitas &#8211; CESS-JF)<\/p>\n<p>Rua Ab\u00edlio Martins, 900 \u2013 Parquel\u00e2ndia.<\/p>\n","protected":false},"featured_media":11855,"comment_status":"open","ping_status":"closed","template":"","meta":{"_acf_changed":false},"product_brand":[],"product_cat":[147],"product_tag":[],"class_list":{"0":"post-11853","1":"product","2":"type-product","3":"status-publish","4":"has-post-thumbnail","6":"product_cat-livre-em-oferta","8":"first","9":"instock","10":"downloadable","11":"virtual","12":"purchasable","13":"product-type-simple"},"acf":[],"_links":{"self":[{"href":"https:\/\/jfsimulacaosaude.com.br\/site\/wp-json\/wp\/v2\/product\/11853","targetHints":{"allow":["GET"]}}],"collection":[{"href":"https:\/\/jfsimulacaosaude.com.br\/site\/wp-json\/wp\/v2\/product"}],"about":[{"href":"https:\/\/jfsimulacaosaude.com.br\/site\/wp-json\/wp\/v2\/types\/product"}],"replies":[{"embeddable":true,"href":"https:\/\/jfsimulacaosaude.com.br\/site\/wp-json\/wp\/v2\/comments?post=11853"}],"wp:featuredmedia":[{"embeddable":true,"href":"https:\/\/jfsimulacaosaude.com.br\/site\/wp-json\/wp\/v2\/media\/11855"}],"wp:attachment":[{"href":"https:\/\/jfsimulacaosaude.com.br\/site\/wp-json\/wp\/v2\/media?parent=11853"}],"wp:term":[{"taxonomy":"product_brand","embeddable":true,"href":"https:\/\/jfsimulacaosaude.com.br\/site\/wp-json\/wp\/v2\/product_brand?post=11853"},{"taxonomy":"product_cat","embeddable":true,"href":"https:\/\/jfsimulacaosaude.com.br\/site\/wp-json\/wp\/v2\/product_cat?post=11853"},{"taxonomy":"product_tag","embeddable":true,"href":"https:\/\/jfsimulacaosaude.com.br\/site\/wp-json\/wp\/v2\/product_tag?post=11853"}],"curies":[{"name":"wp","href":"https:\/\/api.w.org\/{rel}","templated":true}]}}