{"id":11781,"date":"2025-09-25T15:15:36","date_gmt":"2025-09-25T18:15:36","guid":{"rendered":"https:\/\/jfsimulacaosaude.com.br\/site\/?post_type=product&#038;p=11781"},"modified":"2025-11-17T10:34:15","modified_gmt":"2025-11-17T13:34:15","slug":"workshop-praticas-avancadas-na-emergencia-do-basico-ao-avancado-no-trauma","status":"publish","type":"product","link":"https:\/\/jfsimulacaosaude.com.br\/site\/produto\/workshop-praticas-avancadas-na-emergencia-do-basico-ao-avancado-no-trauma\/","title":{"rendered":"Workshop: Pr\u00e1ticas Avan\u00e7adas na Emerg\u00eancia &#8211; Do B\u00e1sico ao Avan\u00e7ado no Trauma T01"},"content":{"rendered":"<p><b>Objetivo: <\/b>Desenvolver habilidades clinicas avan\u00e7adas em atendimento de emerg\u00eancia, abordando desde os princ\u00edpios b\u00e1sicos at\u00e9 t\u00e9cnicas avan\u00e7adas no manejo de trauma, capacitando profissionais de sa\u00fade a prestar cuidados eficientes e seguros em situa\u00e7\u00f5es cr\u00edticas..<\/p>\n<p><b>P\u00fablico-alvo:<\/b><span style=\"font-weight: 400;\">\u00a0Profissionais da Sa\u00fade e acad\u00eamicos.<\/span><\/p>\n<p><b>Carga-Hor\u00e1ria:<\/b><span style=\"font-weight: 400;\"> 20 horas (10h presencial + 10 horas material complementar)<\/span><\/p>\n<p><b>Data:<\/b><span style=\"font-weight: 400;\">\u00a007 de Novembro de 2025, sexta-feira das\u00a08h \u00e0s 18h.<\/span><\/p>\n<p><strong>Local:<\/strong> Fortaleza\/CE<\/p>\n<p><b>CONTE\u00daDO PROGRAM\u00c1TICO<\/b><\/p>\n<p><b>Protocolo de Avalia\u00e7\u00e3o Prim\u00e1ria (XABCDE)<\/b><\/p>\n<p><span style=\"font-weight: 400;\">X \u2013 Controle de hemorragias exsanguinantes<\/span><\/p>\n<p><span style=\"font-weight: 400;\">A \u2013 Vias a\u00e9reas e controle cervical<\/span><\/p>\n<p><span style=\"font-weight: 400;\">B \u2013 Ventila\u00e7\u00e3o e oxigena\u00e7\u00e3o<\/span><\/p>\n<p><span style=\"font-weight: 400;\">C \u2013 Circula\u00e7\u00e3o e controle de choque<\/span><\/p>\n<p><span style=\"font-weight: 400;\">D \u2013 Avalia\u00e7\u00e3o neurol\u00f3gica r\u00e1pida (AVDI \/ Glasgow\/ Pupilas)<\/span><\/p>\n<p><span style=\"font-weight: 400;\">E \u2013 Exposi\u00e7\u00e3o e controle do ambiente<\/span><\/p>\n<p><b>Esta\u00e7\u00e3o pr\u00e1tica simulada com paciente simulado\/simuladores\u00a0<\/b><\/p>\n<p><b>Aplica\u00e7\u00e3o do torniquete \/ compress\u00e3o direta e preenchimento\u00a0<\/b><\/p>\n<p><b>Restri\u00e7\u00e3o de Movimento da Coluna<\/b><\/p>\n<p><b>Aplica\u00e7\u00e3o de colar cervical, seus modelos e indica\u00e7\u00f5es<\/b><\/p>\n<p><b>Oxigenoterapia e manejo de Via A\u00e9rea (B\u00e1sico e Avan\u00e7ado)<\/b><\/p>\n<p><b>Via A\u00e9rea B\u00e1sica:<\/b> Manobras de abertura de via a\u00e9rea (jaw thrust e chin lift), c\u00e2nula orofar\u00edngea (guedel) e nasofar\u00edngea. Aspira\u00e7\u00e3o de via a\u00e9rea e pin\u00e7a de magill).<\/p>\n<p><b>Via a\u00e9rea avan\u00e7ada: <\/b>dispositivos extragl\u00f3ticos (m\u00e1scara lar\u00edngea, m\u00e1scara lar\u00edngea I-gel,\u00a0 tubo lar\u00edngeo)<\/p>\n<p><b>Ventila\u00e7\u00e3o e oxigena\u00e7\u00e3o: <\/b>Dispositivos de oxigenioterapia (cateter nasal, m\u00e1scara facial com reservat\u00f3rio). Ventila\u00e7\u00e3o com BVM C-E, duplo C-E e V-E)<\/p>\n<p><b>Curativo valvulado, curativo oclusivo e 3 pontas.<\/b><\/p>\n<p><b>Descompress\u00e3o tor\u00e1cica.<\/b><\/p>\n<p><b>Pun\u00e7\u00e3o IO (manual, BIG, NIO, EZ-IO e SAM-IO) Pun\u00e7\u00e3o de Veia Bas\u00edlica, Jugular Externa e pun\u00e7\u00e3o guiada por US.<\/b><\/p>\n<p><b>Estabiliza\u00e7\u00e3o de pelve (cinta p\u00e9lvica, len\u00e7ol, tala e manta)<\/b><\/p>\n<p><b>Imobiliza\u00e7\u00e3o de fraturas (f\u00eamur)<\/b><\/p>\n<p><b>Avalia\u00e7\u00e3o de escala de coma de Glasgow<\/b><\/p>\n<p><b>Protocolo de Avalia\u00e7\u00e3o Secund\u00e1ria (SAMPLE)\u00a0<\/b><\/p>\n<p><span style=\"font-weight: 400;\">S \u2013 Sinais e Sintomas<\/span><\/p>\n<p><span style=\"font-weight: 400;\">A \u2013 Alergias<\/span><\/p>\n<p><span style=\"font-weight: 400;\">M \u2013 Medicamentos<\/span><\/p>\n<p><span style=\"font-weight: 400;\">P \u2013 Passado M\u00e9dico<\/span><\/p>\n<p><span style=\"font-weight: 400;\">L \u2013 L\u00edquidos\/alimenta\u00e7\u00e3o<\/span><\/p>\n<p><span style=\"font-weight: 400;\">E \u2013 Evento<\/span><\/p>\n<p><span style=\"font-weight: 400;\">\u00a0<\/span><b>Protocolo de Transfer\u00eancia de Cuidados (ATMIST) (ISBAR?)<\/b><\/p>\n<p><b>Ter\u00e1 telessimula\u00e7\u00e3o ao vivo com tel\u00e3o para projetar as esta\u00e7\u00f5es pr\u00e1ticas simuladas<\/b><\/p>\n<p><b>B\u00f4nus: <\/b><span style=\"font-weight: 400;\">Guia R\u00e1pido Dicas de Sucesso JF e Emerg\u00eancia Faca na Caveira<\/span><b>\u00a0<\/b><\/p>\n<p><strong>Facilitador:<\/strong> Enf.\u00ba Felipe Henrique Margoti (Minas Gerais) <a href=\"https:\/\/www.instagram.com\/emergenciafacanacaveira?utm_source=ig_web_button_share_sheet&amp;igsh=MTQxZjQ1emY3YWhsOQ==\">@<strong>emergenciafacanacaveira\u00a0<\/strong><\/a><\/p>\n<ul>\n<li>Enfermeiro especialista em Urg\u00eancia, Emerg\u00eancia e Trauma Enfermeiro &#8211; Urg\u00eancia e Emerg\u00eancia, no SAMU de Belo Horizonte\/Hospital das Cl\u00ednicas UFMG.<\/li>\n<li>Instrutor dos cursos: <em>Advanced Cardiovascular Life Support<\/em> (ACLS), <em>Pediatric Advanced Life Support<\/em> (PALS), <em>Prehospital Trauma Life Support<\/em> ( PHTLS) <em>AdvancedMedicalLifeSupport<\/em> (AMLS),<em> Basic Life Support<\/em> (BLS), Emerg\u00eancias Cl\u00ednicas e Traum\u00e1ticas para Equipes (ECTE) ,Dispositivos Extragl\u00f3ticos (DEGs), Pun\u00e7\u00e3o Intra\u00f3ssea (PIO) e Pun\u00e7\u00e3o de Veia Bas\u00edlica (PVB).<\/li>\n<li>Professor de p\u00f3s &#8211; gradua\u00e7\u00e3o de Urg\u00eancia, Emerg\u00eancia e Trauma\/Terapia Intensiva.<\/li>\n<li>Enfermeiro membro do departamento de enfermagem da Associa\u00e7\u00e3o Brasileira de Medicina de Emerg\u00eancia (ABRAMEDE-MG) e Sociedade Mineira de Terapia Intensiva (SOMITI).<\/li>\n<li>Colaborador da C\u00e2mara T\u00e9cnica de urg\u00eancia e emerg\u00eancia do COREN-MG.<\/li>\n<\/ul>\n<p><strong>Resultado Esperado<\/strong><\/p>\n<p>&#8211; Aumento da confian\u00e7a e compet\u00eancia dos profissionais de sa\u00fade no atendimento de pacientes com trauma;<br \/>\n&#8211; Melhoria na qualidade do atendimento e redu\u00e7\u00e3o de complica\u00e7\u00f5es e sequelas do trauma;<br \/>\n&#8211; Fortalecimento do trabalho em equipe com comunica\u00e7\u00e3o eficaz e tomadas de decis\u00f5es assertivas em situa\u00e7\u00f5es\u00a0de\u00a0emerg\u00eancias traum\u00e1ticas.<\/p>\n<p><b>Investimento<\/b><\/p>\n<p>R$ 298,00 (duzentos e noventa e oito reais)<\/p>\n<p><strong>ORIENTA\u00c7\u00d5ES GERAIS<\/strong><\/p>\n<p>CURSOS LIVRES<\/p>\n<ol>\n<li style=\"list-style-type: none;\">\n<ol>\n<li>As inscri\u00e7\u00f5es ser\u00e3o realizadas at\u00e9 o \u00faltimo dia \u00fatil que antecede a data de in\u00edcio do curso, e se houver vaga. Caso a quantidade de pagantes ultrapasse o n\u00famero de vagas, o valor integral ser\u00e1 devolvido ao \u00faltimo participante inscrito;<\/li>\n<li>A realiza\u00e7\u00e3o do curso est\u00e1 sujeita a forma\u00e7\u00e3o de turma, com n\u00famero igual ou superior aos gastos estipulados pela empresa. A n\u00e3o forma\u00e7\u00e3o de turma est\u00e1 sujeita a devolu\u00e7\u00e3o do valor integral de da inscri\u00e7\u00e3o;<\/li>\n<li>A desist\u00eancia dever\u00e1 ser comunicada por e-mail (jf@jfservicoseducacionais.com.br) at\u00e9 72(setenta e duas) horas antes do in\u00edcio do curso. Ap\u00f3s esse prazo ser\u00e1 devolvido 70% (setenta por cento) do valor e ap\u00f3s o in\u00edcio do curso n\u00e3o h\u00e1 devolu\u00e7\u00e3o e\/ou estorno. No e-mail deve ser informado os dados banc\u00e1rios do aluno com o devido CPF e nome completo, e anexado o comprovante de pagamento para devolu\u00e7\u00e3o e\/ou estorno no caso de pagamento por meio de cart\u00e3o de cr\u00e9dito. A devolu\u00e7\u00e3o e\/ou estorno ser\u00e1 feita at\u00e9 3 (tr\u00eas) dias \u00fateis ap\u00f3s o recebimento do e-mail.<\/li>\n<li><b>DIREITO AO USO DA IMAGEM<\/b><b>\u00a0\u2013\u00a0<\/b>O(A)<b>\u00a0inscrito(a)\u00a0<\/b>cede expressa e gratuitamente ao Centro de Ensino e Simula\u00e7\u00e3o em Sa\u00fade \u2013 JF o direito de uso de sua imagem ou do benefici\u00e1rio (Aluno) pelo qual \u00e9 respons\u00e1vel legal, para figurar, individual ou coletivamente, em campanhas institucionais ou publicit\u00e1rias do Centro de Ensino e Simula\u00e7\u00e3o em Sa\u00fade \u2013 JF, para todos os efeitos legais, observada a moral e os bons costumes.<\/li>\n<\/ol>\n<p>ORIENTA\u00c7\u00d5ES ESPEC\u00cdFICAS<\/p>\n<ol>\n<li>As aulas EAD (www.eadjf.com.br) ficar\u00e3o dispon\u00edveis no per\u00edodo de realiza\u00e7\u00e3o do curso, bem como as aulas remotas que ser\u00e3o enviadas (link privado), se for o caso, para o e-mail cadastrado de cada aluno inscrito, sabendo que n\u00e3o \u00e9 permitido compartilhar este conte\u00fado a terceiros;<\/li>\n<li>Para o recebimento do certificado, \u00e9 necess\u00e1rio a participa\u00e7\u00e3o m\u00ednima em 75% das aulas remotas, presenciais e EAD.<\/li>\n<\/ol>\n<\/li>\n<\/ol>\n<p>&nbsp;<\/p>\n<p><strong>Dra. Julyana Freitas<br \/>\n<\/strong>Dire\u00e7\u00e3o Geral<\/p>\n","protected":false},"excerpt":{"rendered":"<p><b>P\u00fablico-alvo:<\/b><span style=\"font-weight: 400;\">\u00a0Profissionais da Sa\u00fade e acad\u00eamicos.<\/span><\/p>\n<p><b>Carga-Hor\u00e1ria:<\/b><span style=\"font-weight: 400;\"> 20 horas (10h presencial + 10 horas material complementar)<\/span><\/p>\n<p><b>Data:<\/b><span style=\"font-weight: 400;\">\u00a007 de Novembro de 2025, sexta-feira das\u00a08h \u00e0s 18h.<\/span><\/p>\n<p><strong>Local:<\/strong> Fortaleza\/CE<\/p>\n","protected":false},"featured_media":11811,"comment_status":"open","ping_status":"closed","template":"","meta":{"_acf_changed":false},"product_brand":[],"product_cat":[146],"product_tag":[],"class_list":{"0":"post-11781","1":"product","2":"type-product","3":"status-publish","4":"has-post-thumbnail","6":"product_cat-livre-realizados","8":"first","9":"instock","10":"downloadable","11":"virtual","12":"purchasable","13":"product-type-simple"},"acf":[],"_links":{"self":[{"href":"https:\/\/jfsimulacaosaude.com.br\/site\/wp-json\/wp\/v2\/product\/11781","targetHints":{"allow":["GET"]}}],"collection":[{"href":"https:\/\/jfsimulacaosaude.com.br\/site\/wp-json\/wp\/v2\/product"}],"about":[{"href":"https:\/\/jfsimulacaosaude.com.br\/site\/wp-json\/wp\/v2\/types\/product"}],"replies":[{"embeddable":true,"href":"https:\/\/jfsimulacaosaude.com.br\/site\/wp-json\/wp\/v2\/comments?post=11781"}],"wp:featuredmedia":[{"embeddable":true,"href":"https:\/\/jfsimulacaosaude.com.br\/site\/wp-json\/wp\/v2\/media\/11811"}],"wp:attachment":[{"href":"https:\/\/jfsimulacaosaude.com.br\/site\/wp-json\/wp\/v2\/media?parent=11781"}],"wp:term":[{"taxonomy":"product_brand","embeddable":true,"href":"https:\/\/jfsimulacaosaude.com.br\/site\/wp-json\/wp\/v2\/product_brand?post=11781"},{"taxonomy":"product_cat","embeddable":true,"href":"https:\/\/jfsimulacaosaude.com.br\/site\/wp-json\/wp\/v2\/product_cat?post=11781"},{"taxonomy":"product_tag","embeddable":true,"href":"https:\/\/jfsimulacaosaude.com.br\/site\/wp-json\/wp\/v2\/product_tag?post=11781"}],"curies":[{"name":"wp","href":"https:\/\/api.w.org\/{rel}","templated":true}]}}