{"id":11722,"date":"2025-08-16T10:55:57","date_gmt":"2025-08-16T13:55:57","guid":{"rendered":"https:\/\/jfsimulacaosaude.com.br\/site\/?post_type=product&#038;p=11722"},"modified":"2025-08-17T16:17:14","modified_gmt":"2025-08-17T19:17:14","slug":"treinamento-e-habilitacao-para-insercao-de-cateter-central-de-insercao-periferica-picc-e-cateter-mindline","status":"publish","type":"product","link":"https:\/\/jfsimulacaosaude.com.br\/site\/produto\/treinamento-e-habilitacao-para-insercao-de-cateter-central-de-insercao-periferica-picc-e-cateter-mindline\/","title":{"rendered":"Treinamento e Habilita\u00e7\u00e3o para Inser\u00e7\u00e3o de Cateter Central de Inser\u00e7\u00e3o Perif\u00e9rica &#8211; PICC e Cateter Mindline"},"content":{"rendered":"<p><strong>Sobre o Curso<\/strong><\/p>\n<p>O Cateter Central do Inser\u00e7\u00e3o Perif\u00e9rica (PICC) \u00e9 um dispositivo vascular amplamente indicado para pacientes que necessitam de terapia prolongada (superior a seis dias), administra\u00e7\u00e3o de medicamentos irritantes ou vesicantes, bem como para aqueles em tratamento ambulatorial. Sua utiliza\u00e7\u00e3o est\u00e1 associada a menores riscos de complica\u00e7\u00f5es mec\u00e2nicas e infecciosas.<\/p>\n<p>No Curso de Treinamento e Habilita\u00e7\u00e3o para Inser\u00e7\u00e3o de Cateter Central de Inser\u00e7\u00e3o Perif\u00e9rica- PICC e Cateter Midline, o enfermeiro \u00e9 capacitado para realizar a inser\u00e7\u00e3o do dispositivo conforme compet\u00eancias \u00e9ticas, t\u00e9cnicas e legais, alinhada \u00e0s novas tecnologias, principais recomenda\u00e7\u00f5es, \u00e0s boas pr\u00e1ticas e seguran\u00e7a do paciente. O curso utiliza uma metodologia que utiliza aulas te\u00f3ricas e com esta\u00e7\u00f5es pr\u00e1ticas utilizando a simula\u00e7\u00e3o para o desenvolvimento e habilidades, com avalia\u00e7\u00e3o individual, te\u00f3rica e pr\u00e1tica.<\/p>\n<p>A certifica\u00e7\u00e3o individual e o feedback da equipe garantem que o enfermeiro conclua o curso apto a executar o procedimento. A aptid\u00e3o ser\u00e1 determinada pelos professores ap\u00f3s avalia\u00e7\u00e3o do desempenho nas atividades te\u00f3ricas e pr\u00e1ticas no simulador, exigindo ao menos 75% de frequ\u00eancia.<\/p>\n<p>A certifica\u00e7\u00e3o representa um reconhecimento formal de que o profissional cumpre os requisitos t\u00e9cnicos e te\u00f3ricos necess\u00e1rios, sendo concedida mediante aprova\u00e7\u00e3o em avalia\u00e7\u00e3o te\u00f3rica e\/ou pr\u00e1tica. Este documento comprova a qualifica\u00e7\u00e3o especializada na \u00e1rea, fortalecendo a atua\u00e7\u00e3o profissional.<\/p>\n<p><strong>Objetivos<\/strong><\/p>\n<ul>\n<li>Compreender as principais indica\u00e7\u00f5es e contraindica\u00e7\u00f5es para o uso do PICC e Midline;<\/li>\n<li>Realizar a inser\u00e7\u00e3o do PICC e Midline de forma segura e padronizada.<\/li>\n<li>Utilizar a t\u00e9cnica de Seldinger, nas vers\u00f5es modificada e tradicional com precis\u00e3o e seguran\u00e7a.<\/li>\n<li>Utilizar conceitos b\u00e1sicos de ultrassonografia para visualiza\u00e7\u00e3o da rede venosa.<\/li>\n<li>Garantir o correto posicionamento dos cateteres por meio de avalia\u00e7\u00e3o criteriosa.<\/li>\n<li>Reconhecer e manejar adequadamente as poss\u00edveis complica\u00e7\u00f5es relacionadas ao uso do PICC.<\/li>\n<li>Prestar assist\u00eancia embasada em evid\u00eancias cient\u00edficas e recursos tecnol\u00f3gicos, assegurando qualidade do procedimento e seguran\u00e7a do paciente no manejo do PICC e Midline.<\/li>\n<\/ul>\n<p><strong>P\u00fablico-Alvo:<\/strong> Enfermeiros, M\u00e9dicos e Residentes.<\/p>\n<p><strong>Conte\u00fado Program\u00e1tico<\/strong><\/p>\n<ul>\n<li>Garantia da qualidade e seguran\u00e7a nos protocolos aplicados ao uso de cateter PICC e Midline;<\/li>\n<li>Conceitos anat\u00f4micos e fisiol\u00f3gicos do sistema vascular em adultos e crian\u00e7as;<\/li>\n<li>Princ\u00edpios \u00e9ticos e legais aplicados \u00e0 pr\u00e1tica cl\u00ednica: orienta\u00e7\u00f5es operacionais;<\/li>\n<li>Influ\u00eancia da NR 32 e da RDC 45 nos processos da terapia infusional;<\/li>\n<li>Crit\u00e9rios cl\u00ednicos para indica\u00e7\u00e3o e contraindica\u00e7\u00e3o do PICC e Midline;<\/li>\n<li>Aspectos farmacol\u00f3gicos relevantes para administra\u00e7\u00e3o por via intravenosa;<\/li>\n<li>Estrat\u00e9gias de preven\u00e7\u00e3o e conduta frente \u00e0s complica\u00e7\u00f5es associadas ao PICC;<\/li>\n<li>Pr\u00e1ticas recomendadas para preven\u00e7\u00e3o de infec\u00e7\u00f5es relacionadas \u00e0 corrente sangu\u00ednea;<\/li>\n<li>T\u00e9cnicas de inser\u00e7\u00e3o do cateter PICC em pacientes adultos, neonatais e pedi\u00e1tricos<\/li>\n<li>Cuidados com a manuten\u00e7\u00e3o do PICC e Midline e orienta\u00e7\u00f5es educativas ao paciente;<\/li>\n<li>Inova\u00e7\u00f5es tecnol\u00f3gicas voltadas \u00e0 seguran\u00e7a na inser\u00e7\u00e3o e uso do cateter PICC e Midline;<\/li>\n<li>Aplica\u00e7\u00e3o de sistemas fechados em terapia intravenosa: evid\u00eancias e benef\u00edcios cl\u00ednicos;<\/li>\n<li>Diretrizes atualizadas para uso de curativos e coberturas em cateteres venosos perif\u00e9ricos e centrais;<\/li>\n<li>Avalia\u00e7\u00e3o dos riscos e benef\u00edcios do uso de ultrassonografia na inser\u00e7\u00e3o do PICC e Midline.<\/li>\n<li>No\u00e7\u00f5es essenciais de ultrassonografia e interpreta\u00e7\u00e3o de imagens vasculares.<\/li>\n<li>Treinamento pr\u00e1tico na leitura e an\u00e1lise de imagens por ultrassom.<\/li>\n<li>Interpreta\u00e7\u00e3o radiol\u00f3gica para confirma\u00e7\u00e3o da posi\u00e7\u00e3o do cateter PICC e Midline;<\/li>\n<li>T\u00e9cnica de Seldinger: fundamentos e aplica\u00e7\u00e3o na inser\u00e7\u00e3o do cateter PICC e Midline;<\/li>\n<li>Esta\u00e7\u00f5es com simula\u00e7\u00e3o pr\u00e1tica.<\/li>\n<\/ul>\n<p><strong>Facilitadores<\/strong><\/p>\n<p><strong>Coordenadora:<\/strong> Profa. Dra. Julyana Freitas.<\/p>\n<p><strong>Facilitador:<\/strong> Enf.\u00ba Ac\u00e1ssio Ferreira de Holanda<\/p>\n<ul>\n<li>Bacharel em enfermagem pelo Centro Universit\u00e1rio Est\u00e1cio do Cear\u00e1;<\/li>\n<li>Especialista em acessos vasculares e terapia infusional &#8211; Hospital Israelita Albert Einstein;<\/li>\n<li>Especialista em urg\u00eancia e emerg\u00eancia &#8211; Centro de Ensino e Simula\u00e7\u00e3o em Sa\u00fade JF;<\/li>\n<li>Mestrando pelo Programa de Cuidados Cl\u00ednicos em Enfermagem e Sa\u00fade- UECE<br \/>\nLinha de pesquisa acesso intravenoso dif\u00edcil (DIVA);<\/li>\n<li>Facilitador do Centro de Ensino e Simula\u00e7\u00e3o em Sa\u00fade no m\u00f3dulo de acessos vasculares e terapia infusional no curso de P\u00f3s-Gradua\u00e7\u00e3o de Enfermagem em Urg\u00eancia e Emerg\u00eancia<br \/>\ne dos cursos livres Alta performance em pr\u00e1ticas injet\u00e1veis e hipodermoclise;<\/li>\n<li>Tem experi\u00eancia em pesquisa na \u00e1rea da enfermagem operando nas linhas de pesquisa: simula\u00e7\u00e3o cl\u00ednica em sa\u00fade, manejo e boas pr\u00e1ticas em acessos vasculares e terapia infusional, recomenda\u00e7\u00f5es em indica\u00e7\u00e3o, manejo, inser\u00e7\u00e3o, cuidado, manuten\u00e7\u00e3o, preven\u00e7\u00e3o e acessos vasculares, acesso intravenoso dif\u00edcil (DIVA), metodologia da pesquisa, sistematiza\u00e7\u00e3o da assist\u00eancia de enfermagem, comunica\u00e7\u00e3o em enfermagem, educa\u00e7\u00e3o em sa\u00fade, tecnologias educativas, tecnologias da informa\u00e7\u00e3o e comunica\u00e7\u00e3o (TIC) e avalia\u00e7\u00e3o de tecnologias em sa\u00fade;<\/li>\n<li>Colaborador na Assessoria de Desenvolvimento Educacional da Escola de Sa\u00fade P\u00fablica do Cear\u00e1 &#8211; ESPCE.<\/li>\n<\/ul>\n<p><b>Investimento<\/b><\/p>\n<p>R$ 499,00 (quatrocentos e noventa e nove reais)<\/p>\n<p><strong>ORIENTA\u00c7\u00d5ES GERAIS<\/strong><\/p>\n<p>CURSOS LIVRES<\/p>\n<ol>\n<li style=\"list-style-type: none\">\n<ol>\n<li>As inscri\u00e7\u00f5es ser\u00e3o realizadas at\u00e9 o \u00faltimo dia \u00fatil que antecede a data de in\u00edcio do curso, e se houver vaga. Caso a quantidade de pagantes ultrapasse o n\u00famero de vagas, o valor integral ser\u00e1 devolvido ao \u00faltimo participante inscrito;<\/li>\n<li>A realiza\u00e7\u00e3o do curso est\u00e1 sujeita a forma\u00e7\u00e3o de turma, com n\u00famero igual ou superior aos gastos estipulados pela empresa. A n\u00e3o forma\u00e7\u00e3o de turma est\u00e1 sujeita a devolu\u00e7\u00e3o do valor integral de da inscri\u00e7\u00e3o;<\/li>\n<li>A desist\u00eancia dever\u00e1 ser comunicada por e-mail (jf@jfservicoseducacionais.com.br) at\u00e9 72(setenta e duas) horas antes do in\u00edcio do curso. Ap\u00f3s esse prazo ser\u00e1 devolvido 70% (setenta por cento) do valor e ap\u00f3s o in\u00edcio do curso n\u00e3o h\u00e1 devolu\u00e7\u00e3o e\/ou estorno. No e-mail deve ser informado os dados banc\u00e1rios do aluno com o devido CPF e nome completo, e anexado o comprovante de pagamento para devolu\u00e7\u00e3o e\/ou estorno no caso de pagamento por meio de cart\u00e3o de cr\u00e9dito. A devolu\u00e7\u00e3o e\/ou estorno ser\u00e1 feita at\u00e9 3 (tr\u00eas) dias \u00fateis ap\u00f3s o recebimento do e-mail.<\/li>\n<li><b>DIREITO AO USO DA IMAGEM<\/b><b>\u00a0\u2013\u00a0<\/b>O(A)<b>\u00a0inscrito(a)\u00a0<\/b>cede expressa e gratuitamente ao Centro de Ensino e Simula\u00e7\u00e3o em Sa\u00fade \u2013 JF o direito de uso de sua imagem ou do benefici\u00e1rio (Aluno) pelo qual \u00e9 respons\u00e1vel legal, para figurar, individual ou coletivamente, em campanhas institucionais ou publicit\u00e1rias do Centro de Ensino e Simula\u00e7\u00e3o em Sa\u00fade \u2013 JF, para todos os efeitos legais, observada a moral e os bons costumes.<\/li>\n<\/ol>\n<p>ORIENTA\u00c7\u00d5ES ESPEC\u00cdFICAS<\/p>\n<ol>\n<li>As aulas EAD (www.eadjf.com.br) ficar\u00e3o dispon\u00edveis no per\u00edodo de realiza\u00e7\u00e3o do curso, bem como as aulas remotas que ser\u00e3o enviadas (link privado), se for o caso, para o e-mail cadastrado de cada aluno inscrito, sabendo que n\u00e3o \u00e9 permitido compartilhar este conte\u00fado a terceiros;<\/li>\n<li>Para o recebimento do certificado, \u00e9 necess\u00e1rio a participa\u00e7\u00e3o m\u00ednima em 75% das aulas remotas, presenciais e EAD.<\/li>\n<\/ol>\n<\/li>\n<\/ol>\n<p>&nbsp;<\/p>\n<p><strong>Dra. Julyana Freitas<br \/>\n<\/strong>Dire\u00e7\u00e3o Geral<\/p>\n","protected":false},"excerpt":{"rendered":"<p>Sobre o Curso O Cateter Central do Inser\u00e7\u00e3o Perif\u00e9rica (PICC) \u00e9 um dispositivo vascular amplamente indicado para pacientes que necessitam de terapia prolongada (superior a seis dias), administra\u00e7\u00e3o de medicamentos irritantes ou vesicantes, bem como para aqueles em tratamento ambulatorial. Sua utiliza\u00e7\u00e3o est\u00e1 associada a menores riscos de complica\u00e7\u00f5es mec\u00e2nicas e infecciosas. No Curso de [&hellip;]<\/p>\n","protected":false},"featured_media":0,"comment_status":"open","ping_status":"closed","template":"","meta":{"_acf_changed":false},"product_brand":[],"product_cat":[144],"product_tag":[],"class_list":{"0":"post-11722","1":"product","2":"type-product","3":"status-publish","5":"product_cat-cursos-livres","7":"first","8":"instock","9":"shipping-taxable","10":"product-type-simple"},"acf":[],"_links":{"self":[{"href":"https:\/\/jfsimulacaosaude.com.br\/site\/wp-json\/wp\/v2\/product\/11722","targetHints":{"allow":["GET"]}}],"collection":[{"href":"https:\/\/jfsimulacaosaude.com.br\/site\/wp-json\/wp\/v2\/product"}],"about":[{"href":"https:\/\/jfsimulacaosaude.com.br\/site\/wp-json\/wp\/v2\/types\/product"}],"replies":[{"embeddable":true,"href":"https:\/\/jfsimulacaosaude.com.br\/site\/wp-json\/wp\/v2\/comments?post=11722"}],"wp:attachment":[{"href":"https:\/\/jfsimulacaosaude.com.br\/site\/wp-json\/wp\/v2\/media?parent=11722"}],"wp:term":[{"taxonomy":"product_brand","embeddable":true,"href":"https:\/\/jfsimulacaosaude.com.br\/site\/wp-json\/wp\/v2\/product_brand?post=11722"},{"taxonomy":"product_cat","embeddable":true,"href":"https:\/\/jfsimulacaosaude.com.br\/site\/wp-json\/wp\/v2\/product_cat?post=11722"},{"taxonomy":"product_tag","embeddable":true,"href":"https:\/\/jfsimulacaosaude.com.br\/site\/wp-json\/wp\/v2\/product_tag?post=11722"}],"curies":[{"name":"wp","href":"https:\/\/api.w.org\/{rel}","templated":true}]}}