{"id":11721,"date":"2025-08-14T16:29:46","date_gmt":"2025-08-14T19:29:46","guid":{"rendered":"https:\/\/jfsimulacaosaude.com.br\/site\/?post_type=product&#038;p=11721"},"modified":"2025-10-06T10:53:59","modified_gmt":"2025-10-06T13:53:59","slug":"alta-performance-em-pratica-de-injetaveis-e-hipodermoclise-t17","status":"publish","type":"product","link":"https:\/\/jfsimulacaosaude.com.br\/site\/produto\/alta-performance-em-pratica-de-injetaveis-e-hipodermoclise-t17\/","title":{"rendered":"Alta Performance em Pr\u00e1tica de Injet\u00e1veis e Hipoderm\u00f3clise &#8211; T17"},"content":{"rendered":"<p><b>Turma: 17<\/b><\/p>\n<p><b>Sobre o Curso<\/b><\/p>\n<p>O curso ser\u00e1 realizado atrav\u00e9s de aulas te\u00f3ricas com esta\u00e7\u00f5es pr\u00e1ticas simuladas e quest\u00f5es de seguran\u00e7a para realiza\u00e7\u00e3o das pr\u00e1ticas de injet\u00e1veis, al\u00e9m de debates e discuss\u00f5es sobre casos cl\u00ednicos e viv\u00eancias pr\u00e1ticas dos participantes com em evid\u00eancias cient\u00edficas nacionais e internacionais atuais. Ser\u00e3o utilizadas tecnologias educativas para otimizar o processo de ensino-aprendizagem na tem\u00e1tica.<\/p>\n<p>Os participantes ir\u00e3o adquirir conhecimentos e habilidades para se tornarem profissionais como empatia, \u00e9tica, lideran\u00e7a, confian\u00e7a, criatividade, responsabilidade e autonomia durante o exerc\u00edcio de sua profiss\u00e3o, da mesma forma tamb\u00e9m sair\u00e3o do curso com uma capacita\u00e7\u00e3o te\u00f3rica pr\u00e1tica de excel\u00eancia.<\/p>\n<p><b>Objetivo<\/b><\/p>\n<p>Proporcionar ao aluno conhecimento e a experi\u00eancia necess\u00e1ria para impulsionar e qualificar sua carreira profissional para o mercado de trabalho, tendo quatro bases fundamentais: compet\u00eancia, qualidade, colabora\u00e7\u00e3o e aprendizado.<\/p>\n<p><b>Conte\u00fado Program\u00e1tico<\/b><\/p>\n<p><strong>Pr\u00e1ticas Injet\u00e1veis<\/strong><\/p>\n<p>1. Aspectos \u00e9ticos relacionados ao exerc\u00edcio profissional da enfermagem;<br \/>\n2. Regulamenta\u00e7\u00e3o do COFEN sobre a administra\u00e7\u00e3o de medicamentos;<br \/>\n3. Recomenda\u00e7\u00f5es da Ag\u00eancia Nacional de Vigil\u00e2ncia Sanit\u00e1ria (ANVISA); Sociedade Brasileira de Geriatria e Gerontologia (SBGG); <em>Infusion Nurse Society<\/em> (INS); <em>Centers for Disease Control and Prevention<\/em> (CDC); The Society for Healthcare Epidemiology of America (SHEA); <em>The Joint Commission; Association for Professionals in Infection Control and Epidemiology<\/em> (APIC).<br \/>\n4. Medidas de Preven\u00e7\u00e3o de Infec\u00e7\u00e3o Relacionada a\u0300 Assist\u00eancia a\u0300 Sa\u00fade;<br \/>\n5. Conceitos b\u00e1sicos sobre anatomia\/ fisiologia dos sistemas tegumentar, muscular, subcut\u00e2neo e vascular para administra\u00e7\u00e3o de medicamentos;<br \/>\n6. Locais indicados para administra\u00e7\u00e3o de medicamentos parenterais;<br \/>\n7. Protocolos sobre a indica\u00e7\u00e3o, inser\u00e7\u00e3o, manuten\u00e7\u00e3o, preven\u00e7\u00e3o, tratamento de complica\u00e7\u00f5es e mo\u00e7\u00e3o de dispositivos;<br \/>\n8. Manejo dos dispositivos perif\u00e9ricos: agulhas hipod\u00e9rmicas, cateter agulhado (scalp) e cateter sobre agulha (jelco);<br \/>\n9. Recomenda\u00e7\u00f5es sobre o manejo dos dispositivos auxiliares;<br \/>\n10. Indica\u00e7\u00f5es\/ contraindica\u00e7\u00f5es e vantagens\/ desvantagens das vias parenterais;<br \/>\n11. Teoria, simula\u00e7\u00e3o e pr\u00e1tica;<br \/>\n12. Pr\u00e1ticas Baseadas em Evidencias- PBE<br \/>\n13. Novas atualiza\u00e7\u00f5es.<br \/>\n14. Esta\u00e7\u00e3o Pr\u00e1tica Simulada 1: Via intrad\u00e9rmica- ID;<br \/>\n15. Esta\u00e7\u00e3o Pr\u00e1tica Simulada 2: Via subcut\u00e2nea -SC e intramuscular- IM;<br \/>\n16. Esta\u00e7\u00e3o Pr\u00e1tica Simulada 3: Via endovenosa- EV;<br \/>\n17. Esta\u00e7\u00e3o Pr\u00e1tica Simulada 3: Via endovenosa- Jugular externa (exclusivo para profissionais enfermeiros e m\u00e9dicos);<\/p>\n<p><strong>Hipoderm\u00f3clise<\/strong><\/p>\n<p>1. Regulamenta\u00e7\u00e3o do COFEN sobre administra\u00e7\u00e3o de medicamentos parenterais;<br \/>\n2. Recomenda\u00e7\u00f5es da Ag\u00eancia Nacional de Vigil\u00e2ncia Sanit\u00e1ria (ANVISA); Sociedade Brasileira de Geriatria e Gerontologia (SBGG); <strong>Infusion Nurse Society<\/strong> (INS); <strong>Centers for Disease Control and Prevention (CDC); The Society for Healthcare Epidemiology of America<\/strong> (SHEA); <em>The Joint Commission; Association for Professionals in Infection Control and Epidemiology<\/em> (APIC).<br \/>\n3. Terapia Infusional aplicada aos conceitos da Hipodermoclise- HDC;<br \/>\n4. Princ\u00edpios b\u00e1sicos sobre anatomia\/ fisiologia do sistema tegumentar e subcut\u00e2neo para administra\u00e7\u00e3o de medicamentos;<br \/>\n5. Recomenda\u00e7\u00f5es sobre a indica\u00e7\u00e3o, inser\u00e7\u00e3o, manuten\u00e7\u00e3o, preven\u00e7\u00e3o, tratamento de complica\u00e7\u00f5es e remo\u00e7\u00e3o de dispositivos perif\u00e9ricos;<br \/>\n6. Locais indicados para inser\u00e7\u00e3o dos dispositivos na HDC;<br \/>\n7. Conceitos relacionados a indica\u00e7\u00e3o\/ contraindica\u00e7\u00e3o e vantagens\/ desvantagens na HDC;<br \/>\n8. Manejo dos cateteres perif\u00e9ricos curtos: cateter agulhado (scalp) e cateter sobre agulha (jelco);<br \/>\n9. Manejo dos dispositivos para infus\u00e3o: estensores, equipo e bomba de infus\u00e3o cont\u00ednua (BIC);<br \/>\n10. Manejo dos dispositivos para prote\u00e7\u00e3o, fixa\u00e7\u00e3o, estabiliza\u00e7\u00e3o e preven\u00e7\u00e3o de complica\u00e7\u00e3o;<br \/>\n11. Conceitos farmacol\u00f3gicos aplicados a HDC: administra\u00e7\u00e3o, absor\u00e7\u00e3o, distribui\u00e7\u00e3o, metaboliza\u00e7\u00e3o e excre\u00e7\u00e3o;<br \/>\n12. Principais medica\u00e7\u00f5es utilizadas na HDC;<br \/>\n13. Dilui\u00e7\u00f5es das medica\u00e7\u00f5es;<br \/>\n14. Compatibilidade entre as medica\u00e7\u00f5es;<br \/>\n15. Teoria, simula\u00e7\u00e3o e pr\u00e1tica;<br \/>\n16. Esta\u00e7\u00f5es pr\u00e1ticas e simuladas da HDC;<br \/>\n17. Pr\u00e1ticas Baseadas em Evid\u00eancias- PBE.<br \/>\n18. Principais atualiza\u00e7\u00f5es e recomenda\u00e7\u00f5es sobre a HDC.<\/p>\n<p><strong>Facilitadores<\/strong><\/p>\n<p><strong>Coordenadora:<\/strong> Profa. Dra. Julyana Freitas.<\/p>\n<p><strong>Facilitador:<\/strong> Enf.\u00ba Ac\u00e1ssio Ferreira de Holanda<\/p>\n<p>Graduado em Enfermagem pelo Centro Universit\u00e1rio Est\u00e1cio do Cear\u00e1. Especialista em Terapia Vascular pela <em>Universit\u00e8<\/em> Paris Descartes V. P\u00f3s- graduando Urg\u00eancia e Emerg\u00eancia pela JF Servi\u00e7os Educacionais em Sa\u00fade. P\u00f3s- graduado em Acessos Vasculares e Terapia Infunsional e habilitado para inser\u00e7\u00e3o de PICC pelo Hospital Israelita de Ensino e Pesquisa Albert Einstein. T\u00e9cnico de Laborat\u00f3rio em An\u00e1lises Cl\u00ednicas. Pesquisador com \u00eanfase nas linhas de pesquisas na \u00e1rea de tecnologias educacionais para enfermagem, constru\u00e7\u00e3o e valida\u00e7\u00e3o de tecnologias educacionais.<\/p>\n<p><b>Investimento<\/b><\/p>\n<p>R$ 399,90 (trezentos e noventa e nove reais)<\/p>\n<p><strong>ORIENTA\u00c7\u00d5ES GERAIS<\/strong><\/p>\n<p>CURSOS LIVRES<\/p>\n<ol>\n<li style=\"list-style-type: none;\">\n<ol>\n<li>As inscri\u00e7\u00f5es ser\u00e3o realizadas at\u00e9 o \u00faltimo dia \u00fatil que antecede a data de in\u00edcio do curso, e se houver vaga. Caso a quantidade de pagantes ultrapasse o n\u00famero de vagas, o valor integral ser\u00e1 devolvido ao \u00faltimo participante inscrito;<\/li>\n<li>A realiza\u00e7\u00e3o do curso est\u00e1 sujeita a forma\u00e7\u00e3o de turma, com n\u00famero igual ou superior aos gastos estipulados pela empresa. A n\u00e3o forma\u00e7\u00e3o de turma est\u00e1 sujeita a devolu\u00e7\u00e3o do valor integral de da inscri\u00e7\u00e3o;<\/li>\n<li>A desist\u00eancia dever\u00e1 ser comunicada por e-mail (jf@jfservicoseducacionais.com.br) at\u00e9 72(setenta e duas) horas antes do in\u00edcio do curso. Ap\u00f3s esse prazo ser\u00e1 devolvido 70% (setenta por cento) do valor e ap\u00f3s o in\u00edcio do curso n\u00e3o h\u00e1 devolu\u00e7\u00e3o e\/ou estorno. No e-mail deve ser informado os dados banc\u00e1rios do aluno com o devido CPF e nome completo, e anexado o comprovante de pagamento para devolu\u00e7\u00e3o e\/ou estorno no caso de pagamento por meio de cart\u00e3o de cr\u00e9dito. A devolu\u00e7\u00e3o e\/ou estorno ser\u00e1 feita at\u00e9 3 (tr\u00eas) dias \u00fateis ap\u00f3s o recebimento do e-mail.<\/li>\n<li><b>DIREITO AO USO DA IMAGEM<\/b><b>\u00a0\u2013\u00a0<\/b>O(A)<b>\u00a0inscrito(a)\u00a0<\/b>cede expressa e gratuitamente ao Centro de Ensino e Simula\u00e7\u00e3o em Sa\u00fade \u2013 JF o direito de uso de sua imagem ou do benefici\u00e1rio (Aluno) pelo qual \u00e9 respons\u00e1vel legal, para figurar, individual ou coletivamente, em campanhas institucionais ou publicit\u00e1rias do Centro de Ensino e Simula\u00e7\u00e3o em Sa\u00fade \u2013 JF, para todos os efeitos legais, observada a moral e os bons costumes.<\/li>\n<\/ol>\n<p>ORIENTA\u00c7\u00d5ES ESPEC\u00cdFICAS<\/p>\n<ol>\n<li>As aulas EAD (www.eadjf.com.br) ficar\u00e3o dispon\u00edveis no per\u00edodo de realiza\u00e7\u00e3o do curso, bem como as aulas remotas que ser\u00e3o enviadas (link privado), se for o caso, para o e-mail cadastrado de cada aluno inscrito, sabendo que n\u00e3o \u00e9 permitido compartilhar este conte\u00fado a terceiros;<\/li>\n<li>Para o recebimento do certificado, \u00e9 necess\u00e1rio a participa\u00e7\u00e3o m\u00ednima em 75% das aulas remotas, presenciais e EAD.<\/li>\n<\/ol>\n<\/li>\n<\/ol>\n<p>&nbsp;<\/p>\n<p><strong>Dra. Julyana Freitas<br \/>\n<\/strong>Dire\u00e7\u00e3o Geral<\/p>\n","protected":false},"excerpt":{"rendered":"<p><strong>Turma 17<\/strong><\/p>\n<p><strong>B\u00f4nus: <\/strong><\/p>\n<ul>\n<li>Habilita\u00e7\u00e3o em Pun\u00e7\u00e3o da Veia Jugular Externa<\/li>\n<li>Hipoderm\u00f3clise<\/li>\n<\/ul>\n<p><strong>Data:\u00a0 <\/strong>04 e 05\/10\/2025\u00a0 das\u00a0 08h \u00e0s 17h no Centro de Simula\u00e7\u00e3o JF + Conte\u00fado Online.<\/p>\n<p><strong>Endere\u00e7o:\u00a0<\/strong>Rua Ab\u00edlio Martins n\u00ba 900, Parquel\u00e2ndia.<\/p>\n<p><strong>P\u00fablico-alvo:<\/strong> Acad\u00eamicos da sa\u00fade e profissionais de sa\u00fade (enfermagem, medicina, farm\u00e1cia, biomedicina e odontologia)<\/p>\n<p><strong>Modalidade:<\/strong> H\u00edbrido<\/p>\n<p><strong>Carga-hor\u00e1ria:<\/strong> 60h\/a<\/p>\n<p><strong>Certificado:<\/strong> A certifica\u00e7\u00e3o ser\u00e1 concedida ao aluno que completar a carga hor\u00e1ria de no m\u00ednimo 75% do curso.<\/p>\n<p><strong>N\u00ba de alunos: <\/strong>no m\u00ednimo 10 alunos e no m\u00e1ximo 20 alunos.<\/p>\n","protected":false},"featured_media":11756,"comment_status":"open","ping_status":"closed","template":"","meta":{"_acf_changed":false},"product_brand":[],"product_cat":[146],"product_tag":[],"class_list":{"0":"post-11721","1":"product","2":"type-product","3":"status-publish","4":"has-post-thumbnail","6":"product_cat-livre-realizados","8":"first","9":"instock","10":"downloadable","11":"virtual","12":"purchasable","13":"product-type-simple"},"acf":[],"_links":{"self":[{"href":"https:\/\/jfsimulacaosaude.com.br\/site\/wp-json\/wp\/v2\/product\/11721","targetHints":{"allow":["GET"]}}],"collection":[{"href":"https:\/\/jfsimulacaosaude.com.br\/site\/wp-json\/wp\/v2\/product"}],"about":[{"href":"https:\/\/jfsimulacaosaude.com.br\/site\/wp-json\/wp\/v2\/types\/product"}],"replies":[{"embeddable":true,"href":"https:\/\/jfsimulacaosaude.com.br\/site\/wp-json\/wp\/v2\/comments?post=11721"}],"wp:featuredmedia":[{"embeddable":true,"href":"https:\/\/jfsimulacaosaude.com.br\/site\/wp-json\/wp\/v2\/media\/11756"}],"wp:attachment":[{"href":"https:\/\/jfsimulacaosaude.com.br\/site\/wp-json\/wp\/v2\/media?parent=11721"}],"wp:term":[{"taxonomy":"product_brand","embeddable":true,"href":"https:\/\/jfsimulacaosaude.com.br\/site\/wp-json\/wp\/v2\/product_brand?post=11721"},{"taxonomy":"product_cat","embeddable":true,"href":"https:\/\/jfsimulacaosaude.com.br\/site\/wp-json\/wp\/v2\/product_cat?post=11721"},{"taxonomy":"product_tag","embeddable":true,"href":"https:\/\/jfsimulacaosaude.com.br\/site\/wp-json\/wp\/v2\/product_tag?post=11721"}],"curies":[{"name":"wp","href":"https:\/\/api.w.org\/{rel}","templated":true}]}}