{"id":11720,"date":"2025-08-14T12:07:58","date_gmt":"2025-08-14T15:07:58","guid":{"rendered":"https:\/\/jfsimulacaosaude.com.br\/site\/?post_type=product&#038;p=11720"},"modified":"2025-08-14T16:58:33","modified_gmt":"2025-08-14T19:58:33","slug":"workshop-praticas-avancadas-na-emergencia","status":"publish","type":"product","link":"https:\/\/jfsimulacaosaude.com.br\/site\/produto\/workshop-praticas-avancadas-na-emergencia\/","title":{"rendered":"Workshop: Pr\u00e1ticas Avan\u00e7adas na Emerg\u00eancia"},"content":{"rendered":"<p><strong>P\u00fablico Alvo:<\/strong>\u00a0Profissionais da Sa\u00fade e acad\u00eamicos.<\/p>\n<p><strong>Carga Hor\u00e1ria:<\/strong> 10h<\/p>\n<p><strong>Data: <\/strong>07 de novembro de 2025, sexta-feira das 8h \u00e0s 18h.<\/p>\n<p><strong>Local:<\/strong><\/p>\n<p><strong>Certifica\u00e7\u00e3o:<\/strong>\u00a0Ser\u00e1 fornecido certificado de participa\u00e7\u00e3o para todos os alunos que completarem no m\u00ednimo 75% da carga hor\u00e1ria do curso.<\/p>\n<p><strong>Conte\u00fado Program\u00e1tico<\/strong><\/p>\n<p>\u2705 IO<br \/>\n\u2705 Jugular<br \/>\n\u2705 M\u00e1scara Lar\u00edngea<br \/>\n\u2705 Desfibrila\u00e7\u00e3o<br \/>\n\u2705 Descompress\u00e3o Tor\u00e1cica<br \/>\n\u2705 Circo por Pun\u00e7\u00e3o<\/p>\n<p><strong>Facilitador<\/strong><\/p>\n<p><b>Prof. Felipe Margoti<\/b><\/p>\n<p>Enfermeiro especialista em Urg\u00eancia, Emerg\u00eancia e Trauma<\/p>\n<p>Enfermeiro &#8211; Urg\u00eancia e Emerg\u00eancia, no SAMU de Belo Horizonte\/Hospital das Cl\u00ednicas UFMG.<br \/>\n<strong>Instrutor dos curso:<\/strong> <em>Advanced Cardiovascular Life Support<\/em> (ACLS), <em>Pediatric Advanced Life Support<\/em> (PALS), <em>Prehospital Trauma Life Support<\/em> ( PHTLS) <em>AdvancedMedicalLifeSupport<\/em> (AMLS), <em>Basic Life Support<\/em> (BLS), Emerg\u00eancias Cl\u00ednicas e Traum\u00e1ticas para Equipes (ECTE) ,Dispositivos Extragl\u00f3ticos (DEGs), Pun\u00e7\u00e3o Intra\u00f3ssea (PIO) e Pun\u00e7\u00e3o de Veia Bas\u00edlica (PVB).<br \/>\nProfessor de p\u00f3s-gradua\u00e7\u00e3o de Urg\u00eancia, Emerg\u00eancia e Trauma\/Terapia Intensiva.<br \/>\nEnfermeiro membro do departamento de enfermagem da Associa\u00e7\u00e3o Brasileira de Medicina de Emerg\u00eancia (ABRAMEDE-MG) e Sociedade Mineira de Terapia Intensiva (SOMITI).<br \/>\nColaborador da C\u00e2mara T\u00e9cnica de urg\u00eancia e emerg\u00eancia do COREN-MG<\/p>\n<p><strong>Investimento<\/strong><\/p>\n<p>R$ 250,00 (duzentos e cinquenta reais)<\/p>\n<p><strong>ORIENTA\u00c7\u00d5ES GERAIS<\/strong><\/p>\n<p>CURSOS LIVRES<\/p>\n<ol>\n<li style=\"list-style-type: none\">\n<ol>\n<li>As inscri\u00e7\u00f5es ser\u00e3o realizadas at\u00e9 o \u00faltimo dia \u00fatil que antecede a data de in\u00edcio do curso, e se houver vaga. Caso a quantidade de pagantes ultrapasse o n\u00famero de vagas, o valor integral ser\u00e1 devolvido ao \u00faltimo participante inscrito;<\/li>\n<li>A realiza\u00e7\u00e3o do curso est\u00e1 sujeita a forma\u00e7\u00e3o de turma, com n\u00famero igual ou superior aos gastos estipulados pela empresa. A n\u00e3o forma\u00e7\u00e3o de turma est\u00e1 sujeita a devolu\u00e7\u00e3o do valor integral de da inscri\u00e7\u00e3o;<\/li>\n<li>A desist\u00eancia dever\u00e1 ser comunicada por e-mail (jf@jfservicoseducacionais.com.br) at\u00e9 72(setenta e duas) horas antes do in\u00edcio do curso. Ap\u00f3s esse prazo ser\u00e1 devolvido 70% (setenta por cento) do valor e ap\u00f3s o in\u00edcio do curso n\u00e3o h\u00e1 devolu\u00e7\u00e3o e\/ou estorno. No e-mail deve ser informado os dados banc\u00e1rios do aluno com o devido CPF e nome completo, e anexado o comprovante de pagamento para devolu\u00e7\u00e3o e\/ou estorno no caso de pagamento por meio de cart\u00e3o de cr\u00e9dito. A devolu\u00e7\u00e3o e\/ou estorno ser\u00e1 feita at\u00e9 3 (tr\u00eas) dias \u00fateis ap\u00f3s o recebimento do e-mail.<\/li>\n<li><b>DIREITO AO USO DA IMAGEM<\/b><b>\u00a0\u2013\u00a0<\/b>O(A)<b>\u00a0inscrito(a)\u00a0<\/b>cede expressa e gratuitamente ao Centro de Ensino e Simula\u00e7\u00e3o em Sa\u00fade \u2013 JF o direito de uso de sua imagem ou do benefici\u00e1rio (Aluno) pelo qual \u00e9 respons\u00e1vel legal, para figurar, individual ou coletivamente, em campanhas institucionais ou publicit\u00e1rias do Centro de Ensino e Simula\u00e7\u00e3o em Sa\u00fade \u2013 JF, para todos os efeitos legais, observada a moral e os bons costumes.<\/li>\n<\/ol>\n<p>ORIENTA\u00c7\u00d5ES ESPEC\u00cdFICAS<\/p>\n<ol>\n<li>As aulas EAD (www.eadjf.com.br) ficar\u00e3o dispon\u00edveis no per\u00edodo de realiza\u00e7\u00e3o do curso, bem como as aulas remotas que ser\u00e3o enviadas (link privado), se for o caso, para o e-mail cadastrado de cada aluno inscrito, sabendo que n\u00e3o \u00e9 permitido compartilhar este conte\u00fado a terceiros;<\/li>\n<li>Para o recebimento do certificado, \u00e9 necess\u00e1rio a participa\u00e7\u00e3o m\u00ednima em 75% das aulas remotas, presenciais e EAD.<\/li>\n<\/ol>\n<\/li>\n<\/ol>\n","protected":false},"excerpt":{"rendered":"<p><strong>P\u00fablico Alvo:<\/strong>\u00a0Profissionais da Sa\u00fade e acad\u00eamicos.<\/p>\n<p><strong>Carga Hor\u00e1ria:<\/strong> 10h<\/p>\n<p><strong>Data: <\/strong>07 de novembro de 2025, sexta-feira das 8h \u00e0s 18h.<\/p>\n<p><strong>Local:<\/strong><\/p>\n","protected":false},"featured_media":0,"comment_status":"open","ping_status":"closed","template":"","meta":{"_acf_changed":false},"product_brand":[],"product_cat":[144],"product_tag":[],"class_list":{"0":"post-11720","1":"product","2":"type-product","3":"status-publish","5":"product_cat-cursos-livres","7":"first","8":"instock","9":"shipping-taxable","10":"product-type-simple"},"acf":[],"_links":{"self":[{"href":"https:\/\/jfsimulacaosaude.com.br\/site\/wp-json\/wp\/v2\/product\/11720","targetHints":{"allow":["GET"]}}],"collection":[{"href":"https:\/\/jfsimulacaosaude.com.br\/site\/wp-json\/wp\/v2\/product"}],"about":[{"href":"https:\/\/jfsimulacaosaude.com.br\/site\/wp-json\/wp\/v2\/types\/product"}],"replies":[{"embeddable":true,"href":"https:\/\/jfsimulacaosaude.com.br\/site\/wp-json\/wp\/v2\/comments?post=11720"}],"wp:attachment":[{"href":"https:\/\/jfsimulacaosaude.com.br\/site\/wp-json\/wp\/v2\/media?parent=11720"}],"wp:term":[{"taxonomy":"product_brand","embeddable":true,"href":"https:\/\/jfsimulacaosaude.com.br\/site\/wp-json\/wp\/v2\/product_brand?post=11720"},{"taxonomy":"product_cat","embeddable":true,"href":"https:\/\/jfsimulacaosaude.com.br\/site\/wp-json\/wp\/v2\/product_cat?post=11720"},{"taxonomy":"product_tag","embeddable":true,"href":"https:\/\/jfsimulacaosaude.com.br\/site\/wp-json\/wp\/v2\/product_tag?post=11720"}],"curies":[{"name":"wp","href":"https:\/\/api.w.org\/{rel}","templated":true}]}}