{"id":11681,"date":"2025-08-04T09:30:57","date_gmt":"2025-08-04T12:30:57","guid":{"rendered":"https:\/\/jfsimulacaosaude.com.br\/site\/?post_type=product&#038;p=11681"},"modified":"2025-11-17T10:34:36","modified_gmt":"2025-11-17T13:34:36","slug":"assumi-o-plantao-e-agora-emergencias-traumaticas-t01","status":"publish","type":"product","link":"https:\/\/jfsimulacaosaude.com.br\/site\/produto\/assumi-o-plantao-e-agora-emergencias-traumaticas-t01\/","title":{"rendered":"Assumi o Plant\u00e3o! E Agora? (Emerg\u00eancias Traum\u00e1ticas) T01 &#8211; QUIXERAMOBIM\/CE"},"content":{"rendered":"<p><strong>Objetivo:<\/strong> <span style=\"font-weight: 400\">Capacitar o profissional da sa\u00fade, para o manejo de pacientes com trauma, do atendimento\u00a0 pr\u00e9 ao intra-hospitalar.<\/span><\/p>\n<p><strong>P\u00fablico &#8211; alvo:<\/strong> <span style=\"font-weight: 400\">Profissionais de sa\u00fade e afins.<\/span><\/p>\n<p><strong>Data:<\/strong> 11 de novembro das 8h \u00e0s 17h.<\/p>\n<p><strong>Local:<\/strong> Audit\u00f3rio da FAUNIQ &#8211; Faculdade de Quixeramobim (Av. Dr. Joaquim Fernandes, 661 &#8211; Centro | Quixeramobim)<\/p>\n<p><strong>Formato do Curso:<\/strong> (Pr\u00e1tica\/Presencial + Material Complementar + Resolu\u00e7\u00f5es de Concursos na \u00c1rea da Emerg\u00eancia)<\/p>\n<p><strong>Vagas:<\/strong> 200<\/p>\n<p><strong>Carga Hor\u00e1ria:<\/strong> 20h (H\u00edbrido)<\/p>\n<p><strong>Cronograma<\/strong><\/p>\n<p><strong>PROTOCOLO DE AVALIA\u00c7\u00c3O PRIM\u00c1RIA (XABCDE) COM \u00caNFASE NAS PRINCIPAIS EMERG\u00caNCIAS TRAUM\u00c1TICAS<\/strong><\/p>\n<p>X \u2013 Controle de hemorragias exsanguinantes<\/p>\n<p>A \u2013 Vias a\u00e9reas e controle cervical<\/p>\n<p>B \u2013 Ventila\u00e7\u00e3o e oxigena\u00e7\u00e3o<\/p>\n<p>C \u2013 Circula\u00e7\u00e3o e controle de choque<\/p>\n<p>D \u2013 Avalia\u00e7\u00e3o neurol\u00f3gica r\u00e1pida (AVDI \/ Glasgow\/ Pupilas)<\/p>\n<p>E \u2013 Exposi\u00e7\u00e3o e controle do ambiente<\/p>\n<p><strong>Esta\u00e7\u00e3o pr\u00e1tica simulada com paciente simulado\/simuladores\u00a0<\/strong><\/p>\n<p><strong>Aplica\u00e7\u00e3o do torniquete\u00a0<\/strong><\/p>\n<p><strong>Restri\u00e7\u00e3o de Movimento da Coluna<\/strong><\/p>\n<p><strong>Aplica\u00e7\u00e3o de colar cervical, seus modelos e indica\u00e7\u00f5es<\/strong><\/p>\n<p><strong>Oxigenoterapia e manejo de Via A\u00e9rea (B\u00e1sico e Avan\u00e7ado)<\/strong><\/p>\n<p><strong>Protocolo de Avalia\u00e7\u00e3o Secund\u00e1ria (SAMPLE)\u00a0<\/strong><\/p>\n<p>S \u2013 Sinais e Sintomas<\/p>\n<p>A \u2013 Alergias<\/p>\n<p>M \u2013 Medicamentos<\/p>\n<p>P \u2013 Passado M\u00e9dico<\/p>\n<p>L \u2013 L\u00edquidos\/alimenta\u00e7\u00e3o<\/p>\n<p>E \u2013 Evento<\/p>\n<p><strong>Protocolo de Transfer\u00eancia de Cuidados (ATMIST) <\/strong><\/p>\n<p><strong>Telessimula\u00e7\u00e3o ao vivo com tel\u00e3o para projetar as esta\u00e7\u00f5es pr\u00e1ticas simuladas<\/strong><\/p>\n<p><strong>Facilitadora:<\/strong><\/p>\n<p><strong>Profa. Dra. Julyana Freitas<\/strong><\/p>\n<p>Enfermeira pela Universidade Federal do Cear\u00e1 (2008).<br \/>\nMestrado e Doutorado pela Universidade Federal do Cear\u00e1 (2011\/2013).<br \/>\nEspecialista em Urg\u00eancia e Emerg\u00eancia pela ESP (Escola de Sa\u00fade P\u00fablica (2013).<br \/>\nDocente da Universidade de Fortaleza (UNIFOR) (2013\/2024).<br \/>\nEnfermeira Emergencista Hospital Instituto Dr. Jos\u00e9 Frota (Atual)CEO do Centro de Ensino e Simula\u00e7\u00e3o em Sa\u00fade JF (2018\/atual).<br \/>\nEspecialista em Simula\u00e7\u00e3o Cl\u00ednica da Escola de Sa\u00fade P\u00fablica (ESP\/CE) (2021\/ atual).<\/p>\n<p><strong>Investimento:<\/strong><\/p>\n<p>R$ 130,00 (cento e trinta reais)<\/p>\n<p><strong>ORIENTA\u00c7\u00d5ES GERAIS<\/strong><\/p>\n<p>CURSOS LIVRES<\/p>\n<ol>\n<li style=\"list-style-type: none\">\n<ol>\n<li>As inscri\u00e7\u00f5es ser\u00e3o realizadas at\u00e9 o \u00faltimo dia \u00fatil que antecede a data de in\u00edcio do curso, e se houver vaga. Caso a quantidade de pagantes ultrapasse o n\u00famero de vagas, o valor integral ser\u00e1 devolvido ao \u00faltimo participante inscrito;<\/li>\n<li>A realiza\u00e7\u00e3o do curso est\u00e1 sujeita a forma\u00e7\u00e3o de turma, com n\u00famero igual ou superior aos gastos estipulados pela empresa. A n\u00e3o forma\u00e7\u00e3o de turma est\u00e1 sujeita a devolu\u00e7\u00e3o do valor integral de da inscri\u00e7\u00e3o;<\/li>\n<li>A desist\u00eancia dever\u00e1 ser comunicada por e-mail (jf@jfservicoseducacionais.com.br) at\u00e9 72(setenta e duas) horas antes do in\u00edcio do curso. Ap\u00f3s esse prazo ser\u00e1 devolvido 70% (setenta por cento) do valor e ap\u00f3s o in\u00edcio do curso n\u00e3o h\u00e1 devolu\u00e7\u00e3o e\/ou estorno. No e-mail deve ser informado os dados banc\u00e1rios do aluno com o devido CPF e nome completo, e anexado o comprovante de pagamento para devolu\u00e7\u00e3o e\/ou estorno no caso de pagamento por meio de cart\u00e3o de cr\u00e9dito. A devolu\u00e7\u00e3o e\/ou estorno ser\u00e1 feita at\u00e9 3 (tr\u00eas) dias \u00fateis ap\u00f3s o recebimento do e-mail.<\/li>\n<li><b>DIREITO AO USO DA IMAGEM<\/b><b>\u00a0\u2013\u00a0<\/b>O(A)<b>\u00a0inscrito(a)\u00a0<\/b>cede expressa e gratuitamente ao Centro de Ensino e Simula\u00e7\u00e3o em Sa\u00fade \u2013 JF o direito de uso de sua imagem ou do benefici\u00e1rio (Aluno) pelo qual \u00e9 respons\u00e1vel legal, para figurar, individual ou coletivamente, em campanhas institucionais ou publicit\u00e1rias do Centro de Ensino e Simula\u00e7\u00e3o em Sa\u00fade \u2013 JF, para todos os efeitos legais, observada a moral e os bons costumes.<\/li>\n<\/ol>\n<p>ORIENTA\u00c7\u00d5ES ESPEC\u00cdFICAS<\/p>\n<ol>\n<li>As aulas EAD (www.eadjf.com.br) ficar\u00e3o dispon\u00edveis no per\u00edodo de realiza\u00e7\u00e3o do curso, bem como as aulas remotas que ser\u00e3o enviadas (link privado), se for o caso, para o e-mail cadastrado de cada aluno inscrito, sabendo que n\u00e3o \u00e9 permitido compartilhar este conte\u00fado a terceiros;<\/li>\n<li>Para o recebimento do certificado, \u00e9 necess\u00e1rio a participa\u00e7\u00e3o m\u00ednima em 75% das aulas remotas, presenciais e EAD.<\/li>\n<\/ol>\n<\/li>\n<\/ol>\n","protected":false},"excerpt":{"rendered":"<p><strong>Data:<\/strong> 11 de novembro das 8h \u00e0s 17h<\/p>\n<p><strong>P\u00fablico &#8211; alvo:<\/strong> Profissionais de Sa\u00fade e Acad\u00eamicos.<\/p>\n<p><strong>Carga Hor\u00e1ria: 2<\/strong>0h<\/p>\n","protected":false},"featured_media":11780,"comment_status":"open","ping_status":"closed","template":"","meta":{"_acf_changed":false},"product_brand":[],"product_cat":[146],"product_tag":[],"class_list":{"0":"post-11681","1":"product","2":"type-product","3":"status-publish","4":"has-post-thumbnail","6":"product_cat-livre-realizados","8":"first","9":"instock","10":"downloadable","11":"virtual","12":"purchasable","13":"product-type-simple"},"acf":[],"_links":{"self":[{"href":"https:\/\/jfsimulacaosaude.com.br\/site\/wp-json\/wp\/v2\/product\/11681","targetHints":{"allow":["GET"]}}],"collection":[{"href":"https:\/\/jfsimulacaosaude.com.br\/site\/wp-json\/wp\/v2\/product"}],"about":[{"href":"https:\/\/jfsimulacaosaude.com.br\/site\/wp-json\/wp\/v2\/types\/product"}],"replies":[{"embeddable":true,"href":"https:\/\/jfsimulacaosaude.com.br\/site\/wp-json\/wp\/v2\/comments?post=11681"}],"wp:featuredmedia":[{"embeddable":true,"href":"https:\/\/jfsimulacaosaude.com.br\/site\/wp-json\/wp\/v2\/media\/11780"}],"wp:attachment":[{"href":"https:\/\/jfsimulacaosaude.com.br\/site\/wp-json\/wp\/v2\/media?parent=11681"}],"wp:term":[{"taxonomy":"product_brand","embeddable":true,"href":"https:\/\/jfsimulacaosaude.com.br\/site\/wp-json\/wp\/v2\/product_brand?post=11681"},{"taxonomy":"product_cat","embeddable":true,"href":"https:\/\/jfsimulacaosaude.com.br\/site\/wp-json\/wp\/v2\/product_cat?post=11681"},{"taxonomy":"product_tag","embeddable":true,"href":"https:\/\/jfsimulacaosaude.com.br\/site\/wp-json\/wp\/v2\/product_tag?post=11681"}],"curies":[{"name":"wp","href":"https:\/\/api.w.org\/{rel}","templated":true}]}}