{"id":11633,"date":"2025-07-31T13:36:11","date_gmt":"2025-07-31T16:36:11","guid":{"rendered":"https:\/\/jfsimulacaosaude.com.br\/site\/?post_type=product&#038;p=11633"},"modified":"2025-10-06T10:53:34","modified_gmt":"2025-10-06T13:53:34","slug":"alta-performance-na-sala-vermelha-pcr-sav-e-imaginologia-t09","status":"publish","type":"product","link":"https:\/\/jfsimulacaosaude.com.br\/site\/produto\/alta-performance-na-sala-vermelha-pcr-sav-e-imaginologia-t09\/","title":{"rendered":"Alta Performance na Sala Vermelha (PCR, SAV e Imaginologia) T09"},"content":{"rendered":"<ol>\n<li><strong>Objetivo:<\/strong> Desenvolver \u00e0s compet\u00eancias necess\u00e1rias para prestar uma assist\u00eancia cr\u00edtica e reflexiva nas diversas situa\u00e7\u00f5es cl\u00ednicas.<\/li>\n<\/ol>\n<p><strong>P\u00fablico &#8211; alvo:<\/strong>\u00a0Profissionais de Sa\u00fade e Acad\u00eamicos.<\/p>\n<p><strong>Data:<\/strong> 27 e 28 de Setembro de 2025 (S\u00e1bado e Domingo das 8h \u00e0s 18h)<\/p>\n<p><strong>Local:<\/strong>\u00a0Centro de Ensino e Simula\u00e7\u00e3o em Sa\u00fade JF (Rua Ab\u00edlio Martins, 900, Parquel\u00e2ndia)<\/p>\n<p><strong>Formato do Curso:<\/strong>\u00a0(Pr\u00e1tica\/Presencial + Material Complementar)<\/p>\n<p><strong>Vagas:<\/strong>\u00a025<\/p>\n<p><strong>Carga Hor\u00e1ria:<\/strong>\u00a040h<\/p>\n<p><strong>Cronograma<\/strong><\/p>\n<p><strong>S\u00c1BADO: <\/strong>8h \u00e0s 18h<strong>\u00a0<\/strong><\/p>\n<p><strong>Manejo da Parada Cardiorrespirat\u00f3ria e Suporte Avan\u00e7ado de Vida (SAV)<\/strong><\/p>\n<ul>\n<li>Parada Card\u00edaca Intra-hospitalar e Extra-hospitalar;<\/li>\n<li>Correntes de Sobreviv\u00eancia Extra-hospitalar e Intra-hospitalar;<\/li>\n<li>Fisiologia e Ritmos da PCR;<\/li>\n<li>Avalia\u00e7\u00e3o Prim\u00e1ria e Secund\u00e1ria da v\u00edtima de PCR;<\/li>\n<li>Time de Resposta R\u00e1pida;<\/li>\n<li>Farmacologia na PCR;<\/li>\n<li>Algoritmos de PCR;<\/li>\n<li>Cuidados p\u00f3s-PCR;<\/li>\n<\/ul>\n<p><strong>Esta\u00e7\u00e3o pr\u00e1tica simulada:<\/strong> Suporte B\u00e1sico de Vida;<\/p>\n<p><strong>Esta\u00e7\u00e3o pr\u00e1tica simulada:<\/strong> Manejo de Via A\u00e9rea na PCR;<\/p>\n<p><strong>Esta\u00e7\u00e3o pr\u00e1tica simulada:<\/strong> Esta\u00e7\u00e3o de uso do cardioversor\/DEA na PCR;<\/p>\n<p><strong>Esta\u00e7\u00e3o pr\u00e1tica simulada:<\/strong> Esta\u00e7\u00e3o de Suporte Avan\u00e7ado de Vida;<\/p>\n<p><strong>Imaginologia e Monitoriza\u00e7\u00e3o Hemodin\u00e2mica<\/strong><\/p>\n<ul>\n<li>T\u00f3picos do Raio-X na Sala Vermelha<\/li>\n<\/ul>\n<p><strong>Esta\u00e7\u00e3o Pr\u00e1tica Simulada: <\/strong>Monitoriza\u00e7\u00e3o Hemodin\u00e2mica no Monitor Multipar\u00e2metro<\/p>\n<p><strong>DOMINGO:<\/strong> 8h \u00e0s 18h<\/p>\n<p><strong>Procedimentos na Sala Vermelha<\/strong><\/p>\n<p><strong>Esta\u00e7\u00e3o Pr\u00e1tica Simulada: <\/strong>Cateterismo Vesical de Al\u00edvio e Demora;<\/p>\n<p><strong>Esta\u00e7\u00e3o Pr\u00e1tica Simulada<\/strong>: Cateter Naso\/Oro (Enteral);<\/p>\n<p><strong>Esta\u00e7\u00e3o Pr\u00e1tica Simulada: <\/strong>Gasometria;<\/p>\n<p><strong>Esta\u00e7\u00e3o Pr\u00e1tica Simulada: <\/strong>Manejo de Bomba de Infus\u00e3o Cont\u00ednua;<\/p>\n<p><strong>B\u00f4nus:<\/strong><br \/>\nQuest\u00f5es de concurso na plataforma EAD na \u00e1rea tem\u00e1tica do curso.<\/p>\n<p><strong>Videoaulas na plataforma EAD:<\/strong><br \/>\nLinhas de cuidado na emerg\u00eancia: Infarto Agudo do Mioc\u00e1rdio (IAM) e Acidente Vascular Cerebral (AVC)<\/p>\n<p><strong>Facilitadores:<\/strong><\/p>\n<p><strong>Enf.\u00ba Prof. Dra. Julyana Freitas<\/strong><\/p>\n<p>Enfermeira pela Universidade Federal do Cear\u00e1 (2008).<\/p>\n<p>Mestrado e Doutorado pela Universidade Federal do Cear\u00e1 (2011\/2013).<\/p>\n<p>Especialista em Urg\u00eancia e Emerg\u00eancia pela ESP (Escola de Sa\u00fade P\u00fablica (2013).<\/p>\n<p>Docente da Universidade de Fortaleza (UNIFOR) (2013\/2024).<\/p>\n<p>Enfermeira Emergencista Hospital Instituto Dr. Jos\u00e9 Frota (Atual)CEO do Centro de Ensino e Simula\u00e7\u00e3o em Sa\u00fade JF (2018\/atual).<\/p>\n<p>Especialista em Simula\u00e7\u00e3o Cl\u00ednica da Escola de Sa\u00fade P\u00fablica (ESP\/CE) (2021\/ 2024).<\/p>\n<p><b>Enf.\u00ba Prof. Raphael Colares de S\u00e1<\/b><\/p>\n<p>Enfermeiro Emergencista do Eixo Cr\u00edtico do Instituto Dr. Jos\u00e9 Frota \u2013 IJF.<\/p>\n<p>Enfermeiro do Transplante Hep\u00e1tico, Renal e Pancre\u00e1tico do Hospital Geral de Fortaleza \u2013 HGF.<\/p>\n<p>Preceptor da Resid\u00eancia Multiprofissional do Instituto Dr. Jos\u00e9 Frota \u2013 IJF.<\/p>\n<p>Membro da Dire\u00e7\u00e3o de Ensino em Pesquisa do Hospital Geral de Fortaleza \u2013 HGF.<\/p>\n<p>Especialista em Transplante de \u00d3rg\u00e3os e Tecidos.<\/p>\n<p>Especialista em Urg\u00eancia e Emerg\u00eancia.<\/p>\n<p>Mestre em Ensino em Sa\u00fade.<\/p>\n<p>Professor de P\u00f3s-Gradua\u00e7\u00e3o nas \u00e1reas de Urg\u00eancia e Emerg\u00eancia e Terapia Intensiva.<\/p>\n<p><strong>Investimento:<\/strong><\/p>\n<p>R$ 499,00 (quatrocentos e noventa e nove reais)<\/p>\n<p><strong>ORIENTA\u00c7\u00d5ES GERAIS<\/strong><\/p>\n<p>CURSOS LIVRES<\/p>\n<ol>\n<li style=\"list-style-type: none;\">\n<ol>\n<li>As inscri\u00e7\u00f5es ser\u00e3o realizadas at\u00e9 o \u00faltimo dia \u00fatil que antecede a data de in\u00edcio do curso, e se houver vaga. Caso a quantidade de pagantes ultrapasse o n\u00famero de vagas, o valor integral ser\u00e1 devolvido ao \u00faltimo participante inscrito;<\/li>\n<li>A realiza\u00e7\u00e3o do curso est\u00e1 sujeita a forma\u00e7\u00e3o de turma, com n\u00famero igual ou superior aos gastos estipulados pela empresa. A n\u00e3o forma\u00e7\u00e3o de turma est\u00e1 sujeita a devolu\u00e7\u00e3o do valor integral de da inscri\u00e7\u00e3o;<\/li>\n<li>A desist\u00eancia dever\u00e1 ser comunicada por e-mail (jf@jfservicoseducacionais.com.br) at\u00e9 72(setenta e duas) horas antes do in\u00edcio do curso. Ap\u00f3s esse prazo ser\u00e1 devolvido 70% (setenta por cento) do valor e ap\u00f3s o in\u00edcio do curso n\u00e3o h\u00e1 devolu\u00e7\u00e3o e\/ou estorno. No e-mail deve ser informado os dados banc\u00e1rios do aluno com o devido CPF e nome completo, e anexado o comprovante de pagamento para devolu\u00e7\u00e3o e\/ou estorno no caso de pagamento por meio de cart\u00e3o de cr\u00e9dito. A devolu\u00e7\u00e3o e\/ou estorno ser\u00e1 feita at\u00e9 3 (tr\u00eas) dias \u00fateis ap\u00f3s o recebimento do e-mail.<\/li>\n<li><b>DIREITO AO USO DA IMAGEM<\/b><b>\u00a0\u2013\u00a0<\/b>O(A)<b>\u00a0inscrito(a)\u00a0<\/b>cede expressa e gratuitamente ao Centro de Ensino e Simula\u00e7\u00e3o em Sa\u00fade \u2013 JF o direito de uso de sua imagem ou do benefici\u00e1rio (Aluno) pelo qual \u00e9 respons\u00e1vel legal, para figurar, individual ou coletivamente, em campanhas institucionais ou publicit\u00e1rias do Centro de Ensino e Simula\u00e7\u00e3o em Sa\u00fade \u2013 JF, para todos os efeitos legais, observada a moral e os bons costumes.<\/li>\n<\/ol>\n<p>ORIENTA\u00c7\u00d5ES ESPEC\u00cdFICAS<\/p>\n<ol>\n<li>As aulas EAD (www.eadjf.com.br) ficar\u00e3o dispon\u00edveis no per\u00edodo de realiza\u00e7\u00e3o do curso, bem como as aulas remotas que ser\u00e3o enviadas (link privado), se for o caso, para o e-mail cadastrado de cada aluno inscrito, sabendo que n\u00e3o \u00e9 permitido compartilhar este conte\u00fado a terceiros;<\/li>\n<li>Para o recebimento do certificado, \u00e9 necess\u00e1rio a participa\u00e7\u00e3o m\u00ednima em 75% das aulas remotas, presenciais e EAD.<\/li>\n<\/ol>\n<\/li>\n<\/ol>\n","protected":false},"excerpt":{"rendered":"<p><strong>Data:<\/strong> 27 e 28 de setembro de 2025 (S\u00e1bado e Domingo das 8h \u00e0s 18h)<\/p>\n<p><strong>P\u00fablico &#8211; alvo:<\/strong> Profissionais de Sa\u00fade e Acad\u00eamicos.<\/p>\n<p><strong>Carga Hor\u00e1ria:<\/strong> 40h<\/p>\n","protected":false},"featured_media":11641,"comment_status":"open","ping_status":"closed","template":"","meta":{"_acf_changed":false},"product_brand":[],"product_cat":[146],"product_tag":[],"class_list":{"0":"post-11633","1":"product","2":"type-product","3":"status-publish","4":"has-post-thumbnail","6":"product_cat-livre-realizados","8":"first","9":"instock","10":"downloadable","11":"virtual","12":"purchasable","13":"product-type-simple"},"acf":[],"_links":{"self":[{"href":"https:\/\/jfsimulacaosaude.com.br\/site\/wp-json\/wp\/v2\/product\/11633","targetHints":{"allow":["GET"]}}],"collection":[{"href":"https:\/\/jfsimulacaosaude.com.br\/site\/wp-json\/wp\/v2\/product"}],"about":[{"href":"https:\/\/jfsimulacaosaude.com.br\/site\/wp-json\/wp\/v2\/types\/product"}],"replies":[{"embeddable":true,"href":"https:\/\/jfsimulacaosaude.com.br\/site\/wp-json\/wp\/v2\/comments?post=11633"}],"wp:featuredmedia":[{"embeddable":true,"href":"https:\/\/jfsimulacaosaude.com.br\/site\/wp-json\/wp\/v2\/media\/11641"}],"wp:attachment":[{"href":"https:\/\/jfsimulacaosaude.com.br\/site\/wp-json\/wp\/v2\/media?parent=11633"}],"wp:term":[{"taxonomy":"product_brand","embeddable":true,"href":"https:\/\/jfsimulacaosaude.com.br\/site\/wp-json\/wp\/v2\/product_brand?post=11633"},{"taxonomy":"product_cat","embeddable":true,"href":"https:\/\/jfsimulacaosaude.com.br\/site\/wp-json\/wp\/v2\/product_cat?post=11633"},{"taxonomy":"product_tag","embeddable":true,"href":"https:\/\/jfsimulacaosaude.com.br\/site\/wp-json\/wp\/v2\/product_tag?post=11633"}],"curies":[{"name":"wp","href":"https:\/\/api.w.org\/{rel}","templated":true}]}}