{"id":11383,"date":"2025-07-08T11:33:05","date_gmt":"2025-07-08T14:33:05","guid":{"rendered":"https:\/\/jfsimulacaosaude.com.br\/site\/?post_type=product&#038;p=11383"},"modified":"2025-07-08T16:14:56","modified_gmt":"2025-07-08T19:14:56","slug":"tecnico-de-enfermagem","status":"publish","type":"product","link":"https:\/\/jfsimulacaosaude.com.br\/site\/produto\/tecnico-de-enfermagem\/","title":{"rendered":"T\u00e9cnico de Enfermagem"},"content":{"rendered":"<p><strong>Curso T\u00e9cnico de Enfermagem &#8211;\u00a0 Turma 01<\/strong><\/p>\n<p><strong>Objetivo Geral<\/strong><strong>\u00a0<\/strong><\/p>\n<p>Formar profissionais competentes para desempenhar com excel\u00eancia a profiss\u00e3o de T\u00e9cnico em Enfermagem, capacitados para atuar na \u00e1rea dos servi\u00e7os de sa\u00fade, nas atividades preventivas e curativas da enfermagem.<\/p>\n<p><strong>Objetivos Espec\u00edficos<\/strong><strong>\u00a0<\/strong><\/p>\n<ul>\n<li>Propiciar ao aluno a aquisi\u00e7\u00e3o de compet\u00eancias profissionais necess\u00e1rias a sua forma\u00e7\u00e3o integral;<\/li>\n<li>Priorizar as quest\u00f5es relativas \u00e0 \u00e9tica e ao exerc\u00edcio da profiss\u00e3o para que o t\u00e9cnico em enfermagem possa prestar uma assist\u00eancia digna e segura ao paciente;<\/li>\n<li>Formar T\u00e9cnicos de Enfermagem que compreendam o ser em constante intera\u00e7\u00e3o com o meio ambiente, tendo em vista sua complexidade, implementando medidas que atendam \u00e0s necessidades de sa\u00fade do ser humano, considerando o perfil epidemiol\u00f3gico da popula\u00e7\u00e3o;<\/li>\n<li>Promover a participa\u00e7\u00e3o dos alunos em projetos de Ensino, Pesquisa e Extens\u00e3o, visando contribuir com o desenvolvimento sustent\u00e1vel, a produ\u00e7\u00e3o de conhecimento e o atendimento \u00e0s necessidades da popula\u00e7\u00e3o;<\/li>\n<li>Formar profissionais capacitados para atuarem no processo de trabalho em Enfermagem e em sa\u00fade, em todos os \u00e2mbitos da atua\u00e7\u00e3o profissional, com compet\u00eancia para a formula\u00e7\u00e3o e o desempenho de a\u00e7\u00f5es e procedimentos t\u00e9cnico-cient\u00edficos;<\/li>\n<\/ul>\n<p><strong>Carga-Hor\u00e1ria Total:<\/strong> 1600 horas\/aula.<\/p>\n<p><strong>Componente Curricular<\/strong><\/p>\n<table style=\"height: 213px\" width=\"541\">\n<tbody>\n<tr>\n<td width=\"475\">Introdu\u00e7\u00e3o \u00e0 profiss\u00e3o, \u00e9tica e bio\u00e9tica<\/td>\n<\/tr>\n<tr>\n<td>Rela\u00e7\u00f5es humanas e Psicologia aplicada \u00e0 sa\u00fade<\/td>\n<\/tr>\n<tr>\n<td>Inform\u00e1tica b\u00e1sica<\/td>\n<\/tr>\n<tr>\n<td>Pol\u00edticas P\u00fablicas de Sa\u00fade<\/td>\n<\/tr>\n<tr>\n<td>Sa\u00fade e seguran\u00e7a do trabalho<\/td>\n<\/tr>\n<tr>\n<td>Anatomia e Fisiologia Humana<\/td>\n<\/tr>\n<\/tbody>\n<\/table>\n<table style=\"height: 258px\" width=\"542\">\n<tbody>\n<tr>\n<td width=\"475\">Organiza\u00e7\u00e3o do processo de trabalho aplicado \u00e0 Enfermagem<\/td>\n<\/tr>\n<tr>\n<td>Micro\/Imuno\/Parasitologia<\/td>\n<\/tr>\n<tr>\n<td>Farmacologia aplicada<\/td>\n<\/tr>\n<tr>\n<td>Fundamentos de Enfermagem<\/td>\n<\/tr>\n<tr>\n<td>Sa\u00fade Coletiva<\/td>\n<\/tr>\n<tr>\n<td>Est\u00e1gio curricular &#8211; componente APS<\/td>\n<\/tr>\n<tr>\n<td>Assist\u00eancia domiciliar<\/td>\n<\/tr>\n<\/tbody>\n<\/table>\n<table style=\"height: 321px\" width=\"544\">\n<tbody>\n<tr>\n<td width=\"475\">Assist\u00eancia em Sa\u00fade Mental<\/td>\n<\/tr>\n<tr>\n<td>Est\u00e1gio curricular &#8211; componente especializado (CAPS)<\/td>\n<\/tr>\n<tr>\n<td>Assist\u00eancia em tratamento cl\u00ednico<\/td>\n<\/tr>\n<tr>\n<td>Assist\u00eancia \u00e0 crian\u00e7a e ao adolescente<\/td>\n<\/tr>\n<tr>\n<td>Assist\u00eancia \u00e0 sa\u00fade da mulher<\/td>\n<\/tr>\n<tr>\n<td>Est\u00e1gio curricular &#8211; componente hospitalar (cl\u00ednica m\u00e9dica e maternidade)<\/td>\n<\/tr>\n<tr>\n<td>Assist\u00eancia \u00e0 sa\u00fade do homem<\/td>\n<\/tr>\n<tr>\n<td>Assist\u00eancia \u00e0 sa\u00fade do idoso<\/td>\n<\/tr>\n<\/tbody>\n<\/table>\n<table style=\"height: 186px\" width=\"546\">\n<tbody>\n<tr>\n<td width=\"475\">Assist\u00eancia de Enfermagem em tratamento cir\u00fargico<\/td>\n<\/tr>\n<tr>\n<td>Assist\u00eancia de Enfermagem em Urg\u00eancia e Emerg\u00eancia<\/td>\n<\/tr>\n<tr>\n<td>Assist\u00eancia de Enfermagem em terapia intensiva<\/td>\n<\/tr>\n<tr>\n<td>Est\u00e1gio curricular &#8211; componente hospitalar (CC, emerg\u00eancia e UTI)<\/td>\n<\/tr>\n<\/tbody>\n<\/table>\n<p><strong>CURSO RECONHECIDO PELO CONSELHO ESTADUAL DE EDUCA\u00c7\u00c3O DO GOVERNO DO ESTADO DO CEAR\u00c1<\/strong><\/p>\n<p><strong>Parecer N\u00ba<\/strong> 56\/2024 de 21 de fevereiro de 2024.<\/p>\n<p><strong>Coordena\u00e7\u00e3o Geral:<\/strong> Profa. Dra. Julyana Freitas.<\/p>\n<p><strong>Coordena\u00e7\u00e3o do Curso:<\/strong> Prof. Ms. Ismael Moreira de Sousa<\/p>\n<p><strong>Documentos para inscri\u00e7\u00e3o (PDF ou Imagem)<\/strong><\/p>\n<p>&#8211; Comprovante de pagamento da matr\u00edcula<br \/>\n&#8211; RG\/CPF<br \/>\n&#8211; Certid\u00e3o de Nascimento ou Casamento<br \/>\n&#8211; Certificado de conclus\u00e3o do Ensino M\u00e9dio ou Declara\u00e7\u00e3o informando que est\u00e1 cursando<br \/>\n&#8211; Comprovante de Endere\u00e7o<br \/>\n&#8211; Foto estilo 3&#215;4<\/p>\n<p><strong>Se Menor de Idade:<\/strong><br \/>\n&#8211; RG\/CPF do Respons\u00e1vel Legal<\/p>\n","protected":false},"excerpt":{"rendered":"<p><strong>Aula Inaugural:<\/strong> 30 de agosto de 2025, 8h30.<br \/>\n<strong>Carga hor\u00e1ria:<\/strong> 1600 horas<br \/>\n<strong>Matr\u00edcula Promocional:<\/strong> De R$ 520,00 por R$ 160,00<br \/>\n<strong>Turma 01:<\/strong> Segunda, quarta e sexta das 8h \u00e0s 11h40<br \/>\n<strong>Incluso:<br \/>\n<\/strong>&#8211; Fardamento + Kit Institucional<br \/>\n&#8211; Material em PDF na Plataforma<br \/>\n&#8211; Resolu\u00e7\u00e3o de Quest\u00f5es para Concursos P\u00fablicos e Sele\u00e7\u00f5es Privadas<br \/>\n&#8211; Mesa Redonda<br \/>\n&#8211; Simula\u00e7\u00e3o Cl\u00ednica ao longo dos m\u00f3dulos do curso<br \/>\n&#8211; Simulado de Incidente de M\u00faltiplas V\u00edtimas<\/p>\n","protected":false},"featured_media":11364,"comment_status":"open","ping_status":"closed","template":"","meta":{"_acf_changed":false},"product_brand":[],"product_cat":[154],"product_tag":[],"class_list":{"0":"post-11383","1":"product","2":"type-product","3":"status-publish","4":"has-post-thumbnail","6":"product_cat-tecnico-de-enfermagem","8":"first","9":"instock","10":"downloadable","11":"virtual","12":"purchasable","13":"product-type-simple"},"acf":[],"_links":{"self":[{"href":"https:\/\/jfsimulacaosaude.com.br\/site\/wp-json\/wp\/v2\/product\/11383","targetHints":{"allow":["GET"]}}],"collection":[{"href":"https:\/\/jfsimulacaosaude.com.br\/site\/wp-json\/wp\/v2\/product"}],"about":[{"href":"https:\/\/jfsimulacaosaude.com.br\/site\/wp-json\/wp\/v2\/types\/product"}],"replies":[{"embeddable":true,"href":"https:\/\/jfsimulacaosaude.com.br\/site\/wp-json\/wp\/v2\/comments?post=11383"}],"wp:featuredmedia":[{"embeddable":true,"href":"https:\/\/jfsimulacaosaude.com.br\/site\/wp-json\/wp\/v2\/media\/11364"}],"wp:attachment":[{"href":"https:\/\/jfsimulacaosaude.com.br\/site\/wp-json\/wp\/v2\/media?parent=11383"}],"wp:term":[{"taxonomy":"product_brand","embeddable":true,"href":"https:\/\/jfsimulacaosaude.com.br\/site\/wp-json\/wp\/v2\/product_brand?post=11383"},{"taxonomy":"product_cat","embeddable":true,"href":"https:\/\/jfsimulacaosaude.com.br\/site\/wp-json\/wp\/v2\/product_cat?post=11383"},{"taxonomy":"product_tag","embeddable":true,"href":"https:\/\/jfsimulacaosaude.com.br\/site\/wp-json\/wp\/v2\/product_tag?post=11383"}],"curies":[{"name":"wp","href":"https:\/\/api.w.org\/{rel}","templated":true}]}}