{"id":11296,"date":"2025-06-11T15:00:32","date_gmt":"2025-06-11T18:00:32","guid":{"rendered":"https:\/\/jfsimulacaosaude.com.br\/site\/?post_type=product&#038;p=11296"},"modified":"2025-08-19T18:06:41","modified_gmt":"2025-08-19T21:06:41","slug":"curso-protocolo-de-manchester","status":"publish","type":"product","link":"https:\/\/jfsimulacaosaude.com.br\/site\/produto\/curso-protocolo-de-manchester\/","title":{"rendered":"Curso Protocolo de Manchester"},"content":{"rendered":"<p><strong>Datas:<\/strong> 13 de agosto de 2025 das 8h \u00e0s 12h e 14 de agosto de 2025 das 8h \u00e0s 17h.<\/p>\n<p>As aulas ser\u00e3o realizadas pela plataforma ZOOM, ao vivo, com intera\u00e7\u00e3o entre alunos e professores. O aluno dever\u00e1 baixar o aplicativo Zoom gratuitamente e conectar usando o convite do GBCR. Ap\u00f3s a capacita\u00e7\u00e3o o aluno ter\u00e1 acesso \u00e0 plataforma de ensino a dist\u00e2ncia (REDEC) para realiza\u00e7\u00e3o de exerc\u00edcios, avalia\u00e7\u00e3o final (prova) e a pesquisa de satisfa\u00e7\u00e3o em at\u00e9 72 horas. O livro Sistema Manchester de Classifica\u00e7\u00e3o de Risco segunda edi\u00e7\u00e3o brasileira faz parte do material did\u00e1tico do curso.<\/p>\n<p><strong>Incluso:<\/strong> Livro Sistema Manchester de Classifica\u00e7\u00e3o de Risco (2\u00aa edi\u00e7\u00e3o brasileira).<\/p>\n<p><strong>Cronograma do Curso<\/strong> &#8211; <a href=\"https:\/\/drive.google.com\/file\/d\/1oLef0T1WpPjX861YINFUXVxLe0V-9Iv6\/view?usp=sharing\"><strong>Clique Aqui<\/strong><\/a><\/p>\n<p><strong>Valor:<\/strong> R$ 1.000,00 (hum mil reais) &#8211; <a href=\"https:\/\/pag.ae\/7-WxNgoep\"><strong>Clique Aqui<\/strong><\/a> para realizar o pagamento atrav\u00e9s da Plataforma PagSeguro.<\/p>\n<p><a href=\"https:\/\/forms.gle\/bZXzNs1PtirPQVY29\"><strong>CLIQUE AQUI<\/strong><\/a> para fazer sua inscri\u00e7\u00e3o e anexar o comprovante de pagamento.<\/p>\n<p><strong>Vagas:<\/strong> 22 (vinte e duas)<\/p>\n<p><strong>Observa\u00e7\u00f5es importantes:<\/strong><\/p>\n<p>&#8211; O pagamento \u00e9 feito exclusivamente pelo link acima, diretamente ao GBCR &#8211; Grupo Brasileiro de Classifica\u00e7\u00e3o de Risco &#8211; GBCR.<\/p>\n<p>&#8211; A confirma\u00e7\u00e3o do curso est\u00e1 sujeita ao n\u00famero m\u00ednimo vi\u00e1vel, definido pelo GBCR.<\/p>\n<p>&#8211;\u00a0 O Centro de Ensino e Simula\u00e7\u00e3o em Sa\u00fade JF \u00e9 agente exclusivo no Cear\u00e1 para forma\u00e7\u00e3o do curso Classifica\u00e7\u00e3o Manchester.<\/p>\n","protected":false},"excerpt":{"rendered":"<p><strong>Datas:<\/strong> 13 de agosto de 2025 das 8h \u00e0s 12h e 14 de agosto de 2025 das 8h \u00e0s 17h.<\/p>\n","protected":false},"featured_media":11336,"comment_status":"open","ping_status":"closed","template":"","meta":{"_acf_changed":false},"product_brand":[],"product_cat":[146],"product_tag":[],"class_list":{"0":"post-11296","1":"product","2":"type-product","3":"status-publish","4":"has-post-thumbnail","6":"product_cat-livre-realizados","8":"first","9":"instock","10":"downloadable","11":"virtual","12":"purchasable","13":"product-type-simple"},"acf":[],"_links":{"self":[{"href":"https:\/\/jfsimulacaosaude.com.br\/site\/wp-json\/wp\/v2\/product\/11296","targetHints":{"allow":["GET"]}}],"collection":[{"href":"https:\/\/jfsimulacaosaude.com.br\/site\/wp-json\/wp\/v2\/product"}],"about":[{"href":"https:\/\/jfsimulacaosaude.com.br\/site\/wp-json\/wp\/v2\/types\/product"}],"replies":[{"embeddable":true,"href":"https:\/\/jfsimulacaosaude.com.br\/site\/wp-json\/wp\/v2\/comments?post=11296"}],"wp:featuredmedia":[{"embeddable":true,"href":"https:\/\/jfsimulacaosaude.com.br\/site\/wp-json\/wp\/v2\/media\/11336"}],"wp:attachment":[{"href":"https:\/\/jfsimulacaosaude.com.br\/site\/wp-json\/wp\/v2\/media?parent=11296"}],"wp:term":[{"taxonomy":"product_brand","embeddable":true,"href":"https:\/\/jfsimulacaosaude.com.br\/site\/wp-json\/wp\/v2\/product_brand?post=11296"},{"taxonomy":"product_cat","embeddable":true,"href":"https:\/\/jfsimulacaosaude.com.br\/site\/wp-json\/wp\/v2\/product_cat?post=11296"},{"taxonomy":"product_tag","embeddable":true,"href":"https:\/\/jfsimulacaosaude.com.br\/site\/wp-json\/wp\/v2\/product_tag?post=11296"}],"curies":[{"name":"wp","href":"https:\/\/api.w.org\/{rel}","templated":true}]}}