{"id":11245,"date":"2025-06-03T10:34:11","date_gmt":"2025-06-03T13:34:11","guid":{"rendered":"https:\/\/jfsimulacaosaude.com.br\/site\/?post_type=product&#038;p=11245"},"modified":"2025-07-31T13:04:51","modified_gmt":"2025-07-31T16:04:51","slug":"emergencias-clinicas-t09-tiangua","status":"publish","type":"product","link":"https:\/\/jfsimulacaosaude.com.br\/site\/produto\/emergencias-clinicas-t09-tiangua\/","title":{"rendered":"Alta Performance na Sala Vermelha (Emerg\u00eancias Cl\u00ednicas) T09 &#8211; Tiangu\u00e1\/CE"},"content":{"rendered":"<p><strong>Objetivo:<\/strong> Desenvolver \u00e0s compet\u00eancias necess\u00e1rias para prestar uma assist\u00eancia cr\u00edtica e reflexiva nas diversas situa\u00e7\u00f5es cl\u00ednicas.<\/p>\n<p><strong>P\u00fablico &#8211; alvo:<\/strong>\u00a0Profissionais de Sa\u00fade e Acad\u00eamicos.<\/p>\n<p><strong>Data:<\/strong> 23 de agosto (s\u00e1bado das 14h \u00e0s 19h) e 24 de agosto de 2025 (domingo das 8h \u00e0s 17h)<\/p>\n<p><strong>Local:<\/strong> Av. Pref. Jaques Nunes, 1739 &#8211; Centro, Tiangu\u00e1 &#8211; CE &#8211; Faculdade ViaSapiens &#8211; FVS | Tiangu\u00e1<\/p>\n<p><strong>Formato do Curso:<\/strong> (Pr\u00e1tica\/Presencial + Material Complementar em Ambiente EAD)<\/p>\n<p><strong>Vagas:<\/strong>\u00a025<\/p>\n<p><strong>Carga Hor\u00e1ria:<\/strong>\u00a040h<\/p>\n<p><strong>Cronograma<\/strong><\/p>\n<p><strong>Manejo da Parada Cardiorrespirat\u00f3ria e Suporte Avan\u00e7ado de Vida (SAV)<\/strong><\/p>\n<ul>\n<li>Parada Card\u00edaca Intra-hospitalar e Extra-hospitalar;<\/li>\n<li>Correntes de Sobreviv\u00eancia Extra-hospitalar e Intra-hospitalar;<\/li>\n<li>Fisiologia e Ritmos da PCR;<\/li>\n<li>Avalia\u00e7\u00e3o Prim\u00e1ria e Secund\u00e1ria da v\u00edtima de PCR;<\/li>\n<li>Time de Resposta R\u00e1pida;<\/li>\n<li>Farmacologia na PCR;<\/li>\n<li>Algoritmos de PCR;<\/li>\n<li>Cuidados p\u00f3s-PCR;<\/li>\n<\/ul>\n<p><strong>Esta\u00e7\u00e3o pr\u00e1tica simulada:<\/strong> Suporte B\u00e1sico de Vida;<\/p>\n<p><strong>Esta\u00e7\u00e3o pr\u00e1tica simulada:<\/strong> Manejo de Via A\u00e9rea na PCR;<\/p>\n<p><strong>Esta\u00e7\u00e3o pr\u00e1tica simulada:<\/strong> Esta\u00e7\u00e3o de uso do cardioversor\/DEA na PCR;<\/p>\n<p><strong>Esta\u00e7\u00e3o pr\u00e1tica simulada:<\/strong> Eletrocardiograma e Arritmias;<\/p>\n<p><strong>Facilitadores:<\/strong><\/p>\n<p><strong>Enfa. Prof. Dra. Julyana Freitas<\/strong><\/p>\n<p>Enfermeira pela Universidade Federal do Cear\u00e1 (2008).<\/p>\n<p>Mestrado e Doutorado pela Universidade Federal do Cear\u00e1 (2011\/2013).<\/p>\n<p>Especialista em Urg\u00eancia e Emerg\u00eancia pela ESP (Escola de Sa\u00fade P\u00fablica (2013).<\/p>\n<p>Docente da Universidade de Fortaleza (UNIFOR) (2013\/2024).<\/p>\n<p>Enfermeira Emergencista Hospital Instituto Dr. Jos\u00e9 Frota (Atual)<\/p>\n<p>CEO do Centro de Ensino e Simula\u00e7\u00e3o em Sa\u00fade JF (2018\/atual).<\/p>\n<p>Especialista em Simula\u00e7\u00e3o Cl\u00ednica da Escola de Sa\u00fade P\u00fablica (ESP\/CE) (2021\/ 2024).<\/p>\n<p><b>Enfa. Prof. Dra.\u00a0<\/b><strong>Francismeire Brasileiro Magalh\u00e3es.<\/strong><\/p>\n<p>Possui gradua\u00e7\u00e3o em Enfermagem pela Universidade Estadual Vale do Acara\u00fa (2002), Mestrado em Sa\u00fade P\u00fablica pela Universidade Federal do Cear\u00e1 (2010) e Doutorado em Sa\u00fade Coletiva &#8211; Uece &#8211; Ufc pela Universidade Estadual do Cear\u00e1 (2015). Servidora p\u00fablica do Governo do Estado do Cear\u00e1 atuando como enfermeira intervencionista do SAMU -192. Experi\u00eancia em doc\u00eancia e gest\u00e3o acad\u00eamica de gradua\u00e7\u00e3o e p\u00f3s-gradua\u00e7\u00e3o. Atua com pr\u00e1ticas de ensino baseadas em metodologias ativas. Forma\u00e7\u00e3o e experi\u00eancia na \u00e1rea de simula\u00e7\u00e3o cl\u00ednica utilizando OSCE, PDCR e simula\u00e7\u00e3o in situ, dentre outras metodologias aplicadas ao desenvolvimento de alta performance de profissionais de sa\u00fade em cuidados cr\u00edticos. Certifica\u00e7\u00f5es internacionais : AMLS, ACLS, PHTLS e PALS.<\/p>\n<p><strong>Investimento:<\/strong><\/p>\n<p>R$ 499,00 (quatrocentos e noventa e nove reais)<\/p>\n<p><strong>ORIENTA\u00c7\u00d5ES GERAIS<\/strong><\/p>\n<p>CURSOS LIVRES<\/p>\n<ol>\n<li style=\"list-style-type: none\">\n<ol>\n<li>As inscri\u00e7\u00f5es ser\u00e3o realizadas at\u00e9 o \u00faltimo dia \u00fatil que antecede a data de in\u00edcio do curso, e se houver vaga. Caso a quantidade de pagantes ultrapasse o n\u00famero de vagas, o valor integral ser\u00e1 devolvido ao \u00faltimo participante inscrito;<\/li>\n<li>A realiza\u00e7\u00e3o do curso est\u00e1 sujeita a forma\u00e7\u00e3o de turma, com n\u00famero igual ou superior aos gastos estipulados pela empresa. A n\u00e3o forma\u00e7\u00e3o de turma est\u00e1 sujeita a devolu\u00e7\u00e3o do valor integral de da inscri\u00e7\u00e3o;<\/li>\n<li>A desist\u00eancia dever\u00e1 ser comunicada por e-mail (jf@jfservicoseducacionais.com.br) at\u00e9 72(setenta e duas) horas antes do in\u00edcio do curso. Ap\u00f3s esse prazo ser\u00e1 devolvido 70% (setenta por cento) do valor e ap\u00f3s o in\u00edcio do curso n\u00e3o h\u00e1 devolu\u00e7\u00e3o e\/ou estorno. No e-mail deve ser informado os dados banc\u00e1rios do aluno com o devido CPF e nome completo, e anexado o comprovante de pagamento para devolu\u00e7\u00e3o e\/ou estorno no caso de pagamento por meio de cart\u00e3o de cr\u00e9dito. A devolu\u00e7\u00e3o e\/ou estorno ser\u00e1 feita at\u00e9 3 (tr\u00eas) dias \u00fateis ap\u00f3s o recebimento do e-mail.<\/li>\n<li><b>DIREITO AO USO DA IMAGEM<\/b><b>\u00a0\u2013\u00a0<\/b>O(A)<b>\u00a0inscrito(a)\u00a0<\/b>cede expressa e gratuitamente ao Centro de Ensino e Simula\u00e7\u00e3o em Sa\u00fade \u2013 JF o direito de uso de sua imagem ou do benefici\u00e1rio (Aluno) pelo qual \u00e9 respons\u00e1vel legal, para figurar, individual ou coletivamente, em campanhas institucionais ou publicit\u00e1rias do Centro de Ensino e Simula\u00e7\u00e3o em Sa\u00fade \u2013 JF, para todos os efeitos legais, observada a moral e os bons costumes.<\/li>\n<\/ol>\n<p>ORIENTA\u00c7\u00d5ES ESPEC\u00cdFICAS<\/p>\n<ol>\n<li>As aulas EAD (www.eadjf.com.br) ficar\u00e3o dispon\u00edveis no per\u00edodo de realiza\u00e7\u00e3o do curso, bem como as aulas remotas que ser\u00e3o enviadas (link privado), se for o caso, para o e-mail cadastrado de cada aluno inscrito, sabendo que n\u00e3o \u00e9 permitido compartilhar este conte\u00fado a terceiros;<\/li>\n<li>Para o recebimento do certificado, \u00e9 necess\u00e1rio a participa\u00e7\u00e3o m\u00ednima em 75% das aulas remotas, presenciais e EAD.<\/li>\n<\/ol>\n<\/li>\n<\/ol>\n","protected":false},"excerpt":{"rendered":"<p><strong>Alta Performance na Sala Vermelha (Emerg\u00eancias Cl\u00ednicas) T09 &#8211; Tiangu\u00e1\/CE<\/strong><\/p>\n<p><strong>Data:<\/strong> 28 e 29 de junho de 2025<\/p>\n<p><strong>P\u00fablico &#8211; alvo:<\/strong> Profissionais de Sa\u00fade e Acad\u00eamicos.<\/p>\n<p><strong>Carga Hor\u00e1ria:<\/strong> 40h<\/p>\n","protected":false},"featured_media":11341,"comment_status":"open","ping_status":"closed","template":"","meta":{"_acf_changed":false},"product_brand":[],"product_cat":[146],"product_tag":[],"class_list":{"0":"post-11245","1":"product","2":"type-product","3":"status-publish","4":"has-post-thumbnail","6":"product_cat-livre-realizados","8":"first","9":"outofstock","10":"downloadable","11":"virtual","12":"purchasable","13":"product-type-simple"},"acf":[],"_links":{"self":[{"href":"https:\/\/jfsimulacaosaude.com.br\/site\/wp-json\/wp\/v2\/product\/11245","targetHints":{"allow":["GET"]}}],"collection":[{"href":"https:\/\/jfsimulacaosaude.com.br\/site\/wp-json\/wp\/v2\/product"}],"about":[{"href":"https:\/\/jfsimulacaosaude.com.br\/site\/wp-json\/wp\/v2\/types\/product"}],"replies":[{"embeddable":true,"href":"https:\/\/jfsimulacaosaude.com.br\/site\/wp-json\/wp\/v2\/comments?post=11245"}],"wp:featuredmedia":[{"embeddable":true,"href":"https:\/\/jfsimulacaosaude.com.br\/site\/wp-json\/wp\/v2\/media\/11341"}],"wp:attachment":[{"href":"https:\/\/jfsimulacaosaude.com.br\/site\/wp-json\/wp\/v2\/media?parent=11245"}],"wp:term":[{"taxonomy":"product_brand","embeddable":true,"href":"https:\/\/jfsimulacaosaude.com.br\/site\/wp-json\/wp\/v2\/product_brand?post=11245"},{"taxonomy":"product_cat","embeddable":true,"href":"https:\/\/jfsimulacaosaude.com.br\/site\/wp-json\/wp\/v2\/product_cat?post=11245"},{"taxonomy":"product_tag","embeddable":true,"href":"https:\/\/jfsimulacaosaude.com.br\/site\/wp-json\/wp\/v2\/product_tag?post=11245"}],"curies":[{"name":"wp","href":"https:\/\/api.w.org\/{rel}","templated":true}]}}