{"id":11205,"date":"2025-05-23T14:41:26","date_gmt":"2025-05-23T17:41:26","guid":{"rendered":"https:\/\/jfsimulacaosaude.com.br\/site\/?post_type=product&#038;p=11205"},"modified":"2025-08-04T09:29:56","modified_gmt":"2025-08-04T12:29:56","slug":"mba-em-lideranca-estrategica-t01","status":"publish","type":"product","link":"https:\/\/jfsimulacaosaude.com.br\/site\/produto\/mba-em-lideranca-estrategica-t01\/","title":{"rendered":"MBA em Lideran\u00e7a Estrat\u00e9gica, Inova\u00e7\u00e3o e Transforma\u00e7\u00e3o Digital na Sa\u00fade T01"},"content":{"rendered":"<p><b>MBA EM LIDERAN\u00c7A ESTRAT\u00c9GICA, INOVA\u00c7\u00c3O E TRANSFORMA\u00c7\u00c3O DIGITAL NA SA\u00daDE &#8211; TURMA 01<\/b><\/p>\n<p><strong>OBJETIVO:<\/strong><\/p>\n<p>Capacitar profissionais da sa\u00fade a atuarem de forma estrat\u00e9gica e inovadora na <strong>gest\u00e3o e lideran\u00e7a de servi\u00e7os<\/strong>, enfrentando os desafios atuais e futuros do setor com <strong>compet\u00eancia, criatividade e uma vis\u00e3o sist\u00eamica<\/strong>.<\/p>\n<p>Formar l\u00edderes capazes de promover a <strong>excel\u00eancia assistencial<\/strong> e a <strong>efici\u00eancia operacional<\/strong>, ao mesmo tempo em que constroem ambientes de trabalho saud\u00e1veis, colaborativos e voltados para a <strong>inova\u00e7\u00e3o tecnol\u00f3gica e organizacional<\/strong>.<\/p>\n<p><strong>P\u00daBLICO-ALVO:<\/strong> Graduados graduados da sa\u00fade.<\/p>\n<p><strong>ORGANIZA\u00c7\u00c3O DO CURSO:<\/strong> CENTRO DE ENSINO E SIMULA\u00c7\u00c3O EM SA\u00daDE &#8211; JF (CESS-JF)<\/p>\n<p><strong>CHANCELA:<\/strong> FACULDADE PLUS.<\/p>\n<p>AUTORIZADA PELO MEC.<\/p>\n<p><strong>CARGA HOR\u00c1RIA TOTAL:<\/strong> 360 horas.<\/p>\n<p><strong>VAGAS:<\/strong> 50 (CINQUENTA).<\/p>\n<p><strong>COORDENA\u00c7\u00c3O GERAL:\u00a0<\/strong>Profa. Dra. Julyana Freitas<\/p>\n<p>Enfermeira pela Universidade Federal do Cear\u00e1 (2008).<\/p>\n<p>Mestrado e Doutorado pela Universidade Federal do Cear\u00e1 (2011\/2013).<\/p>\n<p>Especialista em Urg\u00eancia e Emerg\u00eancia pela ESP (Escola de Sa\u00fade P\u00fablica (2013).<\/p>\n<p>Docente da Universidade de Fortaleza (UNIFOR) (2013\/2024).<\/p>\n<p>Enfermeira Emergencista Hospital Instituto Dr. Jos\u00e9 Frota (Atual)<\/p>\n<p>CEO do Centro de Ensino e Simula\u00e7\u00e3o em Sa\u00fade JF (2018\/atual).<\/p>\n<p>Especialista em Simula\u00e7\u00e3o Cl\u00ednica da Escola de Sa\u00fade P\u00fablica (ESP\/CE) (2021\/ 2024).<\/p>\n<p>&nbsp;<\/p>\n<p><strong>COORDENA\u00c7\u00c3O DO CURSO:<\/strong> Profa. Ms. Cl\u00e1udia Araripe<\/p>\n<p><span style=\"font-family: Roboto Slab;\">E<\/span>nfermeira, Mestre em Cuidados Cl\u00ednicos em Sa\u00fade. Especialista em Estomaterapia pela Universidade Estadual do Cear\u00e1 (UECE) e em Gest\u00e3o de Emerg\u00eancia no SUS pelo Hospital S\u00edrio Liban\u00eas. Possui MBA em Gest\u00e3o de Pessoas pela Funda\u00e7\u00e3o Get\u00falio Vargas FGV). P\u00f3s Graduada em Qualidade e Seguran\u00e7a do Paciente pela FIOCRUZ. \u00c9 Master Coach com certifica\u00e7\u00e3o Internacional pela Florida Christian University. Atuou como diretora do servi\u00e7o de enfermagem do Instituto Dr Jos\u00e9 Frota de 2013 a 2021. Atuou como Assessora de Desenvolvimento Institucional do Hospital Infantil Albert Sabin, onde tamb\u00e9m coordenou o Servi\u00e7o de Estomaterapia e a Unidade de Interna\u00e7\u00e3o em Neurocirurgia e Gen\u00e9tica. Palestrante em organiza\u00e7\u00f5es com foco em gest\u00e3o de pessoas, motiva\u00e7\u00e3o e resultados sist\u00eamicos. Especialista em mapeamento de compet\u00eancias e planejamento para capacita\u00e7\u00e3o estrat\u00e9gica com foco em lideran\u00e7a, forma\u00e7\u00e3o de equipes, seguran\u00e7a e experiencia do paciente. Autora do Livro: Eu, enfermeiro de mim: promovendo a autoestima e resgatando a motiva\u00e7\u00e3o. Autora dos jogos corporativos: PS Cards e PS Cards vers\u00e3o especial IRAS. Idealizadora da Al\u00edcia: assistente de licita\u00e7\u00f5es por intelig\u00eancia artificial, com primeiro lugar no Hackaton de Inova\u00e7\u00e3o da Gest\u00e3o P\u00fablica Municipal. Diretora de conte\u00fado da plataforma Eu Gestor da Sa\u00fade. Roteirista e Podcaster do Podcast Ei, Gestor. \u00c1rea de Atua\u00e7\u00e3o: Gest\u00e3o de Servi\u00e7os de Sa\u00fade;Seguran\u00e7a do Paciente; Inova\u00e7\u00e3o em Sa\u00fade.<\/p>\n<p><strong>PERIODICIDADE<\/strong>: Sexta-feira (18h \u00e0s 22h) e S\u00e1bado das 8h \u00e0s 18h (Ao vivo pela Plataforma Meet), quinzenalmente.<\/p>\n<p><strong>Local da aula presencial:<\/strong> Centro de Simula\u00e7\u00e3o JF (Rua Ab\u00edlio Martins, 900 \u2013 Parquel\u00e2ndia).<\/p>\n<p><strong>IN\u00cdCIO PREVISTO: 22 de agosto de 2025 <\/strong>(Aula Inaugural).<\/p>\n<p><strong>Per\u00edodo de Matr\u00edcula:<\/strong> at\u00e9 Julho\/2025 \u2013 Ser\u00e3o disponibilizadas vagas limitadas para o curso. A efetiva\u00e7\u00e3o da matr\u00edcula est\u00e1 condicionada ao pagamento da taxa e a entrega da documenta\u00e7\u00e3o.<\/p>\n<p><b>CONTE\u00daDO PROGRAM\u00c1TICO<\/b><\/p>\n<table style=\"height: 1040px;\" width=\"808\">\n<tbody>\n<tr>\n<td width=\"259\">Introdu\u00e7\u00e3o \u00e0 Lideran\u00e7a Estrat\u00e9gica<\/td>\n<\/tr>\n<tr>\n<td width=\"259\">Lideran\u00e7a e Cultura de Inova\u00e7\u00e3o<\/td>\n<\/tr>\n<tr>\n<td width=\"259\">Negocia\u00e7\u00e3o e Gest\u00e3o de Conflitos<\/td>\n<\/tr>\n<tr>\n<td width=\"259\">Autogest\u00e3o e Intelig\u00eancia Emocional<\/td>\n<\/tr>\n<tr>\n<td width=\"259\">Gest\u00e3o da Jornada do Colaborador e Desenvolvimento de Equipes<\/td>\n<\/tr>\n<tr>\n<td width=\"259\">Qualidade na Estrat\u00e9gia Organizacional e Sa\u00fade Baseada em Valor<\/td>\n<\/tr>\n<tr>\n<td width=\"259\">Ferramentas da Qualidade e Certifica\u00e7\u00f5es em Sa\u00fade<\/td>\n<\/tr>\n<tr>\n<td width=\"259\">Fundamentos de Indicadores e Projetos de Melhoria<\/td>\n<\/tr>\n<tr>\n<td width=\"259\">An\u00e1lise, Gest\u00e3o e Comunica\u00e7\u00e3o de Indicadores de Sa\u00fade<\/td>\n<\/tr>\n<tr>\n<td width=\"259\">Seguran\u00e7a do Paciente e Cultura Organizacional<\/td>\n<\/tr>\n<tr>\n<td width=\"259\">Gest\u00e3o de Protocolos e Comunica\u00e7\u00e3o como Item de Seguran\u00e7a<\/td>\n<\/tr>\n<tr>\n<td width=\"259\">Fundamentos do Sistema Lean e Ferramentas de An\u00e1lise<\/td>\n<\/tr>\n<tr>\n<td width=\"259\">Estrat\u00e9gias Lean Avan\u00e7adas e Gest\u00e3o de Pessoas<\/td>\n<\/tr>\n<tr>\n<td width=\"259\">Transforma\u00e7\u00e3o Digital, tecnologia e agilidade<\/td>\n<\/tr>\n<tr>\n<td width=\"259\">Modelos de Neg\u00f3cios<\/td>\n<\/tr>\n<tr>\n<td width=\"259\">Sprint de Inova\u00e7\u00e3o em Sa\u00fade<\/td>\n<\/tr>\n<\/tbody>\n<\/table>\n<p><strong>DOCUMENTOS NECESS\u00c1RIOS PARA MATR\u00cdCULA<\/strong><\/p>\n<p>\u2013 RG (c\u00f3pia autenticada ou c\u00f3pia com apresenta\u00e7\u00e3o do documento original);<\/p>\n<p>\u2013 CPF (c\u00f3pia autenticada ou c\u00f3pia com apresenta\u00e7\u00e3o do documento original);<\/p>\n<p>\u2013 Diploma do Curso Superior (c\u00f3pia autenticada ou c\u00f3pia com apresenta\u00e7\u00e3o do documento original);<\/p>\n<p>\u2013 Hist\u00f3rico Escolar do Curso Superior (c\u00f3pia autenticada ou c\u00f3pia com apresenta\u00e7\u00e3o do documento original);<\/p>\n<p>\u2013 Comprovante de resid\u00eancia (c\u00f3pia)<\/p>\n<p>\u2013 1 foto 3\u00d74<\/p>\n<p>\u2013 Comprovante de Pagamento da Taxa de Matr\u00edcula<\/p>\n<p>\u2013 Contrato Educacional assinado e disponibilizado na entrega da documenta\u00e7\u00e3o<\/p>\n<p><strong>LOCAL DE MATR\u00cdCULA<\/strong><\/p>\n<p>A matr\u00edcula poder\u00e1 ser efetivada com nossa equipe de consultores de segunda a sexta-feira, das 8h \u00e0s 12h e das 13h \u00e0s 17h e aos s\u00e1bados das 08h \u00e0s 12h.<\/p>\n<p><strong>Para mais informa\u00e7\u00f5es:\u00a0<\/strong>(85) 98832-7305 ou\u00a0<a href=\"mailto:jf@jfservicoseducacionais.com.br\">contato@jfsimulacaosaude.com.br<\/a><\/p>\n<p><strong>INVESTIMENTO:<\/strong><\/p>\n<p>Matr\u00edcula de R$ 180,00 (cento e oitenta reais) \u00e0 vista ou R$ 190,00 (cento e noventa reais) no cart\u00e3o de cr\u00e9dito e 12 mensalidades de R$ 678,90 (seiscentos e setenta e oito reais e noventa centavos).<\/p>\n<p><strong>Op\u00e7\u00f5es de Planos das mensalidades com desconto:<\/strong><\/p>\n<p><strong>30% de desconto para Grupo de 05 (cinco) alunos:\u00a0<\/strong>12 Parcelas de R$ 475,23 (at\u00e9 a data de vencimento)*<br \/>\n*ap\u00f3s o vencimento a mensalidade volta ao valor normal acrescida de multa e juros.<\/p>\n<p><strong>20% de desconto para Grupo de 03 (tr\u00eas) alunos:\u00a0<\/strong>12 Parcelas de R$ 543,12 (at\u00e9 a data de vencimento)*<br \/>\n*ap\u00f3s o vencimento a parcela volta ao valor normal acrescido de multa e juros.<\/p>\n<p><strong>Obs\u00b9:\u00a0<\/strong>Para ter o desconto concedido, o respons\u00e1vel pelo grupo dever\u00e1 informar o nome completo, telefone e e-mail de todos da sua turma e apresentar o comprovante de transfer\u00eancia do valor referente a matr\u00edcula via whastapp ou e-mail.<\/p>\n<p><strong>Obs\u00b2:<\/strong>\u00a0O desconto n\u00e3o \u00e9 aplicado na taxa de matr\u00edcula. No caso de desist\u00eancia n\u00e3o h\u00e1 devolu\u00e7\u00e3o da taxa de matr\u00edcula.<\/p>\n<p><strong>Empresas e conselhos conveniados: Desconto especial<\/strong>*.<\/p>\n<p>*Entrar em contato com nosso time comercial.<\/p>\n<p><strong>DADOS BANC\u00c1RIOS<\/strong><\/p>\n<p><strong>Banco Inter<\/strong><\/p>\n<p><strong>Favorecido:<\/strong>\u00a0Julyana Gomes Freitas \u2013 ME<\/p>\n<p>E-mail: jffinanceiro2020@gmail.com <strong>(Chave PIX) = &gt; Enviar o comprovante pelo WhatsApp (85) 98832.7305<\/strong><\/p>\n<p><strong><u>B\u00d4NUS<\/u><\/strong><\/p>\n<ol>\n<li>Grupo fechado do WhatsApp com divulga\u00e7\u00e3o de protocolos e atualiza\u00e7\u00f5es do per\u00edodo e sorteio de vagas em eventos, livros, webinars, congressos e parcerias do CESSJF;<\/li>\n<\/ol>\n<p><strong><u>OBSERVA\u00c7\u00d5ES IMPORTANTES:<\/u><\/strong><\/p>\n<ol>\n<li>A partir da Resolu\u00e7\u00e3o <a href=\"https:\/\/blog-static.infra.grancursosonline.com.br\/wp-content\/uploads\/2021\/05\/24143909\/CNE_CES_01.pdf\">CNE\/CES 01 de 06\/04\/2018<\/a> o TCC \u2013 Trabalho de Conclus\u00e3o de Curso tornou-se opcional na p\u00f3s-gradua\u00e7\u00e3o <em>lato-sensu<\/em> para que esses programas pudessem se destinar integralmente ao seu principal objetivo: capacitar indiv\u00edduos de maneira pr\u00e1tica, em uma determinada \u00e1rea de atua\u00e7\u00e3o. Dessa forma, nossa grade n\u00e3o contempla o referido trabalho. Aqueles alunos que desejarem, poder\u00e3o entrar em contato com a JF Servi\u00e7os em Sa\u00fade e solicitar a inclus\u00e3o na grade, de forma que passar\u00e1 por uma an\u00e1lise da coordena\u00e7\u00e3o, sendo assim acertado um valor adicional, de total responsabilidade do aluno.<\/li>\n<li>O cronograma est\u00e1 sujeito a altera\u00e7\u00f5es nas datas, como tamb\u00e9m a grade de facilitadores.<\/li>\n<\/ol>\n","protected":false},"excerpt":{"rendered":"<p><b>MBA EM LIDERAN\u00c7A ESTRAT\u00c9GICA, INOVA\u00c7\u00c3O E TRANSFORMA\u00c7\u00c3O DIGITAL NA SA\u00daDE &#8211; TURMA 01<\/b><\/p>\n<p><strong>OBJETIVO:<\/strong><\/p>\n<p>Capacitar profissionais da sa\u00fade a atuarem de forma estrat\u00e9gica e inovadora na <strong>gest\u00e3o e lideran\u00e7a de servi\u00e7os<\/strong>, enfrentando os desafios atuais e futuros do setor com <strong>compet\u00eancia, criatividade e uma vis\u00e3o sist\u00eamica<\/strong>.<\/p>\n<p>Formar l\u00edderes capazes de promover a <strong>excel\u00eancia assistencial<\/strong> e a <strong>efici\u00eancia operacional<\/strong>, ao mesmo tempo em que constroem ambientes de trabalho saud\u00e1veis, colaborativos e voltados para a <strong>inova\u00e7\u00e3o tecnol\u00f3gica e organizacional<\/strong>.<\/p>\n","protected":false},"featured_media":11680,"comment_status":"open","ping_status":"closed","template":"","meta":{"_acf_changed":false},"product_brand":[],"product_cat":[152],"product_tag":[],"class_list":{"0":"post-11205","1":"product","2":"type-product","3":"status-publish","4":"has-post-thumbnail","6":"product_cat-pos-graduacao-em-oferta","8":"first","9":"instock","10":"downloadable","11":"virtual","12":"purchasable","13":"product-type-simple"},"acf":[],"_links":{"self":[{"href":"https:\/\/jfsimulacaosaude.com.br\/site\/wp-json\/wp\/v2\/product\/11205","targetHints":{"allow":["GET"]}}],"collection":[{"href":"https:\/\/jfsimulacaosaude.com.br\/site\/wp-json\/wp\/v2\/product"}],"about":[{"href":"https:\/\/jfsimulacaosaude.com.br\/site\/wp-json\/wp\/v2\/types\/product"}],"replies":[{"embeddable":true,"href":"https:\/\/jfsimulacaosaude.com.br\/site\/wp-json\/wp\/v2\/comments?post=11205"}],"wp:featuredmedia":[{"embeddable":true,"href":"https:\/\/jfsimulacaosaude.com.br\/site\/wp-json\/wp\/v2\/media\/11680"}],"wp:attachment":[{"href":"https:\/\/jfsimulacaosaude.com.br\/site\/wp-json\/wp\/v2\/media?parent=11205"}],"wp:term":[{"taxonomy":"product_brand","embeddable":true,"href":"https:\/\/jfsimulacaosaude.com.br\/site\/wp-json\/wp\/v2\/product_brand?post=11205"},{"taxonomy":"product_cat","embeddable":true,"href":"https:\/\/jfsimulacaosaude.com.br\/site\/wp-json\/wp\/v2\/product_cat?post=11205"},{"taxonomy":"product_tag","embeddable":true,"href":"https:\/\/jfsimulacaosaude.com.br\/site\/wp-json\/wp\/v2\/product_tag?post=11205"}],"curies":[{"name":"wp","href":"https:\/\/api.w.org\/{rel}","templated":true}]}}