{"id":11187,"date":"2025-04-03T09:05:46","date_gmt":"2025-04-03T12:05:46","guid":{"rendered":"https:\/\/jfsimulacaosaude.com.br\/site\/?post_type=product&#038;p=11187"},"modified":"2025-08-19T18:07:57","modified_gmt":"2025-08-19T21:07:57","slug":"alta-performance-em-emergencias-neonatais-e-pediatricas-t1","status":"publish","type":"product","link":"https:\/\/jfsimulacaosaude.com.br\/site\/produto\/alta-performance-em-emergencias-neonatais-e-pediatricas-t1\/","title":{"rendered":"Alta Performance em Sala Vermelha (Emerg\u00eancias Neonatais e Pedi\u00e1tricas) &#8211; T1"},"content":{"rendered":"<p>As emerg\u00eancias neonatais e pedi\u00e1tricas representam situa\u00e7\u00f5es cr\u00edticas que requerem interven\u00e7\u00e3o imediata e segura nas situa\u00e7\u00f5es de alerta e podem incluir condi\u00e7\u00f5es assistenciais que v\u00e3o desde dificuldades respirat\u00f3rias at\u00e9 complica\u00e7\u00f5es sist\u00eamicas graves. Nesse contexto, o reconhecimento precoce e a interven\u00e7\u00e3o em tempo h\u00e1bil somado \u00e0s manobras e tecnologias existentes, s\u00e3o cruciais para garantirem uma melhor chance de recupera\u00e7\u00e3o e sa\u00fade em longo prazo para o paciente.<\/p>\n<p><strong>OBJETIVOS<\/strong><\/p>\n<p>Capacitar acad\u00eamicos e profissionais de sa\u00fade para o manejo cl\u00ednico seguro de situa\u00e7\u00f5es de emerg\u00eancias ao neonato e \u00e0 crian\u00e7a.<\/p>\n<p><strong>P\u00fablico-Alvo<\/strong>: Acad\u00eamicos e Profissionais da Sa\u00fade.<\/p>\n<p><strong>Vagas:<\/strong> 20 participantes<\/p>\n<p><strong>Carga-hor\u00e1ria:<\/strong> 40h<\/p>\n<p><strong>Modalidade:\u00a0<\/strong>H\u00edbrido<\/p>\n<p>(Pr\u00e1tica\/presencial + material complementar + resolu\u00e7\u00f5es de concursos na \u00e1rea da neonatologia e pediatria)<\/p>\n<p><strong>Dias:<\/strong><\/p>\n<p>09 e 10\/08\/2025 (S\u00e1bado e Domingo das 8h \u00e0s 17h)<\/p>\n<p><strong>Aula presencial ser\u00e1 no Centro de Ensino e Simula\u00e7\u00e3o em Sa\u00fade &#8211; JF<\/strong> (Rua Ab\u00edlio Martins, 900, Parquel\u00e2ndia).<\/p>\n<p><strong>Certifica\u00e7\u00e3o:<\/strong><\/p>\n<p>Ser\u00e1 fornecido certificado de participa\u00e7\u00e3o para todos os alunos que completarem no m\u00ednimo 75% da carga hor\u00e1ria do curso.<\/p>\n<p><strong>Conte\u00fado Program\u00e1tico (Esta\u00e7\u00f5es Pr\u00e1ticas Simuladas)*<\/strong><\/p>\n<p><strong>EMERG\u00caNCIAS NEONATAIS<\/strong><\/p>\n<p><strong>Esta\u00e7\u00e3o Pr\u00e1tica Simulada: <\/strong>Avalia\u00e7\u00e3o prim\u00e1ria e secund\u00e1ria ao paciente neonato.<\/p>\n<p><strong>Esta\u00e7\u00e3o Pr\u00e1tica Simulada: <\/strong>Manejo cl\u00ednico da sepse neonatal<\/p>\n<p><strong>Esta\u00e7\u00e3o Pr\u00e1tica Simulada: <\/strong>Altera\u00e7\u00f5es metab\u00f3licas no paciente neonato (altera\u00e7\u00f5es glic\u00eamicas, convuls\u00e3o, hipertemia, desidrata\u00e7\u00e3o)<\/p>\n<p><strong>Esta\u00e7\u00e3o Pr\u00e1tica Simulada: <\/strong>Suporte b\u00e1sico e avan\u00e7ado de vida neonatal (engasgo, manejo de via a\u00e9rea e farmacologia e Time de Resposta R\u00e1pida\/TRR)<\/p>\n<p><strong>EMERG\u00caNCIAS PEDI\u00c1TRICAS<\/strong><\/p>\n<p><strong>Esta\u00e7\u00e3o Pr\u00e1tica Simulada: <\/strong>Avalia\u00e7\u00e3o prim\u00e1ria e secund\u00e1ria ao paciente pedi\u00e1trico.<\/p>\n<p><strong>Esta\u00e7\u00e3o Pr\u00e1tica Simulada: <\/strong>Manejo cl\u00ednico da sepse pedi\u00e1trico<\/p>\n<p><strong>Esta\u00e7\u00e3o Pr\u00e1tica Simulada: <\/strong>Altera\u00e7\u00f5es metab\u00f3licas no paciente pedi\u00e1trico (altera\u00e7\u00f5es glic\u00eamicas, convuls\u00e3o, hipertemia, desidrata\u00e7\u00e3o)<\/p>\n<p><strong>Esta\u00e7\u00e3o Pr\u00e1tica Simulada: <\/strong>Suporte b\u00e1sico e avan\u00e7ado de vida pedi\u00e1trico (engasgo, manejo de via a\u00e9rea e farmacologia e Time de Resposta R\u00e1pida\/TRR)<\/p>\n<p><strong>B\u00d4NUS: QUEST\u00d5ES COMENTADAS DE CONCURSO NA \u00c1REA TEM\u00c1TICA DO CURSO.<\/strong><\/p>\n<p><strong><em>*<\/em><\/strong><em>CRONOGRAMA SUJEITO A ALTERA\u00c7\u00d5ES.<\/em><\/p>\n<p><strong>FACILITADORES<\/strong><\/p>\n<p><strong>Coordenadora:<\/strong> Profa. Dra. Julyana Freitas<\/p>\n<p><strong>Facilitadores: <\/strong><\/p>\n<p><strong>Enf\u00aa. <\/strong>Prof. Ms. Darrielle\u00a0 Gomes Alves<\/p>\n<p>Mestrado Acad\u00eamico em Enfermagem -UNILAB. Especialista em Gest\u00e3o de Pol\u00edticas de Sa\u00fade &#8211; S\u00cdRIO LIBAN\u00caS. Especialista em Terapia Intensiva \u2013 UECE. Especialista em Enfermagem Pedi\u00e1trica e Neonatal \u2013 UNIFAMETRO.\u00a0 Especialista em Did\u00e1tica do Ensino Superior- FACEI<\/p>\n<p><strong>Enf\u00aa. <\/strong>Prof. Ms. Raufilia de Santiago Vidal<\/p>\n<p>Possui gradua\u00e7\u00e3o em Enfermagem pela Universidade de Fortaleza (1992). Atualmente \u00e9 professor &#8211; Escola Estadual e Profissionalizante Paulo VI.Tem experi\u00eancia na \u00e1rea de Enfermagem, com \u00eanfase em Enfermagem, atuando principalmente nas seguintes \u00e1rea: SAMU(Servi\u00e7o de Atendimento M\u00f3vel de Urg\u00eancia) e Hospital.<\/p>\n<p><strong>AO FINAL DO CURSO O ALUNO SER\u00c1 CAPAZ DE:<\/strong><\/p>\n<ul>\n<li>Desenvolver boas pr\u00e1ticas com alto desempenho em habilidades no cuidado imediato \u00e0 crian\u00e7a e ao rec\u00e9m-nascido no \u00e2mbito hospitalar;<\/li>\n<li>Manusear tecnologias e dispositivos m\u00e9dicos para a execu\u00e7\u00e3o h\u00e1bil e eficaz de procedimentos de enfermagem rotineiros no contexto de assist\u00eancia hospitalar;<\/li>\n<\/ul>\n<p><b>Investimento:<\/b><\/p>\n<p><b>Valor do Curso:<\/b> R$ 499,00 (quatrocentos e noventa e nove reais).<\/p>\n<p><strong>ORIENTA\u00c7\u00d5ES GERAIS<\/strong><\/p>\n<p>CURSOS LIVRES<\/p>\n<ol>\n<li>As inscri\u00e7\u00f5es ser\u00e3o realizadas at\u00e9 o \u00faltimo dia \u00fatil que antecede a data de in\u00edcio do curso, e se houver vaga. Caso a quantidade de pagantes ultrapasse o n\u00famero de vagas, o valor integral ser\u00e1 devolvido ao \u00faltimo participante inscrito;<\/li>\n<li>A realiza\u00e7\u00e3o do curso est\u00e1 sujeita a forma\u00e7\u00e3o de turma, com n\u00famero igual ou superior aos gastos estipulados pela empresa. A n\u00e3o forma\u00e7\u00e3o de turma est\u00e1 sujeita a devolu\u00e7\u00e3o do valor integral de da inscri\u00e7\u00e3o;<\/li>\n<li>A desist\u00eancia dever\u00e1 ser comunicada por e-mail (<a href=\"mailto:jf@jfservicoseducacionais.com.br\">jf@jfservicoseducacionais.com.br<\/a>) at\u00e9 72(setenta e duas) horas antes do in\u00edcio do curso. Ap\u00f3s esse prazo ser\u00e1 devolvido 70% (setenta por cento) do valor e ap\u00f3s o in\u00edcio do curso n\u00e3o h\u00e1 devolu\u00e7\u00e3o e\/ou estorno. No e-mail deve ser informado os dados banc\u00e1rios do aluno com o devido CPF e nome completo, e anexado o comprovante de pagamento para devolu\u00e7\u00e3o e\/ou estorno no caso de pagamento por meio de cart\u00e3o de cr\u00e9dito. A devolu\u00e7\u00e3o e\/ou estorno ser\u00e1 feita at\u00e9 3 (tr\u00eas) dias \u00fateis ap\u00f3s o recebimento do e-mail.<\/li>\n<\/ol>\n<p><strong>ORIENTA\u00c7\u00d5ES ESPEC\u00cdFICAS<\/strong><\/p>\n<ol>\n<li>As aulas EAD (www.eadjf.com.br), se houver, ficar\u00e3o dispon\u00edveis no per\u00edodo de realiza\u00e7\u00e3o do curso, bem como as aulas remotas que ser\u00e3o enviadas (link privado), se for o caso, para o e-mail cadastrado de cada aluno inscrito, sabendo que n\u00e3o \u00e9 permitido compartilhar este conte\u00fado a terceiros;<\/li>\n<li>Para o recebimento do certificado, \u00e9 necess\u00e1rio a participa\u00e7\u00e3o m\u00ednima em 75% das aulas remotas, presenciais e EAD.<\/li>\n<\/ol>\n<p>&nbsp;<\/p>\n<p><strong>Dra. Julyana Freitas<br \/>\n<\/strong>Dire\u00e7\u00e3o Geral<\/p>\n","protected":false},"excerpt":{"rendered":"<p><strong>Dias:<\/strong><\/p>\n<p>09 e 10\/08\/2025 (S\u00e1bado e Domingo das 8h \u00e0s 17h)<\/p>\n","protected":false},"featured_media":11475,"comment_status":"open","ping_status":"closed","template":"","meta":{"_acf_changed":false},"product_brand":[],"product_cat":[146],"product_tag":[],"class_list":{"0":"post-11187","1":"product","2":"type-product","3":"status-publish","4":"has-post-thumbnail","6":"product_cat-livre-realizados","8":"first","9":"instock","10":"downloadable","11":"virtual","12":"purchasable","13":"product-type-simple"},"acf":[],"_links":{"self":[{"href":"https:\/\/jfsimulacaosaude.com.br\/site\/wp-json\/wp\/v2\/product\/11187","targetHints":{"allow":["GET"]}}],"collection":[{"href":"https:\/\/jfsimulacaosaude.com.br\/site\/wp-json\/wp\/v2\/product"}],"about":[{"href":"https:\/\/jfsimulacaosaude.com.br\/site\/wp-json\/wp\/v2\/types\/product"}],"replies":[{"embeddable":true,"href":"https:\/\/jfsimulacaosaude.com.br\/site\/wp-json\/wp\/v2\/comments?post=11187"}],"wp:featuredmedia":[{"embeddable":true,"href":"https:\/\/jfsimulacaosaude.com.br\/site\/wp-json\/wp\/v2\/media\/11475"}],"wp:attachment":[{"href":"https:\/\/jfsimulacaosaude.com.br\/site\/wp-json\/wp\/v2\/media?parent=11187"}],"wp:term":[{"taxonomy":"product_brand","embeddable":true,"href":"https:\/\/jfsimulacaosaude.com.br\/site\/wp-json\/wp\/v2\/product_brand?post=11187"},{"taxonomy":"product_cat","embeddable":true,"href":"https:\/\/jfsimulacaosaude.com.br\/site\/wp-json\/wp\/v2\/product_cat?post=11187"},{"taxonomy":"product_tag","embeddable":true,"href":"https:\/\/jfsimulacaosaude.com.br\/site\/wp-json\/wp\/v2\/product_tag?post=11187"}],"curies":[{"name":"wp","href":"https:\/\/api.w.org\/{rel}","templated":true}]}}