{"id":11185,"date":"2025-03-27T12:41:51","date_gmt":"2025-03-27T15:41:51","guid":{"rendered":"https:\/\/jfsimulacaosaude.com.br\/site\/?post_type=product&#038;p=11185"},"modified":"2025-06-06T15:23:49","modified_gmt":"2025-06-06T18:23:49","slug":"sutura-para-enfermeiros-t01","status":"publish","type":"product","link":"https:\/\/jfsimulacaosaude.com.br\/site\/produto\/sutura-para-enfermeiros-t01\/","title":{"rendered":"Sutura para Enfermeiros T01"},"content":{"rendered":"<p><b>Objetivo<\/b><\/p>\n<ul>\n<li>Treinar e habilitar Enfermeiros para a realiza\u00e7\u00e3o de Suturas Simples conforme RESOLU\u00c7\u00c3O COFEN N\u00ba 731 DE 13 DE NOVEMBRO DE 2023.<\/li>\n<\/ul>\n<p><strong>P\u00fablico-alvo:<\/strong><\/p>\n<p>Acad\u00eamicos de Enfermagem e Enfermeiros.<\/p>\n<p><strong>Carga Hor\u00e1ria:<\/strong><\/p>\n<p>40h<\/p>\n<p><strong>Modalidade:\u00a0<\/strong>H\u00edbrida<\/p>\n<p>Conte\u00fado na plataforma online + conte\u00fado presencial com aulas pr\u00e1ticas.<\/p>\n<p><strong>Metodologia:<\/strong><\/p>\n<p>Esta\u00e7\u00f5es pr\u00e1ticas simuladas com uso de simuladores de baixa e m\u00e9dia fidelidade;<\/p>\n<p><strong>Per\u00edodo:<\/strong><\/p>\n<p>24 e 25\/05\/2025 (s\u00e1bado das 08h \u00e0s 17h e domingo das 08h \u00e0s 12h)<\/p>\n<p><strong>Local de Realiza\u00e7\u00e3o:<\/strong><\/p>\n<p>Centro de Ensino e Simula\u00e7\u00e3o em Sa\u00fade \u2013 JF (Rua Ab\u00edlio Martins, 900, Parquel\u00e2ndia)<\/p>\n<p><strong>Certifica\u00e7\u00e3o:<\/strong><\/p>\n<p>Ser\u00e1 fornecido certificado de participa\u00e7\u00e3o para todos os alunos que completarem no m\u00ednimo 75% da carga hor\u00e1ria do curso.<\/p>\n<p><b>Conte\u00fado Program\u00e1tico<\/b><\/p>\n<ol>\n<li>Resolu\u00e7\u00e3o COFEN 731\/2023<\/li>\n<li>ANATOMIA E FISIOLOGIA DA PELE E ANEXOS<\/li>\n<li>FUN\u00c7\u00d5ES DA PELE<\/li>\n<li>FERIDAS E SUAS CLASSIFICA\u00c7\u00d5ES<\/li>\n<li>Cicatriza\u00e7\u00e3o da ferida.<\/li>\n<\/ol>\n<p>5.1. Fases da cicatriza\u00e7\u00e3o<\/p>\n<p>5.2. Tipos de cicatriza\u00e7\u00e3o<\/p>\n<p>5.3. Fatores que interferem no processo de cicatriza\u00e7\u00e3o<\/p>\n<p>5.4. Complica\u00e7\u00f5es da cicatriza\u00e7\u00e3o de feridas<\/p>\n<p>5.5. Condi\u00e7\u00f5es ideais para o processo de cicatriza\u00e7\u00e3o<\/p>\n<p>5.6. Estado Nutricional no processo de cicatriza\u00e7\u00e3o<\/p>\n<p><strong>SUTURAS<\/strong><\/p>\n<ol>\n<li>FIOS DE SUTURA CIR\u00daRGICA<\/li>\n<li>CARACTER\u00cdSTICAS DAS SUTURAS<\/li>\n<li>MEDIDOR E FOR\u00c7A DE TENS\u00c3O<\/li>\n<li>MANIPULA\u00c7\u00c3O OU FLEXIBILIDADE<\/li>\n<li>EXTENSIBILIDADE OU ELASTICIDADE<\/li>\n<li>CLASSIFICA\u00c7\u00c3O DAS SUTURAS:<\/li>\n<\/ol>\n<p>6.1 SUTURAS ABSORV\u00cdVEIS;<\/p>\n<p>6.2. SUTURAS N\u00c3O ABSORV\u00cdVEIS;<\/p>\n<p>6.3 SUTURAS DE MONOFILAMENTO<\/p>\n<p>7. CARACTER\u00cdSTICAS DO N\u00d3 CIR\u00daRGICO: N\u00d3 QUADRADO (T\u00c9CNICA DE UMA M\u00c3O); N\u00d3 QUADRADO (T\u00c9CNICA DE DUAS M\u00c3OS);<\/p>\n<p>8. TIPOS DE SUTURAS: SUTURAS SIMPLES; SUTURAS CONT\u00cdNUAS; SUTURA CONT\u00cdNUA SIMPLES OU SURGETTE (COPING); SUTURA RECORTADA (FACE E SUPORTE); SUTURAS INTRAD\u00c9RMICAS.<\/p>\n<p><strong>Coordenadora:<\/strong> Profa. Dra. Julyana Freitas<\/p>\n<p><strong>Facilitador:<\/strong>\u00a0<strong>Enf.\u00ba Prof. Esp. Jo\u00e3o Marcos Nunes Gadelha<\/strong><\/p>\n<p><em>Enfermeiro pela Universidade Estadual do Cear\u00e1 (2003).<\/em><\/p>\n<p><em>Especialista em Urg\u00eancia e Emerg\u00eancia.<\/em><\/p>\n<p><em>Professor \u2013 facilitador do N\u00facleo de Educa\u00e7\u00e3o em Urg\u00eancias do SAMU Cear\u00e1.<\/em><\/p>\n<p><em>Respons\u00e1vel T\u00e9cnico da Enfermagem do Hospital Geral Manoel Assun\u00e7\u00e3o Pires \u2013 Aquiraz.<\/em><\/p>\n<p><em>Enfermeiro Interventor da Unidade de Suporte Avan\u00e7ado do SAMU Cear\u00e1.<\/em><\/p>\n<p><em>Professor da JF Simula\u00e7\u00e3o em Sa\u00fade.<\/em><\/p>\n<p><strong><u>AO FINAL DO CURSO O ALUNO SER\u00c1 CAPAZ DE:<\/u><\/strong><\/p>\n<ul>\n<li>Desenvolver boas pr\u00e1ticas na aplica\u00e7\u00e3o de anest\u00e9sico local e realiza\u00e7\u00e3o de suturas simples.<\/li>\n<li>Realizar fixa\u00e7\u00e3o para estabiliza\u00e7\u00e3o externa de dispositivos sob a pele, com utiliza\u00e7\u00e3o de fio e agulha.<\/li>\n<\/ul>\n<p><b>Investimento<\/b><\/p>\n<p>R$ 479,90 (quatrocentos e setenta e nove reais e noventa centavos)<\/p>\n<p><strong>ORIENTA\u00c7\u00d5ES GERAIS<\/strong><\/p>\n<p>CURSOS LIVRES<\/p>\n<ol>\n<li style=\"list-style-type: none\">\n<ol>\n<li>As inscri\u00e7\u00f5es ser\u00e3o realizadas at\u00e9 o \u00faltimo dia \u00fatil que antecede a data de in\u00edcio do curso, e se houver vaga. Caso a quantidade de pagantes ultrapasse o n\u00famero de vagas, o valor integral ser\u00e1 devolvido ao \u00faltimo participante inscrito;<\/li>\n<li>A realiza\u00e7\u00e3o do curso est\u00e1 sujeita a forma\u00e7\u00e3o de turma, com n\u00famero igual ou superior aos gastos estipulados pela empresa. A n\u00e3o forma\u00e7\u00e3o de turma est\u00e1 sujeita a devolu\u00e7\u00e3o do valor integral de da inscri\u00e7\u00e3o;<\/li>\n<li>A desist\u00eancia dever\u00e1 ser comunicada por e-mail (jf@jfservicoseducacionais.com.br) at\u00e9 72(setenta e duas) horas antes do in\u00edcio do curso. Ap\u00f3s esse prazo ser\u00e1 devolvido 70% (setenta por cento) do valor e ap\u00f3s o in\u00edcio do curso n\u00e3o h\u00e1 devolu\u00e7\u00e3o e\/ou estorno. No e-mail deve ser informado os dados banc\u00e1rios do aluno com o devido CPF e nome completo, e anexado o comprovante de pagamento para devolu\u00e7\u00e3o e\/ou estorno no caso de pagamento por meio de cart\u00e3o de cr\u00e9dito. A devolu\u00e7\u00e3o e\/ou estorno ser\u00e1 feita at\u00e9 3 (tr\u00eas) dias \u00fateis ap\u00f3s o recebimento do e-mail.<\/li>\n<li><b>DIREITO AO USO DA IMAGEM<\/b><b>\u00a0\u2013\u00a0<\/b>O(A)<b>\u00a0inscrito(a)\u00a0<\/b>cede expressa e gratuitamente ao Centro de Ensino e Simula\u00e7\u00e3o em Sa\u00fade \u2013 JF o direito de uso de sua imagem ou do benefici\u00e1rio (Aluno) pelo qual \u00e9 respons\u00e1vel legal, para figurar, individual ou coletivamente, em campanhas institucionais ou publicit\u00e1rias do Centro de Ensino e Simula\u00e7\u00e3o em Sa\u00fade \u2013 JF, para todos os efeitos legais, observada a moral e os bons costumes.<\/li>\n<\/ol>\n<p>ORIENTA\u00c7\u00d5ES ESPEC\u00cdFICAS<\/p>\n<ol>\n<li>As aulas EAD (www.eadjf.com.br) ficar\u00e3o dispon\u00edveis no per\u00edodo de realiza\u00e7\u00e3o do curso, bem como as aulas remotas que ser\u00e3o enviadas (link privado), se for o caso, para o e-mail cadastrado de cada aluno inscrito, sabendo que n\u00e3o \u00e9 permitido compartilhar este conte\u00fado a terceiros;<\/li>\n<li>Para o recebimento do certificado, \u00e9 necess\u00e1rio a participa\u00e7\u00e3o m\u00ednima em 75% das aulas remotas, presenciais e EAD.<\/li>\n<\/ol>\n<\/li>\n<\/ol>\n<p>&nbsp;<\/p>\n<p><strong>Dra. Julyana Freitas<br \/>\n<\/strong>Dire\u00e7\u00e3o Geral<\/p>\n","protected":false},"excerpt":{"rendered":"<p><strong>Per\u00edodo:<\/strong><\/p>\n<p>24 e 25\/05\/2025 (s\u00e1bado das 08h \u00e0s 17h e domingo das 08h \u00e0s 12h)<\/p>\n<p><strong>Local de Realiza\u00e7\u00e3o:<\/strong><\/p>\n<p>Centro de Ensino e Simula\u00e7\u00e3o em Sa\u00fade \u2013 JF (Rua Ab\u00edlio Martins, 900, Parquel\u00e2ndia)<\/p>\n","protected":false},"featured_media":11196,"comment_status":"open","ping_status":"closed","template":"","meta":{"_acf_changed":false},"product_brand":[],"product_cat":[146],"product_tag":[],"class_list":{"0":"post-11185","1":"product","2":"type-product","3":"status-publish","4":"has-post-thumbnail","6":"product_cat-livre-realizados","8":"first","9":"instock","10":"downloadable","11":"virtual","12":"purchasable","13":"product-type-simple"},"acf":[],"_links":{"self":[{"href":"https:\/\/jfsimulacaosaude.com.br\/site\/wp-json\/wp\/v2\/product\/11185","targetHints":{"allow":["GET"]}}],"collection":[{"href":"https:\/\/jfsimulacaosaude.com.br\/site\/wp-json\/wp\/v2\/product"}],"about":[{"href":"https:\/\/jfsimulacaosaude.com.br\/site\/wp-json\/wp\/v2\/types\/product"}],"replies":[{"embeddable":true,"href":"https:\/\/jfsimulacaosaude.com.br\/site\/wp-json\/wp\/v2\/comments?post=11185"}],"wp:featuredmedia":[{"embeddable":true,"href":"https:\/\/jfsimulacaosaude.com.br\/site\/wp-json\/wp\/v2\/media\/11196"}],"wp:attachment":[{"href":"https:\/\/jfsimulacaosaude.com.br\/site\/wp-json\/wp\/v2\/media?parent=11185"}],"wp:term":[{"taxonomy":"product_brand","embeddable":true,"href":"https:\/\/jfsimulacaosaude.com.br\/site\/wp-json\/wp\/v2\/product_brand?post=11185"},{"taxonomy":"product_cat","embeddable":true,"href":"https:\/\/jfsimulacaosaude.com.br\/site\/wp-json\/wp\/v2\/product_cat?post=11185"},{"taxonomy":"product_tag","embeddable":true,"href":"https:\/\/jfsimulacaosaude.com.br\/site\/wp-json\/wp\/v2\/product_tag?post=11185"}],"curies":[{"name":"wp","href":"https:\/\/api.w.org\/{rel}","templated":true}]}}