{"id":11107,"date":"2025-03-18T08:35:43","date_gmt":"2025-03-18T11:35:43","guid":{"rendered":"https:\/\/jfsimulacaosaude.com.br\/site\/?post_type=product&#038;p=11107"},"modified":"2025-03-19T08:10:05","modified_gmt":"2025-03-19T11:10:05","slug":"mba-em-gestao-em-saude-controle-de-infeccao-e-seguranca-do-paciente-t2","status":"publish","type":"product","link":"https:\/\/jfsimulacaosaude.com.br\/site\/produto\/mba-em-gestao-em-saude-controle-de-infeccao-e-seguranca-do-paciente-t2\/","title":{"rendered":"MBA em Gest\u00e3o em Sa\u00fade, Controle de Infec\u00e7\u00e3o e Seguran\u00e7a do Paciente &#8211; T2"},"content":{"rendered":"<p><strong>MBA em Gest\u00e3o em Sa\u00fade, Controle de Infec\u00e7\u00e3o e Seguran\u00e7a do Paciente<\/strong> \u2013 TURMA 02<\/p>\n<p><strong>OBJETIVO: <\/strong>Capacitar Enfermeiros, M\u00e9dicos, Farmac\u00eauticos e Biom\u00e9dicos para o desempenho de suas atividades profissionais dentro do controle de infec\u00e7\u00e3o e seguran\u00e7a do paciente, sendo capazes de promover uma assist\u00eancia de sa\u00fade livre de danos ao paciente e de qualidade.<\/p>\n<p><strong>P\u00daBLICO-ALVO:<\/strong> Enfermeiros, M\u00e9dicos, Farmac\u00eauticos e Biom\u00e9dicos.<\/p>\n<p><strong>ORGANIZA\u00c7\u00c3O DO CURSO:<\/strong> CENTRO DE ENSINO E SIMULA\u00c7\u00c3O EM SA\u00daDE &#8211; JF (CESS-JF)<\/p>\n<p><strong>CHANCELA:<\/strong> FACULDADE PLUS<\/p>\n<p>AUTORIZADA PELO MEC.<\/p>\n<p><strong>CARGA HOR\u00c1RIA TOTAL:<\/strong> 360 horas.<\/p>\n<p><strong>MODALIDADE:<\/strong> ON LINE (AO VIVO)<\/p>\n<p><strong>VAGAS:<\/strong> 40 (quarenta).<\/p>\n<p><strong>COORDENA\u00c7\u00c3O GERAL:\u00a0<\/strong>Profa. Dra. Julyana Freitas<\/p>\n<ul>\n<li>Graduada em Enfermagem pela Universidade Federal do Cear\u00e1.<\/li>\n<li>Especialista em Urg\u00eancia e Emerg\u00eancia pela ESP (Escola de Sa\u00fade P\u00fablica) e em Linhas de Cuidado em Enfermagem (Urg\u00eancia e Emerg\u00eancia) pela UFSC (Universidade de Santa Catarina).<\/li>\n<li>Mestrado e Doutorado em Enfermagem pela Universidade Federal do Cear\u00e1.<\/li>\n<li>Instutora em Simula\u00e7\u00e3o Cl\u00ednica e Real\u00edstica (Laerdal Medical e Area Training &amp; Consulting).<\/li>\n<li>Docente da Gradua\u00e7\u00e3o em Enfermagem da Universidade de Fortaleza.<\/li>\n<li>Preceptora do N\u00facleo de Educa\u00e7\u00e3o Permanente (SAMU FORTALEZA)\/ 2019 a 2021.<\/li>\n<li>Assistente Educacional em Simula\u00e7\u00e3o Cl\u00ednica da Escola de Sa\u00fade P\u00fablica (ESP\/CE).<\/li>\n<li>CEO do Centro de Ensino e Simula\u00e7\u00e3o em Sa\u00fade &#8211; JF (CESS JF).<\/li>\n<li>Atuando principalmente nos seguintes temas: Simula\u00e7\u00e3o; Urg\u00eancia e Emerg\u00eancia; Paciente Cr\u00edtico; Tecnologias e Educa\u00e7\u00e3o.<\/li>\n<\/ul>\n<p><strong>COORDENA\u00c7\u00c3O DO CURSO<\/strong>: Profa. Ms. Juliana Costa<\/p>\n<p>Enfermeira pela Universidade de Fortaleza (2009).<br \/>\nMestrado em Tecnologia e Inova\u00e7\u00e3o em Enfermagem pela Universidade de Fortaleza (2018\/2021).<\/p>\n<p>&#8211; MBA em Gest\u00e3o, Inova\u00e7\u00e3o e Servi\u00e7os em Sa\u00fade (Pontif\u00edcia Universidade Cat\u00f3lica do Rio Grande do Sul &#8211; PUCRS &#8211; 2024 | em andamento)<br \/>\n&#8211; MBA em Gerenciamento de Projetos e Processos (Centro Universit\u00e1rio Farias Brito | 2018)<br \/>\n&#8211; Especialista em Auditoria de Servi\u00e7os de Sa\u00fade Publica e Privado (Cequale Cursos)<br \/>\n&#8211; Especialista em Enfermagem pedi\u00e1trica e neonatal (Unifametro)<br \/>\nEXPERI\u00caNCIA PROFISSIONAL:<br \/>\n&#8211; Coordenadora do Escrit\u00f3rio da Qualidade das Cl\u00ednicas Oncovie e NOHC (N\u00facleo de Onco Hematologia do Cear\u00e1) ( 2024 &#8211; atual)<br \/>\n&#8211; Avaliadora &#8211; Metodologia Qmentum Internacional (Quality Global Alliance | 2024 &#8211; atual)<br \/>\n&#8211; Docente &#8211; Centro de Ensino e Simula\u00e7\u00e3o em Sa\u00fade JF (2020 &#8211; atual)<\/p>\n<p>&#8211; Gerente de Qualidade e Seguran\u00e7a &#8211; ISGH | Hospital Estadual Leonardo da Vinci (2021 &#8211; 2024)<br \/>\n&#8211; Assessora T\u00e9cnica &#8211; Diretoria de Gest\u00e3o Estrat\u00e9gica &#8211; ISGH (2014 &#8211; 2020)<br \/>\n&#8211; Consultora em Projetos &#8211; Instituto Brasileiro para Seguran\u00e7a do Paciente (IBSP) &#8211; S\u00e3o Paulo &#8211; SP (2019 &#8211; 2022)<br \/>\n&#8211; Enfermeira da Qualidade &#8211; Hospital Regional Unimed &#8211; Fortaleza (2011 &#8211; 2014)<br \/>\n&#8211; Enfermeira assistencial neonatal &#8211; Hospital S\u00e3o Camilo Cura D&#8217;ars (2010 &#8211; 2016)<br \/>\n&#8211; Enfermeira assistencial neonatal &#8211; Hospital Geral Dr. Cesar Cals (2010 &#8211; 2010)<br \/>\n&#8211; Enfermeira assistencial psiquiatria &#8211; Hospital Nosso Lar (2009 &#8211; 2011)<\/p>\n<p><strong>PERIODICIDADE<\/strong>: Sexta das 18h \u00e0s 22h e S\u00e1bado das 8h \u00e0s 17h \u2013 quinzenalmente (Aula ao vivo pela Plataforma Meet) e v\u00eddeoaulas no Ambiente Virtual com expertises na tem\u00e1tica.<\/p>\n<p><strong>Local da aula: <\/strong>Plataforma Meet<\/p>\n<p><strong>IN\u00cdCIO PREVISTO: 30 e 31 de maio de 2025, 19h. <\/strong>(Aula Inaugural com Telessimula\u00e7\u00e3o).<\/p>\n<p><strong>PER\u00cdODO DO CURSO<\/strong>: MAIO\/2025 A DEZEMBRO\/2025.<\/p>\n<p><strong>Per\u00edodo de Matr\u00edcula:<\/strong> at\u00e9 20\/05\/2025 \u2013 Ser\u00e3o disponibilizadas vagas limitadas para o curso. A efetiva\u00e7\u00e3o da matr\u00edcula est\u00e1 condicionada ao pagamento da taxa e a entrega da documenta\u00e7\u00e3o.<\/p>\n<p><b>CONTE\u00daDO PROGRAM\u00c1TICO<\/b><\/p>\n<ul>\n<li>Empreendedorismo no Controle de Infec\u00e7\u00e3o Relacionado \u00e0 Assist\u00eancia \u00e0 Sa\u00fade<\/li>\n<li>Biosseguran\u00e7a e Controle de Infec\u00e7\u00e3o Hospitalar em Terapia Intensiva<\/li>\n<li>Introdu\u00e7\u00e3o ao Controle de Infec\u00e7\u00e3o Hospitalar<\/li>\n<li>Diagn\u00f3stico e Avalia\u00e7\u00e3o de Surtos, Epidemias, Pandemias e S\u00edndromes Infecciosas<\/li>\n<li>An\u00e1lise de Indicadores de IRAS<\/li>\n<li>Gerenciamento de Medidas de Precau\u00e7\u00e3o e Isolamento<\/li>\n<li>Gerenciamento e Estrat\u00e9gias de Marketing<\/li>\n<li>Microbiologia e Antibioticoterapia Aplicado ao Controle de Infec\u00e7\u00e3o<\/li>\n<li>Gest\u00e3o em Ambiental, Riscos e Setores de Apoio<\/li>\n<li>Gerenciamento e Estrat\u00e9gias Financeira<\/li>\n<li>Gerenciamento e Gest\u00e3o de Pessoas<\/li>\n<li>Gest\u00e3o da Qualidade e Seguran\u00e7a do Paciente<\/li>\n<li>Gest\u00e3o da Experi\u00eancia do Paciente<\/li>\n<li>Webinars cient\u00edficos<\/li>\n<li>Projeto de Interven\u00e7\u00e3o<\/li>\n<li>Visita T\u00e9cnica<\/li>\n<\/ul>\n<p><strong>FACILITADORES<\/strong><\/p>\n<ul>\n<li>Dra. Julyana Freitas<\/li>\n<li>Ms. Wilcilene Oliveira<\/li>\n<li>Dra. Vanessa Dias<\/li>\n<li>Dra. Renata Fiuza<\/li>\n<li>Dra. Taciana Maia<\/li>\n<li>Ms Susana Pena<\/li>\n<li>Dr. Jorge Araujo<\/li>\n<li>Ms. Darriele Mororo<\/li>\n<li>Ms. Ivanise Freitas<\/li>\n<li>Ms. Felicia Silveira<\/li>\n<\/ul>\n<p><strong>DOCUMENTOS NECESS\u00c1RIOS PARA MATR\u00cdCULA<\/strong><\/p>\n<p>\u2013 RG (c\u00f3pia autenticada ou c\u00f3pia com apresenta\u00e7\u00e3o do documento original);<\/p>\n<p>\u2013 CPF (c\u00f3pia autenticada ou c\u00f3pia com apresenta\u00e7\u00e3o do documento original);<\/p>\n<p>\u2013 Diploma do Curso Superior (c\u00f3pia autenticada ou c\u00f3pia com apresenta\u00e7\u00e3o do documento original);<\/p>\n<p>\u2013 Hist\u00f3rico Escolar do Curso Superior (c\u00f3pia autenticada ou c\u00f3pia com apresenta\u00e7\u00e3o do documento original);<\/p>\n<p>\u2013 Comprovante de resid\u00eancia (c\u00f3pia)<\/p>\n<p>\u2013 1 foto 3\u00d74<\/p>\n<p>\u2013 Comprovante de Pagamento da Taxa de Matr\u00edcula<\/p>\n<p>\u2013 Contrato Educacional assinado e disponibilizado na entrega da documenta\u00e7\u00e3o<\/p>\n<p><strong>LOCAL DE MATR\u00cdCULA<\/strong><\/p>\n<p>A matr\u00edcula poder\u00e1 ser efetivada com nossa equipe de consultores de segunda a sexta-feira, das 8h \u00e0s 12h e das 13h \u00e0s 17h e aos s\u00e1bados das 08h \u00e0s 12h.<\/p>\n<p><strong>Para mais informa\u00e7\u00f5es:\u00a0<\/strong>(85) 98832-7305 ou\u00a0<a href=\"mailto:jf@jfservicoseducacionais.com.br\">jf@jfservicoseducacionais.com.br<\/a><\/p>\n<p><strong>INVESTIMENTO:<\/strong><\/p>\n<p>Matr\u00edcula de R$ 150,00 (cento e cinquenta reais) \u00e0 vista ou R$ 160,00 (cento e sessenta reais) no cart\u00e3o de cr\u00e9dito e 10 mensalidades de R$ 409,90 (quatrocentos e nove reais e noventa centavos).<\/p>\n<p><strong>Op\u00e7\u00f5es de Planos das mensalidades com desconto:<\/strong><\/p>\n<p><strong>30% de desconto para Grupo de 05 (cinco) alunos:\u00a0<\/strong>10 Parcelas de R$ 286,93 (at\u00e9 a data de vencimento)*<br \/>\n*ap\u00f3s o vencimento a mensalidade volta ao valor normal acrescida de multa e juros.<\/p>\n<p><strong>20% de desconto para Grupo de 03 (tr\u00eas) alunos:\u00a0<\/strong>10 Parcelas de R$ 327,92 (at\u00e9 a data de vencimento)*<br \/>\n*ap\u00f3s o vencimento a parcela volta ao valor normal acrescido de multa e juros.<\/p>\n<p><strong>Obs\u00b9:\u00a0<\/strong>Para ter o desconto concedido, o respons\u00e1vel pelo grupo dever\u00e1 informar o nome completo, telefone e e-mail de todos da sua turma e apresentar o comprovante de transfer\u00eancia do valor referente a matr\u00edcula via whastapp ou e-mail.<\/p>\n<p><strong>Obs\u00b2:<\/strong>\u00a0O desconto n\u00e3o \u00e9 aplicado na taxa de matr\u00edcula. No caso de desist\u00eancia n\u00e3o h\u00e1 devolu\u00e7\u00e3o da taxa de matr\u00edcula.<\/p>\n<p><strong>DADOS BANC\u00c1RIOS<\/strong><\/p>\n<p><strong>Banco Inter<\/strong><\/p>\n<p><strong>Favorecido:<\/strong>\u00a0Julyana Gomes Freitas \u2013 ME<\/p>\n<p>E-mail: jffinanceiro2020@gmail.com <strong>(Chave PIX) = &gt; Enviar o comprovante pelo WhatsApp (85) 98832.7305<\/strong><\/p>\n<p><strong><u>OBSERVA\u00c7\u00d5ES IMPORTANTES:<\/u><\/strong><\/p>\n<ol>\n<li>A partir da Resolu\u00e7\u00e3o <a href=\"https:\/\/blog-static.infra.grancursosonline.com.br\/wp-content\/uploads\/2021\/05\/24143909\/CNE_CES_01.pdf\">CNE\/CES 01 de 06\/04\/2018<\/a> o TCC \u2013 Trabalho de Conclus\u00e3o de Curso tornou-se opcional na p\u00f3s-gradua\u00e7\u00e3o <em>lato-sensu<\/em> para que esses programas pudessem se destinar integralmente ao seu principal objetivo: capacitar indiv\u00edduos de maneira pr\u00e1tica, em uma determinada \u00e1rea de atua\u00e7\u00e3o. Dessa forma, nossa grade n\u00e3o contempla o referido trabalho. Aqueles alunos que desejarem, poder\u00e3o entrar em contato com a JF Servi\u00e7os em Sa\u00fade e solicitar a inclus\u00e3o na grade, de forma que passar\u00e1 por uma an\u00e1lise da coordena\u00e7\u00e3o, sendo assim acertado um valor adicional, de total responsabilidade do aluno.<\/li>\n<li>O cronograma est\u00e1 sujeito a altera\u00e7\u00f5es nas datas, como tamb\u00e9m a grade de facilitadores.<\/li>\n<\/ol>\n","protected":false},"excerpt":{"rendered":"<p><strong>MBA em Gest\u00e3o em Sa\u00fade, Controle de Infec\u00e7\u00e3o e Seguran\u00e7a do Paciente<\/strong> \u2013 TURMA 02<\/p>\n","protected":false},"featured_media":11108,"comment_status":"open","ping_status":"closed","template":"","meta":{"_acf_changed":false},"product_brand":[],"product_cat":[152],"product_tag":[],"class_list":{"0":"post-11107","1":"product","2":"type-product","3":"status-publish","4":"has-post-thumbnail","6":"product_cat-pos-graduacao-em-oferta","8":"first","9":"instock","10":"downloadable","11":"virtual","12":"purchasable","13":"product-type-simple"},"acf":[],"_links":{"self":[{"href":"https:\/\/jfsimulacaosaude.com.br\/site\/wp-json\/wp\/v2\/product\/11107","targetHints":{"allow":["GET"]}}],"collection":[{"href":"https:\/\/jfsimulacaosaude.com.br\/site\/wp-json\/wp\/v2\/product"}],"about":[{"href":"https:\/\/jfsimulacaosaude.com.br\/site\/wp-json\/wp\/v2\/types\/product"}],"replies":[{"embeddable":true,"href":"https:\/\/jfsimulacaosaude.com.br\/site\/wp-json\/wp\/v2\/comments?post=11107"}],"wp:featuredmedia":[{"embeddable":true,"href":"https:\/\/jfsimulacaosaude.com.br\/site\/wp-json\/wp\/v2\/media\/11108"}],"wp:attachment":[{"href":"https:\/\/jfsimulacaosaude.com.br\/site\/wp-json\/wp\/v2\/media?parent=11107"}],"wp:term":[{"taxonomy":"product_brand","embeddable":true,"href":"https:\/\/jfsimulacaosaude.com.br\/site\/wp-json\/wp\/v2\/product_brand?post=11107"},{"taxonomy":"product_cat","embeddable":true,"href":"https:\/\/jfsimulacaosaude.com.br\/site\/wp-json\/wp\/v2\/product_cat?post=11107"},{"taxonomy":"product_tag","embeddable":true,"href":"https:\/\/jfsimulacaosaude.com.br\/site\/wp-json\/wp\/v2\/product_tag?post=11107"}],"curies":[{"name":"wp","href":"https:\/\/api.w.org\/{rel}","templated":true}]}}