{"id":11082,"date":"2025-02-11T14:38:36","date_gmt":"2025-02-11T17:38:36","guid":{"rendered":"https:\/\/jfsimulacaosaude.com.br\/site\/?post_type=product&#038;p=11082"},"modified":"2025-04-13T18:15:08","modified_gmt":"2025-04-13T21:15:08","slug":"enfermagem-em-urgencia-e-emergencia-e-uti-turma-08","status":"publish","type":"product","link":"https:\/\/jfsimulacaosaude.com.br\/site\/produto\/enfermagem-em-urgencia-e-emergencia-e-uti-turma-08\/","title":{"rendered":"Enfermagem em Urg\u00eancia e Emerg\u00eancia e UTI &#8211; Turma 08"},"content":{"rendered":"<p><strong>P\u00d3S-GRADUA\u00c7\u00c3O EM ENFERMAGEM EM URG\u00caNCIA E EMERG\u00caNCIA E UTI<\/strong> \u2013 TURMA 08<\/p>\n<p><strong>OBJETIVO:<\/strong> Desenvolver o potencial humano no campo das pr\u00e1ticas em cuidados de emerg\u00eancia e terapia intensiva, formando profissionais diferenciados e capazes de executar a assist\u00eancia de enfermagem com responsabilidade social e excel\u00eancia em salvar vidas.<\/p>\n<p><strong>P\u00daBLICO-ALVO:<\/strong> Graduados em Enfermagem.<\/p>\n<p><strong>ORGANIZA\u00c7\u00c3O DO CURSO:<\/strong> CENTRO DE ENSINO E SIMULA\u00c7\u00c3O EM SA\u00daDE &#8211; JF (CESS-JF)<\/p>\n<p><strong>CHANCELA:<\/strong> FACULDADE PLUS.<\/p>\n<p>AUTORIZADA PELO MEC.<\/p>\n<p><strong>CARGA HOR\u00c1RIA TOTAL:<\/strong> 480 horas.<\/p>\n<p><strong>VAGAS:<\/strong> 40 (quarenta).<\/p>\n<p><strong>COORDENA\u00c7\u00c3O GERAL:\u00a0<\/strong>Profa. Dra. Julyana Freitas<\/p>\n<ul>\n<li>\u00a0Enfermeira pela Universidade Federal do Cear\u00e1 (2008). Mestrado e Doutorado pela Universidade Federal do Cear\u00e1 (2011\/2013). Especialista em Urg\u00eancia e Emerg\u00eancia pela ESP (Escola de Sa\u00fade P\u00fablica (2013). Docente da Universidade de Fortaleza (UNIFOR) (2013\/2024). Enfermeira Emergencista Hospital Instituto Dr. Jos\u00e9 Frota (Atual)CEO do Centro de Ensino e Simula\u00e7\u00e3o em Sa\u00fade JF (2018\/atual). Especialista em Simula\u00e7\u00e3o Cl\u00ednica da Escola de Sa\u00fade P\u00fablica (ESP\/CE)\u00a0(2021\/\u00a0atual).<\/li>\n<\/ul>\n<p><strong>PERIODICIDADE<\/strong>: S\u00e1bado (remota ou presencial) das 8h \u00e0s 18h \u2013 1 vez por m\u00eas e v\u00eddeoaulas no Ambiente Virtual com expertises na tem\u00e1tica.<\/p>\n<p><strong>Local da aula presencial:<\/strong>\u00a0Centro de Simula\u00e7\u00e3o JF (Rua Ab\u00edlio Martins, 900 \u2013 Parquel\u00e2ndia).<\/p>\n<p><strong>IN\u00cdCIO PREVISTO: Mar\u00e7o de 2025 <\/strong>(Aula Inaugural).<\/p>\n<p><strong>Per\u00edodo de Matr\u00edcula:<\/strong> at\u00e9 Mar\u00e7o\/2025 \u2013 Ser\u00e3o disponibilizadas vagas limitadas para o curso. A efetiva\u00e7\u00e3o da matr\u00edcula est\u00e1 condicionada ao pagamento da taxa e a entrega da documenta\u00e7\u00e3o.<\/p>\n<p><b>CONTE\u00daDO PROGRAM\u00c1TICO<\/b><\/p>\n<table width=\"653\">\n<tbody>\n<tr>\n<td width=\"653\">Bio\u00e9tica, \u00c9tica e Legisla\u00e7\u00e3o em Enfermagem Intensiva<\/td>\n<\/tr>\n<tr>\n<td>Biosseguran\u00e7a e Controle de Infec\u00e7\u00e3o Hospitalar em Terapia Intensiva<\/td>\n<\/tr>\n<tr>\n<td>Infectologia em Terapia Intensiva (PAV \/ ITU \/ Bacteremias \/ Meningites)<\/td>\n<\/tr>\n<tr>\n<td width=\"653\">Rede de Aten\u00e7\u00e3o \u00e0s Urg\u00eancias e Gest\u00e3o de Servi\u00e7os de Emerg\u00eancia e Unidade de Terapia Intesiva &#8211; UTI \/ Compet\u00eancia do Enfermeiro em Terapia Intensiva<\/td>\n<\/tr>\n<tr>\n<td>Monitoriza\u00e7\u00e3o Hemodin\u00e2mica Intensiva<\/td>\n<\/tr>\n<tr>\n<td>Terapia Infusional em Unidade de Terapia Intesiva &#8211; UTI<\/td>\n<\/tr>\n<tr>\n<td>Neurointesivismo<\/td>\n<\/tr>\n<tr>\n<td>Nutri\u00e7\u00e3o e Metabolismo<\/td>\n<\/tr>\n<tr>\n<td>Nefrointesivismo<\/td>\n<\/tr>\n<tr>\n<td>Choques<\/td>\n<\/tr>\n<tr>\n<td>Estagio Supervisionado &#8211;\u00a0 Unidade de Terapia Intensiva &#8211; UTI<\/td>\n<\/tr>\n<tr>\n<td>Emerg\u00eancias Cl\u00ednicas 1<\/td>\n<\/tr>\n<tr>\n<td>Manejo da Via A\u00e9rea na Emerg\u00eancia<\/td>\n<\/tr>\n<tr>\n<td>Emerg\u00eancias Cl\u00ednicas 2<\/td>\n<\/tr>\n<tr>\n<td>Farmacologia de Emerg\u00eancia e Intensiva<\/td>\n<\/tr>\n<tr>\n<td>Atendimento Pr\u00e9-Hospitalar do Trauma Baseado em Evid\u00eancias<\/td>\n<\/tr>\n<tr>\n<td>Emerg\u00eancias Traum\u00e1ticas 1<\/td>\n<\/tr>\n<tr>\n<td>Emerg\u00eancias Traum\u00e1ticas 2<\/td>\n<\/tr>\n<tr>\n<td>Exames Laboratoriais e Imaginologia<\/td>\n<\/tr>\n<tr>\n<td>Emerg\u00eancia em Popula\u00e7\u00f5es Especiais (Gestante e Idoso)<\/td>\n<\/tr>\n<tr>\n<td>Emerg\u00eancia em Popula\u00e7\u00f5es Especiais (Neo, Lactente, Crian\u00e7a)<\/td>\n<\/tr>\n<tr>\n<td>Emerg\u00eancia em Popula\u00e7\u00f5es Especiais (Psiquiatria)<\/td>\n<\/tr>\n<tr>\n<td>Gasometria e Ventila\u00e7\u00e3o Mec\u00e2nica<\/td>\n<\/tr>\n<tr>\n<td>Gest\u00e3o de Desastres e Sistema de Comando de Incidentes<\/td>\n<\/tr>\n<tr>\n<td>Transporte Aerom\u00e9dico<\/td>\n<\/tr>\n<tr>\n<td>Afogamento<\/td>\n<\/tr>\n<tr>\n<td>Est\u00e1gio Supervisionado &#8211; Urg\u00eancia e Emerg\u00eancia<\/td>\n<\/tr>\n<\/tbody>\n<\/table>\n<p><strong>DOCUMENTOS NECESS\u00c1RIOS PARA MATR\u00cdCULA<\/strong><\/p>\n<p>\u2013 RG (c\u00f3pia autenticada ou c\u00f3pia com apresenta\u00e7\u00e3o do documento original);<\/p>\n<p>\u2013 CPF (c\u00f3pia autenticada ou c\u00f3pia com apresenta\u00e7\u00e3o do documento original);<\/p>\n<p>\u2013 Diploma do Curso Superior (c\u00f3pia autenticada ou c\u00f3pia com apresenta\u00e7\u00e3o do documento original);<\/p>\n<p>\u2013 Hist\u00f3rico Escolar do Curso Superior (c\u00f3pia autenticada ou c\u00f3pia com apresenta\u00e7\u00e3o do documento original);<\/p>\n<p>\u2013 Comprovante de resid\u00eancia (c\u00f3pia)<\/p>\n<p>\u2013 1 foto 3\u00d74<\/p>\n<p>\u2013 Comprovante de Pagamento da Taxa de Matr\u00edcula<\/p>\n<p>\u2013 Contrato Educacional assinado e disponibilizado na entrega da documenta\u00e7\u00e3o<\/p>\n<p><strong>LOCAL DE MATR\u00cdCULA<\/strong><\/p>\n<p>A matr\u00edcula poder\u00e1 ser efetivada com nossa equipe de consultores de segunda a sexta-feira, das 8h \u00e0s 12h e das 13h \u00e0s 17h e aos s\u00e1bados das 08h \u00e0s 12h.<\/p>\n<p><strong>Para mais informa\u00e7\u00f5es:\u00a0<\/strong>(85) 98832-7305 ou\u00a0<a href=\"mailto:jf@jfservicoseducacionais.com.br\">jf@jfservicoseducacionais.com.br<\/a><\/p>\n<p><strong>INVESTIMENTO:<\/strong><\/p>\n<p>Matr\u00edcula de R$ 150,00 (cento e cinquenta reais) \u00e0 vista ou R$ 160,00 (cento e sessenta reais) no cart\u00e3o de cr\u00e9dito e 22 mensalidades de R$ 698,00 (seiscentos e noventa e oito reais).<\/p>\n<p><strong>Op\u00e7\u00f5es de Planos das mensalidades com desconto:<\/strong><\/p>\n<p><strong>30% de desconto para Grupo de 05 (cinco) alunos:\u00a0<\/strong>22 Parcelas de R$ 488,60 (at\u00e9 a data de vencimento)*<br \/>\n*ap\u00f3s o vencimento a mensalidade volta ao valor normal acrescida de multa e juros.<\/p>\n<p><strong>20% de desconto para Grupo de 03 (tr\u00eas) alunos:\u00a0<\/strong>22 Parcelas de R$ 558,40 (at\u00e9 a data de vencimento)*<br \/>\n*ap\u00f3s o vencimento a parcela volta ao valor normal acrescido de multa e juros.<\/p>\n<p><strong>Obs\u00b9:\u00a0<\/strong>Para ter o desconto concedido, o respons\u00e1vel pelo grupo dever\u00e1 informar o nome completo, telefone e e-mail de todos da sua turma e apresentar o comprovante de transfer\u00eancia do valor referente a matr\u00edcula via whastapp ou e-mail.<\/p>\n<p><strong>Obs\u00b2:<\/strong>\u00a0O desconto n\u00e3o \u00e9 aplicado na taxa de matr\u00edcula. No caso de desist\u00eancia n\u00e3o h\u00e1 devolu\u00e7\u00e3o da taxa de matr\u00edcula.<\/p>\n<p><strong>Empresas e conselhos conveniados: Desconto especial<\/strong>*.<\/p>\n<p>*Entrar em contato com nosso time comercial.<\/p>\n<p><strong>DADOS BANC\u00c1RIOS<\/strong><\/p>\n<p><strong>Banco Inter<\/strong><\/p>\n<p><strong>Favorecido:<\/strong>\u00a0Julyana Gomes Freitas \u2013 ME<\/p>\n<p>E-mail: jffinanceiro2020@gmail.com <strong>(Chave PIX) = &gt; Enviar o comprovante pelo WhatsApp (85) 98832.7305<\/strong><\/p>\n<p><strong><u>B\u00d4NUS<\/u><\/strong><\/p>\n<ol>\n<li>Grupo fechado do WhatsApp com divulga\u00e7\u00e3o de protocolos e atualiza\u00e7\u00f5es do per\u00edodo e sorteio de vagas em eventos, livros, webinars, congressos e parcerias da JF Servi\u00e7os em Sa\u00fade;<\/li>\n<li>Stop The Bleed + Habilita\u00e7\u00e3o em Dispositivos Extragl\u00f3ticos;<\/li>\n<li>Resolu\u00e7\u00f5es de quest\u00f5es com gamifica\u00e7\u00f5es voltadas para concursos na \u00e1rea de Terapia Intensiva;<\/li>\n<li>Workshop: Como empreender em Home Care?<\/li>\n<\/ol>\n<p><strong><u>OBSERVA\u00c7\u00d5ES IMPORTANTES:<\/u><\/strong><\/p>\n<ol>\n<li>A partir da Resolu\u00e7\u00e3o <a href=\"https:\/\/blog-static.infra.grancursosonline.com.br\/wp-content\/uploads\/2021\/05\/24143909\/CNE_CES_01.pdf\">CNE\/CES 01 de 06\/04\/2018<\/a> o TCC \u2013 Trabalho de Conclus\u00e3o de Curso tornou-se opcional na p\u00f3s-gradua\u00e7\u00e3o <em>lato-sensu<\/em> para que esses programas pudessem se destinar integralmente ao seu principal objetivo: capacitar indiv\u00edduos de maneira pr\u00e1tica, em uma determinada \u00e1rea de atua\u00e7\u00e3o. Dessa forma, nossa grade n\u00e3o contempla o referido trabalho. Aqueles alunos que desejarem, poder\u00e3o entrar em contato com a JF Servi\u00e7os em Sa\u00fade e solicitar a inclus\u00e3o na grade, de forma que passar\u00e1 por uma an\u00e1lise da coordena\u00e7\u00e3o, sendo assim acertado um valor adicional, de total responsabilidade do aluno.<\/li>\n<li>O cronograma est\u00e1 sujeito a altera\u00e7\u00f5es nas datas, como tamb\u00e9m a grade de facilitadores.<\/li>\n<li>O <strong>Est\u00e1gio Supervisionado <\/strong>est\u00e1 condicionado a libera\u00e7\u00e3o por parte das Institui\u00e7\u00f5es parceiras. No caso da n\u00e3o disponibilidade da institui\u00e7\u00f5es, as atividades poder\u00e3o ser transformadas em Simula\u00e7\u00e3o Cl\u00ednica com assuntos diretamente relacionados ao Campo de Est\u00e1gio.<\/li>\n<\/ol>\n","protected":false},"excerpt":{"rendered":"<p><strong>TURMA 08<\/strong><\/p>\n<p><strong>OBJETIVO:<\/strong> Desenvolver o potencial humano no campo das pr\u00e1ticas em cuidados de emerg\u00eancia e terapia intensiva, formando profissionais diferenciados e capazes de executar a assist\u00eancia de enfermagem com responsabilidade social e excel\u00eancia em salvar vidas.<\/p>\n<p><strong>P\u00daBLICO-ALVO:<\/strong> Graduado em Enfermagem.<\/p>\n","protected":false},"featured_media":11083,"comment_status":"open","ping_status":"closed","template":"","meta":{"_acf_changed":false},"product_brand":[],"product_cat":[153],"product_tag":[],"class_list":{"0":"post-11082","1":"product","2":"type-product","3":"status-publish","4":"has-post-thumbnail","6":"product_cat-pos-graduacao-realizados","8":"first","9":"instock","10":"downloadable","11":"virtual","12":"purchasable","13":"product-type-simple"},"acf":[],"_links":{"self":[{"href":"https:\/\/jfsimulacaosaude.com.br\/site\/wp-json\/wp\/v2\/product\/11082","targetHints":{"allow":["GET"]}}],"collection":[{"href":"https:\/\/jfsimulacaosaude.com.br\/site\/wp-json\/wp\/v2\/product"}],"about":[{"href":"https:\/\/jfsimulacaosaude.com.br\/site\/wp-json\/wp\/v2\/types\/product"}],"replies":[{"embeddable":true,"href":"https:\/\/jfsimulacaosaude.com.br\/site\/wp-json\/wp\/v2\/comments?post=11082"}],"wp:featuredmedia":[{"embeddable":true,"href":"https:\/\/jfsimulacaosaude.com.br\/site\/wp-json\/wp\/v2\/media\/11083"}],"wp:attachment":[{"href":"https:\/\/jfsimulacaosaude.com.br\/site\/wp-json\/wp\/v2\/media?parent=11082"}],"wp:term":[{"taxonomy":"product_brand","embeddable":true,"href":"https:\/\/jfsimulacaosaude.com.br\/site\/wp-json\/wp\/v2\/product_brand?post=11082"},{"taxonomy":"product_cat","embeddable":true,"href":"https:\/\/jfsimulacaosaude.com.br\/site\/wp-json\/wp\/v2\/product_cat?post=11082"},{"taxonomy":"product_tag","embeddable":true,"href":"https:\/\/jfsimulacaosaude.com.br\/site\/wp-json\/wp\/v2\/product_tag?post=11082"}],"curies":[{"name":"wp","href":"https:\/\/api.w.org\/{rel}","templated":true}]}}