{"id":11079,"date":"2025-01-28T12:08:35","date_gmt":"2025-01-28T15:08:35","guid":{"rendered":"https:\/\/jfsimulacaosaude.com.br\/site\/?post_type=product&#038;p=11079"},"modified":"2025-03-15T17:01:28","modified_gmt":"2025-03-15T20:01:28","slug":"suporte-basico-de-vida","status":"publish","type":"product","link":"https:\/\/jfsimulacaosaude.com.br\/site\/produto\/suporte-basico-de-vida\/","title":{"rendered":"SBV &#8211; Suporte B\u00e1sico de Vida T01"},"content":{"rendered":"<p><b>Objetivos<\/b><\/p>\n<ul>\n<li>Reconhecer e responder adequadamente a situa\u00e7\u00f5es de emerg\u00eancias, incluindo parada respirat\u00f3ria, card\u00edaca e outras condi\u00e7\u00f5es cr\u00edticas;<\/li>\n<li>Realizar t\u00e9cnicas de Reanima\u00e7\u00e3o Cardiopulmonar (RCP) e uso de Desfibrilador Externo Autom\u00e1tico (DEA) de forma eficaz e segura;<\/li>\n<li>Prestar suporte imediato \u00e0 vida para situa\u00e7\u00f5es de engasgo;<\/li>\n<li>Utilizar equipamentos de Suporte B\u00e1sico de Vida, como dispositivos de barreira, oxigenoterapia, desfibrila\u00e7\u00e3o e outros dispositivos;<\/li>\n<li>Comunicar-se de forma eficaz com a v\u00edtima, familiares e equipe de resgate em situa\u00e7\u00f5es de emerg\u00eancia;<\/li>\n<li>Tomar decis\u00f5es assertivas e agir de forma r\u00e1pida e segura em situa\u00e7\u00f5es de emerg\u00eancia;<\/li>\n<\/ul>\n<p><strong>P\u00fablico-alvo:<\/strong><\/p>\n<p>Acad\u00eamicos de Enfermagem, Auxiliares\/T\u00e9cnicos de Enfermagem, Enfermeiros e demais profissionais\/estudantes da \u00e1rea da sa\u00fade.<\/p>\n<p><strong>Carga Hor\u00e1ria:<\/strong><\/p>\n<p>20h<\/p>\n<p><strong>Modalidade:\u00a0<\/strong>H\u00edbrida<\/p>\n<p>Conte\u00fado na plataforma online + conte\u00fado presencial com aulas pr\u00e1ticas atrav\u00e9s da metodologia PDRC (Pr\u00e1tica Deliberada em Ciclos R\u00e1pidos)<\/p>\n<p><strong>Metodologia:<\/strong><\/p>\n<p>Esta\u00e7\u00f5es pr\u00e1ticas simuladas com uso de simuladores de baixa e m\u00e9dia fidelidade;<\/p>\n<p>Simula\u00e7\u00e3o cl\u00ednica atrav\u00e9s da metodologia PDCR (Pr\u00e1tica Deliberada em Ciclos R\u00e1pidos).<\/p>\n<p><strong>Per\u00edodo:<\/strong><\/p>\n<p>15\/03\/2025 das 08h \u00e0s 17h. (S\u00e1bado)<\/p>\n<p><strong>Local de Realiza\u00e7\u00e3o:<\/strong><\/p>\n<p>Centro de Ensino e Simula\u00e7\u00e3o em Sa\u00fade \u2013 JF (Rua Ab\u00edlio Martins, 900, Parquel\u00e2ndia)<\/p>\n<p><strong>Certifica\u00e7\u00e3o:<\/strong><\/p>\n<p>Ser\u00e1 fornecido certificado de participa\u00e7\u00e3o para todos os alunos que completarem no m\u00ednimo 75% da carga hor\u00e1ria do curso.<\/p>\n<p><b>Conte\u00fado Program\u00e1tico<\/b><\/p>\n<ul>\n<li><strong>Avalia\u00e7\u00e3o Inicial da v\u00edtima<\/strong><br \/>\n\u2013 Parada Respirat\u00f3ria<br \/>\n<strong>Esta\u00e7\u00e3o pr\u00e1tica 1:<\/strong> T\u00e9cnicas e demonstra\u00e7\u00e3o de abertura das vias a\u00e9reas e oxigenoterapia.<br \/>\n\u2013 Parada Cardiorrespirat\u00f3ria<br \/>\n<strong>Esta\u00e7\u00e3o pr\u00e1tica simulada 2:<\/strong> simulador de reanima\u00e7\u00e3o cardiopulmonar e uso do Desfibrilador Externo Autom\u00e1tico (DEA);<br \/>\n<strong>Esta\u00e7\u00e3o pr\u00e1tica simulada 3:<\/strong> Desobstru\u00e7\u00e3o da via por corpo estranho (engasgo);<\/li>\n<\/ul>\n<p><strong>Coordenadora:<\/strong> Profa. Dra. Julyana Freitas<\/p>\n<p><strong>Facilitador:<\/strong> Prof. Victor Thierry Martins<\/p>\n<p>&#8211; Condutor Socorrista SAMU FORTALEZA<br \/>\n&#8211; Preceptor de SBV e Primeiros Socorros GWO (<em>Global Wind Organisation<\/em>)<br \/>\n&#8211; Preceptor STOP THE BLEED (<em>American College of Surgeons<\/em>)<br \/>\n&#8211; Facilitador do SUS ( CAAC-SUS )<\/p>\n<p><b>Investimento<\/b><\/p>\n<p>R$ 159,90 (cento e cinquenta e nove reais e noventa centavos)<\/p>\n<p><strong>ORIENTA\u00c7\u00d5ES GERAIS<\/strong><\/p>\n<p>CURSOS LIVRES<\/p>\n<ol>\n<li style=\"list-style-type: none\">\n<ol>\n<li>As inscri\u00e7\u00f5es ser\u00e3o realizadas at\u00e9 o \u00faltimo dia \u00fatil que antecede a data de in\u00edcio do curso, e se houver vaga. Caso a quantidade de pagantes ultrapasse o n\u00famero de vagas, o valor integral ser\u00e1 devolvido ao \u00faltimo participante inscrito;<\/li>\n<li>A realiza\u00e7\u00e3o do curso est\u00e1 sujeita a forma\u00e7\u00e3o de turma, com n\u00famero igual ou superior aos gastos estipulados pela empresa. A n\u00e3o forma\u00e7\u00e3o de turma est\u00e1 sujeita a devolu\u00e7\u00e3o do valor integral de da inscri\u00e7\u00e3o;<\/li>\n<li>A desist\u00eancia dever\u00e1 ser comunicada por e-mail (jf@jfservicoseducacionais.com.br) at\u00e9 72(setenta e duas) horas antes do in\u00edcio do curso. Ap\u00f3s esse prazo ser\u00e1 devolvido 70% (setenta por cento) do valor e ap\u00f3s o in\u00edcio do curso n\u00e3o h\u00e1 devolu\u00e7\u00e3o e\/ou estorno. No e-mail deve ser informado os dados banc\u00e1rios do aluno com o devido CPF e nome completo, e anexado o comprovante de pagamento para devolu\u00e7\u00e3o e\/ou estorno no caso de pagamento por meio de cart\u00e3o de cr\u00e9dito. A devolu\u00e7\u00e3o e\/ou estorno ser\u00e1 feita at\u00e9 3 (tr\u00eas) dias \u00fateis ap\u00f3s o recebimento do e-mail.<\/li>\n<li><b>DIREITO AO USO DA IMAGEM<\/b><b>\u00a0\u2013\u00a0<\/b>O(A)<b>\u00a0inscrito(a)\u00a0<\/b>cede expressa e gratuitamente ao Centro de Ensino e Simula\u00e7\u00e3o em Sa\u00fade \u2013 JF o direito de uso de sua imagem ou do benefici\u00e1rio (Aluno) pelo qual \u00e9 respons\u00e1vel legal, para figurar, individual ou coletivamente, em campanhas institucionais ou publicit\u00e1rias do Centro de Ensino e Simula\u00e7\u00e3o em Sa\u00fade \u2013 JF, para todos os efeitos legais, observada a moral e os bons costumes.<\/li>\n<\/ol>\n<p>ORIENTA\u00c7\u00d5ES ESPEC\u00cdFICAS<\/p>\n<ol>\n<li>As aulas EAD (www.eadjf.com.br) ficar\u00e3o dispon\u00edveis no per\u00edodo de realiza\u00e7\u00e3o do curso, bem como as aulas remotas que ser\u00e3o enviadas (link privado), se for o caso, para o e-mail cadastrado de cada aluno inscrito, sabendo que n\u00e3o \u00e9 permitido compartilhar este conte\u00fado a terceiros;<\/li>\n<li>Para o recebimento do certificado, \u00e9 necess\u00e1rio a participa\u00e7\u00e3o m\u00ednima em 75% das aulas remotas, presenciais e EAD.<\/li>\n<\/ol>\n<\/li>\n<\/ol>\n<p>&nbsp;<\/p>\n<p><strong>Dra. Julyana Freitas<br \/>\n<\/strong>Dire\u00e7\u00e3o Geral<\/p>\n","protected":false},"excerpt":{"rendered":"<p><strong>Per\u00edodo:<\/strong><\/p>\n<p>15\/03\/2025 das 08h \u00e0s 17h. (S\u00e1bado)<\/p>\n<p><strong>Local de Realiza\u00e7\u00e3o:<\/strong><\/p>\n<p>Centro de Ensino e Simula\u00e7\u00e3o em Sa\u00fade \u2013 JF (Rua Ab\u00edlio Martins, 900, Parquel\u00e2ndia)<\/p>\n","protected":false},"featured_media":11080,"comment_status":"open","ping_status":"closed","template":"","meta":{"_acf_changed":false},"product_brand":[],"product_cat":[146],"product_tag":[],"class_list":{"0":"post-11079","1":"product","2":"type-product","3":"status-publish","4":"has-post-thumbnail","6":"product_cat-livre-realizados","8":"first","9":"instock","10":"downloadable","11":"virtual","12":"purchasable","13":"product-type-simple"},"acf":[],"_links":{"self":[{"href":"https:\/\/jfsimulacaosaude.com.br\/site\/wp-json\/wp\/v2\/product\/11079","targetHints":{"allow":["GET"]}}],"collection":[{"href":"https:\/\/jfsimulacaosaude.com.br\/site\/wp-json\/wp\/v2\/product"}],"about":[{"href":"https:\/\/jfsimulacaosaude.com.br\/site\/wp-json\/wp\/v2\/types\/product"}],"replies":[{"embeddable":true,"href":"https:\/\/jfsimulacaosaude.com.br\/site\/wp-json\/wp\/v2\/comments?post=11079"}],"wp:featuredmedia":[{"embeddable":true,"href":"https:\/\/jfsimulacaosaude.com.br\/site\/wp-json\/wp\/v2\/media\/11080"}],"wp:attachment":[{"href":"https:\/\/jfsimulacaosaude.com.br\/site\/wp-json\/wp\/v2\/media?parent=11079"}],"wp:term":[{"taxonomy":"product_brand","embeddable":true,"href":"https:\/\/jfsimulacaosaude.com.br\/site\/wp-json\/wp\/v2\/product_brand?post=11079"},{"taxonomy":"product_cat","embeddable":true,"href":"https:\/\/jfsimulacaosaude.com.br\/site\/wp-json\/wp\/v2\/product_cat?post=11079"},{"taxonomy":"product_tag","embeddable":true,"href":"https:\/\/jfsimulacaosaude.com.br\/site\/wp-json\/wp\/v2\/product_tag?post=11079"}],"curies":[{"name":"wp","href":"https:\/\/api.w.org\/{rel}","templated":true}]}}