{"id":11063,"date":"2024-12-20T09:27:03","date_gmt":"2024-12-20T12:27:03","guid":{"rendered":"https:\/\/jfsimulacaosaude.com.br\/site\/?post_type=product&#038;p=11063"},"modified":"2025-02-21T15:05:10","modified_gmt":"2025-02-21T18:05:10","slug":"ii-cinema-pipoca-e-emergencia","status":"publish","type":"product","link":"https:\/\/jfsimulacaosaude.com.br\/site\/produto\/ii-cinema-pipoca-e-emergencia\/","title":{"rendered":"II Cinema, Pipoca e Emerg\u00eancia"},"content":{"rendered":"<p><img decoding=\"async\" class=\"wp-image-11065 size-medium alignleft\" src=\"https:\/\/jfsimulacaosaude.com.br\/site\/wp-content\/uploads\/2024\/12\/IICinema.2f5f063bece041c89a5b-300x120.webp\" alt=\"\" width=\"300\" height=\"120\" srcset=\"https:\/\/jfsimulacaosaude.com.br\/site\/wp-content\/uploads\/2024\/12\/IICinema.2f5f063bece041c89a5b-300x120.webp 300w, https:\/\/jfsimulacaosaude.com.br\/site\/wp-content\/uploads\/2024\/12\/IICinema.2f5f063bece041c89a5b-600x240.webp 600w, https:\/\/jfsimulacaosaude.com.br\/site\/wp-content\/uploads\/2024\/12\/IICinema.2f5f063bece041c89a5b-1024x410.webp 1024w, https:\/\/jfsimulacaosaude.com.br\/site\/wp-content\/uploads\/2024\/12\/IICinema.2f5f063bece041c89a5b-768x307.webp 768w, https:\/\/jfsimulacaosaude.com.br\/site\/wp-content\/uploads\/2024\/12\/IICinema.2f5f063bece041c89a5b.webp 1100w\" sizes=\"(max-width: 300px) 100vw, 300px\" \/><\/p>\n<p><b>II CINEMA, PIPOCA E EMERG\u00caNCIA<\/b><\/p>\n<p><b>Data:<\/b> 15 de fevereiro de 2025<\/p>\n<p><b>Hor\u00e1rio:<\/b>\u00a08h30 \u00e0s 12h<\/p>\n<p><b>Local:\u00a0<\/b>Cine Del Paseo &#8211; SALA 01<\/p>\n<p><b>Endere\u00e7o:\u00a0<\/b>Av. Santos Dumont, 3131 &#8211; L3 &#8211; Aldeota, Fortaleza &#8211; CE, 60150-162<\/p>\n<p><b><i>Os inscritos ter\u00e3o direito a um combo (Pipoca + Refrigerante).<\/i><\/b><\/p>\n<p><a href=\"https:\/\/www.even3.com.br\/ii-cinema-pipoca-e-emergencia-517142\"><strong>&gt;&gt;&gt;&gt;&gt;ADQUIRA SEU INGRESSO &#8211; CLIQUE AQUI&lt;&lt;&lt;&lt;&lt;<\/strong><\/a><\/p>\n<p><b>TEM\u00c1TICAS DOS TEASERS<\/b><\/p>\n<p><b>EPIS\u00d3DIO I:\u00a0<\/b>Assumi o Plant\u00e3o!\u00a0 E Agora? Parada Cardiorrespirat\u00f3ria (PCR) na pr\u00e1tica<\/p>\n<p><b>Facilitadora:<\/b>\u00a0Profa. Dra. Julyana Freitas. Enfermeira pela Universidade Federal do Cear\u00e1 (2008). Mestrado e Doutorado pela Universidade Federal do Cear\u00e1 (2011\/2013). Especialista em Urg\u00eancia e Emerg\u00eancia pela ESP (Escola de Sa\u00fade P\u00fablica (2013). Docente da Universidade de Fortaleza (UNIFOR) (2013\/2024). Enfermeira Emergencista Hospital Instituto Dr. Jos\u00e9 Frota (Atual)CEO do Centro de Ensino e Simula\u00e7\u00e3o em Sa\u00fade JF (2018\/atual). Especialista em Simula\u00e7\u00e3o Cl\u00ednica da Escola de Sa\u00fade P\u00fablica (ESP\/CE) (2021\/ atual).<\/p>\n<p><b>EPIS\u00d3DIO II:<\/b>\u00a0Assumi o Plant\u00e3o!\u00a0 E Agora? Infarto Agudo do Mioc\u00e1rdio (IAM) na Pr\u00e1tica<\/p>\n<p><b>Facilitador: Dr. <\/b>Mattaus Muniz<\/p>\n<p>&#8211; M\u00e9dico formado pela UNIVERSIDADE DE FORTALEZA<br \/>\n&#8211; Especialista em Medicina de Emerg\u00eancia pelo Instituto Dr. Jos\u00e9 Frota<br \/>\n&#8211; \u2060Preceptor da Resid\u00eancia de Medicina de Emerg\u00eancia do Cear\u00e1<br \/>\n&#8211; \u2060Preceptor do internato de medicina da UNIVERSIDADE DE FORTALEZA<br \/>\n&#8211; M\u00e9dico plantonista do Hospital do Cora\u00e7\u00e3o de Messejana e do Instituto Dr. Jos\u00e9 Frota<\/p>\n<p><b>EPIS\u00d3DIO III:<\/b>\u00a0Assumi o Plant\u00e3o!\u00a0 E Agora? Eletrocardiograma na Pr\u00e1tica<\/p>\n<p><b>Facilitador:\u00a0<\/b>Dr. Jobert Mitson.<\/p>\n<p>\u2022 CRM: 16936-CE<\/p>\n<p>\u2022 RQE: 11370<\/p>\n<p>\u2022 M\u00e9dico Emergencista Titulado pela ABRAMEDE<\/p>\n<p>\u2022 Preceptor da resid\u00eancia de medicina de emerg\u00eancia da Escola de Sa\u00fade Publica do Cear\u00e1 &#8211; CE e Instituto Jos\u00e9 Frota \u2013 CE<\/p>\n<p>\u2022 Coordenador do Eixo Vermelho do Hospital Geral de Fortaleza<\/p>\n<p>\u2022 CEO do Eletro Agora<\/p>\n<p>\u2022 CEO da p\u00e1gina Cen\u00e1rios de Eletro<\/p>\n<p><b>CATEGORIA DO EVENTO:\u00a0<\/b>CURSOS LIVRES<\/p>\n<p><b>ORIENTA\u00c7\u00d5ES GERAIS<\/b><\/p>\n<p>As inscri\u00e7\u00f5es ser\u00e3o realizadas at\u00e9 o \u00faltimo dia \u00fatil que antecede a data de in\u00edcio do evento, e se houver vaga. Caso a quantidade de pagantes ultrapasse o n\u00famero de vagas, o valor integral ser\u00e1 devolvido ao \u00faltimo participante inscrito;<\/p>\n<p>A realiza\u00e7\u00e3o do evento est\u00e1 sujeita a forma\u00e7\u00e3o de turma, com n\u00famero igual ou superior aos gastos estipulados pela empresa. A n\u00e3o forma\u00e7\u00e3o de turma est\u00e1 sujeita a devolu\u00e7\u00e3o do valor integral de da inscri\u00e7\u00e3o;<\/p>\n<p>A desist\u00eancia dever\u00e1 ser comunicada por e-mail (jf@jfservicoseducacionais.com.br) at\u00e9 72(setenta e duas) horas antes do in\u00edcio do curso. Ap\u00f3s esse prazo ser\u00e1 devolvido 70% (setenta por cento) do valor e ap\u00f3s o in\u00edcio do curso n\u00e3o h\u00e1 devolu\u00e7\u00e3o e\/ou estorno. No e-mail deve ser informado os dados banc\u00e1rios do aluno com o devido CPF e nome completo, e anexado o comprovante de pagamento para devolu\u00e7\u00e3o e\/ou estorno no caso de pagamento por meio de cart\u00e3o de cr\u00e9dito. A devolu\u00e7\u00e3o e\/ou estorno ser\u00e1 feita at\u00e9 3 (tr\u00eas) dias \u00fateis ap\u00f3s o recebimento do e-mail.<\/p>\n<p>&nbsp;<\/p>\n","protected":false},"excerpt":{"rendered":"<p><b><img decoding=\"async\" class=\"wp-image-11065 size-medium alignleft\" src=\"https:\/\/jfsimulacaosaude.com.br\/site\/wp-content\/uploads\/2024\/12\/IICinema.2f5f063bece041c89a5b-300x120.webp\" alt=\"\" width=\"300\" height=\"120\" srcset=\"https:\/\/jfsimulacaosaude.com.br\/site\/wp-content\/uploads\/2024\/12\/IICinema.2f5f063bece041c89a5b-300x120.webp 300w, https:\/\/jfsimulacaosaude.com.br\/site\/wp-content\/uploads\/2024\/12\/IICinema.2f5f063bece041c89a5b-600x240.webp 600w, https:\/\/jfsimulacaosaude.com.br\/site\/wp-content\/uploads\/2024\/12\/IICinema.2f5f063bece041c89a5b-1024x410.webp 1024w, https:\/\/jfsimulacaosaude.com.br\/site\/wp-content\/uploads\/2024\/12\/IICinema.2f5f063bece041c89a5b-768x307.webp 768w, https:\/\/jfsimulacaosaude.com.br\/site\/wp-content\/uploads\/2024\/12\/IICinema.2f5f063bece041c89a5b.webp 1100w\" sizes=\"(max-width: 300px) 100vw, 300px\" \/>II CINEMA, PIPOCA E EMERG\u00caNCIA<\/b><\/p>\n<p><b>Data:<\/b> 15 de fevereiro de 2025<\/p>\n<p><b>Hor\u00e1rio:<\/b>\u00a08h30 \u00e0s 12h<\/p>\n<p><b>Local:\u00a0<\/b>Cine Del Paseo<\/p>\n<p><b>Endere\u00e7o:\u00a0<\/b>Av. Santos Dumont, 3131 &#8211; L3 &#8211; Aldeota, Fortaleza &#8211; CE, 60150-162<\/p>\n<p><b><i>Os inscritos ter\u00e3o direito a um combo (Pipoca + Refrigerante).<\/i><\/b><\/p>\n<p><a href=\"https:\/\/www.even3.com.br\/ii-cinema-pipoca-e-emergencia-517142\/\"><strong>&gt;&gt;&gt;&gt;&gt;ADQUIRA SEU INGRESSO &#8211; CLIQUE AQUI&lt;&lt;&lt;&lt;&lt;<\/strong><\/a><\/p>\n","protected":false},"featured_media":11069,"comment_status":"open","ping_status":"closed","template":"","meta":{"_acf_changed":false},"product_brand":[],"product_cat":[146],"product_tag":[],"class_list":{"0":"post-11063","1":"product","2":"type-product","3":"status-publish","4":"has-post-thumbnail","6":"product_cat-livre-realizados","8":"first","9":"instock","10":"downloadable","11":"shipping-taxable","12":"product-type-simple"},"acf":[],"_links":{"self":[{"href":"https:\/\/jfsimulacaosaude.com.br\/site\/wp-json\/wp\/v2\/product\/11063","targetHints":{"allow":["GET"]}}],"collection":[{"href":"https:\/\/jfsimulacaosaude.com.br\/site\/wp-json\/wp\/v2\/product"}],"about":[{"href":"https:\/\/jfsimulacaosaude.com.br\/site\/wp-json\/wp\/v2\/types\/product"}],"replies":[{"embeddable":true,"href":"https:\/\/jfsimulacaosaude.com.br\/site\/wp-json\/wp\/v2\/comments?post=11063"}],"wp:featuredmedia":[{"embeddable":true,"href":"https:\/\/jfsimulacaosaude.com.br\/site\/wp-json\/wp\/v2\/media\/11069"}],"wp:attachment":[{"href":"https:\/\/jfsimulacaosaude.com.br\/site\/wp-json\/wp\/v2\/media?parent=11063"}],"wp:term":[{"taxonomy":"product_brand","embeddable":true,"href":"https:\/\/jfsimulacaosaude.com.br\/site\/wp-json\/wp\/v2\/product_brand?post=11063"},{"taxonomy":"product_cat","embeddable":true,"href":"https:\/\/jfsimulacaosaude.com.br\/site\/wp-json\/wp\/v2\/product_cat?post=11063"},{"taxonomy":"product_tag","embeddable":true,"href":"https:\/\/jfsimulacaosaude.com.br\/site\/wp-json\/wp\/v2\/product_tag?post=11063"}],"curies":[{"name":"wp","href":"https:\/\/api.w.org\/{rel}","templated":true}]}}