{"id":11039,"date":"2024-11-20T09:49:22","date_gmt":"2024-11-20T12:49:22","guid":{"rendered":"https:\/\/jfsimulacaosaude.com.br\/site\/?post_type=product&#038;p=11039"},"modified":"2025-01-21T12:10:37","modified_gmt":"2025-01-21T15:10:37","slug":"alta-performance-em-hipodermoclise-t4","status":"publish","type":"product","link":"https:\/\/jfsimulacaosaude.com.br\/site\/produto\/alta-performance-em-hipodermoclise-t4\/","title":{"rendered":"Alta Performance em Hipoderm\u00f3clise &#8211; T4"},"content":{"rendered":"<p><b>Sobre o Curso<\/b><\/p>\n<p>O curso ser\u00e1 realizado atrav\u00e9s de aulas te\u00f3ricas com esta\u00e7\u00f5es pr\u00e1ticas, e as quest\u00f5es de seguran\u00e7a para realiza\u00e7\u00e3o dos procedimentos, debates e discuss\u00f5es sobre casos possibilitando esclarecimento de d\u00favidas e intera\u00e7\u00e3o com os participantes. Os participantes poder\u00e3o realizar as atividades pr\u00e1ticas com base no conte\u00fado te\u00f3rico abordado durante todo o curso. Tamb\u00e9m ser\u00e1 feita a aplica\u00e7\u00e3o de tecnologias educativas como forma de fixar todo o conte\u00fado abordado no curso. Durante a realiza\u00e7\u00e3o do curso, ser\u00e3o respeitadas as medidas de seguran\u00e7a e distanciamento social preconizadas pelos \u00f3rg\u00e3os de sa\u00fade local e nacional.<\/p>\n<p>Os participantes ir\u00e3o adquirir conhecimentos e habilidades para se tornarem profissionais como empatia, \u00e9tica, lideran\u00e7a, confian\u00e7a, criatividade, responsabilidade e autonomia durante o exerc\u00edcio de sua profiss\u00e3o, da mesma forma tamb\u00e9m sair\u00e3o do curso com uma capacita\u00e7\u00e3o te\u00f3rica pr\u00e1tica de excel\u00eancia.<\/p>\n<p><b>Objetivo<\/b><\/p>\n<ul>\n<li>Adquirir conhecimento sobre o uso adequado da pr\u00e1tica na hipoderm\u00f3clise;<\/li>\n<li>Identificar situa\u00e7\u00f5es cl\u00ednicas que possam beneficiar o uso desta via de administra\u00e7\u00e3o;<\/li>\n<li>Conhecer os locais indicados para a realiza\u00e7\u00e3o hipoderm\u00f3clise;<\/li>\n<li>Conhecer o volume ideal para cada local administrado;<\/li>\n<li>Compreender a anatomia e fisiologia da via subcut\u00e2nea;<\/li>\n<li>Conhecer os principais f\u00e1rmacos utilizados na hipoderm\u00f3clise;<\/li>\n<li>Conhecer os dispositivos utilizados na hipoderm\u00f3clise;<\/li>\n<li>Aprender a manusear os dispositivos na pun\u00e7\u00e3o;<\/li>\n<li>Aprender t\u00e9cnicas voltadas para realiza\u00e7\u00e3o da hipoderm\u00f3clise;<\/li>\n<li>Conhecer as indica\u00e7\u00f5es e contraindica\u00e7\u00f5es;<\/li>\n<li>Realizar os cuidados de enfermagem durante a realiza\u00e7\u00e3o do procedimento;<\/li>\n<li>Desenvolver habilidades espec\u00edficas para a alta performance e boas pr\u00e1ticas na hipoderm\u00f3clise;<\/li>\n<li>Utilizar tecnologia educativa para avalia\u00e7\u00e3o do aprendizado sobre o conte\u00fado abordado;<\/li>\n<\/ul>\n<p><b>Conte\u00fado Program\u00e1tico<\/b><\/p>\n<ol>\n<li>Regulamenta\u00e7\u00e3o do COFEN sobre a hipoderm\u00f3clise;<\/li>\n<li>Anatomia e fisiologia da via subcut\u00e2nea;<\/li>\n<li>Uso da via subcut\u00e2nea;<\/li>\n<li>Indica\u00e7\u00e3o e contra indica\u00e7\u00e3o;<\/li>\n<li>Vantagens e desvantagens;<\/li>\n<li>Locais de pun\u00e7\u00e3o;<\/li>\n<li>Dispositivos utilizados;\n<ul>\n<li>Scalp (cateter agulhado\/ dispositivo r\u00edgido).<\/li>\n<li>Jelco\/ abocath (cateter flex\u00edvel);<\/li>\n<\/ul>\n<\/li>\n<li>Medica\u00e7\u00f5es utilizadas;<\/li>\n<li>Cuidados e manuten\u00e7\u00e3o;<\/li>\n<li>Poss\u00edveis complica\u00e7\u00f5es;<\/li>\n<li>Esta\u00e7\u00f5es pr\u00e1ticas e simuladas de hipoderm\u00f3clise;<\/li>\n<\/ol>\n<p><strong>Facilitador<\/strong><\/p>\n<p><strong>Coordenadora:<\/strong>\u00a0Profa. Dra. Julyana Freitas.<\/p>\n<p><strong>Facilitador:<\/strong>\u00a0Enf.\u00ba Ac\u00e1ssio Ferreira de Holanda<\/p>\n<p>Graduado em Enfermagem pelo Centro Universit\u00e1rio Est\u00e1cio do Cear\u00e1. Qualifica\u00e7\u00e3o em acessos vasculares na Fran\u00e7a. Especialista em\u00a0 Urg\u00eancia e Emerg\u00eancia pela JF Centro de Ensino e Simula\u00e7\u00e3o em Sa\u00fade. Especialista em Acessos Vasculares e Terapia Infusional pelo Hospital Israelita de Ensino e Pesquisa Albert Einstein. Pesquisador com \u00eanfase nas linhas de pesquisas na \u00e1rea de tecnologias educacionais para enfermagem, constru\u00e7\u00e3o e valida\u00e7\u00e3o de tecnologias educacionais.<\/p>\n<p><b>Investimento<\/b><\/p>\n<p>R$ 269,00 (Duzentos e sessenta e nove reais)<\/p>\n<p><strong>AO FINAL DO CURSO O ALUNO TER\u00c1 SIDO CAPACITADO PARA:<\/strong><strong>\u00a0<\/strong><\/p>\n<ul>\n<li>Desenvolver habilidades espec\u00edficas para a alta performance e boas pr\u00e1ticas de hipoderm\u00f3clise.<\/li>\n<li>Manusear os dispositivos utilizados na pun\u00e7\u00e3o de hipoderm\u00f3clise;<\/li>\n<li>Prevenir complica\u00e7\u00f5es voltadas para a hipoderm\u00f3clise;<\/li>\n<li>Atuar nas \u00e1reas de preven\u00e7\u00e3o de doen\u00e7as, tratamento e reabilita\u00e7\u00e3o no processo sa\u00fade, prestando assist\u00eancia integral ao cliente\/ paciente;<\/li>\n<li>Estudar de maneira adequada e com rotina de modo a estarem aptos a atualiza\u00e7\u00e3o necess\u00e1ria e constante;<\/li>\n<li>Desenvolver habilidades espec\u00edficas para a alta performance e boas pr\u00e1ticas de hipoderm\u00f3clise.<\/li>\n<\/ul>\n<p><strong>ORIENTA\u00c7\u00d5ES GERAIS<\/strong><\/p>\n<p>CURSOS LIVRES<\/p>\n<ol>\n<li>\n<ol>\n<li>As inscri\u00e7\u00f5es ser\u00e3o realizadas at\u00e9 o \u00faltimo dia \u00fatil que antecede a data de in\u00edcio do curso, e se houver vaga. Caso a quantidade de pagantes ultrapasse o n\u00famero de vagas, o valor integral ser\u00e1 devolvido ao \u00faltimo participante inscrito;<\/li>\n<li>A realiza\u00e7\u00e3o do curso est\u00e1 sujeita a forma\u00e7\u00e3o de turma, com n\u00famero igual ou superior aos gastos estipulados pela empresa. A n\u00e3o forma\u00e7\u00e3o de turma est\u00e1 sujeita a devolu\u00e7\u00e3o do valor integral de da inscri\u00e7\u00e3o;<\/li>\n<li>A desist\u00eancia dever\u00e1 ser comunicada por e-mail (jf@jfservicoseducacionais.com.br) at\u00e9 72(setenta e duas) horas antes do in\u00edcio do curso. Ap\u00f3s esse prazo ser\u00e1 devolvido 70% (setenta por cento) do valor e ap\u00f3s o in\u00edcio do curso n\u00e3o h\u00e1 devolu\u00e7\u00e3o e\/ou estorno. No e-mail deve ser informado os dados banc\u00e1rios do aluno com o devido CPF e nome completo, e anexado o comprovante de pagamento para devolu\u00e7\u00e3o e\/ou estorno no caso de pagamento por meio de cart\u00e3o de cr\u00e9dito. A devolu\u00e7\u00e3o e\/ou estorno ser\u00e1 feita at\u00e9 3 (tr\u00eas) dias \u00fateis ap\u00f3s o recebimento do e-mail.<\/li>\n<li><b>DIREITO AO USO DA IMAGEM<\/b><b>\u00a0\u2013\u00a0<\/b>O(A)<b>\u00a0inscrito(a)\u00a0<\/b>cede expressa e gratuitamente ao Centro de Ensino e Simula\u00e7\u00e3o em Sa\u00fade \u2013 JF o direito de uso de sua imagem ou do benefici\u00e1rio (Aluno) pelo qual \u00e9 respons\u00e1vel legal, para figurar, individual ou coletivamente, em campanhas institucionais ou publicit\u00e1rias do Centro de Ensino e Simula\u00e7\u00e3o em Sa\u00fade \u2013 JF, para todos os efeitos legais, observada a moral e os bons costumes.<\/li>\n<\/ol>\n<p>ORIENTA\u00c7\u00d5ES ESPEC\u00cdFICAS<\/p>\n<ol>\n<li>As aulas EAD (www.eadjf.com.br) ficar\u00e3o dispon\u00edveis no per\u00edodo de realiza\u00e7\u00e3o do curso, bem como as aulas remotas que ser\u00e3o enviadas (link privado), se for o caso, para o e-mail cadastrado de cada aluno inscrito, sabendo que n\u00e3o \u00e9 permitido compartilhar este conte\u00fado a terceiros;<\/li>\n<li>Para o recebimento do certificado, \u00e9 necess\u00e1rio a participa\u00e7\u00e3o m\u00ednima em 75% das aulas remotas, presenciais e EAD.<\/li>\n<\/ol>\n<\/li>\n<\/ol>\n<p>&nbsp;<\/p>\n<p><strong>Dra. Julyana Freitas<br \/>\n<\/strong>Dire\u00e7\u00e3o Geral<\/p>\n","protected":false},"excerpt":{"rendered":"<p><strong>Data: <\/strong>17 de janeiro de 2025 (sexta-feira) das 08 \u00e0s 17h no Centro de Simula\u00e7\u00e3o JF.<\/p>\n<p><strong>Endere\u00e7o:\u00a0<\/strong>Rua Ab\u00edlio Martins n\u00ba 900, Parquel\u00e2ndia.<\/p>\n<p><strong>P\u00fablico-alvo:<\/strong>\u00a0Acad\u00eamicos da sa\u00fade e profissionais de sa\u00fade (enfermagem, medicina, farm\u00e1cia, biomedicina e odontologia)<\/p>\n<p><strong>Modalidade:<\/strong> H\u00edbrido<\/p>\n<p><strong>Carga-hor\u00e1ria:<\/strong>\u00a020h\/a<\/p>\n<p><strong>Investimento:\u00a0<\/strong>R$: 269,00 (duzentos e sessenta e nove reais).<\/p>\n<p><strong>Certificado:<\/strong>\u00a0A certifica\u00e7\u00e3o ser\u00e1 concedida ao aluno que completar a carga hor\u00e1ria de no m\u00ednimo 75% do curso.<\/p>\n<p><strong>N\u00ba de alunos:\u00a0<\/strong>no m\u00ednimo 10 alunos e no m\u00e1ximo 20 alunos<\/p>\n","protected":false},"featured_media":11037,"comment_status":"open","ping_status":"closed","template":"","meta":{"_acf_changed":false},"product_brand":[],"product_cat":[146],"product_tag":[],"class_list":{"0":"post-11039","1":"product","2":"type-product","3":"status-publish","4":"has-post-thumbnail","6":"product_cat-livre-realizados","8":"first","9":"instock","10":"downloadable","11":"virtual","12":"purchasable","13":"product-type-simple"},"acf":[],"_links":{"self":[{"href":"https:\/\/jfsimulacaosaude.com.br\/site\/wp-json\/wp\/v2\/product\/11039","targetHints":{"allow":["GET"]}}],"collection":[{"href":"https:\/\/jfsimulacaosaude.com.br\/site\/wp-json\/wp\/v2\/product"}],"about":[{"href":"https:\/\/jfsimulacaosaude.com.br\/site\/wp-json\/wp\/v2\/types\/product"}],"replies":[{"embeddable":true,"href":"https:\/\/jfsimulacaosaude.com.br\/site\/wp-json\/wp\/v2\/comments?post=11039"}],"wp:featuredmedia":[{"embeddable":true,"href":"https:\/\/jfsimulacaosaude.com.br\/site\/wp-json\/wp\/v2\/media\/11037"}],"wp:attachment":[{"href":"https:\/\/jfsimulacaosaude.com.br\/site\/wp-json\/wp\/v2\/media?parent=11039"}],"wp:term":[{"taxonomy":"product_brand","embeddable":true,"href":"https:\/\/jfsimulacaosaude.com.br\/site\/wp-json\/wp\/v2\/product_brand?post=11039"},{"taxonomy":"product_cat","embeddable":true,"href":"https:\/\/jfsimulacaosaude.com.br\/site\/wp-json\/wp\/v2\/product_cat?post=11039"},{"taxonomy":"product_tag","embeddable":true,"href":"https:\/\/jfsimulacaosaude.com.br\/site\/wp-json\/wp\/v2\/product_tag?post=11039"}],"curies":[{"name":"wp","href":"https:\/\/api.w.org\/{rel}","templated":true}]}}