{"id":11035,"date":"2024-11-20T09:46:15","date_gmt":"2024-11-20T12:46:15","guid":{"rendered":"https:\/\/jfsimulacaosaude.com.br\/site\/?post_type=product&#038;p=11035"},"modified":"2025-01-21T12:09:35","modified_gmt":"2025-01-21T15:09:35","slug":"alta-performance-em-pratica-de-injetaveis-t10","status":"publish","type":"product","link":"https:\/\/jfsimulacaosaude.com.br\/site\/produto\/alta-performance-em-pratica-de-injetaveis-t10\/","title":{"rendered":"Alta Performance em Pr\u00e1tica de Injet\u00e1veis &#8211; T10"},"content":{"rendered":"<p><b>Turma: 10<\/b><\/p>\n<p><b>Sobre o Curso<\/b><\/p>\n<p>O curso ser\u00e1 realizado atrav\u00e9s de aulas te\u00f3ricas com esta\u00e7\u00f5es pr\u00e1ticas simuladas e quest\u00f5es de seguran\u00e7a para realiza\u00e7\u00e3o das pr\u00e1ticas de injet\u00e1veis, al\u00e9m de debates e discuss\u00f5es sobre casos cl\u00ednicos e viv\u00eancias pr\u00e1ticas dos participantes com em evid\u00eancias cient\u00edficas nacionais e internacionais atuais. Ser\u00e3o utilizadas tecnologias educativas para otimizar o processo de ensino-aprendizagem na tem\u00e1tica.<\/p>\n<p>Os participantes ir\u00e3o adquirir conhecimentos e habilidades para se tornarem profissionais como empatia, \u00e9tica, lideran\u00e7a, confian\u00e7a, criatividade, responsabilidade e autonomia durante o exerc\u00edcio de sua profiss\u00e3o, da mesma forma tamb\u00e9m sair\u00e3o do curso com uma capacita\u00e7\u00e3o te\u00f3rica pr\u00e1tica de excel\u00eancia.<\/p>\n<p><b>Objetivo<\/b><\/p>\n<p>Proporcionar ao aluno conhecimento e a experi\u00eancia necess\u00e1ria para impulsionar e qualificar sua carreira profissional para o mercado de trabalho, tendo quatro bases fundamentais: compet\u00eancia, qualidade, colabora\u00e7\u00e3o e aprendizado.<\/p>\n<p><b>Objetivos Espec\u00edficos<\/b><\/p>\n<ul>\n<li>Desenvolver habilidades espec\u00edficas para alta performance e boas pr\u00e1ticas de injet\u00e1veis;<\/li>\n<li>Compreender fisiologia da anatomia vascular e sistema circulat\u00f3rio;<\/li>\n<li>Conhecer os locais indicados para a realiza\u00e7\u00e3o dos injet\u00e1veis;<\/li>\n<li>Conhecer e manusear os dispositivos voltados para as pr\u00e1ticas de injet\u00e1veis;<\/li>\n<li>Conhecer as indica\u00e7\u00f5es e contraindica\u00e7\u00f5es das pr\u00e1ticas de injet\u00e1veis com \u00eanfase na pun\u00e7\u00e3o perif\u00e9rica;<\/li>\n<li>Utilizar tecnologia educativa para avalia\u00e7\u00e3o do aprendizado sobre o conte\u00fado abordado;<\/li>\n<\/ul>\n<p><b>Conte\u00fado Program\u00e1tico<\/b><\/p>\n<ol>\n<li>Regulamenta\u00e7\u00e3o do COFEN e afins (pr\u00e1ticas de injet\u00e1veis);<\/li>\n<li>Anatomia vascular e sistema circulat\u00f3rio;<\/li>\n<li>Treinamento de habilidades para pr\u00e1ticas de injet\u00e1veis com \u00eanfase na pun\u00e7\u00e3o venosa perif\u00e9rica.<\/li>\n<li>Dispositivos utilizados para a pr\u00e1tica de injet\u00e1veis.<\/li>\n<li>Indica\u00e7\u00f5es e contraindica\u00e7\u00f5es da realiza\u00e7\u00e3o da pr\u00e1tica de injet\u00e1veis com \u00eanfase na pun\u00e7\u00e3o venosa perif\u00e9rica.<\/li>\n<\/ol>\n<p>Esta\u00e7\u00e3o Pr\u00e1tica Simulada 1: Via intrad\u00e9rmica.<\/p>\n<p>Esta\u00e7\u00e3o Pr\u00e1tica Simulada 2: Via subcut\u00e2nea e intramuscular.<\/p>\n<p>Esta\u00e7\u00e3o Pr\u00e1tica Simulada 3: Venopun\u00e7\u00e3o perif\u00e9rica.<\/p>\n<p><strong>Facilitadores<\/strong><\/p>\n<p><strong>Coordenadora:<\/strong> Profa. Dra. Julyana Freitas.<\/p>\n<p><strong>Facilitador:<\/strong> Enf.\u00ba Ac\u00e1ssio Ferreira de Holanda<\/p>\n<p>Graduado em Enfermagem pelo Centro Universit\u00e1rio Est\u00e1cio do Cear\u00e1. Especialista em Terapia Vascular pela <em>Universit\u00e8<\/em> Paris Descartes V. P\u00f3s- graduando Urg\u00eancia e Emerg\u00eancia pela JF Servi\u00e7os Educacionais em Sa\u00fade. P\u00f3s- graduado em Acessos Vasculares e Terapia Infunsional e habilitado para inser\u00e7\u00e3o de PICC pelo Hospital Israelita de Ensino e Pesquisa Albert Einstein. T\u00e9cnico de Laborat\u00f3rio em An\u00e1lises Cl\u00ednicas. Pesquisador com \u00eanfase nas linhas de pesquisas na \u00e1rea de tecnologias educacionais para enfermagem, constru\u00e7\u00e3o e valida\u00e7\u00e3o de tecnologias educacionais.<\/p>\n<p><b>Investimento<\/b><\/p>\n<p>R$ 269,00 (Duzentos e sessenta e nove reais)<\/p>\n<p><strong>ORIENTA\u00c7\u00d5ES GERAIS<\/strong><\/p>\n<p>CURSOS LIVRES<\/p>\n<ol>\n<li>\n<ol>\n<li>As inscri\u00e7\u00f5es ser\u00e3o realizadas at\u00e9 o \u00faltimo dia \u00fatil que antecede a data de in\u00edcio do curso, e se houver vaga. Caso a quantidade de pagantes ultrapasse o n\u00famero de vagas, o valor integral ser\u00e1 devolvido ao \u00faltimo participante inscrito;<\/li>\n<li>A realiza\u00e7\u00e3o do curso est\u00e1 sujeita a forma\u00e7\u00e3o de turma, com n\u00famero igual ou superior aos gastos estipulados pela empresa. A n\u00e3o forma\u00e7\u00e3o de turma est\u00e1 sujeita a devolu\u00e7\u00e3o do valor integral de da inscri\u00e7\u00e3o;<\/li>\n<li>A desist\u00eancia dever\u00e1 ser comunicada por e-mail (jf@jfservicoseducacionais.com.br) at\u00e9 72(setenta e duas) horas antes do in\u00edcio do curso. Ap\u00f3s esse prazo ser\u00e1 devolvido 70% (setenta por cento) do valor e ap\u00f3s o in\u00edcio do curso n\u00e3o h\u00e1 devolu\u00e7\u00e3o e\/ou estorno. No e-mail deve ser informado os dados banc\u00e1rios do aluno com o devido CPF e nome completo, e anexado o comprovante de pagamento para devolu\u00e7\u00e3o e\/ou estorno no caso de pagamento por meio de cart\u00e3o de cr\u00e9dito. A devolu\u00e7\u00e3o e\/ou estorno ser\u00e1 feita at\u00e9 3 (tr\u00eas) dias \u00fateis ap\u00f3s o recebimento do e-mail.<\/li>\n<li><b>DIREITO AO USO DA IMAGEM<\/b><b>\u00a0\u2013\u00a0<\/b>O(A)<b>\u00a0inscrito(a)\u00a0<\/b>cede expressa e gratuitamente ao Centro de Ensino e Simula\u00e7\u00e3o em Sa\u00fade \u2013 JF o direito de uso de sua imagem ou do benefici\u00e1rio (Aluno) pelo qual \u00e9 respons\u00e1vel legal, para figurar, individual ou coletivamente, em campanhas institucionais ou publicit\u00e1rias do Centro de Ensino e Simula\u00e7\u00e3o em Sa\u00fade \u2013 JF, para todos os efeitos legais, observada a moral e os bons costumes.<\/li>\n<\/ol>\n<p>ORIENTA\u00c7\u00d5ES ESPEC\u00cdFICAS<\/p>\n<ol>\n<li>As aulas EAD (www.eadjf.com.br) ficar\u00e3o dispon\u00edveis no per\u00edodo de realiza\u00e7\u00e3o do curso, bem como as aulas remotas que ser\u00e3o enviadas (link privado), se for o caso, para o e-mail cadastrado de cada aluno inscrito, sabendo que n\u00e3o \u00e9 permitido compartilhar este conte\u00fado a terceiros;<\/li>\n<li>Para o recebimento do certificado, \u00e9 necess\u00e1rio a participa\u00e7\u00e3o m\u00ednima em 75% das aulas remotas, presenciais e EAD.<\/li>\n<\/ol>\n<\/li>\n<\/ol>\n<p>&nbsp;<\/p>\n<p><strong>Dra. Julyana Freitas<br \/>\n<\/strong>Dire\u00e7\u00e3o Geral<\/p>\n","protected":false},"excerpt":{"rendered":"<p><strong>Turma 10<\/strong><\/p>\n<p><strong>Data:\u00a0 1<\/strong>8 de janeiro de 2025 (s\u00e1bado)\u00a0 das\u00a0 08h \u00e0s 17h no Centro de Simula\u00e7\u00e3o JF + Conte\u00fado Online.<\/p>\n<p><strong>Endere\u00e7o:\u00a0<\/strong>Rua Ab\u00edlio Martins n\u00ba 900, Parquel\u00e2ndia.<\/p>\n<p><strong>P\u00fablico-alvo:<\/strong> Acad\u00eamicos da sa\u00fade e profissionais de sa\u00fade (enfermagem, medicina, farm\u00e1cia, biomedicina e odontologia)<\/p>\n<p><strong>Modalidade:<\/strong> H\u00edbrido<\/p>\n<p><strong>Carga-hor\u00e1ria:<\/strong> 20h\/a<\/p>\n<p><strong>Investimento: <\/strong>R$: 269,00 (duzentos e sessenta e nove reais).<\/p>\n<p><strong>Certificado:<\/strong> A certifica\u00e7\u00e3o ser\u00e1 concedida ao aluno que completar a carga hor\u00e1ria de no m\u00ednimo 75% do curso.<\/p>\n<p><strong>N\u00ba de alunos: <\/strong>no m\u00ednimo 10 alunos e no m\u00e1ximo 20 alunos.<\/p>\n","protected":false},"featured_media":11036,"comment_status":"open","ping_status":"closed","template":"","meta":{"_acf_changed":false},"product_brand":[],"product_cat":[146],"product_tag":[],"class_list":{"0":"post-11035","1":"product","2":"type-product","3":"status-publish","4":"has-post-thumbnail","6":"product_cat-livre-realizados","8":"first","9":"instock","10":"downloadable","11":"virtual","12":"purchasable","13":"product-type-simple"},"acf":[],"_links":{"self":[{"href":"https:\/\/jfsimulacaosaude.com.br\/site\/wp-json\/wp\/v2\/product\/11035","targetHints":{"allow":["GET"]}}],"collection":[{"href":"https:\/\/jfsimulacaosaude.com.br\/site\/wp-json\/wp\/v2\/product"}],"about":[{"href":"https:\/\/jfsimulacaosaude.com.br\/site\/wp-json\/wp\/v2\/types\/product"}],"replies":[{"embeddable":true,"href":"https:\/\/jfsimulacaosaude.com.br\/site\/wp-json\/wp\/v2\/comments?post=11035"}],"wp:featuredmedia":[{"embeddable":true,"href":"https:\/\/jfsimulacaosaude.com.br\/site\/wp-json\/wp\/v2\/media\/11036"}],"wp:attachment":[{"href":"https:\/\/jfsimulacaosaude.com.br\/site\/wp-json\/wp\/v2\/media?parent=11035"}],"wp:term":[{"taxonomy":"product_brand","embeddable":true,"href":"https:\/\/jfsimulacaosaude.com.br\/site\/wp-json\/wp\/v2\/product_brand?post=11035"},{"taxonomy":"product_cat","embeddable":true,"href":"https:\/\/jfsimulacaosaude.com.br\/site\/wp-json\/wp\/v2\/product_cat?post=11035"},{"taxonomy":"product_tag","embeddable":true,"href":"https:\/\/jfsimulacaosaude.com.br\/site\/wp-json\/wp\/v2\/product_tag?post=11035"}],"curies":[{"name":"wp","href":"https:\/\/api.w.org\/{rel}","templated":true}]}}