{"id":10969,"date":"2024-10-03T14:42:33","date_gmt":"2024-10-03T17:42:33","guid":{"rendered":"https:\/\/jfsimulacaosaude.com.br\/site\/?post_type=product&#038;p=10969"},"modified":"2025-01-28T11:54:10","modified_gmt":"2025-01-28T14:54:10","slug":"alta-performance-em-ultrassonografia-para-enfermeiros-t4","status":"publish","type":"product","link":"https:\/\/jfsimulacaosaude.com.br\/site\/produto\/alta-performance-em-ultrassonografia-para-enfermeiros-t4\/","title":{"rendered":"Alta Performance em Ultrassonografia para Enfermeiros &#8211; T4"},"content":{"rendered":"<p><strong>TURMA 04<\/strong><\/p>\n<p><strong>OBJETIVOS<\/strong><\/p>\n<ul>\n<li>Reconhecer aspectos normais do exame de ultrassonografia;<\/li>\n<li>Compreender mecanismos de forma\u00e7\u00e3o de imagem, interpreta\u00e7\u00e3o das imagens, ajustes de imagem e escolha do transdutor;<\/li>\n<li>Compreender a inser\u00e7\u00e3o do POCUS na pr\u00e1tica assistencial dos enfermeiros;<\/li>\n<li>Proporcionar o m\u00e1ximo de tempo poss\u00edvel de contato do aluno com o equipamento.<\/li>\n<li>Adquirir e interpretar imagens para aplica\u00e7\u00e3o de protocolos de atendimento e guiar procedimentos;<\/li>\n<li>Conscientizar a import\u00e2ncia do uso do ultrassom como coadjuvante ao exame f\u00edsico;<\/li>\n<li>Proporcionar o m\u00e1ximo de tempo poss\u00edvel de contato do aluno com o equipamento;<\/li>\n<li>Identificar componentes fisiopatol\u00f3gicos do choque, com foco na volemia e l\u00edquido livre;<\/li>\n<li>Avaliar insufici\u00eancia respirat\u00f3ria de maneira r\u00e1pida e efetiva, minimizando o agravamento do quadro;<\/li>\n<li>Auxiliar o desmame da ventila\u00e7\u00e3o mec\u00e2nica;<\/li>\n<li>Identificar posi\u00e7\u00e3o do tubo orotraqueal;<\/li>\n<li>Avaliar reten\u00e7\u00e3o urin\u00e1ria, com foco na estimativa do volume vesical;<\/li>\n<li>Identificar posi\u00e7\u00e3o correta de sonda vesical de demora e sonda nasog\u00e1strica;<\/li>\n<li>Executar acessos venosos perif\u00e9ricos guiados por ultrassom.<\/li>\n<\/ul>\n<p><strong>P\u00fablico-Alvo<\/strong>: Profissionais Enfermeiros.<\/p>\n<p><strong>Vagas:<\/strong> 20 participantes<\/p>\n<p><strong>Carga-hor\u00e1ria:<\/strong> 40h<\/p>\n<p>&#8211; 20 horas pr\u00e1ticas esta\u00e7\u00f5es simuladas;<\/p>\n<p>&#8211; 20 horas de conte\u00fado complementar na plataforma.<\/p>\n<p><strong>Dias:<\/strong><\/p>\n<p>20\/01\/2025 (Segunda) &#8211; Aula (Plataforma Meet) das 18h \u00e0s 22h<br \/>\n25\/01\/2025 (S\u00e1bado) &#8211; Aula Presencial das 8h \u00e0s 17h<br \/>\n26\/01\/2025 (Domingo) &#8211; Aula Presencial das 8h \u00e0s 12h<\/p>\n<p><strong>Aula presencial ser\u00e1 no Centro de Ensino e Simula\u00e7\u00e3o em Sa\u00fade &#8211; JF<\/strong> (Rua Ab\u00edlio Martins, 900, Parquel\u00e2ndia).<\/p>\n<p><strong>Certifica\u00e7\u00e3o:<\/strong><\/p>\n<p>Ser\u00e1 fornecido certificado de participa\u00e7\u00e3o para todos os alunos que completarem no m\u00ednimo 75% da carga hor\u00e1ria do curso.<\/p>\n<table width=\"100%\">\n<tbody>\n<tr>\n<td width=\"100%\"><strong>CONTE\u00daDO TE\u00d3RICO (20h)\u00a0<\/strong><\/td>\n<\/tr>\n<tr>\n<td width=\"100%\">Regulamenta\u00e7\u00e3o do COFEN e ultrassonografia; Manuseio do equipamento de ultrassom, compreens\u00e3o b\u00e1sica do mecanismo de forma\u00e7\u00e3o de imagem, interpreta\u00e7\u00e3o das imagens, ajustes de imagem e escolha do transdutor; Revis\u00e3o da anatomia vascular, pulmonar e abdominal; Sistema circulat\u00f3rio.<\/td>\n<\/tr>\n<tr>\n<td width=\"100%\"><strong>ESTA\u00c7\u00c3O PR\u00c1TICA 1 (10h)\u00a0<\/strong><\/td>\n<\/tr>\n<tr>\n<td width=\"100%\">Pr\u00e1ticas avan\u00e7adas de ultrassom em acessos vasculares; localiza\u00e7\u00e3o da sonda nasog\u00e1strica; reten\u00e7\u00e3o urin\u00e1ria\/localiza\u00e7\u00e3o correta da sonda vesical\/volume vesical;<\/td>\n<\/tr>\n<tr>\n<td width=\"100%\"><strong>ESTA\u00c7\u00c3O PR\u00c1TICA 2 (10h)<\/strong><strong>\u00a0<\/strong><\/td>\n<\/tr>\n<tr>\n<td width=\"100%\">Intuba\u00e7\u00e3o orotraqueal; Insufici\u00eancia respirat\u00f3ria; desmame da ventila\u00e7\u00e3o mec\u00e2nica; protocolos RUSH, BLUE e-FAST.<\/td>\n<\/tr>\n<\/tbody>\n<\/table>\n<p><strong>*CRONOGRAMA SUJEITO A ALTERA\u00c7\u00d5ES.<br \/>\n* ACESSO A PLATAFORMA POR 90 DIAS AP\u00d3S A CONCLUS\u00c3O DA AULA PRESENCIAL.<\/strong><\/p>\n<p><strong>FACILITADORES<\/strong><\/p>\n<p><strong>Coordenadora:<\/strong> Profa. Dra. Julyana Freitas<\/p>\n<p><strong>Facilitadores: <\/strong><\/p>\n<p><strong>Enf.\u00ba <\/strong>Prof. Ms. Raphael Colares de S\u00e1<\/p>\n<p>Graduado em Enfermagem pela Universidade de Fortaleza \u2013 UNIFOR. Especialista em Transplante de \u00d3rg\u00e3os e Tecidos pelo programa de Resid\u00eancia Integrada Multiprofissional do Hospital Universit\u00e1rio Walter Cant\u00eddio\/UFC. Especialista em Urg\u00eancia e Emerg\u00eancia Pr\u00e9-Hospitalar pelo Centro Universit\u00e1rio Christus &#8211; UNICHRISTUS. Mestre em Ensino em Sa\u00fade pelo Centro Universit\u00e1rio Christus &#8211; UNICHRISTUS. Enfermeiro Assistencial da Emerg\u00eancia do Instituto Dr. Jos\u00e9 Frota &#8211; IJF e Docente da Gradua\u00e7\u00e3o em Enfermagem do Centro Universit\u00e1rio Christus &#8211; UNICHRISTUS. Professor de P\u00f3s-Gradua\u00e7\u00e3o nas \u00e1reas de Terapia Intensiva, Urg\u00eancia e Emerg\u00eancia e Cl\u00ednica M\u00e9dico-Cir\u00fargica.<\/p>\n<p><strong>\u00a0<\/strong><strong>Enf.\u00ba <\/strong>Prof. Ms. \u00cdtalo Rigoberto C. Andrade<\/p>\n<p>Graduado pelo Curso de Gradua\u00e7\u00e3o em Enfermagem da Universidade de Fortaleza (UNIFOR) em 2004. Enfermeiro Intensivista titulado pela Associa\u00e7\u00e3o Brasileira de Enfermagem em Terapia Intensiva (ABENTI) e pela Universidade Estadual do Cear\u00e1 (UECE). Professor do Est\u00e1gio Supervisionado da p\u00f3s-gradua\u00e7\u00e3o de Enfermagem em Terapia Intensiva (UNIFOR). Mestre em Sa\u00fade coletiva (UNIFOR). Professor Assistente da Universidade de Fortaleza (UNIFOR). Doutorando do Programa de P\u00f3s Gradua\u00e7\u00e3o Cuidados Cl\u00ednicos em Enfermagem e Sa\u00fade. Habilitado para o uso da ultrassonografia \u00e0 beira leito pelo Emergency Talks Pocus (\u200bPoint of Care Ultrasound).<\/p>\n<p><strong>DIFERENCIAIS DO CURSO:<\/strong><\/p>\n<p>&#8211; Professores expertises em ensino e pr\u00e1tica assistencial.<br \/>\n&#8211; Esta\u00e7\u00f5es pr\u00e1ticas simuladas com n\u00famero reduzido de alunos \u2013 m\u00e1ximo de 10, por instrutor.<br \/>\n&#8211; Experi\u00eancia personalizada e focada na pr\u00e1tica ao paciente grave.<br \/>\n&#8211; Instrutores com experi\u00eancia assistencial e de ensino em POCUS.<br \/>\n&#8211; Avalia\u00e7\u00e3o objetiva do conte\u00fado no in\u00edcio e no fim do curso, a fim de garantir a reten\u00e7\u00e3o do conhecimento e habilidades ao t\u00e9rmino do treinamento.<\/p>\n<p><strong>\u00a0<\/strong><strong>AO FINAL DO CURSO O ALUNO SER\u00c1 CAPAZ DE:<\/strong><\/p>\n<ul>\n<li>Compreender mecanismos de forma\u00e7\u00e3o de imagem, interpreta\u00e7\u00e3o das imagens, ajustes de imagem e escolha do transdutor;<\/li>\n<li>Desenvolver habilidades espec\u00edficas de boas pr\u00e1ticas guiadas por ultrassom em unidades de urg\u00eancia e emerg\u00eancia e terapia intensiva;<\/li>\n<li>Atuar integralmente na assist\u00eancia de enfermagem direcionada ao paciente que necessita do uso de ultrassom \u00e0 beira leito;<\/li>\n<li>Estudar de maneira direcionada e com rotina \u00e0s atualiza\u00e7\u00f5es necess\u00e1rias e constantes sobre ultrassonografia para enfermeiros;<\/li>\n<\/ul>\n<p><strong>\u00a0<\/strong><strong>INFORMA\u00c7\u00d5ES IMPORTANTES<\/strong><\/p>\n<ul>\n<li>As informa\u00e7\u00f5es contidas nesse curso n\u00e3o interferem na conduta m\u00e9dica;<\/li>\n<li>Esse curso n\u00e3o habilita o profissional a fazer diagn\u00f3sticos decorrentes de imagens ultrassonogr\u00e1ficas, emiss\u00f5es de laudos ou pareceres;<\/li>\n<li>A capacita\u00e7\u00e3o do profissional enfermeiro fornece subs\u00eddios de apoio \u00e0 assist\u00eancia prestada \u00e0 beira leito.<\/li>\n<\/ul>\n<p><strong>Investimento:<\/strong><\/p>\n<p><b>Valor do Curso:<\/b> R$ 990,00 (novecentos e noventa reais).<\/p>\n<p><strong>ORIENTA\u00c7\u00d5ES GERAIS<\/strong><\/p>\n<p>CURSOS LIVRES<\/p>\n<ol>\n<li>As inscri\u00e7\u00f5es ser\u00e3o realizadas at\u00e9 o \u00faltimo dia \u00fatil que antecede a data de in\u00edcio do curso, e se houver vaga. Caso a quantidade de pagantes ultrapasse o n\u00famero de vagas, o valor integral ser\u00e1 devolvido ao \u00faltimo participante inscrito;<\/li>\n<li>A realiza\u00e7\u00e3o do curso est\u00e1 sujeita a forma\u00e7\u00e3o de turma, com n\u00famero igual ou superior aos gastos estipulados pela empresa. A n\u00e3o forma\u00e7\u00e3o de turma est\u00e1 sujeita a devolu\u00e7\u00e3o do valor integral de da inscri\u00e7\u00e3o;<\/li>\n<li>A desist\u00eancia dever\u00e1 ser comunicada por e-mail (<a href=\"mailto:jf@jfservicoseducacionais.com.br\">jf@jfservicoseducacionais.com.br<\/a>) at\u00e9 72(setenta e duas) horas antes do in\u00edcio do curso. Ap\u00f3s esse prazo ser\u00e1 devolvido 70% (setenta por cento) do valor e ap\u00f3s o in\u00edcio do curso n\u00e3o h\u00e1 devolu\u00e7\u00e3o e\/ou estorno. No e-mail deve ser informado os dados banc\u00e1rios do aluno com o devido CPF e nome completo, e anexado o comprovante de pagamento para devolu\u00e7\u00e3o e\/ou estorno no caso de pagamento por meio de cart\u00e3o de cr\u00e9dito. A devolu\u00e7\u00e3o e\/ou estorno ser\u00e1 feita at\u00e9 3 (tr\u00eas) dias \u00fateis ap\u00f3s o recebimento do e-mail.<\/li>\n<\/ol>\n<p><strong>ORIENTA\u00c7\u00d5ES ESPEC\u00cdFICAS<\/strong><\/p>\n<ol>\n<li>As aulas EAD (www.eadjf.com.br), se houver, ficar\u00e3o dispon\u00edveis no per\u00edodo de realiza\u00e7\u00e3o do curso, bem como as aulas remotas que ser\u00e3o enviadas (link privado), se for o caso, para o e-mail cadastrado de cada aluno inscrito, sabendo que n\u00e3o \u00e9 permitido compartilhar este conte\u00fado a terceiros;<\/li>\n<li>Para o recebimento do certificado, \u00e9 necess\u00e1rio a participa\u00e7\u00e3o m\u00ednima em 75% das aulas remotas, presenciais e EAD.<\/li>\n<\/ol>\n<p>&nbsp;<\/p>\n<p><strong>Dra. Julyana Freitas<br \/>\n<\/strong>Dire\u00e7\u00e3o Geral<\/p>\n","protected":false},"excerpt":{"rendered":"<p><strong>Dias:<\/strong><\/p>\n<p>20\/01\/2025 (Segunda) &#8211; Aula (Plataforma Meet) das 18h \u00e0s 22h<br \/>\n25\/01\/2025 (S\u00e1bado) &#8211; Aula Presencial das 8h \u00e0s 17h<br \/>\n26\/01\/2025 (Domingo) &#8211; Aula Presencial das 8h \u00e0s 12h<\/p>\n<p><strong>Aula presencial ser\u00e1 no Centro de Ensino e Simula\u00e7\u00e3o em Sa\u00fade &#8211; JF<\/strong> (Rua Ab\u00edlio Martins, 900, Parquel\u00e2ndia).<\/p>\n","protected":false},"featured_media":10975,"comment_status":"open","ping_status":"closed","template":"","meta":{"_acf_changed":false},"product_brand":[],"product_cat":[146],"product_tag":[],"class_list":{"0":"post-10969","1":"product","2":"type-product","3":"status-publish","4":"has-post-thumbnail","6":"product_cat-livre-realizados","8":"first","9":"instock","10":"downloadable","11":"virtual","12":"purchasable","13":"product-type-simple"},"acf":[],"_links":{"self":[{"href":"https:\/\/jfsimulacaosaude.com.br\/site\/wp-json\/wp\/v2\/product\/10969","targetHints":{"allow":["GET"]}}],"collection":[{"href":"https:\/\/jfsimulacaosaude.com.br\/site\/wp-json\/wp\/v2\/product"}],"about":[{"href":"https:\/\/jfsimulacaosaude.com.br\/site\/wp-json\/wp\/v2\/types\/product"}],"replies":[{"embeddable":true,"href":"https:\/\/jfsimulacaosaude.com.br\/site\/wp-json\/wp\/v2\/comments?post=10969"}],"wp:featuredmedia":[{"embeddable":true,"href":"https:\/\/jfsimulacaosaude.com.br\/site\/wp-json\/wp\/v2\/media\/10975"}],"wp:attachment":[{"href":"https:\/\/jfsimulacaosaude.com.br\/site\/wp-json\/wp\/v2\/media?parent=10969"}],"wp:term":[{"taxonomy":"product_brand","embeddable":true,"href":"https:\/\/jfsimulacaosaude.com.br\/site\/wp-json\/wp\/v2\/product_brand?post=10969"},{"taxonomy":"product_cat","embeddable":true,"href":"https:\/\/jfsimulacaosaude.com.br\/site\/wp-json\/wp\/v2\/product_cat?post=10969"},{"taxonomy":"product_tag","embeddable":true,"href":"https:\/\/jfsimulacaosaude.com.br\/site\/wp-json\/wp\/v2\/product_tag?post=10969"}],"curies":[{"name":"wp","href":"https:\/\/api.w.org\/{rel}","templated":true}]}}