{"id":10909,"date":"2024-06-17T09:56:45","date_gmt":"2024-06-17T12:56:45","guid":{"rendered":"https:\/\/jfsimulacaosaude.com.br\/site\/?post_type=product&#038;p=10909"},"modified":"2025-01-21T12:10:13","modified_gmt":"2025-01-21T15:10:13","slug":"alta-performance-na-sala-vermelha-emergencias-traumaticas-t08","status":"publish","type":"product","link":"https:\/\/jfsimulacaosaude.com.br\/site\/produto\/alta-performance-na-sala-vermelha-emergencias-traumaticas-t08\/","title":{"rendered":"Alta Performance na Sala Vermelha (Emerg\u00eancias Traum\u00e1ticas) T08"},"content":{"rendered":"<p><strong>Objetivo:<\/strong> <span style=\"font-weight: 400\">Capacitar o profissional da sa\u00fade, para o manejo de pacientes com trauma, do atendimento\u00a0 pr\u00e9 ao intra-hospitalar.<\/span><\/p>\n<p><strong>P\u00fablico &#8211; alvo:<\/strong> <span style=\"font-weight: 400\">Profissionais de sa\u00fade e afins.<\/span><\/p>\n<p><strong>Data:<\/strong> 18 e 19.01.2025 (S\u00e1bado e Domingo das 8h \u00e0s 18h)<\/p>\n<p><strong>Local:<\/strong>\u00a0Centro de Ensino e Simula\u00e7\u00e3o em Sa\u00fade JF (Rua Ab\u00edlio Martins, 900, Parquel\u00e2ndia)<\/p>\n<p><strong>Formato do Curso:<\/strong> (Pr\u00e1tica\/Presencial + Material Complementar + Resolu\u00e7\u00f5es de Concursos na \u00c1rea da Emerg\u00eancia)<\/p>\n<p><strong>Vagas:<\/strong>\u00a025<\/p>\n<p><strong>Carga Hor\u00e1ria:<\/strong> 40h<\/p>\n<p><strong>Cronograma<\/strong><\/p>\n<p><b>ESTA\u00c7\u00c3O PR\u00c1TICA SIMULADA 1<\/b><\/p>\n<ul>\n<li style=\"font-weight: 400\"><span style=\"font-weight: 400\">XABCDE<\/span><\/li>\n<li style=\"font-weight: 400\"><span style=\"font-weight: 400\">Restri\u00e7\u00e3o de Movimento da Coluna<\/span><\/li>\n<li style=\"font-weight: 400\"><span style=\"font-weight: 400\">Aplica\u00e7\u00e3o de colar cervical, seus modelos e indica\u00e7\u00f5es<\/span><\/li>\n<li style=\"font-weight: 400\"><span style=\"font-weight: 400\">T\u00e9cnicas de estabiliza\u00e7\u00e3o, pranchamento e remo\u00e7\u00e3o<\/span><\/li>\n<li style=\"font-weight: 400\"><span style=\"font-weight: 400\">Protocolo de Transfer\u00eancia de Cuidados (ATMIST)<\/span><\/li>\n<\/ul>\n<p><b>ESTA\u00c7\u00c3O PR\u00c1TICA SIMULADA 2<\/b><\/p>\n<ul>\n<li style=\"font-weight: 400\"><span style=\"font-weight: 400\">Admiss\u00e3o e monitoriza\u00e7\u00e3o na emerg\u00eancia\u00a0<\/span><\/li>\n<li style=\"font-weight: 400\"><span style=\"font-weight: 400\">PTM (Protocolo de Transfus\u00e3o Maci\u00e7a) Convidada: Dra Velma Dias<\/span><\/li>\n<li style=\"font-weight: 400\"><span style=\"font-weight: 400\">Manejo do Trauma Grave\u00a0<\/span><\/li>\n<li style=\"font-weight: 400\"><span style=\"font-weight: 400\">Protocolo de Comunica\u00e7\u00e3o (SBAR)<\/span><\/li>\n<\/ul>\n<p><b>ESTA\u00c7\u00c3O PR\u00c1TICA SIMULADA 3<\/b><\/p>\n<ul>\n<li><strong><span style=\"font-weight: 400\">Trauma no idoso, gestante e crian\u00e7a<\/span><\/strong><\/li>\n<\/ul>\n<p><b>ESTA\u00c7\u00c3O PR\u00c1TICA SIMULADA 4<\/b><\/p>\n<ul>\n<li><span style=\"font-weight: 400\">Oxigenoterapia<\/span><\/li>\n<li><span style=\"font-weight: 400\">Via A\u00e9rea Avan\u00e7ada<\/span><\/li>\n<li><span style=\"font-weight: 400\">Aplica\u00e7\u00e3o do dispositivo extragl\u00f3tico (m\u00e1scara lar\u00edngea);<\/span><\/li>\n<li><span style=\"font-weight: 400\">Aplica\u00e7\u00e3o de c\u00e2nula de orofar\u00edngea e nasofar\u00edngea;<\/span><\/li>\n<li><span style=\"font-weight: 400\">Aplica\u00e7\u00e3o de torniquete;<\/span><\/li>\n<li><span style=\"font-weight: 400\">Pun\u00e7\u00e3o de Veia Jugular Externa (VJE);<\/span><\/li>\n<li><span style=\"font-weight: 400\">Esta\u00e7\u00f5es Pr\u00e1ticas Simuladas: Traumatismo Cranioencef\u00e1lico (TCE); <\/span>Trauma Raquimedular (TRM); Trauma Tor\u00e1cico e Abdominal e Trauma\u00a0 de Extremidades;<\/li>\n<\/ul>\n<ul>\n<li style=\"list-style-type: none\"><\/li>\n<\/ul>\n<p><strong>Facilitadores:<\/strong><\/p>\n<p><strong>Profa. Dra. Julyana Freitas<\/strong><\/p>\n<p>Enfermeira pela Universidade Federal do Cear\u00e1 (2008).<br \/>\nMestrado e Doutorado pela Universidade Federal do Cear\u00e1 (2011\/2013).<br \/>\nEspecialista em Urg\u00eancia e Emerg\u00eancia pela ESP (Escola de Sa\u00fade P\u00fablica (2013).<br \/>\nDocente da Universidade de Fortaleza (UNIFOR) (2013\/2024).<br \/>\nEnfermeira Emergencista Hospital Instituto Dr. Jos\u00e9 Frota (Atual)CEO do Centro de Ensino e Simula\u00e7\u00e3o em Sa\u00fade JF (2018\/atual).<br \/>\nEspecialista em Simula\u00e7\u00e3o Cl\u00ednica da Escola de Sa\u00fade P\u00fablica (ESP\/CE) (2021\/ atual).<\/p>\n<p><strong>Prof. Esp. Egberg Santos<\/strong><\/p>\n<p>Enfermeiro Intensivista da UTI de Alta Complexidade do H. Unimed Fortaleza, Enfermeiro Emergencista do SAMUFOR. P\u00f3s-graduado em Terapia Intensiva e Urg\u00eancia e Emerg\u00eancia.<\/p>\n<p><strong>Investimento:<\/strong><\/p>\n<p>R$ 499,00 (quatrocentos e noventa e nove reais)<\/p>\n<p><strong>ORIENTA\u00c7\u00d5ES GERAIS<\/strong><\/p>\n<p>CURSOS LIVRES<\/p>\n<ol>\n<li style=\"list-style-type: none\">\n<ol>\n<li>As inscri\u00e7\u00f5es ser\u00e3o realizadas at\u00e9 o \u00faltimo dia \u00fatil que antecede a data de in\u00edcio do curso, e se houver vaga. Caso a quantidade de pagantes ultrapasse o n\u00famero de vagas, o valor integral ser\u00e1 devolvido ao \u00faltimo participante inscrito;<\/li>\n<li>A realiza\u00e7\u00e3o do curso est\u00e1 sujeita a forma\u00e7\u00e3o de turma, com n\u00famero igual ou superior aos gastos estipulados pela empresa. A n\u00e3o forma\u00e7\u00e3o de turma est\u00e1 sujeita a devolu\u00e7\u00e3o do valor integral de da inscri\u00e7\u00e3o;<\/li>\n<li>A desist\u00eancia dever\u00e1 ser comunicada por e-mail (jf@jfservicoseducacionais.com.br) at\u00e9 72(setenta e duas) horas antes do in\u00edcio do curso. Ap\u00f3s esse prazo ser\u00e1 devolvido 70% (setenta por cento) do valor e ap\u00f3s o in\u00edcio do curso n\u00e3o h\u00e1 devolu\u00e7\u00e3o e\/ou estorno. No e-mail deve ser informado os dados banc\u00e1rios do aluno com o devido CPF e nome completo, e anexado o comprovante de pagamento para devolu\u00e7\u00e3o e\/ou estorno no caso de pagamento por meio de cart\u00e3o de cr\u00e9dito. A devolu\u00e7\u00e3o e\/ou estorno ser\u00e1 feita at\u00e9 3 (tr\u00eas) dias \u00fateis ap\u00f3s o recebimento do e-mail.<\/li>\n<li><b>DIREITO AO USO DA IMAGEM<\/b><b>\u00a0\u2013\u00a0<\/b>O(A)<b>\u00a0inscrito(a)\u00a0<\/b>cede expressa e gratuitamente ao Centro de Ensino e Simula\u00e7\u00e3o em Sa\u00fade \u2013 JF o direito de uso de sua imagem ou do benefici\u00e1rio (Aluno) pelo qual \u00e9 respons\u00e1vel legal, para figurar, individual ou coletivamente, em campanhas institucionais ou publicit\u00e1rias do Centro de Ensino e Simula\u00e7\u00e3o em Sa\u00fade \u2013 JF, para todos os efeitos legais, observada a moral e os bons costumes.<\/li>\n<\/ol>\n<p>ORIENTA\u00c7\u00d5ES ESPEC\u00cdFICAS<\/p>\n<ol>\n<li>As aulas EAD (www.eadjf.com.br) ficar\u00e3o dispon\u00edveis no per\u00edodo de realiza\u00e7\u00e3o do curso, bem como as aulas remotas que ser\u00e3o enviadas (link privado), se for o caso, para o e-mail cadastrado de cada aluno inscrito, sabendo que n\u00e3o \u00e9 permitido compartilhar este conte\u00fado a terceiros;<\/li>\n<li>Para o recebimento do certificado, \u00e9 necess\u00e1rio a participa\u00e7\u00e3o m\u00ednima em 75% das aulas remotas, presenciais e EAD.<\/li>\n<\/ol>\n<\/li>\n<\/ol>\n","protected":false},"excerpt":{"rendered":"<p><strong>Data:<\/strong> 18 e 19.01.2025 (S\u00e1bado e Domingo das 8h \u00e0s 18h)<\/p>\n<p><strong>P\u00fablico &#8211; alvo:<\/strong> Profissionais de Sa\u00fade e Acad\u00eamicos.<\/p>\n<p><strong>Carga Hor\u00e1ria:<\/strong> 20h<\/p>\n","protected":false},"featured_media":11062,"comment_status":"open","ping_status":"closed","template":"","meta":{"_acf_changed":false},"product_brand":[],"product_cat":[146],"product_tag":[],"class_list":{"0":"post-10909","1":"product","2":"type-product","3":"status-publish","4":"has-post-thumbnail","6":"product_cat-livre-realizados","8":"first","9":"instock","10":"downloadable","11":"virtual","12":"purchasable","13":"product-type-simple"},"acf":[],"_links":{"self":[{"href":"https:\/\/jfsimulacaosaude.com.br\/site\/wp-json\/wp\/v2\/product\/10909","targetHints":{"allow":["GET"]}}],"collection":[{"href":"https:\/\/jfsimulacaosaude.com.br\/site\/wp-json\/wp\/v2\/product"}],"about":[{"href":"https:\/\/jfsimulacaosaude.com.br\/site\/wp-json\/wp\/v2\/types\/product"}],"replies":[{"embeddable":true,"href":"https:\/\/jfsimulacaosaude.com.br\/site\/wp-json\/wp\/v2\/comments?post=10909"}],"wp:featuredmedia":[{"embeddable":true,"href":"https:\/\/jfsimulacaosaude.com.br\/site\/wp-json\/wp\/v2\/media\/11062"}],"wp:attachment":[{"href":"https:\/\/jfsimulacaosaude.com.br\/site\/wp-json\/wp\/v2\/media?parent=10909"}],"wp:term":[{"taxonomy":"product_brand","embeddable":true,"href":"https:\/\/jfsimulacaosaude.com.br\/site\/wp-json\/wp\/v2\/product_brand?post=10909"},{"taxonomy":"product_cat","embeddable":true,"href":"https:\/\/jfsimulacaosaude.com.br\/site\/wp-json\/wp\/v2\/product_cat?post=10909"},{"taxonomy":"product_tag","embeddable":true,"href":"https:\/\/jfsimulacaosaude.com.br\/site\/wp-json\/wp\/v2\/product_tag?post=10909"}],"curies":[{"name":"wp","href":"https:\/\/api.w.org\/{rel}","templated":true}]}}