{"id":10899,"date":"2024-06-08T10:43:38","date_gmt":"2024-06-08T13:43:38","guid":{"rendered":"https:\/\/jfsimulacaosaude.com.br\/site\/?post_type=product&#038;p=10899"},"modified":"2024-11-20T09:51:16","modified_gmt":"2024-11-20T12:51:16","slug":"mba-em-gestao-em-saude-controle-de-infeccao-e-seguranca-do-paciente-t1","status":"publish","type":"product","link":"https:\/\/jfsimulacaosaude.com.br\/site\/produto\/mba-em-gestao-em-saude-controle-de-infeccao-e-seguranca-do-paciente-t1\/","title":{"rendered":"MBA em Gest\u00e3o em Sa\u00fade, Controle de Infec\u00e7\u00e3o e Seguran\u00e7a do Paciente &#8211; T1"},"content":{"rendered":"<p><strong>MBA em Gest\u00e3o em Sa\u00fade, Controle de Infec\u00e7\u00e3o e Seguran\u00e7a do Paciente<\/strong> \u2013 TURMA 01<\/p>\n<p><strong>OBJETIVO: <\/strong>Capacitar Enfermeiros, M\u00e9dicos, Farmac\u00eauticos e Biom\u00e9dicos para o desempenho de suas atividades profissionais dentro do controle de infec\u00e7\u00e3o e seguran\u00e7a do paciente, sendo capazes de promover uma assist\u00eancia de sa\u00fade livre de danos ao paciente e de qualidade.<\/p>\n<p><strong>P\u00daBLICO-ALVO:<\/strong> Enfermeiros, M\u00e9dicos, Farmac\u00eauticos e Biom\u00e9dicos.<\/p>\n<p><strong>ORGANIZA\u00c7\u00c3O DO CURSO:<\/strong> CENTRO DE ENSINO E SIMULA\u00c7\u00c3O EM SA\u00daDE &#8211; JF (CESS-JF)<\/p>\n<p><strong>CHANCELA:<\/strong> FACULDADE INTEGRADA CETE &#8211; FIC (GARANHUS\/ PE) \u2013 POLO UNIVIRTUAL P\u00d3S-FIC.<\/p>\n<p>AUTORIZADA PELO MEC.<\/p>\n<p><strong>CARGA HOR\u00c1RIA TOTAL:<\/strong> 360 horas.<\/p>\n<p><strong>MODALIDADE:<\/strong> ON LINE (AO VIVO)<\/p>\n<p><strong>VAGAS:<\/strong> 40 (quarenta).<\/p>\n<p><strong>COORDENA\u00c7\u00c3O GERAL:\u00a0<\/strong>Profa. Dra. Julyana Freitas<\/p>\n<ul>\n<li>Graduada em Enfermagem pela Universidade Federal do Cear\u00e1.<\/li>\n<li>Especialista em Urg\u00eancia e Emerg\u00eancia pela ESP (Escola de Sa\u00fade P\u00fablica) e em Linhas de Cuidado em Enfermagem (Urg\u00eancia e Emerg\u00eancia) pela UFSC (Universidade de Santa Catarina).<\/li>\n<li>Mestrado e Doutorado em Enfermagem pela Universidade Federal do Cear\u00e1.<\/li>\n<li>Instutora em Simula\u00e7\u00e3o Cl\u00ednica e Real\u00edstica (Laerdal Medical e Area Training &amp; Consulting).<\/li>\n<li>Docente da Gradua\u00e7\u00e3o em Enfermagem da Universidade de Fortaleza.<\/li>\n<li>Preceptora do N\u00facleo de Educa\u00e7\u00e3o Permanente (SAMU FORTALEZA)\/ 2019 a 2021.<\/li>\n<li>Assistente Educacional em Simula\u00e7\u00e3o Cl\u00ednica da Escola de Sa\u00fade P\u00fablica (ESP\/CE).<\/li>\n<li>CEO do Centro de Ensino e Simula\u00e7\u00e3o em Sa\u00fade &#8211; JF (CESS JF).<\/li>\n<li>Atuando principalmente nos seguintes temas: Simula\u00e7\u00e3o; Urg\u00eancia e Emerg\u00eancia; Paciente Cr\u00edtico; Tecnologias e Educa\u00e7\u00e3o.<\/li>\n<\/ul>\n<p><strong>COORDENA\u00c7\u00c3O DO CURSO<\/strong>: Prof. Hit\u00e1lo Santos da Silva<\/p>\n<p>Enfermeiro graduado pelo Centro Universit\u00e1rio Maur\u00edcio de Nassau (2022), Especialista em Infectologia pelo Centro Universit\u00e1rio Vit\u00f3ria (2023), Especialista em Sa\u00fade P\u00fablica pela Universidade Anhanguera (2023), Cursando MBA em Gest\u00e3o da Qualidade e Seguran\u00e7a do Paciente (CEQUALE), P\u00f3s-Graduando em Unidade de Terapia Intensiva (UTI) pelo Centro de Ensino e Simula\u00e7\u00e3o em Sa\u00fade Dra Julyana Freitas (FIC), P\u00f3s Graduando em Gest\u00e3o em Enfermagem pela Universidade Norte do Paran\u00e1 (UNOPAR), Mestrando em Cuidados Cl\u00ednicos em Sa\u00fade pela Universidade Estadual do Cear\u00e1 (PPCCLIS\/UECE) com \u00canfase de Estudo e Pesquisa Voltado para a \u00e1rea de HIV\/AIDS, Vulnerabilidade Social, Seguran\u00e7a, Sa\u00fade e Inclus\u00e3o da Pessoa Surda. Bolsista de Coordena\u00e7\u00e3o de Aperfei\u00e7oamento de Pessoal de N\u00edvel Superior (CAPES), Membro da Rede Brasileira de Enfermeiros pela Seguran\u00e7a do Paciente (REBRAENSP) Se\u00e7\u00e3o Cear\u00e1, Membro da Sociedade Brasileira de Seguran\u00e7a do Paciente (SOBRASP), Participante Colaborador do Grupo de Pesquisa Seguran\u00e7a do Paciente, Tecnologias e Cuidados Cl\u00ednicos (SETECC) da Universidade Estadual do Cear\u00e1 (UECE), Membro da Comiss\u00e3o de Sa\u00fade e Direito M\u00e9dico e da Comiss\u00e3o de Direito da pessoa com TEA da Ordem dos Advogados do Brasil (OAB Cear\u00e1), Colaborador do Conselho Regional de Enfermagem (COREN CE), Professor convidado do curso de Enfermagem e Medicina da Universidade Estadual do Cear\u00e1 (UECE), Docente e Preceptor do Curso de Enfermagem, Coordenador de P\u00f3s-gradua\u00e7\u00e3o em Controle de Infec\u00e7\u00e3o Hospitalar (CCIH) e Gest\u00e3o em Sa\u00fade do Centro de Simula\u00e7\u00e3o e Ensino em Sa\u00fade Dra Julyana Freitas, atualmente Cursando Gradua\u00e7\u00e3o em Direito pelo Centro Universit\u00e1rio INTA (UNINTA), Instrutor de Cursos Livres na \u00c1rea de Controle de Infec\u00e7\u00e3o Hospitalar e Propriet\u00e1rio da Empresa Equalize Consultoria e Servi\u00e7os de Sa\u00fade<\/p>\n<p><strong>PERIODICIDADE<\/strong>: Sexta das 18h \u00e0s 22h e S\u00e1bado das 8h \u00e0s 17h \u2013 quinzenalmente (Aula ao vivo pela Plataforma Meet) e v\u00eddeoaulas no Ambiente Virtual com expertises na tem\u00e1tica.<\/p>\n<p><strong>Local da aula: <\/strong>Plataforma Meet<\/p>\n<p><strong>IN\u00cdCIO PREVISTO: 30 de agosto de 2024, 19h. <\/strong>(Aula Inaugural com Telessimula\u00e7\u00e3o).<\/p>\n<p><strong>PER\u00cdODO DO CURSO<\/strong>: AGOSTO\/2024 A FEVEREIRO\/2025.<\/p>\n<p><strong>Per\u00edodo de Matr\u00edcula:<\/strong> at\u00e9 25\/08\/2024 \u2013 Ser\u00e3o disponibilizadas vagas limitadas para o curso. A efetiva\u00e7\u00e3o da matr\u00edcula est\u00e1 condicionada ao pagamento da taxa e a entrega da documenta\u00e7\u00e3o.<\/p>\n<p><b>CONTE\u00daDO PROGRAM\u00c1TICO<\/b><\/p>\n<ul>\n<li>Empreendedorismo no Controle de Infec\u00e7\u00e3o Relacionado \u00e0 Assist\u00eancia \u00e0 Sa\u00fade<\/li>\n<li>Biosseguran\u00e7a e Controle de Infec\u00e7\u00e3o Hospitalar em Terapia Intensiva<\/li>\n<li>Introdu\u00e7\u00e3o ao Controle de Infec\u00e7\u00e3o Hospitalar<\/li>\n<li>Diagn\u00f3stico e Avalia\u00e7\u00e3o de Surtos, Epidemias, Pandemias e S\u00edndromes Infecciosas<\/li>\n<li>An\u00e1lise de Indicadores de IRAS<\/li>\n<li>Gerenciamento de Medidas de Precau\u00e7\u00e3o e Isolamento<\/li>\n<li>Gerenciamento e Estrat\u00e9gias de Marketing<\/li>\n<li>Microbiologia e Antibioticoterapia Aplicado ao Controle de Infec\u00e7\u00e3o<\/li>\n<li>Gest\u00e3o em Ambiental, Riscos e Setores de Apoio<\/li>\n<li>Gerenciamento e Estrat\u00e9gias Financeira<\/li>\n<li>Gerenciamento e Gest\u00e3o de Pessoas<\/li>\n<li>Gest\u00e3o da Qualidade e Seguran\u00e7a do Paciente<\/li>\n<li>Gest\u00e3o da Experi\u00eancia do Paciente<\/li>\n<li>Webinars cient\u00edficos<\/li>\n<li>Projeto de Interven\u00e7\u00e3o<\/li>\n<li>Visita T\u00e9cnica<\/li>\n<\/ul>\n<p><strong>FACILITADORES<\/strong><\/p>\n<ul>\n<li>Dra. Julyana Freitas<\/li>\n<li>Ms. Wilcilene Oliveira<\/li>\n<li>Esp. H\u00edtalo Santos<\/li>\n<li>Dra. Vanessa Dias<\/li>\n<li>Dra. Renata Fiuza<\/li>\n<li>Dra. Taciana Maia<\/li>\n<li>Ms Susana Pena<\/li>\n<li>Dr. Jorge Araujo<\/li>\n<li>Ms. Darriele Mororo<\/li>\n<li>Ms. Ivanise Freitas<\/li>\n<li>Ms. Felicia Silveira<\/li>\n<\/ul>\n<p><strong>DOCUMENTOS NECESS\u00c1RIOS PARA MATR\u00cdCULA<\/strong><\/p>\n<p>\u2013 RG (c\u00f3pia autenticada ou c\u00f3pia com apresenta\u00e7\u00e3o do documento original);<\/p>\n<p>\u2013 CPF (c\u00f3pia autenticada ou c\u00f3pia com apresenta\u00e7\u00e3o do documento original);<\/p>\n<p>\u2013 Diploma do Curso Superior (c\u00f3pia autenticada ou c\u00f3pia com apresenta\u00e7\u00e3o do documento original);<\/p>\n<p>\u2013 Hist\u00f3rico Escolar do Curso Superior (c\u00f3pia autenticada ou c\u00f3pia com apresenta\u00e7\u00e3o do documento original);<\/p>\n<p>\u2013 Comprovante de resid\u00eancia (c\u00f3pia)<\/p>\n<p>\u2013 1 foto 3\u00d74<\/p>\n<p>\u2013 Comprovante de Pagamento da Taxa de Matr\u00edcula<\/p>\n<p>\u2013 Contrato Educacional assinado e disponibilizado na entrega da documenta\u00e7\u00e3o<\/p>\n<p><strong>LOCAL DE MATR\u00cdCULA<\/strong><\/p>\n<p>A matr\u00edcula poder\u00e1 ser efetivada com nossa equipe de consultores de segunda a sexta-feira, das 8h \u00e0s 12h e das 13h \u00e0s 17h e aos s\u00e1bados das 08h \u00e0s 12h.<\/p>\n<p><strong>Para mais informa\u00e7\u00f5es:\u00a0<\/strong>(85) 98832-7305 ou\u00a0<a href=\"mailto:jf@jfservicoseducacionais.com.br\">jf@jfservicoseducacionais.com.br<\/a><\/p>\n<p><strong>INVESTIMENTO:<\/strong><\/p>\n<p>Matr\u00edcula de R$ 120,00 (cento e vinte reais) \u00e0 vista ou R$ 130,00 (cento e trinta reais) no cart\u00e3o de cr\u00e9dito e 10 mensalidades de R$ 409,90 (quatrocentos e nove reais e noventa centavos).<\/p>\n<p><strong>Op\u00e7\u00f5es de Planos das mensalidades com desconto:<\/strong><\/p>\n<p><strong>30% de desconto para Grupo de 05 (cinco) alunos:\u00a0<\/strong>10 Parcelas de R$ 286,93 (at\u00e9 a data de vencimento)*<br \/>\n*ap\u00f3s o vencimento a mensalidade volta ao valor normal acrescida de multa e juros.<\/p>\n<p><strong>20% de desconto para Grupo de 03 (tr\u00eas) alunos:\u00a0<\/strong>10 Parcelas de R$ 327,92 (at\u00e9 a data de vencimento)*<br \/>\n*ap\u00f3s o vencimento a parcela volta ao valor normal acrescido de multa e juros.<\/p>\n<p><strong>Obs\u00b9:\u00a0<\/strong>Para ter o desconto concedido, o respons\u00e1vel pelo grupo dever\u00e1 informar o nome completo, telefone e e-mail de todos da sua turma e apresentar o comprovante de transfer\u00eancia do valor referente a matr\u00edcula via whastapp ou e-mail.<\/p>\n<p><strong>Obs\u00b2:<\/strong>\u00a0O desconto n\u00e3o \u00e9 aplicado na taxa de matr\u00edcula. No caso de desist\u00eancia n\u00e3o h\u00e1 devolu\u00e7\u00e3o da taxa de matr\u00edcula.<\/p>\n<p><strong>DADOS BANC\u00c1RIOS<\/strong><\/p>\n<p><strong>Banco Inter<\/strong><\/p>\n<p><strong>Favorecido:<\/strong>\u00a0Julyana Gomes Freitas \u2013 ME<\/p>\n<p>E-mail: jffinanceiro2020@gmail.com <strong>(Chave PIX) = &gt; Enviar o comprovante pelo WhatsApp (85) 98832.7305<\/strong><\/p>\n<p><strong><u>OBSERVA\u00c7\u00d5ES IMPORTANTES:<\/u><\/strong><\/p>\n<ol>\n<li>A partir da Resolu\u00e7\u00e3o <a href=\"https:\/\/blog-static.infra.grancursosonline.com.br\/wp-content\/uploads\/2021\/05\/24143909\/CNE_CES_01.pdf\">CNE\/CES 01 de 06\/04\/2018<\/a> o TCC \u2013 Trabalho de Conclus\u00e3o de Curso tornou-se opcional na p\u00f3s-gradua\u00e7\u00e3o <em>lato-sensu<\/em> para que esses programas pudessem se destinar integralmente ao seu principal objetivo: capacitar indiv\u00edduos de maneira pr\u00e1tica, em uma determinada \u00e1rea de atua\u00e7\u00e3o. Dessa forma, nossa grade n\u00e3o contempla o referido trabalho. Aqueles alunos que desejarem, poder\u00e3o entrar em contato com a JF Servi\u00e7os em Sa\u00fade e solicitar a inclus\u00e3o na grade, de forma que passar\u00e1 por uma an\u00e1lise da coordena\u00e7\u00e3o, sendo assim acertado um valor adicional, de total responsabilidade do aluno.<\/li>\n<li>O cronograma est\u00e1 sujeito a altera\u00e7\u00f5es nas datas, como tamb\u00e9m a grade de facilitadores.<\/li>\n<\/ol>\n","protected":false},"excerpt":{"rendered":"<p>MBA em Gest\u00e3o em Sa\u00fade, Controle de Infec\u00e7\u00e3o e Seguran\u00e7a do Paciente \u2013 TURMA 01 OBJETIVO: Capacitar Enfermeiros, M\u00e9dicos, Farmac\u00eauticos e Biom\u00e9dicos para o desempenho de suas atividades profissionais dentro do controle de infec\u00e7\u00e3o e seguran\u00e7a do paciente, sendo capazes de promover uma assist\u00eancia de sa\u00fade livre de danos ao paciente e de qualidade. P\u00daBLICO-ALVO: [&hellip;]<\/p>\n","protected":false},"featured_media":10902,"comment_status":"open","ping_status":"closed","template":"","meta":{"_acf_changed":false},"product_brand":[],"product_cat":[153],"product_tag":[],"class_list":{"0":"post-10899","1":"product","2":"type-product","3":"status-publish","4":"has-post-thumbnail","6":"product_cat-pos-graduacao-realizados","8":"first","9":"instock","10":"downloadable","11":"virtual","12":"purchasable","13":"product-type-simple"},"acf":[],"_links":{"self":[{"href":"https:\/\/jfsimulacaosaude.com.br\/site\/wp-json\/wp\/v2\/product\/10899","targetHints":{"allow":["GET"]}}],"collection":[{"href":"https:\/\/jfsimulacaosaude.com.br\/site\/wp-json\/wp\/v2\/product"}],"about":[{"href":"https:\/\/jfsimulacaosaude.com.br\/site\/wp-json\/wp\/v2\/types\/product"}],"replies":[{"embeddable":true,"href":"https:\/\/jfsimulacaosaude.com.br\/site\/wp-json\/wp\/v2\/comments?post=10899"}],"wp:featuredmedia":[{"embeddable":true,"href":"https:\/\/jfsimulacaosaude.com.br\/site\/wp-json\/wp\/v2\/media\/10902"}],"wp:attachment":[{"href":"https:\/\/jfsimulacaosaude.com.br\/site\/wp-json\/wp\/v2\/media?parent=10899"}],"wp:term":[{"taxonomy":"product_brand","embeddable":true,"href":"https:\/\/jfsimulacaosaude.com.br\/site\/wp-json\/wp\/v2\/product_brand?post=10899"},{"taxonomy":"product_cat","embeddable":true,"href":"https:\/\/jfsimulacaosaude.com.br\/site\/wp-json\/wp\/v2\/product_cat?post=10899"},{"taxonomy":"product_tag","embeddable":true,"href":"https:\/\/jfsimulacaosaude.com.br\/site\/wp-json\/wp\/v2\/product_tag?post=10899"}],"curies":[{"name":"wp","href":"https:\/\/api.w.org\/{rel}","templated":true}]}}