{"id":10893,"date":"2024-06-04T18:44:31","date_gmt":"2024-06-04T21:44:31","guid":{"rendered":"https:\/\/jfsimulacaosaude.com.br\/site\/?post_type=product&#038;p=10893"},"modified":"2024-08-06T13:57:48","modified_gmt":"2024-08-06T16:57:48","slug":"pratica-deliberada-em-ciclos-rapidos-pdcr-manejo-da-via-aerea-t1","status":"publish","type":"product","link":"https:\/\/jfsimulacaosaude.com.br\/site\/produto\/pratica-deliberada-em-ciclos-rapidos-pdcr-manejo-da-via-aerea-t1\/","title":{"rendered":"Pr\u00e1tica Deliberada em Ciclos R\u00e1pidos (PDCR): Manejo da Via A\u00e9rea T1"},"content":{"rendered":"<p><strong>Pr\u00e1tica Deliberada em Ciclo R\u00e1pidos (PDCR)<\/strong> \u00e9 o nome dado a uma metodologia estrat\u00e9gica de simula\u00e7\u00e3o cl\u00ednica, em que um caso cl\u00ednico \u00e9 aplicado aos alunos e este \u00e9 simulado v\u00e1rias vezes at\u00e9 que a compet\u00eancia desejada seja atingida com maestria. S\u00e3o constru\u00eddos cen\u00e1rios com objetivos pr\u00e9-definidos em cada ciclo da pr\u00e1tica deliberada, onde o aluno deve completar cada ciclo sem erros.<\/p>\n<p><strong>Objetivo: <\/strong>Aplicar o PDCR para treinamento no Manejo da Via A\u00e9rea.<\/p>\n<p><strong>P\u00fablico-alvo:<\/strong> Acad\u00eamicos e profissionais da sa\u00fade.<\/p>\n<p><strong>Carga Hor\u00e1ria:<\/strong> 10h<\/p>\n<p><strong>Data:<\/strong> 24.07.2024 &#8211; quarta das 8h \u00e0s 18h (Centro de Simula\u00e7\u00e3o em S\u00e1ude\u00a0 &#8211; Dra. Julyana Freitas &#8211; CESS-JF)<\/p>\n<p>Rua Ab\u00edlio Martins, 900 \u2013 Parquel\u00e2ndia.<\/p>\n<p><strong>Certifica\u00e7\u00e3o:<\/strong> Ser\u00e1 fornecido certificado de participa\u00e7\u00e3o para todos os alunos que completarem no m\u00ednimo 75% da carga hor\u00e1ria do curso.<\/p>\n<p><strong>Conte\u00fado Program\u00e1tico:<\/strong><\/p>\n<p>1. Princ\u00edpios do manejo da via a\u00e9rea.<br \/>\n2. Oferta de oxig\u00eanio.<br \/>\n3. Manejo b\u00e1sico da via a\u00e9rea.<br \/>\n4. Farmacologia na sequ\u00eancia r\u00e1pida de intuba\u00e7\u00e3o<\/p>\n<p><strong>Esta\u00e7\u00f5es pr\u00e1ticas simuladas (EPS):<\/strong><\/p>\n<p>EPS 1: M\u00e9todos manuais e mec\u00e2nicos para a permeabilidade das vias a\u00e9reas;<\/p>\n<p>EPS 2: Oxigenoterapia<\/p>\n<p>EPS 3: O uso dos dispositivos extragl\u00f3ticos: M\u00e1scara Lar\u00edngea<\/p>\n<p>EPS 4: Sequ\u00eancia R\u00e1pida de Intuba\u00e7\u00e3o<\/p>\n<p><strong>Facilitadora: <\/strong>Dra. Wilcilene Santos Oliveira<br \/>\n\uf0b7 Mestre em Tecnologia e Inova\u00e7\u00e3o em Enfermagem \u2013 UNIFOR<br \/>\n\uf0b7 Especialista em Urg\u00eancia e Emerg\u00eancia pela Faculdade Integrada VMA.<br \/>\n\uf0b7 Enfermeira da Central de Material e Esteriliza\u00e7\u00e3o \u2013 Hospital Dr. Argeu Braga Herbster.<br \/>\n\uf0b7 Instrutora em Simula\u00e7\u00e3o Cl\u00ednica e Real\u00edstica (Laerdal Medical e Area Training &amp; Consulting);<br \/>\n\uf0b7 Facilitadora do NEP SAMU 192 \u2013 Regional Fortaleza.<br \/>\n\uf0b7 Enfermeira Intervencionista SAMU 192 \u2013 Regional Fortaleza.<\/p>\n<p><strong>Investimento:<\/strong><\/p>\n<p><b>Valor do Curso:<\/b> R$ 220,00 (duzentos e vinte reais).<\/p>\n<p><strong>ORIENTA\u00c7\u00d5ES GERAIS<\/strong><\/p>\n<p>CURSOS LIVRES<\/p>\n<ol>\n<li>As inscri\u00e7\u00f5es ser\u00e3o realizadas at\u00e9 o \u00faltimo dia \u00fatil que antecede a data de in\u00edcio do curso, e se houver vaga. Caso a quantidade de pagantes ultrapasse o n\u00famero de vagas, o valor integral ser\u00e1 devolvido ao \u00faltimo participante inscrito;<\/li>\n<li>A realiza\u00e7\u00e3o do curso est\u00e1 sujeita a forma\u00e7\u00e3o de turma, com n\u00famero igual ou superior aos gastos estipulados pela empresa. A n\u00e3o forma\u00e7\u00e3o de turma est\u00e1 sujeita a devolu\u00e7\u00e3o do valor integral de da inscri\u00e7\u00e3o;<\/li>\n<li>A desist\u00eancia dever\u00e1 ser comunicada por e-mail (<a href=\"mailto:jf@jfservicoseducacionais.com.br\">jf@jfservicoseducacionais.com.br<\/a>) at\u00e9 72(setenta e duas) horas antes do in\u00edcio do curso. Ap\u00f3s esse prazo ser\u00e1 devolvido 70% (setenta por cento) do valor e ap\u00f3s o in\u00edcio do curso n\u00e3o h\u00e1 devolu\u00e7\u00e3o e\/ou estorno. No e-mail deve ser informado os dados banc\u00e1rios do aluno com o devido CPF e nome completo, e anexado o comprovante de pagamento para devolu\u00e7\u00e3o e\/ou estorno no caso de pagamento por meio de cart\u00e3o de cr\u00e9dito. A devolu\u00e7\u00e3o e\/ou estorno ser\u00e1 feita at\u00e9 3 (tr\u00eas) dias \u00fateis ap\u00f3s o recebimento do e-mail.<\/li>\n<\/ol>\n<p><strong>ORIENTA\u00c7\u00d5ES ESPEC\u00cdFICAS<\/strong><\/p>\n<ol>\n<li>As aulas EAD (www.eadjf.com.br), se houver, ficar\u00e3o dispon\u00edveis no per\u00edodo de realiza\u00e7\u00e3o do curso, bem como as aulas remotas que ser\u00e3o enviadas (link privado), se for o caso, para o e-mail cadastrado de cada aluno inscrito, sabendo que n\u00e3o \u00e9 permitido compartilhar este conte\u00fado a terceiros;<\/li>\n<li>Para o recebimento do certificado, \u00e9 necess\u00e1rio a participa\u00e7\u00e3o m\u00ednima em 75% das aulas remotas, presenciais e EAD.<\/li>\n<\/ol>\n<p>&nbsp;<\/p>\n<p><strong>Dra. Julyana Freitas<br \/>\n<\/strong>Dire\u00e7\u00e3o Geral<\/p>\n","protected":false},"excerpt":{"rendered":"<p><strong>Data:<\/strong> 24.07.2024 &#8211; quarta das 8h \u00e0s 18h (Centro de Simula\u00e7\u00e3o em S\u00e1ude\u00a0 &#8211; Dra. Julyana Freitas &#8211; CESS-JF)<\/p>\n<p>Rua Ab\u00edlio Martins, 900 \u2013 Parquel\u00e2ndia.<\/p>\n","protected":false},"featured_media":10901,"comment_status":"open","ping_status":"closed","template":"","meta":{"_acf_changed":false},"product_brand":[],"product_cat":[146],"product_tag":[],"class_list":{"0":"post-10893","1":"product","2":"type-product","3":"status-publish","4":"has-post-thumbnail","6":"product_cat-livre-realizados","8":"first","9":"instock","10":"downloadable","11":"virtual","12":"purchasable","13":"product-type-simple"},"acf":[],"_links":{"self":[{"href":"https:\/\/jfsimulacaosaude.com.br\/site\/wp-json\/wp\/v2\/product\/10893","targetHints":{"allow":["GET"]}}],"collection":[{"href":"https:\/\/jfsimulacaosaude.com.br\/site\/wp-json\/wp\/v2\/product"}],"about":[{"href":"https:\/\/jfsimulacaosaude.com.br\/site\/wp-json\/wp\/v2\/types\/product"}],"replies":[{"embeddable":true,"href":"https:\/\/jfsimulacaosaude.com.br\/site\/wp-json\/wp\/v2\/comments?post=10893"}],"wp:featuredmedia":[{"embeddable":true,"href":"https:\/\/jfsimulacaosaude.com.br\/site\/wp-json\/wp\/v2\/media\/10901"}],"wp:attachment":[{"href":"https:\/\/jfsimulacaosaude.com.br\/site\/wp-json\/wp\/v2\/media?parent=10893"}],"wp:term":[{"taxonomy":"product_brand","embeddable":true,"href":"https:\/\/jfsimulacaosaude.com.br\/site\/wp-json\/wp\/v2\/product_brand?post=10893"},{"taxonomy":"product_cat","embeddable":true,"href":"https:\/\/jfsimulacaosaude.com.br\/site\/wp-json\/wp\/v2\/product_cat?post=10893"},{"taxonomy":"product_tag","embeddable":true,"href":"https:\/\/jfsimulacaosaude.com.br\/site\/wp-json\/wp\/v2\/product_tag?post=10893"}],"curies":[{"name":"wp","href":"https:\/\/api.w.org\/{rel}","templated":true}]}}