{"id":10892,"date":"2024-06-04T18:43:15","date_gmt":"2024-06-04T21:43:15","guid":{"rendered":"https:\/\/jfsimulacaosaude.com.br\/site\/?post_type=product&#038;p=10892"},"modified":"2024-09-03T09:09:54","modified_gmt":"2024-09-03T12:09:54","slug":"calculo-e-diluicao-de-medicamentos-t1","status":"publish","type":"product","link":"https:\/\/jfsimulacaosaude.com.br\/site\/produto\/calculo-e-diluicao-de-medicamentos-t1\/","title":{"rendered":"C\u00e1lculo e Dilui\u00e7\u00e3o de Medicamentos &#8211; T1"},"content":{"rendered":"<p><b>Sobre o Curso<\/b><\/p>\n<p>Atualmente, muito tem se falado sobre erros de medica\u00e7\u00e3o relacionados \u00e0 dispensa\u00e7\u00e3o, distribui\u00e7\u00e3o, administra\u00e7\u00e3o, educa\u00e7\u00e3o e monitoramento do paciente ap\u00f3s o uso do medicamento. A maior parte pode ser prevenida com o desenvolvimento de pr\u00e1ticas seguras, eficazes e que garantam a seguran\u00e7a do paciente. O conhecimento de opera\u00e7\u00f5es matem\u00e1ticas aplicadas \u00e0 farmacologia\u00a0 faz essencial aos profissionais que atuam no processo de preparo e administra\u00e7\u00e3o de medicamentos.<\/p>\n<p>Visando contribuir para melhoria da qualidade e seguran\u00e7a da assist\u00eancia prestada ao paciente nas unidades de sa\u00fade e, dessa forma, reduzir a ocorr\u00eancia de incidentes relacionados a preparo e dilui\u00e7\u00e3o de medicamentos, principalmente de eventos adversos.<\/p>\n<p><b>Objetivo<\/b><\/p>\n<p>O objetivo principal do curso \u00e9 capacitar profissionais das mais diversas \u00e1reas assistenciais, a realizar c\u00e1lculos matem\u00e1ticos de maneira assertiva e segura durante o prepara e administra\u00e7\u00e3o de medicamentos. Ser\u00e3o discutidos conceitos te\u00f3ricos sobre farmacologia, cuidados na administra\u00e7\u00e3o dos rem\u00e9dios, seguran\u00e7a do paciente e c\u00e1lculos que envolvam velocidade de infus\u00e3o, concentra\u00e7\u00e3o e redilui\u00e7\u00e3o.<\/p>\n<ol>\n<li>Aprender a organizar o ambiente para garantia da seguran\u00e7a no preparo do medicamento;<\/li>\n<li>Apresentar as formas farmac\u00eauticas;<\/li>\n<li>Demonstrar e discutir sobre os equipamentos e t\u00e9cnicas de preparo de medicamentos por via oral e parenteral;<\/li>\n<li>Discutir a reconstitui\u00e7\u00e3o e dilui\u00e7\u00e3o de diferentes f\u00e1rmacos;<\/li>\n<li>Discutir sobre seguran\u00e7a medicamentosa.<\/li>\n<li>Treinar C\u00e1lculos de medicamentos.<\/li>\n<\/ol>\n<p><b>Conte\u00fado Program\u00e1tico<\/b><\/p>\n<p>\u2022 Princ\u00edpios v\u00e1lidos no c\u00e1lculo para administra\u00e7\u00e3o de medicamentos<br \/>\n\u2022 C\u00e1lculo de medica\u00e7\u00f5es em pediatria<br \/>\n\u2022 C\u00e1lculo de gotejamento (Gts\/ min)<br \/>\n\u2022 C\u00e1lculo de gotejamento (mgts\/ min)<br \/>\n\u2022 C\u00e1lculo de dosagem de medica\u00e7\u00e3o: Regra de Tr\u00eas<br \/>\n\u2022 C\u00e1lculo de dilui\u00e7\u00e3o de medicamento<br \/>\n\u2022 C\u00e1lculo com a Insulina<br \/>\n\u2022 C\u00e1lculo da Penicilina Cristalina<br \/>\n\u2022 C\u00e1lculo do Soro<br \/>\n\u2022 Princ\u00edpios b\u00e1sicos para o Registro\/ Anota\u00e7\u00e3o das medica\u00e7\u00f5es prescritas e administradas<br \/>\n\u2022 Cuidados no preparo, dilui\u00e7\u00e3o e administra\u00e7\u00e3o das medica\u00e7\u00f5es<br \/>\n\u2022 O uso das Bombas de Infus\u00e3o Cont\u00ednua na administra\u00e7\u00e3o de medica\u00e7\u00e3o<br \/>\n\u2022 Erros na administra\u00e7\u00e3o de medica\u00e7\u00e3o<br \/>\n\u2022 Respaldo Legal na administra\u00e7\u00e3o de medicamentos<br \/>\n\u2022 Bases da Farmacologia para administra\u00e7\u00e3o de medicamento<\/p>\n<p>\u2022 Esta\u00e7\u00e3o de resolu\u00e7\u00e3o de exerc\u00edcios de concurso;<\/p>\n<p>\u2022 Esta\u00e7\u00e3o de interpreta\u00e7\u00e3o de prescri\u00e7\u00e3o;<\/p>\n<p><strong>Coordenadora:<\/strong>\u00a0Profa. Dra. Julyana Freitas.<\/p>\n<p><strong>Facilitadora:<\/strong> Enfa. Vanessa Vieira<\/p>\n<p>Graduada em Enfermagem pelo Centro Universit\u00e1rio FAMETRO. P\u00f3s Graduada em Urg\u00eancia e Emerg\u00eancia. P\u00f3s Graduanda em UTI. Enfermeira Assistencial da Unidade de Pronto Atendimento UPA- Eus\u00e9bio. Facilitadora do Centro de Ensino e Simula\u00e7\u00e3o em Sa\u00fade JF. Instrutora <em>Stop The Bleend pelo American College of Surgeons<\/em>.<\/p>\n<p><b>Investimento<\/b><\/p>\n<p>R$ 220,00 (Duzentos e vinte reais)<\/p>\n<p><strong>AO FINAL DO CURSO O ALUNO TER\u00c1 SIDO CAPACITADO PARA:<\/strong><strong>\u00a0<\/strong><\/p>\n<ul>\n<li>Desenvolver habilidades espec\u00edficas para a alta performance e boas pr\u00e1ticas de hipoderm\u00f3clise.<\/li>\n<li>Manusear os dispositivos utilizados na pun\u00e7\u00e3o de hipoderm\u00f3clise;<\/li>\n<li>Prevenir complica\u00e7\u00f5es voltadas para a hipoderm\u00f3clise;<\/li>\n<li>Atuar nas \u00e1reas de preven\u00e7\u00e3o de doen\u00e7as, tratamento e reabilita\u00e7\u00e3o no processo sa\u00fade, prestando assist\u00eancia integral ao cliente\/ paciente;<\/li>\n<li>Estudar de maneira adequada e com rotina de modo a estarem aptos a atualiza\u00e7\u00e3o necess\u00e1ria e constante;<\/li>\n<li>Desenvolver habilidades espec\u00edficas para a alta performance e boas pr\u00e1ticas de hipoderm\u00f3clise.<\/li>\n<\/ul>\n<p><strong>ORIENTA\u00c7\u00d5ES GERAIS<\/strong><\/p>\n<p>CURSOS LIVRES<\/p>\n<ol>\n<li style=\"list-style-type: none\">\n<ol>\n<li>As inscri\u00e7\u00f5es ser\u00e3o realizadas at\u00e9 o \u00faltimo dia \u00fatil que antecede a data de in\u00edcio do curso, e se houver vaga. Caso a quantidade de pagantes ultrapasse o n\u00famero de vagas, o valor integral ser\u00e1 devolvido ao \u00faltimo participante inscrito;<\/li>\n<li>A realiza\u00e7\u00e3o do curso est\u00e1 sujeita a forma\u00e7\u00e3o de turma, com n\u00famero igual ou superior aos gastos estipulados pela empresa. A n\u00e3o forma\u00e7\u00e3o de turma est\u00e1 sujeita a devolu\u00e7\u00e3o do valor integral de da inscri\u00e7\u00e3o;<\/li>\n<li>A desist\u00eancia dever\u00e1 ser comunicada por e-mail (jf@jfservicoseducacionais.com.br) at\u00e9 72(setenta e duas) horas antes do in\u00edcio do curso. Ap\u00f3s esse prazo ser\u00e1 devolvido 70% (setenta por cento) do valor e ap\u00f3s o in\u00edcio do curso n\u00e3o h\u00e1 devolu\u00e7\u00e3o e\/ou estorno. No e-mail deve ser informado os dados banc\u00e1rios do aluno com o devido CPF e nome completo, e anexado o comprovante de pagamento para devolu\u00e7\u00e3o e\/ou estorno no caso de pagamento por meio de cart\u00e3o de cr\u00e9dito. A devolu\u00e7\u00e3o e\/ou estorno ser\u00e1 feita at\u00e9 3 (tr\u00eas) dias \u00fateis ap\u00f3s o recebimento do e-mail.<\/li>\n<li><b>DIREITO AO USO DA IMAGEM<\/b><b>\u00a0\u2013\u00a0<\/b>O(A)<b>\u00a0inscrito(a)\u00a0<\/b>cede expressa e gratuitamente ao Centro de Ensino e Simula\u00e7\u00e3o em Sa\u00fade \u2013 JF o direito de uso de sua imagem ou do benefici\u00e1rio (Aluno) pelo qual \u00e9 respons\u00e1vel legal, para figurar, individual ou coletivamente, em campanhas institucionais ou publicit\u00e1rias do Centro de Ensino e Simula\u00e7\u00e3o em Sa\u00fade \u2013 JF, para todos os efeitos legais, observada a moral e os bons costumes.<\/li>\n<\/ol>\n<p>ORIENTA\u00c7\u00d5ES ESPEC\u00cdFICAS<\/p>\n<ol>\n<li>As aulas EAD (www.eadjf.com.br) ficar\u00e3o dispon\u00edveis no per\u00edodo de realiza\u00e7\u00e3o do curso, bem como as aulas remotas que ser\u00e3o enviadas (link privado), se for o caso, para o e-mail cadastrado de cada aluno inscrito, sabendo que n\u00e3o \u00e9 permitido compartilhar este conte\u00fado a terceiros;<\/li>\n<li>Para o recebimento do certificado, \u00e9 necess\u00e1rio a participa\u00e7\u00e3o m\u00ednima em 75% das aulas remotas, presenciais e EAD.<\/li>\n<\/ol>\n<\/li>\n<\/ol>\n<p>&nbsp;<\/p>\n<p><strong>Dra. Julyana Freitas<br \/>\n<\/strong>Dire\u00e7\u00e3o Geral<\/p>\n","protected":false},"excerpt":{"rendered":"<p><strong>Data:\u00a0 <\/strong>31 de agosto de 2024 (s\u00e1bado) das 08 \u00e0s 17h no Centro de Simula\u00e7\u00e3o JF.<\/p>\n<p><strong>Endere\u00e7o:\u00a0<\/strong>Rua Ab\u00edlio Martins n\u00ba 900, Parquel\u00e2ndia.<\/p>\n<p><strong>P\u00fablico-alvo:<\/strong>\u00a0Acad\u00eamicos da sa\u00fade e profissionais de sa\u00fade (enfermagem, medicina, farm\u00e1cia, biomedicina e odontologia)<\/p>\n<p><strong>Modalidade:<\/strong>\u00a0H\u00edbrido<\/p>\n<p><strong>Carga-hor\u00e1ria:<\/strong>\u00a020h\/a<\/p>\n<p><strong>Investimento:\u00a0<\/strong>R$: 220,00 (duzentos e vinte reais).<\/p>\n<p><strong>Certificado:<\/strong>\u00a0A certifica\u00e7\u00e3o ser\u00e1 concedida ao aluno que completar a carga hor\u00e1ria de no m\u00ednimo 75% do curso.<\/p>\n<p><strong>N\u00ba de alunos:\u00a0<\/strong>no m\u00ednimo 10 alunos e no m\u00e1ximo 20 alunos<\/p>\n","protected":false},"featured_media":10895,"comment_status":"open","ping_status":"closed","template":"","meta":{"_acf_changed":false},"product_brand":[],"product_cat":[146],"product_tag":[],"class_list":{"0":"post-10892","1":"product","2":"type-product","3":"status-publish","4":"has-post-thumbnail","6":"product_cat-livre-realizados","8":"first","9":"instock","10":"downloadable","11":"virtual","12":"purchasable","13":"product-type-simple"},"acf":[],"_links":{"self":[{"href":"https:\/\/jfsimulacaosaude.com.br\/site\/wp-json\/wp\/v2\/product\/10892","targetHints":{"allow":["GET"]}}],"collection":[{"href":"https:\/\/jfsimulacaosaude.com.br\/site\/wp-json\/wp\/v2\/product"}],"about":[{"href":"https:\/\/jfsimulacaosaude.com.br\/site\/wp-json\/wp\/v2\/types\/product"}],"replies":[{"embeddable":true,"href":"https:\/\/jfsimulacaosaude.com.br\/site\/wp-json\/wp\/v2\/comments?post=10892"}],"wp:featuredmedia":[{"embeddable":true,"href":"https:\/\/jfsimulacaosaude.com.br\/site\/wp-json\/wp\/v2\/media\/10895"}],"wp:attachment":[{"href":"https:\/\/jfsimulacaosaude.com.br\/site\/wp-json\/wp\/v2\/media?parent=10892"}],"wp:term":[{"taxonomy":"product_brand","embeddable":true,"href":"https:\/\/jfsimulacaosaude.com.br\/site\/wp-json\/wp\/v2\/product_brand?post=10892"},{"taxonomy":"product_cat","embeddable":true,"href":"https:\/\/jfsimulacaosaude.com.br\/site\/wp-json\/wp\/v2\/product_cat?post=10892"},{"taxonomy":"product_tag","embeddable":true,"href":"https:\/\/jfsimulacaosaude.com.br\/site\/wp-json\/wp\/v2\/product_tag?post=10892"}],"curies":[{"name":"wp","href":"https:\/\/api.w.org\/{rel}","templated":true}]}}