{"id":10847,"date":"2024-04-29T16:23:54","date_gmt":"2024-04-29T19:23:54","guid":{"rendered":"https:\/\/jfsimulacaosaude.com.br\/site\/?post_type=product&#038;p=10847"},"modified":"2024-04-29T16:23:55","modified_gmt":"2024-04-29T19:23:55","slug":"consultoria-em-prevencao-de-acidentes-e-primeiros-socorros-para-cuidadores-de-bebes-e-criancas","status":"publish","type":"product","link":"https:\/\/jfsimulacaosaude.com.br\/site\/produto\/consultoria-em-prevencao-de-acidentes-e-primeiros-socorros-para-cuidadores-de-bebes-e-criancas\/","title":{"rendered":"Consultoria em Prevenc\u0327a\u0303o de Acidentes e Primeiros Socorros Para Cuidadores de Bebe\u0302s e Crianc\u0327as"},"content":{"rendered":"<p>Ensinar m\u00e3es, pais e cuidadores de crian\u00e7as a identificar as situa\u00e7\u00f5es de emerge\u0302ncias no contexto pedia\u0301trico, reconhecendo os sinais de gravidade, ale\u0301m de ter a tomada de decis\u00e3o para realizar te\u0301cnicas simples de primeiros socorros nestas situac\u0327o\u0303es.<br \/>\n\ud83d\ude91 Diferencial que a empresa oferece ao trazer as atualiza\u00e7\u00f5es cient\u00edficas mais recentes, assim como pra\u0301ticas inovadoras de ensino, baseadas em evid\u00eancias e com simuladores de m\u00e9dia fidelidade(manequins para treinamento) e maquiagens real\u00edsticas.<\/p>\n<ul>\n<li>Carga hor\u00e1ria: 10 horas<\/li>\n<li>Local:In Loco (Reside\u0302ncia)<\/li>\n<li>B\u00f4nus 1: Kit de Primeiros Socorros para Cuidadores.<\/li>\n<li>B\u00f4nus 2: Oficina JK Kids interativa de primeiros socorros com fantoches para crianc\u0327as e gamificac\u0327a\u0303o para adolescentes e treinamento infantil.<\/li>\n<\/ul>\n","protected":false},"excerpt":{"rendered":"<ul>\n<li>Carga hor\u00e1ria: 10 horas<\/li>\n<li>Local:In Loco (Reside\u0302ncia)<\/li>\n<li>B\u00f4nus 1: Kit de Primeiros Socorros para Cuidadores.<\/li>\n<li>B\u00f4nus 2: Oficina JK Kids interativa de primeiros socorros com fantoches para crianc\u0327as e gamificac\u0327a\u0303o para adolescentes e treinamento infantil.<\/li>\n<\/ul>\n","protected":false},"featured_media":0,"comment_status":"open","ping_status":"closed","template":"","meta":{"_acf_changed":false},"product_brand":[],"product_cat":[155],"product_tag":[],"class_list":{"0":"post-10847","1":"product","2":"type-product","3":"status-publish","5":"product_cat-consultorias","7":"first","8":"onbackorder","9":"shipping-taxable","10":"product-type-simple"},"acf":[],"_links":{"self":[{"href":"https:\/\/jfsimulacaosaude.com.br\/site\/wp-json\/wp\/v2\/product\/10847","targetHints":{"allow":["GET"]}}],"collection":[{"href":"https:\/\/jfsimulacaosaude.com.br\/site\/wp-json\/wp\/v2\/product"}],"about":[{"href":"https:\/\/jfsimulacaosaude.com.br\/site\/wp-json\/wp\/v2\/types\/product"}],"replies":[{"embeddable":true,"href":"https:\/\/jfsimulacaosaude.com.br\/site\/wp-json\/wp\/v2\/comments?post=10847"}],"wp:attachment":[{"href":"https:\/\/jfsimulacaosaude.com.br\/site\/wp-json\/wp\/v2\/media?parent=10847"}],"wp:term":[{"taxonomy":"product_brand","embeddable":true,"href":"https:\/\/jfsimulacaosaude.com.br\/site\/wp-json\/wp\/v2\/product_brand?post=10847"},{"taxonomy":"product_cat","embeddable":true,"href":"https:\/\/jfsimulacaosaude.com.br\/site\/wp-json\/wp\/v2\/product_cat?post=10847"},{"taxonomy":"product_tag","embeddable":true,"href":"https:\/\/jfsimulacaosaude.com.br\/site\/wp-json\/wp\/v2\/product_tag?post=10847"}],"curies":[{"name":"wp","href":"https:\/\/api.w.org\/{rel}","templated":true}]}}