{"id":10844,"date":"2024-04-19T14:48:17","date_gmt":"2024-04-19T17:48:17","guid":{"rendered":"https:\/\/jfsimulacaosaude.com.br\/site\/?post_type=product&#038;p=10844"},"modified":"2024-07-04T11:54:10","modified_gmt":"2024-07-04T14:54:10","slug":"formacao-em-massagem-terapeutica-com-associacoes","status":"publish","type":"product","link":"https:\/\/jfsimulacaosaude.com.br\/site\/produto\/formacao-em-massagem-terapeutica-com-associacoes\/","title":{"rendered":"Forma\u00e7\u00e3o em Massagem Terap\u00eautica com Associa\u00e7\u00f5es"},"content":{"rendered":"<p><strong>Objetivo:<\/strong><\/p>\n<p>Proporcionar maior conhecimento da t\u00e9cnica de Massagem Terap\u00eautica.<\/p>\n<p><strong>Objetivo Espec\u00edfico: <\/strong><\/p>\n<p>Promover seguran\u00e7a ao profissional desde anamnese at\u00e9 a execu\u00e7\u00e3o do procedimento.<\/p>\n<p><strong>P\u00fablico-Alvo:<\/strong><\/p>\n<p>Profissionais e estudantes de todas as \u00e1reas.<\/p>\n<p><strong>Datas e\u00a0Local de Realiza\u00e7\u00e3o:<\/strong><\/p>\n<p>08 de junho de 2024 das 8h \u00e0s 18h (s\u00e1bado)<\/p>\n<p>09 de junho de 2024 das 8h \u00e0s 12h (Domingo)<\/p>\n<ul>\n<li><strong>Centro de Ensino e Simula\u00e7\u00e3o em Sa\u00fade \u2013 JF<\/strong>\u00a0(Rua Ab\u00edlio Martins, 900, Parquel\u00e2ndia)<\/li>\n<\/ul>\n<p><strong>Certifica\u00e7\u00e3o:<\/strong><\/p>\n<p>Ser\u00e1 fornecido certificado de participa\u00e7\u00e3o para todos os alunos que completarem no m\u00ednimo 75% da carga hor\u00e1ria do curso.<\/p>\n<p><strong>Metodologia:<\/strong><\/p>\n<p>100% presencial.<\/p>\n<p>Pr\u00e1tica de cada associa\u00e7\u00e3o de instrumentos com a massagem terap\u00eautica.<\/p>\n<p>Realiza\u00e7\u00e3o de anamnese e compara\u00e7\u00e3o com a aplica\u00e7\u00e3o ao procedimento.<\/p>\n<p>Pr\u00e1tica isolada da Massagem Terap\u00eautica.<\/p>\n<p><strong>Conte\u00fado Program\u00e1tico:<\/strong><\/p>\n<p>Hist\u00f3ria da massagem terap\u00eautica.<\/p>\n<p>Anatomia b\u00e1sica da coluna \u2013 m\u00fasculos e parte esquel\u00e9tica<\/p>\n<p>Indica\u00e7\u00f5es e contraindica\u00e7\u00f5es da massagem<\/p>\n<p>Aspectos \u00e9ticos e biosseguran\u00e7a<\/p>\n<p>Movimentos e Manobras da Massagem Terapeutica.<\/p>\n<p>Associa\u00e7\u00f5es com a massagem terap\u00eautica (bambuterapia, pedras quentes e velas quentes)<\/p>\n<p><strong>Facilitadora:<\/strong><\/p>\n<p><strong>Dra. Maguida Gomes da Silva<\/strong><\/p>\n<p>Enfermeira, Doutora em Enfermagem, Mestre em Cuidados Cl\u00ednicos e Sa\u00fade, Especialista em Enfermagem Cardiovascular, Especialista em Pr\u00e1ticas Integrativas e Complementares, Graduanda em Enfermagem Est\u00e9tica, Coorientadora de Mestrado da UNILAB, Mentora em Empreendedorismo em PIC\u2019s e na Est\u00e9tica Integrativa, atua como Enfermeira da Administra\u00e7\u00e3o no Complexo Hospitalar UFC, Consult\u00f3rio Particular com Atendimentos em PIC\u2019s e Est\u00e9tica.<\/p>\n<p><strong>Investimento:<\/strong><\/p>\n<p><b>Valor do Curso:<\/b> R$ 579,90 ou 4 x R$ 144,97 (sem juros) no cart\u00e3o de cr\u00e9dito.<\/p>\n<p><b><i>OS INSCRITOS DO CURSO TER\u00c3O DIREITO A PARTICIPAR DE 3 SORTEIOS:<\/i><\/b><\/p>\n<p>1\u00ba PR\u00caMIO &#8211; KIT BAMBU<\/p>\n<p>2\u00ba PR\u00caMIO &#8211; KIT BAMBU<\/p>\n<p>3\u00ba PR\u00caMIO &#8211; PISTOLA MASSAGEADORA<\/p>\n<ul>\n<li>O SORTEIO ACONTECER\u00c1 NO DIA DA AULA.<\/li>\n<\/ul>\n<p><strong>ORIENTA\u00c7\u00d5ES GERAIS<\/strong><\/p>\n<p>CURSOS LIVRES<\/p>\n<ol>\n<li>\n<ol>\n<li>As inscri\u00e7\u00f5es ser\u00e3o realizadas at\u00e9 o \u00faltimo dia \u00fatil que antecede a data de in\u00edcio do curso, e se houver vaga. Caso a quantidade de pagantes ultrapasse o n\u00famero de vagas, o valor integral ser\u00e1 devolvido ao \u00faltimo participante inscrito;<\/li>\n<li>A realiza\u00e7\u00e3o do curso est\u00e1 sujeita a forma\u00e7\u00e3o de turma, com n\u00famero igual ou superior aos gastos estipulados pela empresa. A n\u00e3o forma\u00e7\u00e3o de turma est\u00e1 sujeita a devolu\u00e7\u00e3o do valor integral de da inscri\u00e7\u00e3o;<\/li>\n<li>A desist\u00eancia dever\u00e1 ser comunicada por e-mail (jf@jfservicoseducacionais.com.br) at\u00e9 72(setenta e duas) horas antes do in\u00edcio do curso. Ap\u00f3s esse prazo ser\u00e1 devolvido 70% (setenta por cento) do valor e ap\u00f3s o in\u00edcio do curso n\u00e3o h\u00e1 devolu\u00e7\u00e3o e\/ou estorno. No e-mail deve ser informado os dados banc\u00e1rios do aluno com o devido CPF e nome completo, e anexado o comprovante de pagamento para devolu\u00e7\u00e3o e\/ou estorno no caso de pagamento por meio de cart\u00e3o de cr\u00e9dito. A devolu\u00e7\u00e3o e\/ou estorno ser\u00e1 feita at\u00e9 3 (tr\u00eas) dias \u00fateis ap\u00f3s o recebimento do e-mail.<\/li>\n<li><b>DIREITO AO USO DA IMAGEM<\/b><b>\u00a0\u2013\u00a0<\/b>O(A)<b>\u00a0inscrito(a)\u00a0<\/b>cede expressa e gratuitamente ao Centro de Ensino e Simula\u00e7\u00e3o em Sa\u00fade \u2013 JF o direito de uso de sua imagem ou do benefici\u00e1rio (Aluno) pelo qual \u00e9 respons\u00e1vel legal, para figurar, individual ou coletivamente, em campanhas institucionais ou publicit\u00e1rias do Centro de Ensino e Simula\u00e7\u00e3o em Sa\u00fade \u2013 JF, para todos os efeitos legais, observada a moral e os bons costumes.<\/li>\n<\/ol>\n<p><strong>ORIENTA\u00c7\u00d5ES ESPEC\u00cdFICAS<\/strong><\/p>\n<ol>\n<li>As aulas EAD (www.eadjf.com.br) ficar\u00e3o dispon\u00edveis no per\u00edodo de realiza\u00e7\u00e3o do curso, bem como as aulas remotas que ser\u00e3o enviadas (link privado), se for o caso, para o e-mail cadastrado de cada aluno inscrito, sabendo que n\u00e3o \u00e9 permitido compartilhar este conte\u00fado a terceiros;<\/li>\n<li>Para o recebimento do certificado, \u00e9 necess\u00e1rio a participa\u00e7\u00e3o m\u00ednima em 75% das aulas remotas, presenciais e EAD.<\/li>\n<\/ol>\n<\/li>\n<\/ol>\n<p>&nbsp;<\/p>\n<p><strong>Dra. Julyana Freitas<br \/>\n<\/strong>Dire\u00e7\u00e3o Geral<\/p>\n<p>&nbsp;<\/p>\n","protected":false},"excerpt":{"rendered":"<p><strong>Datas e\u00a0Local de Realiza\u00e7\u00e3o:<\/strong><\/p>\n<p>08 de junho de 2024 das 8h \u00e0s 18h (s\u00e1bado)<\/p>\n<p>09 de junho de 2024 das 8h \u00e0s 12h (Domingo)<\/p>\n<ul>\n<li><strong>Centro de Ensino e Simula\u00e7\u00e3o em Sa\u00fade \u2013 JF<\/strong>\u00a0(Rua Ab\u00edlio Martins, 900, Parquel\u00e2ndia)<\/li>\n<\/ul>\n","protected":false},"featured_media":10849,"comment_status":"open","ping_status":"closed","template":"","meta":{"_acf_changed":false},"product_brand":[],"product_cat":[146],"product_tag":[],"class_list":{"0":"post-10844","1":"product","2":"type-product","3":"status-publish","4":"has-post-thumbnail","6":"product_cat-livre-realizados","8":"first","9":"instock","10":"downloadable","11":"virtual","12":"purchasable","13":"product-type-simple"},"acf":[],"_links":{"self":[{"href":"https:\/\/jfsimulacaosaude.com.br\/site\/wp-json\/wp\/v2\/product\/10844","targetHints":{"allow":["GET"]}}],"collection":[{"href":"https:\/\/jfsimulacaosaude.com.br\/site\/wp-json\/wp\/v2\/product"}],"about":[{"href":"https:\/\/jfsimulacaosaude.com.br\/site\/wp-json\/wp\/v2\/types\/product"}],"replies":[{"embeddable":true,"href":"https:\/\/jfsimulacaosaude.com.br\/site\/wp-json\/wp\/v2\/comments?post=10844"}],"wp:featuredmedia":[{"embeddable":true,"href":"https:\/\/jfsimulacaosaude.com.br\/site\/wp-json\/wp\/v2\/media\/10849"}],"wp:attachment":[{"href":"https:\/\/jfsimulacaosaude.com.br\/site\/wp-json\/wp\/v2\/media?parent=10844"}],"wp:term":[{"taxonomy":"product_brand","embeddable":true,"href":"https:\/\/jfsimulacaosaude.com.br\/site\/wp-json\/wp\/v2\/product_brand?post=10844"},{"taxonomy":"product_cat","embeddable":true,"href":"https:\/\/jfsimulacaosaude.com.br\/site\/wp-json\/wp\/v2\/product_cat?post=10844"},{"taxonomy":"product_tag","embeddable":true,"href":"https:\/\/jfsimulacaosaude.com.br\/site\/wp-json\/wp\/v2\/product_tag?post=10844"}],"curies":[{"name":"wp","href":"https:\/\/api.w.org\/{rel}","templated":true}]}}