{"id":10745,"date":"2024-04-04T21:46:09","date_gmt":"2024-04-05T00:46:09","guid":{"rendered":"https:\/\/jfsimulacaosaude.com.br\/site\/?post_type=product&#038;p=10745"},"modified":"2024-05-14T10:14:08","modified_gmt":"2024-05-14T13:14:08","slug":"manejo-avancado-de-via-aerea-t4","status":"publish","type":"product","link":"https:\/\/jfsimulacaosaude.com.br\/site\/produto\/manejo-avancado-de-via-aerea-t4\/","title":{"rendered":"Manejo Avan\u00e7ado de Via A\u00e9rea &#8211; T4"},"content":{"rendered":"<p><strong>TURMA 4<\/strong><\/p>\n<p><strong>Objetivo:<\/strong> Habilitar o profissional \u00e0 abordagem, inser\u00e7\u00e3o e indica\u00e7\u00e3o dos diversos dispositivos de manejo de vias a\u00e9reas.<\/p>\n<p><strong>Carga-hor\u00e1ria:<\/strong> 20 h\/a<\/p>\n<p><strong>Dias de curso: <\/strong>18 de maio 2024 (s\u00e1bado) das 8h \u00e0s 18h<strong><br \/>\n<\/strong><b>Local: <\/b>Centro de Ensino e Simula\u00e7\u00e3o em Sa\u00fade JF \u2013 Rua Ab\u00edlio Martins, 900 \u2013 Parquel\u00e2ndia<\/p>\n<p><strong>Formato do Curso:<\/strong> (Pr\u00e1tica\/Presencial + Material Complementar)<\/p>\n<p><strong>Vagas:<\/strong> 25<\/p>\n<p><strong>Certifica\u00e7\u00e3o:<\/strong> Ser\u00e1 fornecido certificado de participa\u00e7\u00e3o para todos os alunos que completarem no m\u00ednimo 75% da carga hor\u00e1ria do curso.<\/p>\n<p><strong>Conte\u00fado Program\u00e1tico<\/strong><\/p>\n<p>1. Anatomia e Fisiologia da Via A\u00e9rea;<br \/>\n2. No\u00e7\u00f5es b\u00e1sicas de Oxigenoterapia<br \/>\n3. Equipamentos e Manobras de Permeabiliza\u00e7\u00e3o da Via A\u00e9rea<br \/>\n4.Dispositivos n\u00e3o invasivos<br \/>\n5. Uso de Dispositivos Adjuntos<br \/>\n5.1: CNF (C\u00e2nula Nasofar\u00edngea) e COF (C\u00e2nula Orofar\u00edngea);<br \/>\n6. Dispositivos de Via A\u00e9rea Avan\u00e7ada<br \/>\n6.1 M\u00e1scara Lar\u00edngea (Habilita\u00e7\u00e3o conforme resolu\u00e7\u00e3o do COFEN 641 de 2020);<br \/>\n6.2 Laringoscopia e Papel da Equipe na IOT (Sequ\u00eancia R\u00e1pida de Intuba\u00e7\u00e3o \u2013 SRI);<br \/>\n6.3 Tubo Esof\u00e1gico<br \/>\n7. Via Avan\u00e7ada e Definitiva;<br \/>\n7.1 Cricotireoidostomia por pun\u00e7\u00e3o (Habilita\u00e7\u00e3o conforme resolu\u00e7\u00e3o do COFEN 641 de 2020);<br \/>\n8. Via A\u00e9rea Dif\u00edcil<br \/>\n8.1 V\u00eddeolaringoscopia<\/p>\n<p><strong>Facilitador:<\/strong><\/p>\n<p><b>Prof. Ms. Miller Brand\u00e3o<\/b><\/p>\n<ul>\n<li><span style=\"font-weight: 400\">Enfermeiro<\/span><\/li>\n<li><span style=\"font-weight: 400\">Mestre em Enfermagem e Sa\u00fade pela UFBA<\/span><\/li>\n<li><span style=\"font-weight: 400\">Especialista em processos educacionais em sa\u00fade pelo H Sirio Liban\u00eas\u00a0<\/span><\/li>\n<li><span style=\"font-weight: 400\">Especialista em Urg\u00eancia e Emerg\u00eancia<\/span><\/li>\n<li><span style=\"font-weight: 400\">Professor Equipe R\u00f4mulo Passos<\/span><\/li>\n<li><span style=\"font-weight: 400\">Professor Titular da Faculdade de Medicina da UniFTC Salvador<\/span><\/li>\n<li><span style=\"font-weight: 400\">Intervencionista de SAV e AERO do SAMU METROPOLITANO de Salvador\u00a0<\/span><\/li>\n<li><span style=\"font-weight: 400\">Diretor de Ensino do Grupo de Atualiza\u00e7\u00f5es em Sa\u00fade-GAS<\/span><\/li>\n<\/ul>\n<p><b>Investimento:\u00a0<\/b><\/p>\n<p><strong>Valor do Curso:<\/strong> R$ 429,90 (quatrocentos e vinte e nove reais e noventa centavos)<\/p>\n<p><strong>ORIENTA\u00c7\u00d5ES GERAIS<\/strong><\/p>\n<p>CURSOS LIVRES<\/p>\n<ol>\n<li>\n<ol>\n<li style=\"font-weight: 400\"><span style=\"font-weight: 400\">As inscri\u00e7\u00f5es ser\u00e3o realizadas at\u00e9 o \u00faltimo dia \u00fatil que antecede a data de in\u00edcio do curso, e se houver vaga. Caso a quantidade de pagantes ultrapasse o n\u00famero de vagas, o valor integral ser\u00e1 devolvido ao \u00faltimo participante inscrito;<\/span><\/li>\n<li style=\"font-weight: 400\"><span style=\"font-weight: 400\">A realiza\u00e7\u00e3o do curso est\u00e1 sujeita a forma\u00e7\u00e3o de turma, com n\u00famero igual ou superior aos gastos estipulados pela empresa. A n\u00e3o forma\u00e7\u00e3o de turma est\u00e1 sujeita a devolu\u00e7\u00e3o do valor integral de da inscri\u00e7\u00e3o;<\/span><\/li>\n<li style=\"font-weight: 400\"><span style=\"font-weight: 400\">A desist\u00eancia dever\u00e1 ser comunicada por e-mail (<\/span><span style=\"font-weight: 400\">jf@jfservicoseducacionais.com.br<\/span><span style=\"font-weight: 400\">) at\u00e9 72(setenta e duas) horas antes do in\u00edcio do curso. Ap\u00f3s esse prazo ser\u00e1 devolvido 70% (setenta por cento) do valor e ap\u00f3s o in\u00edcio do curso n\u00e3o h\u00e1 devolu\u00e7\u00e3o e\/ou estorno. No e-mail deve ser informado os dados banc\u00e1rios do aluno com o devido CPF e nome completo, e anexado o comprovante de pagamento para devolu\u00e7\u00e3o e\/ou estorno no caso de pagamento por meio de cart\u00e3o de cr\u00e9dito. A devolu\u00e7\u00e3o e\/ou estorno ser\u00e1 feita at\u00e9 3 (tr\u00eas) dias \u00fateis ap\u00f3s o recebimento do e-mail.<\/span><\/li>\n<li style=\"font-weight: 400\"><b>DIREITO AO USO DA IMAGEM<\/b><b> \u2013 <\/b><span style=\"font-weight: 400\">O(A)<\/span><b> inscrito(a) <\/b><span style=\"font-weight: 400\">cede expressa e gratuitamente ao Centro de Ensino e Simula\u00e7\u00e3o em Sa\u00fade &#8211; JF o direito de uso de sua imagem ou do benefici\u00e1rio (Aluno) pelo qual \u00e9 respons\u00e1vel legal, para figurar, individual ou coletivamente, em campanhas institucionais ou publicit\u00e1rias do Centro de Ensino e Simula\u00e7\u00e3o em Sa\u00fade &#8211; JF, para todos os efeitos legais, observada a moral e os bons costumes.<\/span><\/li>\n<\/ol>\n<p><span style=\"font-weight: 400\">ORIENTA\u00c7\u00d5ES ESPEC\u00cdFICAS<\/span><\/p>\n<ol>\n<li style=\"font-weight: 400\"><span style=\"font-weight: 400\">As aulas EAD (www.eadjf.com.br) ficar\u00e3o dispon\u00edveis no per\u00edodo de realiza\u00e7\u00e3o do curso, bem como as aulas remotas que ser\u00e3o enviadas (link privado), se for o caso, para o e-mail cadastrado de cada aluno inscrito, sabendo que n\u00e3o \u00e9 permitido compartilhar este conte\u00fado a terceiros;<\/span><\/li>\n<li style=\"font-weight: 400\"><span style=\"font-weight: 400\">Para o recebimento do certificado, \u00e9 necess\u00e1rio a participa\u00e7\u00e3o m\u00ednima em 75% das aulas remotas, presenciais e EAD.<\/span><\/li>\n<\/ol>\n<\/li>\n<\/ol>\n<p>&nbsp;<\/p>\n<p><strong>Dra. Julyana Freitas<br \/>\n<\/strong>Dire\u00e7\u00e3o Geral<\/p>\n","protected":false},"excerpt":{"rendered":"<p><strong>Objetivo:<\/strong> Habilitar o profissional \u00e0 abordagem, inser\u00e7\u00e3o e indica\u00e7\u00e3o dos diversos dispositivos de manejo de<\/p>\n<p><strong>TURMA 4<\/strong><\/p>\n<p><strong>Objetivo:<\/strong> Habilitar o profissional \u00e0 abordagem, inser\u00e7\u00e3o e indica\u00e7\u00e3o dos diversos dispositivos de manejo de vias a\u00e9reas.<\/p>\n<p><strong>Carga-hor\u00e1ria:<\/strong> 20 h\/a<\/p>\n<p><strong>Dias de curso: <\/strong>18 de maio 2024 (s\u00e1bado) das 8h \u00e0s 18h<strong><br \/>\n<\/strong><b>Local: <\/b>Centro de Ensino e Simula\u00e7\u00e3o em Sa\u00fade JF \u2013 Rua Ab\u00edlio Martins, 900 \u2013 Parquel\u00e2ndia<\/p>\n","protected":false},"featured_media":10746,"comment_status":"open","ping_status":"closed","template":"","meta":{"_acf_changed":false},"product_brand":[],"product_cat":[146],"product_tag":[],"class_list":{"0":"post-10745","1":"product","2":"type-product","3":"status-publish","4":"has-post-thumbnail","6":"product_cat-livre-realizados","8":"first","9":"outofstock","10":"downloadable","11":"virtual","12":"purchasable","13":"product-type-simple"},"acf":[],"_links":{"self":[{"href":"https:\/\/jfsimulacaosaude.com.br\/site\/wp-json\/wp\/v2\/product\/10745","targetHints":{"allow":["GET"]}}],"collection":[{"href":"https:\/\/jfsimulacaosaude.com.br\/site\/wp-json\/wp\/v2\/product"}],"about":[{"href":"https:\/\/jfsimulacaosaude.com.br\/site\/wp-json\/wp\/v2\/types\/product"}],"replies":[{"embeddable":true,"href":"https:\/\/jfsimulacaosaude.com.br\/site\/wp-json\/wp\/v2\/comments?post=10745"}],"wp:featuredmedia":[{"embeddable":true,"href":"https:\/\/jfsimulacaosaude.com.br\/site\/wp-json\/wp\/v2\/media\/10746"}],"wp:attachment":[{"href":"https:\/\/jfsimulacaosaude.com.br\/site\/wp-json\/wp\/v2\/media?parent=10745"}],"wp:term":[{"taxonomy":"product_brand","embeddable":true,"href":"https:\/\/jfsimulacaosaude.com.br\/site\/wp-json\/wp\/v2\/product_brand?post=10745"},{"taxonomy":"product_cat","embeddable":true,"href":"https:\/\/jfsimulacaosaude.com.br\/site\/wp-json\/wp\/v2\/product_cat?post=10745"},{"taxonomy":"product_tag","embeddable":true,"href":"https:\/\/jfsimulacaosaude.com.br\/site\/wp-json\/wp\/v2\/product_tag?post=10745"}],"curies":[{"name":"wp","href":"https:\/\/api.w.org\/{rel}","templated":true}]}}