{"id":10536,"date":"2024-03-28T17:23:24","date_gmt":"2024-03-28T20:23:24","guid":{"rendered":"https:\/\/jfsimulacaosaude.com.br\/site\/product\/formacao-em-ventosaterapia\/"},"modified":"2024-04-02T15:18:50","modified_gmt":"2024-04-02T18:18:50","slug":"formacao-em-ventosaterapia","status":"publish","type":"product","link":"https:\/\/jfsimulacaosaude.com.br\/site\/produto\/formacao-em-ventosaterapia\/","title":{"rendered":"Forma\u00e7\u00e3o em Ventosaterapia"},"content":{"rendered":"<p><strong>Objetivo:<\/strong><\/p>\n<p>Proporcionar maior conhecimento da t\u00e9cnica de Ventosaterapia.<\/p>\n<p><strong>Objetivo Espec\u00edfico: <\/strong><\/p>\n<p>Promover seguran\u00e7a ao profissional desde anamnese at\u00e9 a execu\u00e7\u00e3o do procedimento.<\/p>\n<p><strong>P\u00fablico-Alvo:<\/strong><\/p>\n<p>Profissionais e estudantes de todas as \u00e1reas.<\/p>\n<p><strong>Datas e\u00a0Local de Realiza\u00e7\u00e3o:<\/strong><\/p>\n<p>27 de janeiro de 2024 das 8h \u00e0s 18h (s\u00e1bado)<\/p>\n<p>28 de janeiro de 2024 das 8h \u00e0s 12h (Domingo)<\/p>\n<ul>\n<li><strong>Centro de Ensino e Simula\u00e7\u00e3o em Sa\u00fade \u2013 JF<\/strong>\u00a0(Rua Ab\u00edlio Martins, 900, Parquel\u00e2ndia)<\/li>\n<\/ul>\n<p><strong>Certifica\u00e7\u00e3o:<\/strong><\/p>\n<p>Ser\u00e1 fornecido certificado de participa\u00e7\u00e3o para todos os alunos que completarem no m\u00ednimo 75% da carga hor\u00e1ria do curso.<\/p>\n<p><strong>Metodologia:<\/strong><\/p>\n<p>100% presencial.<\/p>\n<p>Pr\u00e1tica constante em cada tipo de ventosa (aplica\u00e7\u00e3o em pacientes modelos ou pares de alunos).<\/p>\n<p>Realiza\u00e7\u00e3o de anamnese e compara\u00e7\u00e3o com a aplica\u00e7\u00e3o ao procedimento.<\/p>\n<p>Estudos de casos baseados em evid\u00eancias cient\u00edficas.<\/p>\n<p><strong>Conte\u00fado Program\u00e1tico:<\/strong><\/p>\n<p>Hist\u00f3ria da Ventosaterapia \u2013 Medicina Tradicional Chinesa, Mecanismo de a\u00e7\u00e3o da ventosaterapia, indica\u00e7\u00f5es e contraindica\u00e7\u00f5es, tipos de ventosa, m\u00e9todos de aplica\u00e7\u00e3o das ventosas, anamnese e avalia\u00e7\u00e3o das rea\u00e7\u00f5es da pele, biosseguran\u00e7a, principais acupontos.<\/p>\n<p><strong>Facilitadora:<\/strong><\/p>\n<p><strong>Dra. Maguida Gomes da Silva<\/strong><\/p>\n<p>Enfermeira, Doutora em Enfermagem, Mestre em Cuidados Cl\u00ednicos e Sa\u00fade, Especialista em Enfermagem Cardiovascular, Especialista em Pr\u00e1ticas Integrativas e Complementares, Graduanda em Enfermagem Est\u00e9tica, Coorientadora de Mestrado da UNILAB, Mentora em Empreendedorismo em PIC\u2019s e na Est\u00e9tica Integrativa, atua como Enfermeira da Administra\u00e7\u00e3o no Complexo Hospitalar UFC, Consult\u00f3rio Particular com Atendimentos em PIC\u2019s e Est\u00e9tica.<\/p>\n<p><strong>Investimento:<\/strong><\/p>\n<p><b>Valor do Curso:<\/b> R$ 579,90 ou 4 x R$ 144,97 (sem juros) no cart\u00e3o de cr\u00e9dito.<\/p>\n<p><em><strong>Brinde:<\/strong><\/em> Kit Ventosa incluso (12 ventosas e uma pistola de aplica\u00e7\u00e3o)<\/p>\n<p><strong>ORIENTA\u00c7\u00d5ES GERAIS<\/strong><\/p>\n<p>CURSOS LIVRES<\/p>\n<ol>\n<li>As inscri\u00e7\u00f5es ser\u00e3o realizadas at\u00e9 o \u00faltimo dia \u00fatil que antecede a data de in\u00edcio do curso, e se houver vaga. Caso a quantidade de pagantes ultrapasse o n\u00famero de vagas, o valor integral ser\u00e1 devolvido ao \u00faltimo participante inscrito;<\/li>\n<li>A realiza\u00e7\u00e3o do curso est\u00e1 sujeita a forma\u00e7\u00e3o de turma, com n\u00famero igual ou superior aos gastos estipulados pela empresa. A n\u00e3o forma\u00e7\u00e3o de turma est\u00e1 sujeita a devolu\u00e7\u00e3o do valor integral de da inscri\u00e7\u00e3o;<\/li>\n<li>A desist\u00eancia dever\u00e1 ser comunicada por e-mail (<a href=\"mailto:jf@jfservicoseducacionais.com.br\">jf@jfservicoseducacionais.com.br<\/a>) at\u00e9 72(setenta e duas) horas antes do in\u00edcio do curso. Ap\u00f3s esse prazo ser\u00e1 devolvido 70% (setenta por cento) do valor e ap\u00f3s o in\u00edcio do curso n\u00e3o h\u00e1 devolu\u00e7\u00e3o e\/ou estorno. No e-mail deve ser informado os dados banc\u00e1rios do aluno com o devido CPF e nome completo, e anexado o comprovante de pagamento para devolu\u00e7\u00e3o e\/ou estorno no caso de pagamento por meio de cart\u00e3o de cr\u00e9dito. A devolu\u00e7\u00e3o e\/ou estorno ser\u00e1 feita at\u00e9 3 (tr\u00eas) dias \u00fateis ap\u00f3s o recebimento do e-mail.<\/li>\n<\/ol>\n<p><strong>ORIENTA\u00c7\u00d5ES ESPEC\u00cdFICAS<\/strong><\/p>\n<ol>\n<li>As aulas EAD (www.eadjf.com.br), se houver, ficar\u00e3o dispon\u00edveis no per\u00edodo de realiza\u00e7\u00e3o do curso, bem como as aulas remotas que ser\u00e3o enviadas (link privado), se for o caso, para o e-mail cadastrado de cada aluno inscrito, sabendo que n\u00e3o \u00e9 permitido compartilhar este conte\u00fado a terceiros;<\/li>\n<li>Para o recebimento do certificado, \u00e9 necess\u00e1rio a participa\u00e7\u00e3o m\u00ednima em 75% das aulas remotas, presenciais e EAD.<\/li>\n<\/ol>\n<p>&nbsp;<\/p>\n<p><strong>Dra. Julyana Freitas<br \/>\n<\/strong>Dire\u00e7\u00e3o Geral<\/p>\n<p>&nbsp;<\/p>\n","protected":false},"excerpt":{"rendered":"<p><strong>Datas e\u00a0Local de Realiza\u00e7\u00e3o:<\/strong><\/p>\n<p>27 de janeiro de 2024 das 8h \u00e0s 18h (s\u00e1bado)<\/p>\n<p>28 de janeiro de 2024 das 8h \u00e0s 12h (Domingo)<\/p>\n<ul>\n<li><strong>Centro de Ensino e Simula\u00e7\u00e3o em Sa\u00fade \u2013 JF<\/strong>\u00a0(Rua Ab\u00edlio Martins, 900, Parquel\u00e2ndia)<\/li>\n<\/ul>\n","protected":false},"featured_media":10535,"comment_status":"open","ping_status":"closed","template":"","meta":{"_acf_changed":false},"product_brand":[],"product_cat":[146],"product_tag":[],"class_list":{"0":"post-10536","1":"product","2":"type-product","3":"status-publish","4":"has-post-thumbnail","6":"product_cat-livre-realizados","8":"first","9":"outofstock","10":"shipping-taxable","11":"purchasable","12":"product-type-simple"},"acf":[],"_links":{"self":[{"href":"https:\/\/jfsimulacaosaude.com.br\/site\/wp-json\/wp\/v2\/product\/10536","targetHints":{"allow":["GET"]}}],"collection":[{"href":"https:\/\/jfsimulacaosaude.com.br\/site\/wp-json\/wp\/v2\/product"}],"about":[{"href":"https:\/\/jfsimulacaosaude.com.br\/site\/wp-json\/wp\/v2\/types\/product"}],"replies":[{"embeddable":true,"href":"https:\/\/jfsimulacaosaude.com.br\/site\/wp-json\/wp\/v2\/comments?post=10536"}],"wp:featuredmedia":[{"embeddable":true,"href":"https:\/\/jfsimulacaosaude.com.br\/site\/wp-json\/wp\/v2\/media\/10535"}],"wp:attachment":[{"href":"https:\/\/jfsimulacaosaude.com.br\/site\/wp-json\/wp\/v2\/media?parent=10536"}],"wp:term":[{"taxonomy":"product_brand","embeddable":true,"href":"https:\/\/jfsimulacaosaude.com.br\/site\/wp-json\/wp\/v2\/product_brand?post=10536"},{"taxonomy":"product_cat","embeddable":true,"href":"https:\/\/jfsimulacaosaude.com.br\/site\/wp-json\/wp\/v2\/product_cat?post=10536"},{"taxonomy":"product_tag","embeddable":true,"href":"https:\/\/jfsimulacaosaude.com.br\/site\/wp-json\/wp\/v2\/product_tag?post=10536"}],"curies":[{"name":"wp","href":"https:\/\/api.w.org\/{rel}","templated":true}]}}