{"id":10532,"date":"2024-03-28T17:23:11","date_gmt":"2024-03-28T20:23:11","guid":{"rendered":"https:\/\/jfsimulacaosaude.com.br\/site\/product\/auloes-de-sucesso-ebserh\/"},"modified":"2024-04-08T11:58:27","modified_gmt":"2024-04-08T14:58:27","slug":"auloes-de-sucesso-ebserh","status":"publish","type":"product","link":"https:\/\/jfsimulacaosaude.com.br\/site\/produto\/auloes-de-sucesso-ebserh\/","title":{"rendered":"Aul\u00f5es de Sucesso EBSERH"},"content":{"rendered":"<p><strong>ENFERMEIRO &#8211; URG\u00caNCIA E EMERG\u00caNCIA<\/strong><br \/>\n(Presencial)<\/p>\n<p>\ud83d\uddd3\ufe0f 02 e 09\/12\/2023<\/p>\n<p>\ud83d\udc68\ud83c\udffb\u200d\ud83c\udfeb <strong>Facilitadores:<\/strong> Dra. Julyana Freitas, Dra. Camila Queiroz, Dra. Ingridy Medeiros e Dr. Jean Carlos<\/p>\n<p>\ud83d\udccd<strong>Local:<\/strong> A definir<\/p>\n<p>\u23f0 <strong>Hor\u00e1rio<\/strong>: 08:00 \u00e0s 18:00h<\/p>\n<p><strong>Objetivo:<\/strong><\/p>\n<p>Os aul\u00f5es de sucesso ir\u00e3o abordar conte\u00fados da \u00e1rea de urg\u00eancia e emerg\u00eancia de conhecimento exigidas nas provas da EBSERH com a resolu\u00e7\u00e3o de quest\u00f5es de forma din\u00e2mica e objetiva.<\/p>\n<p>\ud83e\uddd1\ud83c\udffb\u200d\u2695\ufe0f <strong>P\u00fablico Alvo:<\/strong> Enfermeiro<br \/>\nEspecialista em Urg\u00eancia e Emerg\u00eancia<\/p>\n<p><strong>Carga Hor\u00e1ria:<\/strong> 20 (vinte) h<\/p>\n<p><strong>Vagas:<\/strong> 60 (sessenta)<\/p>\n<p><strong>Certifica\u00e7\u00e3o:<\/strong><br \/>\nSer\u00e1 fornecido certificado digital (PDF) de participa\u00e7\u00e3o para todos os alunos que completarem no m\u00ednimo 75% da carga hor\u00e1ria do curso.<\/p>\n<p><strong>Conte\u00fado Program\u00e1tico:<\/strong><\/p>\n<p><a href=\"https:\/\/anexos.cdn.selecao.net.br\/uploads\/747\/concursos\/434\/anexos\/73A6QvlhmrGgvZRNiFLyntEoEabZYAOonfrGjBpQ.pdf\">Baseado no EDITAL No 03 \u2013 EBSERH\/NACIONAL \u2013 \u00c1REA ASSISTENCIAL, DE 02 DE OUTUBRO DE 2023<\/a><\/p>\n<p>\ud83d\uddd3\ufe0f <strong>02\/12\/2023 (s\u00e1bado)<\/strong><\/p>\n<p>1. \u00c9tica profissional;<br \/>\n2. Atendimento pr\u00e9-hospitalar;<br \/>\n3. Ambul\u00e2ncia e equipamentos de suporte avan\u00e7ado de vida no atendimento pr\u00e9-hospitalar;<br \/>\n4. Triagem e transporte;<br \/>\n5. Materiais e equipamentos para sala de emerg\u00eancia;<br \/>\n6. Atendimento \u00e0 m\u00faltiplas v\u00edtimas;<br \/>\n7. Preven\u00e7\u00e3o e biomec\u00e2nica do trauma;<br \/>\n8. Assist\u00eancia ao paciente v\u00edtima de trauma;<br \/>\n9. Controle de vias a\u00e9reas e ventila\u00e7\u00e3o mec\u00e2nica invasiva e n\u00e3o-invasiva;<br \/>\n10. Manejo da parada cardiorrespirat\u00f3ria;<\/p>\n<p>\ud83d\uddd3\ufe0f <strong>09\/12\/2023 (s\u00e1bado)<\/strong><\/p>\n<p>1. Altera\u00e7\u00f5es metab\u00f3licas;<br \/>\n2. Intoxica\u00e7\u00f5es agudas;<br \/>\n3. Acidentes com animais pe\u00e7onhentos;<br \/>\n4. Queimaduras;<br \/>\n5. C\u00e1lculo de medica\u00e7\u00e3o;<br \/>\n6. Administra\u00e7\u00e3o de drogas em urg\u00eancia e emerg\u00eancia;<br \/>\n7. Assist\u00eancia ao paciente em abstin\u00eancia alco\u00f3lica;<br \/>\n8. Assist\u00eancia ao paciente portador de transtorno psiqui\u00e1trico.<\/p>\n<p><b>Facilitadores<\/b><\/p>\n<p><b>Dra. Julyana Freitas e convidados expertises.<\/b><\/p>\n<ul>\n<li>Graduada em Enfermagem pela Universidade Federal do Cear\u00e1.<\/li>\n<li>Especialista em Urg\u00eancia e Emerg\u00eancia pela ESP (Escola de Sa\u00fade P\u00fablica) e em Linhas de Cuidado em Enfermagem (Urg\u00eancia e Emerg\u00eancia) pela UFSC (Universidade de Santa Catarina).<\/li>\n<li>Mestrado e Doutorado em Enfermagem pela Universidade Federal do Cear\u00e1.<\/li>\n<li>Instutora em Simula\u00e7\u00e3o Cl\u00ednica e Real\u00edstica (Laerdal Medical e Area Training &amp; Consulting).<\/li>\n<li>Docente da Gradua\u00e7\u00e3o em Enfermagem da Universidade de Fortaleza.<\/li>\n<li>Preceptora do N\u00facleo de Educa\u00e7\u00e3o Permanente (SAMU FORTALEZA)\/ 2019 a 2021.<\/li>\n<li>Assistente Educacional em Simula\u00e7\u00e3o Cl\u00ednica da Escola de Sa\u00fade P\u00fablica (ESP\/CE).<\/li>\n<li>CEO da JF Servi\u00e7os em Sa\u00fade.<\/li>\n<li>Atuando principalmente nos seguintes temas: Simula\u00e7\u00e3o; Urg\u00eancia e Emerg\u00eancia; Paciente Cr\u00edtico; Tecnologias e Educa\u00e7\u00e3o.<\/li>\n<\/ul>\n<p><strong>Investimento:<\/strong><\/p>\n<p><strong>R$ 80,00 <\/strong>(oitenta reais) ou dois aul\u00f5es.<\/p>\n<p><strong>R$ 50,00<\/strong> (cinquenta reais) um aul\u00e3o<\/p>\n<p>O interessado em fazer apenas um aul\u00e3o dever\u00e1 entrar em contato com nosso time de sucesso atrav\u00e9s do 85 98832.7305.<\/p>\n<p><strong>ORIENTA\u00c7\u00d5ES GERAIS<\/strong><\/p>\n<p><strong>CURSOS LIVRES<\/strong><\/p>\n<ol>\n<li>As inscri\u00e7\u00f5es ser\u00e3o realizadas at\u00e9 o \u00faltimo dia \u00fatil que antecede a data de in\u00edcio do curso, e se houver vaga. Caso a quantidade de pagantes ultrapasse o n\u00famero de vagas, o valor integral ser\u00e1 devolvido ao \u00faltimo participante inscrito;<\/li>\n<li>A realiza\u00e7\u00e3o do curso est\u00e1 sujeita a forma\u00e7\u00e3o de turma, com n\u00famero igual ou superior aos gastos estipulados pela empresa. A n\u00e3o forma\u00e7\u00e3o de turma est\u00e1 sujeita a devolu\u00e7\u00e3o do valor integral de da inscri\u00e7\u00e3o;<\/li>\n<li>A desist\u00eancia dever\u00e1 ser comunicada por e-mail (<a href=\"mailto:jf@jfservicoseducacionais.com.br\">jf@jfservicoseducacionais.com.br<\/a>) at\u00e9 72(setenta e duas) horas antes do in\u00edcio do curso. Ap\u00f3s esse prazo ser\u00e1 devolvido 70% (setenta por cento) do valor e ap\u00f3s o in\u00edcio do curso n\u00e3o h\u00e1 devolu\u00e7\u00e3o e\/ou estorno. No e-mail deve ser informado os dados banc\u00e1rios do aluno com o devido CPF e nome completo, e anexado o comprovante de pagamento para devolu\u00e7\u00e3o e\/ou estorno no caso de pagamento por meio de cart\u00e3o de cr\u00e9dito. A devolu\u00e7\u00e3o e\/ou estorno ser\u00e1 feita at\u00e9 3 (tr\u00eas) dias \u00fateis ap\u00f3s o recebimento do e-mail.<\/li>\n<\/ol>\n<p><strong>ORIENTA\u00c7\u00d5ES ESPEC\u00cdFICAS<\/strong><\/p>\n<ol>\n<li>As aulas EAD (www.eadjf.com.br) ficar\u00e3o dispon\u00edveis no per\u00edodo de realiza\u00e7\u00e3o do curso, bem como as aulas remotas que ser\u00e3o enviadas (link privado), se for o caso, para o e-mail cadastrado de cada aluno inscrito, sabendo que n\u00e3o \u00e9 permitido compartilhar este conte\u00fado a terceiros;<\/li>\n<li>Para o recebimento do certificado, \u00e9 necess\u00e1rio a participa\u00e7\u00e3o m\u00ednima em 75% das aulas remotas, presenciais e EAD.<\/li>\n<\/ol>\n<p>&nbsp;<\/p>\n<p><strong>Dra. Julyana Freitas<br \/>\n<\/strong>Dire\u00e7\u00e3o Geral<\/p>\n","protected":false},"excerpt":{"rendered":"<p>\ud83d\uddd3\ufe0f 02 e 09\/12\/2023<\/p>\n<p>\ud83d\udc68\ud83c\udffb\u200d\ud83c\udfeb <strong>Facilitadores:<\/strong> Dra. Julyana Freitas, Dra. Camila Queiroz, Dra. Ingridy Medeiros e Dr. Jean Carlos<\/p>\n<p>\ud83d\udccd<strong>Local:<\/strong> A definir<\/p>\n<p>\u23f0 <strong>Hor\u00e1rio<\/strong>: 08:00 \u00e0s 18:00h<\/p>\n","protected":false},"featured_media":10531,"comment_status":"open","ping_status":"closed","template":"","meta":{"_acf_changed":false},"product_brand":[],"product_cat":[146],"product_tag":[],"class_list":{"0":"post-10532","1":"product","2":"type-product","3":"status-publish","4":"has-post-thumbnail","6":"product_cat-livre-realizados","8":"first","9":"outofstock","10":"shipping-taxable","11":"purchasable","12":"product-type-simple"},"acf":[],"_links":{"self":[{"href":"https:\/\/jfsimulacaosaude.com.br\/site\/wp-json\/wp\/v2\/product\/10532","targetHints":{"allow":["GET"]}}],"collection":[{"href":"https:\/\/jfsimulacaosaude.com.br\/site\/wp-json\/wp\/v2\/product"}],"about":[{"href":"https:\/\/jfsimulacaosaude.com.br\/site\/wp-json\/wp\/v2\/types\/product"}],"replies":[{"embeddable":true,"href":"https:\/\/jfsimulacaosaude.com.br\/site\/wp-json\/wp\/v2\/comments?post=10532"}],"wp:featuredmedia":[{"embeddable":true,"href":"https:\/\/jfsimulacaosaude.com.br\/site\/wp-json\/wp\/v2\/media\/10531"}],"wp:attachment":[{"href":"https:\/\/jfsimulacaosaude.com.br\/site\/wp-json\/wp\/v2\/media?parent=10532"}],"wp:term":[{"taxonomy":"product_brand","embeddable":true,"href":"https:\/\/jfsimulacaosaude.com.br\/site\/wp-json\/wp\/v2\/product_brand?post=10532"},{"taxonomy":"product_cat","embeddable":true,"href":"https:\/\/jfsimulacaosaude.com.br\/site\/wp-json\/wp\/v2\/product_cat?post=10532"},{"taxonomy":"product_tag","embeddable":true,"href":"https:\/\/jfsimulacaosaude.com.br\/site\/wp-json\/wp\/v2\/product_tag?post=10532"}],"curies":[{"name":"wp","href":"https:\/\/api.w.org\/{rel}","templated":true}]}}