{"id":10530,"date":"2024-03-28T17:23:04","date_gmt":"2024-03-28T20:23:04","guid":{"rendered":"https:\/\/jfsimulacaosaude.com.br\/site\/product\/preparatorio-samu-e-servicos-de-atendimentos-pre-hospitalares-privados\/"},"modified":"2024-04-02T15:19:09","modified_gmt":"2024-04-02T18:19:09","slug":"preparatorio-samu-e-servicos-de-atendimentos-pre-hospitalares-privados","status":"publish","type":"product","link":"https:\/\/jfsimulacaosaude.com.br\/site\/produto\/preparatorio-samu-e-servicos-de-atendimentos-pre-hospitalares-privados\/","title":{"rendered":"Preparat\u00f3rio SAMU e Servi\u00e7os de Atendimentos Pr\u00e9-Hospitalares Privados"},"content":{"rendered":"<p><strong>TURMA 04<\/strong><\/p>\n<p><strong>P\u00fablico Alvo:<\/strong> Enfermeiro, T\u00e9cnico de Enfermagem e Condutor Socorrista.<\/p>\n<p><strong>Carga Hor\u00e1ria:<\/strong> 40H<\/p>\n<p><strong>Vagas<\/strong> &#8211; 50 (cinquenta)<br \/>\nCurso sujeito a forma\u00e7\u00e3o de turma.<\/p>\n<p><strong>Diferenciais JF<\/strong><\/p>\n<ul>\n<li>Acesso ao curso por 3 meses ap\u00f3s o in\u00edcio;<\/li>\n<li>AULAS: Plataforma (Meet) com resolu\u00e7\u00f5es de quest\u00f5es e dicas JF e Ambiente Virtual de Aprendizagem JF (PDF dos principais assuntos) + webaulas.<\/li>\n<li>os candidatos aprovados para 2\u00aa fase poder\u00e3o optar pelo curso de avali\u00e7\u00e3o pr\u00e1tica (esta\u00e7\u00f5es pr\u00e1ticas simuladas com checklist) no Centro de Simula\u00e7\u00e3o JF com treinamento na \u00e1rea Essencial em Suporte de Vida para Atendimento Pr\u00e9-Hospitalar (<em><strong>consultar valores<\/strong><\/em>).<\/li>\n<\/ul>\n<p><strong>Certifica\u00e7\u00e3o:<\/strong> Ser\u00e1 fornecido certificado digital de participa\u00e7\u00e3o para todos os alunos que completarem no m\u00ednimo 75% da carga hor\u00e1ria do curso.<\/p>\n<p><strong>Conte\u00fado Program\u00e1tico: <\/strong>Baseado em Editais de Sele\u00e7\u00f5es e Concursos Anteriores<\/p>\n<p><strong>DATAS:<\/strong><\/p>\n<p>17\/10\/2023, ter\u00e7a-feira, das 18h \u00e0s 22h<br \/>\n21\/10\/2023, s\u00e1bado, das 8h \u00e0s 12h<br \/>\n24\/10\/2023, ter\u00e7a-feira, das 18h \u00e0s 22h<br \/>\n31\/10\/2022, ter\u00e7a-feira, das 18h \u00e0s 22h<br \/>\n04\/11\/2023, s\u00e1bado, das 8h \u00e0s 12h<br \/>\n08\/11\/2023, quarta-feira, das 18h \u00e0s 22h<\/p>\n<p>(Live Aprova\u00e7\u00e3o SAMU) &#8211; Data e hor\u00e1rio a definir.<\/p>\n<p><strong>EXTRA (CONDUTOR SOCORRISTA)<\/strong><\/p>\n<p>A definir<\/p>\n<p>S\u00e1bado, das 13h \u00e0s 17h<\/p>\n<p><strong>Videoaulas (resolu\u00e7\u00f5es de quest\u00f5es e dicas JF)<\/strong><\/p>\n<p><strong>Profa. Camila Queiroz<\/strong><br \/>\nC\u00f3digo de \u00c9tica Profissional.<br \/>\nLei do exerc\u00edcio profissional.<br \/>\nAnimais Pe\u00e7onhentos.<\/p>\n<p><strong>Prof. Adriano<\/strong><br \/>\nPrinc\u00edpios e Diretrizes do SUS.<br \/>\nEnfermeiros, T\u00e9cnicos de Enfermagem e Motorista Socorrista<\/p>\n<p><strong>Profa. Julyana Freitas<\/strong><br \/>\n17.10.2023 (Ter\u00e7a-Feira)<br \/>\n(18:00 \u00e0s 22:00 horas)<br \/>\n21.10.2023 (S\u00e1bado)<br \/>\n08:00 \u00e0s 12:00 horas<br \/>\nPol\u00edtica Nacional de Aten\u00e7\u00e3o \u00e0s Urg\u00eancias e ambul\u00e2ncia e equipamentos de Suporte<br \/>\nB\u00e1sico e Avan\u00e7ado de Vida no atendimento pr\u00e9-hospitalar.<br \/>\nAtendimento de enfermagem em Suporte B\u00e1sico e Avan\u00e7ado de Vida em Situa\u00e7\u00f5es<br \/>\nCl\u00ednicas (respirat\u00f3rios, cardiovasculares, circulat\u00f3rios, hematol\u00f3gicos, metab\u00f3licos,<br \/>\nrenais, neurol\u00f3gicos, musculoesquel\u00e9ticos, Desfibrila\u00e7\u00e3o El\u00e9trica Autom\u00e1tica).<br \/>\nAssist\u00eancia e conduta de enfermagem nas seguintes situa\u00e7\u00f5es: administra\u00e7\u00e3o de drogas<br \/>\nem urg\u00eancia e emerg\u00eancia;<\/p>\n<p><strong>Profa. Julyana Freitas<\/strong><br \/>\n24.10.2023 (Ter\u00e7a-Feira)<br \/>\n(18:00 \u00e0s 22:00 horas)<br \/>\nSeguran\u00e7a de cena, seguran\u00e7a pessoal e seguran\u00e7a do paciente e transporte de pacientes<br \/>\ncr\u00edticos. Princ\u00edpios gerais sobre a regula\u00e7\u00e3o das urg\u00eancias; Atendimento a m\u00faltiplas<br \/>\nv\u00edtimas; Preven\u00e7\u00e3o do trauma. Biomec\u00e2nica do trauma.<\/p>\n<p><strong>Prof. Jean Santos<\/strong><br \/>\n31.10.2023 (Ter\u00e7a-Feira)<br \/>\n(18:00 \u00e0s 22:00 horas)<br \/>\nAtendimento de enfermagem em Suporte B\u00e1sico e Avan\u00e7ado de Vida no Trauma (Trauma<br \/>\ntor\u00e1cico; Altera\u00e7\u00f5es Circulat\u00f3rias; Trauma abdominal; Trauma Cranioencef\u00e1lico;<br \/>\nTrauma Raquimedular; Trauma Musculoesquel\u00e9tico; Trauma T\u00e9rmico; Trauma na<br \/>\nCrian\u00e7a; Trauma na Gestante; Trauma no Idoso). Novas Evid\u00eancias no Trauma.<\/p>\n<p><strong>Prof. Jean Carlos<\/strong><br \/>\n04.11.2023 (S\u00e1bado)<br \/>\n08:00 \u00e0s 12:00 horas<br \/>\nAtendimento de enfermagem em Suporte B\u00e1sico e Avan\u00e7ado de Vida em Obstetr\u00edcia<br \/>\n(trabalho de parto normal e apresenta\u00e7\u00e3o dist\u00f3cia, hipertens\u00e3o, hemorragia, abortamento).<br \/>\nAtendimento de enfermagem em Suporte B\u00e1sico e Avan\u00e7ado de Vida em Pediatria e<br \/>\nassist\u00eancia ao rec\u00e9m-nascido.<\/p>\n<p><strong>Prof. Jean Carlos<\/strong><br \/>\n08.11.2023 (Quarta-Feira)<br \/>\n(18:00 \u00e0s 22:00 horas)<br \/>\nAtendimento de enfermagem em Suporte B\u00e1sico e Avan\u00e7ado de Vida em Sa\u00fade Mental<br \/>\n(S\u00edndrome de Abstin\u00eancia do \u00e1lcool ou outras drogas; tentativa de suic\u00eddio, depress\u00e3o,<br \/>\nagita\u00e7\u00e3o psicomotora).<\/p>\n<p><strong>EXTRA (a definir)<\/strong><br \/>\nCondutor Socorrista.<br \/>\nA definir<br \/>\nC\u00f3digo Nacional de Tr\u00e2nsito do Brasil; Malha vi\u00e1ria de Fortaleza e localiza\u00e7\u00e3o de todos<br \/>\nos estabelecimentos de sa\u00fade que atendem urg\u00eancia em Fortaleza; Dire\u00e7\u00e3o defensiva e<br \/>\ntransporte de pacientes cr\u00edticos; Discuss\u00e3o e estrat\u00e9gias para aprova\u00e7\u00e3o<\/p>\n<p><b>Facilitadores<\/b><\/p>\n<p><b>Dra. Julyana Freitas e convidados expertises.<\/b><\/p>\n<ul>\n<li>Graduada em Enfermagem pela Universidade Federal do Cear\u00e1.<\/li>\n<li>Especialista em Urg\u00eancia e Emerg\u00eancia pela ESP (Escola de Sa\u00fade P\u00fablica) e em Linhas de Cuidado em Enfermagem (Urg\u00eancia e Emerg\u00eancia) pela UFSC (Universidade de Santa Catarina).<\/li>\n<li>Mestrado e Doutorado em Enfermagem pela Universidade Federal do Cear\u00e1.<\/li>\n<li>Instutora em Simula\u00e7\u00e3o Cl\u00ednica e Real\u00edstica (Laerdal Medical e Area Training &amp; Consulting).<\/li>\n<li>Docente da Gradua\u00e7\u00e3o em Enfermagem da Universidade de Fortaleza.<\/li>\n<li>Preceptora do N\u00facleo de Educa\u00e7\u00e3o Permanente (SAMU FORTALEZA)\/ 2019 a 2021.<\/li>\n<li>Assistente Educacional em Simula\u00e7\u00e3o Cl\u00ednica da Escola de Sa\u00fade P\u00fablica (ESP\/CE).<\/li>\n<li>CEO da JF Servi\u00e7os em Sa\u00fade.<\/li>\n<li>Atuando principalmente nos seguintes temas: Simula\u00e7\u00e3o; Urg\u00eancia e Emerg\u00eancia; Paciente Cr\u00edtico; Tecnologias e Educa\u00e7\u00e3o.<\/li>\n<\/ul>\n<p><strong>Investimento:<\/strong><\/p>\n<p><strong>R$ 320,00 <\/strong>(trezentos e vinte reais).<\/p>\n<p><strong>ORIENTA\u00c7\u00d5ES GERAIS<\/strong><\/p>\n<p>CURSOS LIVRES<\/p>\n<ol>\n<li>As inscri\u00e7\u00f5es ser\u00e3o realizadas at\u00e9 o \u00faltimo dia \u00fatil que antecede a data de in\u00edcio do curso, e se houver vaga. Caso a quantidade de pagantes ultrapasse o n\u00famero de vagas, o valor integral ser\u00e1 devolvido ao \u00faltimo participante inscrito;<\/li>\n<li>A realiza\u00e7\u00e3o do curso est\u00e1 sujeita a forma\u00e7\u00e3o de turma, com n\u00famero igual ou superior aos gastos estipulados pela empresa. A n\u00e3o forma\u00e7\u00e3o de turma est\u00e1 sujeita a devolu\u00e7\u00e3o do valor integral de da inscri\u00e7\u00e3o;<\/li>\n<li>A desist\u00eancia dever\u00e1 ser comunicada por e-mail (<a href=\"mailto:jf@jfservicoseducacionais.com.br\">jf@jfservicoseducacionais.com.br<\/a>) at\u00e9 72(setenta e duas) horas antes do in\u00edcio do curso. Ap\u00f3s esse prazo ser\u00e1 devolvido 70% (setenta por cento) do valor e ap\u00f3s o in\u00edcio do curso n\u00e3o h\u00e1 devolu\u00e7\u00e3o e\/ou estorno. No e-mail deve ser informado os dados banc\u00e1rios do aluno com o devido CPF e nome completo, e anexado o comprovante de pagamento para devolu\u00e7\u00e3o e\/ou estorno no caso de pagamento por meio de cart\u00e3o de cr\u00e9dito. A devolu\u00e7\u00e3o e\/ou estorno ser\u00e1 feita at\u00e9 3 (tr\u00eas) dias \u00fateis ap\u00f3s o recebimento do e-mail.<\/li>\n<\/ol>\n<p><strong>ORIENTA\u00c7\u00d5ES ESPEC\u00cdFICAS<\/strong><\/p>\n<ol>\n<li>As aulas remotas ser\u00e3o aos s\u00e1bados (ver cronograma).<\/li>\n<li>As aulas EAD (plataforma moodle) ficar\u00e3o dispon\u00edveis no per\u00edodo do curso de realiza\u00e7\u00e3o do curso, bem como as aulas remotas que ser\u00e3o enviadas (link privado) para o e-mail cadastrado de cada aluno inscrito, sabendo que n\u00e3o \u00e9 permitido compartilhar este conte\u00fado a terceiros;<\/li>\n<li>Para o recebimento do certificado, \u00e9 necess\u00e1rio a participa\u00e7\u00e3o m\u00ednima em 75% das aulas remotas, presenciais e EAD.<\/li>\n<li>\u00a0O conte\u00fado (c\u00f3digo Nacional de tr\u00e2nsito do Brasil;\u00a0 Malha vi\u00e1ria de Fortaleza e localiza\u00e7\u00e3o de todos os estabelecimento de sa\u00fade que atendem urg\u00eancia e emerg\u00eancia em Fortaleza; Dire\u00e7\u00e3o defensiva\u00a0 e transporte de pacientes cr\u00edticos) para Motorista Socorrista ser\u00e1 ministrado com professor expertise na \u00e1rea com carga horaria extra de 8h.<\/li>\n<\/ol>\n<p>&nbsp;<\/p>\n<p><strong>Dra. Julyana Freitas<br \/>\n<\/strong>Dire\u00e7\u00e3o Geral<\/p>\n","protected":false},"excerpt":{"rendered":"<p><strong>TURMA 04<\/strong><\/p>\n<p><strong>Datas: <\/strong><\/p>\n<ul>\n<li>17\/10\/2023, ter\u00e7a-feira, das 18h \u00e0s 22h<br \/>\n21\/10\/2023, s\u00e1bado, das 8h \u00e0s 12h<br \/>\n24\/10\/2023, ter\u00e7a-feira, das 18h \u00e0s 22h<br \/>\n31\/10\/2022, ter\u00e7a-feira, das 18h \u00e0s 22h<br \/>\n04\/11\/2023, s\u00e1bado, das 8h \u00e0s 12h<br \/>\n08\/11\/2023, quarta-feira, das 18h \u00e0s 22h<\/li>\n<li>(Live Aprova\u00e7\u00e3o SAMU) &#8211; Data e hor\u00e1rio a definir.<\/li>\n<li>(As aulas ser\u00e3o atrav\u00e9s do Google Meet + Ambiente Virtual de Aprendizagem JF)<\/li>\n<\/ul>\n<p><strong>Diferenciais JF<\/strong><\/p>\n<ul>\n<li>Acesso ao curso por 3 meses ap\u00f3s o in\u00edcio;<\/li>\n<li>AULAS: Plataforma (Meet) com resolu\u00e7\u00f5es de quest\u00f5es e dicas JF e Ambiente Virtual de Aprendizagem JF (PDF dos principais assuntos) com resolu\u00e7\u00f5es de quest\u00f5es e dicas JF + webaulas.<\/li>\n<li>os candidatos aprovados para 2\u00aa fase poder\u00e3o optar pelo curso de avali\u00e7\u00e3o pr\u00e1tica (esta\u00e7\u00f5es pr\u00e1ticas simuladas com checklist) no Centro de Simula\u00e7\u00e3o JF com treinamento na \u00e1rea Essencial em Suporte de Vida para Atendimento Pr\u00e9-Hospitalar (<em><strong>consultar valores<\/strong><\/em>).<\/li>\n<\/ul>\n","protected":false},"featured_media":10529,"comment_status":"open","ping_status":"closed","template":"","meta":{"_acf_changed":false},"product_brand":[],"product_cat":[146],"product_tag":[],"class_list":{"0":"post-10530","1":"product","2":"type-product","3":"status-publish","4":"has-post-thumbnail","6":"product_cat-livre-realizados","8":"first","9":"outofstock","10":"shipping-taxable","11":"purchasable","12":"product-type-simple"},"acf":[],"_links":{"self":[{"href":"https:\/\/jfsimulacaosaude.com.br\/site\/wp-json\/wp\/v2\/product\/10530","targetHints":{"allow":["GET"]}}],"collection":[{"href":"https:\/\/jfsimulacaosaude.com.br\/site\/wp-json\/wp\/v2\/product"}],"about":[{"href":"https:\/\/jfsimulacaosaude.com.br\/site\/wp-json\/wp\/v2\/types\/product"}],"replies":[{"embeddable":true,"href":"https:\/\/jfsimulacaosaude.com.br\/site\/wp-json\/wp\/v2\/comments?post=10530"}],"wp:featuredmedia":[{"embeddable":true,"href":"https:\/\/jfsimulacaosaude.com.br\/site\/wp-json\/wp\/v2\/media\/10529"}],"wp:attachment":[{"href":"https:\/\/jfsimulacaosaude.com.br\/site\/wp-json\/wp\/v2\/media?parent=10530"}],"wp:term":[{"taxonomy":"product_brand","embeddable":true,"href":"https:\/\/jfsimulacaosaude.com.br\/site\/wp-json\/wp\/v2\/product_brand?post=10530"},{"taxonomy":"product_cat","embeddable":true,"href":"https:\/\/jfsimulacaosaude.com.br\/site\/wp-json\/wp\/v2\/product_cat?post=10530"},{"taxonomy":"product_tag","embeddable":true,"href":"https:\/\/jfsimulacaosaude.com.br\/site\/wp-json\/wp\/v2\/product_tag?post=10530"}],"curies":[{"name":"wp","href":"https:\/\/api.w.org\/{rel}","templated":true}]}}