{"id":10524,"date":"2024-03-28T17:22:45","date_gmt":"2024-03-28T20:22:45","guid":{"rendered":"https:\/\/jfsimulacaosaude.com.br\/site\/product\/preparatorio-ciopaer-2a-fase-treinamento-de-habilidades\/"},"modified":"2024-04-02T15:19:23","modified_gmt":"2024-04-02T18:19:23","slug":"preparatorio-ciopaer-2a-fase-treinamento-de-habilidades","status":"publish","type":"product","link":"https:\/\/jfsimulacaosaude.com.br\/site\/produto\/preparatorio-ciopaer-2a-fase-treinamento-de-habilidades\/","title":{"rendered":"Preparat\u00f3rio CIOPAER &#8211; 2a Fase (Treinamento de Habilidades)"},"content":{"rendered":"<p><strong>P\u00fablico Alvo:<\/strong> Enfermeiros<\/p>\n<p><strong>Carga Hor\u00e1ria:<\/strong> 10h<\/p>\n<p><strong>Vagas<\/strong> \u2013 10 (dez)*<\/p>\n<p>Curso sujeito \u00e0 forma\u00e7\u00e3o de turma conforme os crit\u00e9rios do <a href=\"https:\/\/www.sspds.ce.gov.br\/wp-content\/uploads\/sites\/24\/2023\/06\/Edital-CFOSM-2023-DOE.pdf\">edital (No. 01\/2023) <strong>PROCESSO SELETIVO PARA CURSO DE FORMA\u00c7\u00c3O DE OPERADOR DE SUPORTE M\u00c9DICO (CFOSM\/2023)<\/strong><\/a><\/p>\n<p>O preparat\u00f3rio para avalia\u00e7\u00e3o pr\u00e1tica ir\u00e1 contemplar os seguintes m\u00f3dulos:<\/p>\n<ul>\n<li>Emerg\u00eancias Cl\u00ednicas<\/li>\n<li>Pediatria Cl\u00ednica<\/li>\n<li>Emerg\u00eancias Traum\u00e1ticas<\/li>\n<\/ul>\n<p><strong>Dia: <\/strong>16\/7\/2023 das 8h \u00e0s 17h.<\/p>\n<p><strong>Local:<\/strong>\u00a0Centro de Ensino e Simula\u00e7\u00e3o em Sa\u00fade \u2013 Dra Julyana Freitas (Rua Ab\u00edlio Martins, 900, Parquel\u00e2ndia)<\/p>\n<p>Prova de Profici\u00eancia em Atendimento Pr\u00e9 &#8211; Hospitalar\u00a0(checklist das principais esta\u00e7\u00f5es pr\u00e1ticas simuladas baseado nas habilidade t\u00e9cnicas e n\u00e3o t\u00e9cnica conforme o conte\u00fado program\u00e1tico conforme o edital)<\/p>\n<p><strong>Certifica\u00e7\u00e3o:<\/strong>\u00a0Ser\u00e1 fornecido certificado digital de participa\u00e7\u00e3o para todos os alunos que completarem no m\u00ednimo 75% da carga hor\u00e1ria do curso.<\/p>\n<p><strong>Conte\u00fado Program\u00e1tico:\u00a0<\/strong>Ver\u00a0<a href=\"https:\/\/www.sspds.ce.gov.br\/wp-content\/uploads\/sites\/24\/2023\/06\/Edital-CFOSM-2023-DOE.pdf\"><strong>EDITAL N\u00ba01\/2023 \u2013 CIOPAER<\/strong><\/a><\/p>\n<p><strong>Facilitadores:<\/strong><\/p>\n<p><strong>Profa. Dra. Julyana Gomes Freitas.<\/strong><\/p>\n<p>&#8211; Enfermeira pela Universidade Federal do Cear\u00e1 (2008). Mestrado e Doutorado pela Universidade Federal do Cear\u00e1 (2011\/2013). Especialista em Urg\u00eancia e Emerg\u00eancia pela ESP (Escola de Sa\u00fade P\u00fablica (2013). Especialista em Linhas de Cuidado em Enfermagem (Urg\u00eancia e Emerg\u00eancia) pela UFSC (Universidade de Santa Catarina)\/2014.<\/p>\n<p>&#8211; Enfermeira Assistencial Servi\u00e7o de Atendimento M\u00f3vel (SAMU\/Fortaleza)\/2012 a 2014.<\/p>\n<p>-Enfermeira Preceptora do N\u00facleo de Educa\u00e7\u00e3o Permanente do Servi\u00e7o de Atendimento M\u00f3vel (SAMU\/Fortaleza)\/2012 a 2014 e 2019\/2021.<\/p>\n<p>&#8211; Enfermeira Assistencial na Unidade de Pronto Atendimento (UPA Canindezinho)\/2013 a 2015.<\/p>\n<p>&#8211; Docente da Universidade de Fortaleza (UNIFOR) (2013\/atual).<\/p>\n<p>&#8211; CEO do Centro de Ensino e Simula\u00e7\u00e3o em Sa\u00fade JF (2018\/atual).<\/p>\n<p>&#8211; Especialista Educacional em Simula\u00e7\u00e3o Cl\u00ednica da Escola de Sa\u00fade P\u00fablica (ESP\/CE) (2021\/ atual).<\/p>\n<p><strong>\u00a0<\/strong><strong>Atuando principalmente nos seguintes temas:<\/strong> Simula\u00e7\u00e3o; Urg\u00eancia e Emerg\u00eancia; Paciente Cr\u00edtico; Tecnologias e Educa\u00e7\u00e3o.<\/p>\n<p><strong>&#8211; Esp. Jean Carlos<\/strong><\/p>\n<p>&#8211; Graduado em Enfermagem pela Universidade Paulista (UNIP).<\/p>\n<p>&#8211; Especialista em Terapia Intensiva pela UNIFAMETRO.<\/p>\n<p>-Enfermeiro Assistencial no Servi\u00e7o de Atendimento M\u00f3vel a Urg\u00eancia (SAMU\/Fortaleza) (2016\/atual).<\/p>\n<p>&#8211; Facilitador do Centro do Ensino e Simula\u00e7\u00e3o em Sa\u00fade Dra. Julyana Freitas (2020\/atual).<\/p>\n<p>&#8211; Facilitador do N\u00facleo de Educa\u00e7\u00e3o Permanente do Servi\u00e7o de Atendimento Pr\u00e9-Hospitalar M\u00f3vel (SAMU) Fortaleza (2019\/atual).<\/p>\n<p>&#8211; Instrutor do Atendimento Pr\u00e9-Hospitalar ao Trauma pela National Association of Emergency Medical Technicians (NAEMT).<\/p>\n<p>&#8211; Instrutor do Stop The Bleed pela American College of Surgeons.<\/p>\n<p>&#8211; Instrutor TECC\/TCCC tbm pela National Association of Emergency Medical Technicians (NAEMT).<\/p>\n<p>&#8211; Especialista Enfermagem Aeroespacial pela Unyleya.<\/p>\n<p><strong>Atuando principalmente nos seguintes temas:<\/strong> APH; Urg\u00eancia e Emerg\u00eancia; Paciente Cr\u00edtico; Trauma e Ensino.<\/p>\n<p>Investimento:<\/p>\n<p><strong>P\u00fablico Externo<\/strong><br \/>\nR$ 250,00 (duzentos e cinquenta reais) &#8211; Enfermeiro<\/p>\n<p><strong>ORIENTA\u00c7\u00d5ES GERAIS<\/strong><\/p>\n<p>CURSOS LIVRES<\/p>\n<ol>\n<li>As inscri\u00e7\u00f5es ser\u00e3o realizadas at\u00e9 o \u00faltimo dia \u00fatil que antecede a data de in\u00edcio do curso, e se houver vaga. Caso a quantidade de pagantes ultrapasse o n\u00famero de vagas, o valor integral ser\u00e1 devolvido ao \u00faltimo participante inscrito;<\/li>\n<li>A realiza\u00e7\u00e3o do curso est\u00e1 sujeita a forma\u00e7\u00e3o de turma, com n\u00famero igual ou superior aos gastos estipulados pela empresa. A n\u00e3o forma\u00e7\u00e3o de turma est\u00e1 sujeita a devolu\u00e7\u00e3o do valor integral de da inscri\u00e7\u00e3o;<\/li>\n<li>A desist\u00eancia dever\u00e1 ser comunicada por e-mail (<a href=\"mailto:jf@jfservicoseducacionais.com.br\">jf@jfservicoseducacionais.com.br<\/a>) at\u00e9 72(setenta e duas) horas antes do in\u00edcio do curso. Ap\u00f3s esse prazo ser\u00e1 devolvido 70% (setenta por cento) do valor e ap\u00f3s o in\u00edcio do curso n\u00e3o h\u00e1 devolu\u00e7\u00e3o e\/ou estorno. No e-mail deve ser informado os dados banc\u00e1rios do aluno com o devido CPF e nome completo, e anexado o comprovante de pagamento para devolu\u00e7\u00e3o e\/ou estorno no caso de pagamento por meio de cart\u00e3o de cr\u00e9dito. A devolu\u00e7\u00e3o e\/ou estorno ser\u00e1 feita at\u00e9 3 (tr\u00eas) dias \u00fateis ap\u00f3s o recebimento do e-mail.<\/li>\n<\/ol>\n<p>&nbsp;<\/p>\n","protected":false},"excerpt":{"rendered":"<p><strong>Dia: <\/strong>16\/7\/2023 das 8h \u00e0s 17h.<\/p>\n<p><strong>Local:<\/strong>\u00a0Centro de Ensino e Simula\u00e7\u00e3o em Sa\u00fade \u2013 Dra Julyana Freitas (Rua Ab\u00edlio Martins, 900, Parquel\u00e2ndia)<\/p>\n","protected":false},"featured_media":0,"comment_status":"open","ping_status":"closed","template":"","meta":{"_acf_changed":false},"product_brand":[],"product_cat":[146],"product_tag":[],"class_list":{"0":"post-10524","1":"product","2":"type-product","3":"status-publish","5":"product_cat-livre-realizados","7":"first","8":"outofstock","9":"shipping-taxable","10":"purchasable","11":"product-type-simple"},"acf":[],"_links":{"self":[{"href":"https:\/\/jfsimulacaosaude.com.br\/site\/wp-json\/wp\/v2\/product\/10524","targetHints":{"allow":["GET"]}}],"collection":[{"href":"https:\/\/jfsimulacaosaude.com.br\/site\/wp-json\/wp\/v2\/product"}],"about":[{"href":"https:\/\/jfsimulacaosaude.com.br\/site\/wp-json\/wp\/v2\/types\/product"}],"replies":[{"embeddable":true,"href":"https:\/\/jfsimulacaosaude.com.br\/site\/wp-json\/wp\/v2\/comments?post=10524"}],"wp:attachment":[{"href":"https:\/\/jfsimulacaosaude.com.br\/site\/wp-json\/wp\/v2\/media?parent=10524"}],"wp:term":[{"taxonomy":"product_brand","embeddable":true,"href":"https:\/\/jfsimulacaosaude.com.br\/site\/wp-json\/wp\/v2\/product_brand?post=10524"},{"taxonomy":"product_cat","embeddable":true,"href":"https:\/\/jfsimulacaosaude.com.br\/site\/wp-json\/wp\/v2\/product_cat?post=10524"},{"taxonomy":"product_tag","embeddable":true,"href":"https:\/\/jfsimulacaosaude.com.br\/site\/wp-json\/wp\/v2\/product_tag?post=10524"}],"curies":[{"name":"wp","href":"https:\/\/api.w.org\/{rel}","templated":true}]}}