{"id":10523,"date":"2024-03-28T17:22:44","date_gmt":"2024-03-28T20:22:44","guid":{"rendered":"https:\/\/jfsimulacaosaude.com.br\/site\/product\/alta-performance-em-emergencias-psiquiatricas-hibrido\/"},"modified":"2024-04-08T11:53:10","modified_gmt":"2024-04-08T14:53:10","slug":"alta-performance-em-emergencias-psiquiatricas-hibrido","status":"publish","type":"product","link":"https:\/\/jfsimulacaosaude.com.br\/site\/produto\/alta-performance-em-emergencias-psiquiatricas-hibrido\/","title":{"rendered":"Alta Performance em Emerg\u00eancias Psiqui\u00e1tricas &#8211; H\u00edbrido"},"content":{"rendered":"<p><b>OBJETIVO GERAL:<\/b><\/p>\n<ul>\n<li style=\"font-weight: 400;\" aria-level=\"1\"><span style=\"font-weight: 400;\">Garantir o manejo cl\u00ednico em situa\u00e7\u00f5es de emerg\u00eancias psiqui\u00e1tricas (quadros psic\u00f3ticos, ansiosos, depressivos) com o uso de simula\u00e7\u00e3o.\u00a0<\/span><\/li>\n<\/ul>\n<p><b>OBJETIVO ESPEC\u00cdFICO:<\/b><\/p>\n<ul>\n<li style=\"font-weight: 400;\" aria-level=\"1\"><span style=\"font-weight: 400;\">Conhecer o fluxo das Rede de Sa\u00fade Mental do Cear\u00e1 para os casos de crise psiqui\u00e1trica;<\/span><\/li>\n<li style=\"font-weight: 400;\" aria-level=\"1\"><span style=\"font-weight: 400;\">Diferenciar conceitualmente urg\u00eancia\/emerg\u00eancias e agita\u00e7\u00f5es psicomotoras.<\/span><\/li>\n<li style=\"font-weight: 400;\" aria-level=\"1\"><span style=\"font-weight: 400;\">Identificar fatores desencadeante de crise psiqui\u00e1trica;<\/span><\/li>\n<li style=\"font-weight: 400;\" aria-level=\"1\"><span style=\"font-weight: 400;\">Orientar as principais abordagens cl\u00ednicas nas situa\u00e7\u00f5es de crise emocional;<\/span><\/li>\n<li style=\"font-weight: 400;\" aria-level=\"1\"><span style=\"font-weight: 400;\">Simular atendimentos de urg\u00eancia\/emerg\u00eancia aos pacientes com quadros psic\u00f3ticos, depressivos, ansiosos, s\u00edndrome do p\u00e2nico entre outros.<\/span><\/li>\n<li style=\"font-weight: 400;\" aria-level=\"1\"><span style=\"font-weight: 400;\">Simular cuidados biopsicossociais na s\u00edndrome da COVID longa.<\/span><\/li>\n<\/ul>\n<p><strong>Datas:\u00a0<\/strong><\/p>\n<p>\u23f0 <strong>Carga Hor\u00e1ria:<\/strong> 40 horas\/ aula<\/p>\n<p>\ud83d\udccc 11, 13, 18 e 20 de setembro de 2023 das 18h \u00e0s 22h (Segunda e quarta &#8211; Google Meet);<br \/>\n\ud83d\udccc 23 e 24 de setembro de 2023 das 8h \u00e0s 17h (S\u00e1bado e Domingo &#8211; Centro de Simula\u00e7\u00e3o e Sa\u00fade &#8211; JF, Rua Ab\u00edlio Martins, 900 &#8211; Parquelandia).<\/p>\n<p><strong>Obs:<\/strong> Nos dias 23 e 24\/09\/2023 o aluno poder\u00e1 optar em fazer o curso no modo presencial (20 vagas) ou por telessimula\u00e7\u00e3o, atrav\u00e9s de link exclusivo.<\/p>\n<p><b>Certificado<\/b><span style=\"font-weight: 400;\">: A certifica\u00e7\u00e3o ser\u00e1 concedida ao aluno que completar a carga hor\u00e1ria de no m\u00ednimo 75% do curso;<\/span><\/p>\n<p><b>N\u00ba de vagas: <\/b>20 presencial e 60 online.<\/p>\n<p><strong>CONTE\u00daDO PROGRAM\u00c1TICO:<\/strong><\/p>\n<p><strong>M\u00d3DULO I \u2013 5 horas\/aula (Ao Vivo \u2013 Google Meet)<\/strong><\/p>\n<p>Pol\u00edtica de sa\u00fade mental e a lei 8.080;<br \/>\nReforma psiqui\u00e1trica e RAPS do Cear\u00e1 e Fortaleza;<br \/>\nPrincipais patologias psiqui\u00e1tricas em sa\u00fade mental;<br \/>\nResolu\u00e7\u00e3o de quest\u00f5es de concurso.<\/p>\n<p><strong>M\u00d3DULO II \u2013 5 horas\/aula (Ao Vivo \u2013 Google Meet)<\/strong><\/p>\n<p>Os tipos de Urg\u00eancia e Emerg\u00eancias psiqui\u00e1tricas;<br \/>\nAbordagem ao paciente em situa\u00e7\u00e3o de crise psiqui\u00e1trica;<br \/>\nAbordagem t\u00e9cnica de primeiros socorros nas crises emocionais.<\/p>\n<p><strong>M\u00d3DULO III \u2013 5 horas\/aula (Ao Vivo \u2013 Google Meet)<\/strong><\/p>\n<p>Conceitos de crises eletivas, urg\u00eancia e emerg\u00eancia;<br \/>\nDiferenciar as diversas crises psiqui\u00e1tricas (suic\u00eddio, p\u00e2nico, emerg\u00eancia relacionadas a uso de drogas, burnout, entre outros;<br \/>\nO papel da equipe e do ambiente no manejo do comportamento agressivo;<br \/>\nImport\u00e2ncia de a\u00e7\u00f5es preventivas e de cuidado qualificado;<br \/>\nAbordagem a fam\u00edlia, parentes e amigo no momento da crise;<br \/>\nPrimeiros socorros nas emerg\u00eancias psiqui\u00e1tricas p\u00f3s pandemia de COVID-19.<\/p>\n<p><strong>M\u00d3DULO IV \u2013 5 horas\/aula (Ao Vivo \u2013 Google Meet)<\/strong><\/p>\n<p>Os tipos de conten\u00e7\u00e3o poss\u00edveis nas crises psiqui\u00e1tricas;<br \/>\nManejo dos f\u00e1rmacos nas Emerg\u00eancias Psiqui\u00e1tricas;<br \/>\nGerenciamento de Crises em crian\u00e7as com TEA;<br \/>\nAbordagem T\u00e9cnica ao Pacientes em Surto psic\u00f3tico;<br \/>\nAbordagem T\u00e9cnica ao Tentante Suicida.<\/p>\n<p><strong>M\u00d3DULO V \u2013 20 horas\/aula (Presencial com Telessimula\u00e7\u00e3o)<\/strong><\/p>\n<p><strong>Esta\u00e7\u00e3o Pr\u00e1tica Simulada 1:<\/strong> Apresenta\u00e7\u00e3o dos materiais\/equipamentos;<br \/>\n<strong>Esta\u00e7\u00e3o Pr\u00e1tica Simulada 2:\u00a0<\/strong> M\u00e9todo ACENA (Avalia\u00e7\u00e3o da Cena);<br \/>\n<strong>Esta\u00e7\u00e3o Pr\u00e1tica Simulada 3:<\/strong>\u00a0 M\u00e9todo A E I O U (Interven\u00e7\u00e3o em Crise Psiqui\u00e1trica);<br \/>\n<strong>Esta\u00e7\u00e3o Pr\u00e1tica Simulada 4:<\/strong> T\u00e9cnicas de abordagem ao paciente em Crise e t\u00e9cnicas de conten\u00e7\u00e3o (F\u00edsica e Mec\u00e2nica);<br \/>\n<strong>Esta\u00e7\u00e3o Pr\u00e1tica Simulada 5:<\/strong> Como oferecer apoio e cuidados n\u00e3o invasivos frente \u00e0s crises cotidianas;<\/p>\n<p><strong>Simula\u00e7\u00e3o Cl\u00ednica<\/strong> (Domingo &#8211; Fechamento do Curso)<\/p>\n<ul>\n<li class=\"selectable-text copyable-text iq0m558w\" dir=\"ltr\"><span class=\"selectable-text copyable-text\"><strong>Cen\u00e1rio 1:<\/strong> ABORDAGEM AO PACIENTE EM SURTO PSIC\u00d3TICO<\/span><\/li>\n<li class=\"selectable-text copyable-text iq0m558w\" dir=\"ltr\"><span class=\"selectable-text copyable-text\"><strong>Cen\u00e1rio 2:<\/strong> ABORDAGEM AO TENTANTE SUICIDA<\/span><\/li>\n<li class=\"selectable-text copyable-text iq0m558w\" dir=\"ltr\"><span class=\"selectable-text copyable-text\"><strong>Cen\u00e1rio 3:<\/strong> PROTOCOLO DE REGULA\u00c7\u00c3O NO APH<\/span><\/li>\n<\/ul>\n<p><strong>FACILITADORES:<\/strong><\/p>\n<p><strong>Dr. Narc\u00e9lio C\u00e2ndido de Moura Junior<\/strong><\/p>\n<p><span style=\"font-weight: 400;\">Possui gradua\u00e7\u00e3o em Enfermagem &#8211; Faculdades do Nordeste (2012), Especialista em Urg\u00eancia e Emerg\u00eancia Pr\u00e9-Hospitalar e Especialista em sa\u00fade mental, Mestrando em Sa\u00fade mental pela Unifor; atualmente \u00e9 Enfermeiro Sa\u00fade Mental do Instituto Federal do Cear\u00e1 e Enfermeiro Sa\u00fade Mental da Cooperativa de Atendimento Pr\u00e9-Hospitalar. Tem experi\u00eancia na \u00e1rea de Enfermagem, com \u00eanfase em Urg\u00eancia e Emerg\u00eancia Pr\u00e9-Hospitalar (Emerg\u00eancias Psiqui\u00e1tricas).<\/span><\/p>\n<p><span style=\"font-weight: 400;\">Instrutor e Idealizador do Curso de Emerg\u00eancias Psiqui\u00e1tricas &#8211; Abordagem ao Paciente em Surto Psic\u00f3tico. Professor da Disciplina de Emerg\u00eancias Psiqui\u00e1tricas &#8211; Centro de Ensino e Simula\u00e7\u00e3o em Sa\u00fade (Centro de Ensino e Simula\u00e7\u00e3o em Sa\u00fade &#8211; JF).<\/span><\/p>\n<p><strong>Dr. Adriano Rodrigues de Souza<\/strong><\/p>\n<p><span style=\"font-weight: 400;\">Doutor em Sa\u00fade Coletiva pela Universidade Federal do Cear\u00e1, mestre em Enfermagem pela Universidade Federal do Cear\u00e1, especialista em Vigil\u00e2ncia Epidemiol\u00f3gica pela Escola de Sa\u00fade P\u00fablica do Cear\u00e1. Professor do curso de medicina da Faculdade Est\u00e1cio\/IDOMED de Canind\u00e9. T\u00e9cnico da c\u00e9lula de vigil\u00e2ncia epidemiol\u00f3gica de Fortaleza, professor e orientador do Mestrado Profissional em Gest\u00e3o em Sa\u00fade (MEPGES) da Universidade Estadual do Cear\u00e1 (UECE), Coordenador de cen\u00e1rios de pr\u00e1tica do centro Uniateneu, prof. Do curso de enfermagem Est\u00e1cio Via Corpus. Ex-assessor t\u00e9cnico da OPAS para o COVID-19 no Estado do Cear\u00e1. Ex-coordenador da Coordenadoria de pol\u00edtica de sa\u00fade mental, \u00e1lcool e outras drogas do Estado do Cear\u00e1, professor visitante da Escola de Sa\u00fade P\u00fablica do Cear\u00e1. Na pesquisa atua e orienta nas \u00e1reas de sa\u00fade coletiva, vigil\u00e2ncia epidemiol\u00f3gica, sa\u00fade mental e gest\u00e3o em sa\u00fade.<\/span><\/p>\n<p><strong>INVESTIMENTO:<\/strong><\/p>\n<p><strong>R$ 388,00 (trezentos e oitenta e oito reais)<\/strong> para o curso h\u00edbrido (Online ao vivo e presencial nos dias 23 e 24 de setembro de 2023).<\/p>\n<p>ou<\/p>\n<p><strong>R$ 99,00 (noventa e nove reais)<\/strong> para o curso online (ao vivo) com acesso exclusivo nas telessimula\u00e7\u00f5es nos dias 23 e 24 de setembro de 2023. <a href=\"https:\/\/jfservicoseducacionais.com.br\/produto\/alta-performance-em-emergencias-psiquiatricas\/\"><strong>CLIQUE AQUI<\/strong><\/a> para realizar sua inscri\u00e7\u00e3o no formato ONLINE (AO VIVO).<\/p>\n<p>*Acad\u00eamicos da sa\u00fade ter\u00e3o direito a 15% de desconto. Para isso \u00e9 necess\u00e1rio entrar em contato com a nossa equipe para enviar um comprovante no <a href=\"https:\/\/wa.me\/message\/WOHBPJGEBNW2E1\">WhatsApp (85) 98832.7305.<\/a><\/p>\n<p>*Os descontos concedidos n\u00e3o s\u00e3o cumulativos.<\/p>\n<p><strong>ORIENTA\u00c7\u00d5ES GERAIS<\/strong><\/p>\n<p>CURSOS LIVRES<\/p>\n<ol>\n<li>As inscri\u00e7\u00f5es ser\u00e3o realizadas at\u00e9 o \u00faltimo dia \u00fatil que antecede a data de in\u00edcio do curso, e se houver vaga. Caso a quantidade de pagantes ultrapasse o n\u00famero de vagas, o valor integral ser\u00e1 devolvido ao \u00faltimo participante inscrito;<\/li>\n<li>A realiza\u00e7\u00e3o do curso est\u00e1 sujeita a forma\u00e7\u00e3o de turma, com n\u00famero igual ou superior aos gastos estipulados pela empresa. A n\u00e3o forma\u00e7\u00e3o de turma est\u00e1 sujeita a devolu\u00e7\u00e3o do valor integral de da inscri\u00e7\u00e3o;<\/li>\n<li>A desist\u00eancia dever\u00e1 ser comunicada por e-mail (<a href=\"mailto:jf@jfservicoseducacionais.com.br\">jf@jfservicoseducacionais.com.br<\/a>) at\u00e9 72(setenta e duas) horas antes do in\u00edcio do curso. Ap\u00f3s esse prazo ser\u00e1 devolvido 70% (setenta por cento) do valor e ap\u00f3s o in\u00edcio do curso n\u00e3o h\u00e1 devolu\u00e7\u00e3o e\/ou estorno. No e-mail deve ser informado os dados banc\u00e1rios do aluno com o devido CPF e nome completo, e anexado o comprovante de pagamento para devolu\u00e7\u00e3o e\/ou estorno no caso de pagamento por meio de cart\u00e3o de cr\u00e9dito. A devolu\u00e7\u00e3o e\/ou estorno ser\u00e1 feita at\u00e9 3 (tr\u00eas) dias \u00fateis ap\u00f3s o recebimento do e-mail.<\/li>\n<\/ol>\n<p>&nbsp;<\/p>\n<p><strong>Dra. Julyana Freitas<br \/>\n<\/strong>Dire\u00e7\u00e3o Geral<\/p>\n","protected":false},"excerpt":{"rendered":"<p><b>OBJETIVO GERAL:<\/b><\/p>\n<ul>\n<li style=\"font-weight: 400;\" aria-level=\"1\"><span style=\"font-weight: 400;\">Garantir o manejo cl\u00ednico em situa\u00e7\u00f5es de emerg\u00eancias psiqui\u00e1tricas (quadros psic\u00f3ticos, ansiosos, depressivos) com o uso de simula\u00e7\u00e3o.\u00a0<\/span><\/li>\n<\/ul>\n<p><b>OBJETIVO ESPEC\u00cdFICO:<\/b><\/p>\n<ul>\n<li style=\"font-weight: 400;\" aria-level=\"1\"><span style=\"font-weight: 400;\">Conhecer o fluxo das Rede de Sa\u00fade Mental do Cear\u00e1 para os casos de crise psiqui\u00e1trica;<\/span><\/li>\n<li style=\"font-weight: 400;\" aria-level=\"1\"><span style=\"font-weight: 400;\">Diferenciar conceitualmente urg\u00eancia\/emerg\u00eancias e agita\u00e7\u00f5es psicomotoras.<\/span><\/li>\n<li style=\"font-weight: 400;\" aria-level=\"1\"><span style=\"font-weight: 400;\">Identificar fatores desencadeante de crise psiqui\u00e1trica;<\/span><\/li>\n<li style=\"font-weight: 400;\" aria-level=\"1\"><span style=\"font-weight: 400;\">Orientar as principais abordagens cl\u00ednicas nas situa\u00e7\u00f5es de crise emocional;<\/span><\/li>\n<li style=\"font-weight: 400;\" aria-level=\"1\"><span style=\"font-weight: 400;\">Simular atendimentos de urg\u00eancia\/emerg\u00eancia aos pacientes com quadros psic\u00f3ticos, depressivos, ansiosos, s\u00edndrome do p\u00e2nico entre outros.<\/span><\/li>\n<li style=\"font-weight: 400;\" aria-level=\"1\"><span style=\"font-weight: 400;\">Simular cuidados biopsicossociais na s\u00edndrome da COVID longa.<\/span><\/li>\n<\/ul>\n","protected":false},"featured_media":10522,"comment_status":"open","ping_status":"closed","template":"","meta":{"_acf_changed":false},"product_brand":[],"product_cat":[146],"product_tag":[],"class_list":{"0":"post-10523","1":"product","2":"type-product","3":"status-publish","4":"has-post-thumbnail","6":"product_cat-livre-realizados","8":"first","9":"outofstock","10":"shipping-taxable","11":"purchasable","12":"product-type-simple"},"acf":[],"_links":{"self":[{"href":"https:\/\/jfsimulacaosaude.com.br\/site\/wp-json\/wp\/v2\/product\/10523","targetHints":{"allow":["GET"]}}],"collection":[{"href":"https:\/\/jfsimulacaosaude.com.br\/site\/wp-json\/wp\/v2\/product"}],"about":[{"href":"https:\/\/jfsimulacaosaude.com.br\/site\/wp-json\/wp\/v2\/types\/product"}],"replies":[{"embeddable":true,"href":"https:\/\/jfsimulacaosaude.com.br\/site\/wp-json\/wp\/v2\/comments?post=10523"}],"wp:featuredmedia":[{"embeddable":true,"href":"https:\/\/jfsimulacaosaude.com.br\/site\/wp-json\/wp\/v2\/media\/10522"}],"wp:attachment":[{"href":"https:\/\/jfsimulacaosaude.com.br\/site\/wp-json\/wp\/v2\/media?parent=10523"}],"wp:term":[{"taxonomy":"product_brand","embeddable":true,"href":"https:\/\/jfsimulacaosaude.com.br\/site\/wp-json\/wp\/v2\/product_brand?post=10523"},{"taxonomy":"product_cat","embeddable":true,"href":"https:\/\/jfsimulacaosaude.com.br\/site\/wp-json\/wp\/v2\/product_cat?post=10523"},{"taxonomy":"product_tag","embeddable":true,"href":"https:\/\/jfsimulacaosaude.com.br\/site\/wp-json\/wp\/v2\/product_tag?post=10523"}],"curies":[{"name":"wp","href":"https:\/\/api.w.org\/{rel}","templated":true}]}}