{"id":10519,"date":"2024-03-28T17:22:31","date_gmt":"2024-03-28T20:22:31","guid":{"rendered":"https:\/\/jfsimulacaosaude.com.br\/site\/product\/assumi-o-plantao-e-agora-versao-ferias\/"},"modified":"2024-04-02T15:19:34","modified_gmt":"2024-04-02T18:19:34","slug":"assumi-o-plantao-e-agora-versao-ferias","status":"publish","type":"product","link":"https:\/\/jfsimulacaosaude.com.br\/site\/produto\/assumi-o-plantao-e-agora-versao-ferias\/","title":{"rendered":"Assumi o Plant\u00e3o! E Agora? (Vers\u00e3o F\u00e9rias)"},"content":{"rendered":"<p><strong>Objetivo: <\/strong>Conectar alta tecnologia, infraestrutura e conhecimento, abordando o treinamento de habilidades, manuseio de equipamentos e dispositivos atuais nos procedimentos de enfermagem mais comuns no ambiente pr\u00e9, intra e hospitalar, favorecendo o desenvolvimento de boas pr\u00e1ticas e alta performance nos cuidados de enfermagem.<\/p>\n<p>Inscreva-se <a href=\"https:\/\/forms.gle\/SdRT9HsvmUGDsSF76\"><strong>AQUI<\/strong><\/a> ou fale com nosso time de sucesso pelo nosso <a href=\"https:\/\/wa.me\/message\/WOHBPJGEBNW2E1\">WhatsApp<\/a>.<\/p>\n<p>\u2705 Dia 17\/07 &#8211; <strong>ECG NA PR\u00c1TICA<\/strong><br \/>\nFacilitador: Dr. Raphael Colares<\/p>\n<p>\u2705 Dia 18\/07 &#8211; <strong>PCR NA PR\u00c1TICA<\/strong><br \/>\nFacilitador: Dra. Wilcilene Oliveira<\/p>\n<p>\u2705 Dia 19\/07 &#8211; <strong>Farmacologia de Emerg\u00eancia Traum\u00e1tica<\/strong><br \/>\nFacilitadora: Dra. Julyana Freitas<\/p>\n<p>\u2705 Dia 20\/07 &#8211; <strong>Manejo de Via A\u00e9rea<\/strong><br \/>\nFacilitadora: Dra. Jaqueline Dantas<\/p>\n<p>\u2705 Dia: 21\/07 &#8211; <strong>Trauma na Pr\u00e1tica<\/strong><br \/>\nFacilitador: Dr. Lamarck Teixeira<\/p>\n<p>\u2705 Dia: 24\/07 &#8211; <strong>Emerg\u00eancias Pedi\u00e1tricas<\/strong><br \/>\nFacilitadora: Dra. Raufilia Vidal<\/p>\n<p>\u2705 Dia 25\/07 &#8211; <strong>Procedimentos de Enfermagem<\/strong><br \/>\nFacilitador: Dr. Egberg Santos<\/p>\n<p>\u2705 Dia 26\/07 &#8211; <strong>Administra\u00e7\u00e3o de F\u00e1rmacos<\/strong><br \/>\nFacilitador: Dra. Julyana Freitas<\/p>\n<p>\u2705 Dia 27\/07 &#8211; <strong>Exames F\u00edsico na Pr\u00e1tica<\/strong><br \/>\nFacilitadora: Dra. Sarah Feitoza<\/p>\n<p>\u2705 Dia 28\/07 &#8211; <strong>Intra\u00f3ssea na Pr\u00e1tica<\/strong><br \/>\nFacilitador: Dr. Jean Carlos<\/p>\n<p>\ud83d\udcda <strong>Carga hor\u00e1ria total:<\/strong> 100 horas\/aula<br \/>\n\ud83d\udcda <strong>Carga hor\u00e1ria por curso:<\/strong> 10 horas\/aula<br \/>\n\ud83d\udc68\ud83c\udffb\u200d\u2695\ufe0f <strong>P\u00fablico-Alvo:<\/strong> T\u00e9cnicos de Enfermagem, Enfermeiros e Acad\u00eamicos de Enfermagem.<\/p>\n<p>\ud83e\udd13 <strong>Modalidade:<\/strong> Presencial\/Pr\u00e1tico<br \/>\n(Treinamento de Habilidades\/Esta\u00e7\u00f5es Pr\u00e1ticas Simuladas)<\/p>\n<p>\u23f0 <strong>Hor\u00e1rio:<\/strong> 8h \u00e0s 12h e das 13h \u00e0s 17h<\/p>\n<p>\ud83d\udccd<strong>Local:<\/strong> Centro de Ensino e Simula\u00e7\u00e3o em Sa\u00fade \u2013 Dra. Julyana Freitas (Rua Ab\u00edlio Martins, 900, Parquel\u00e2ndia)<\/p>\n<p>\ud83d\udcb0 Investimento:<br \/>\nR$ 1.000,00 (10 cursos);<br \/>\nR$ 650,00 (5 cursos);<br \/>\nou R$ 150,00 (1 curso).<\/p>\n<p><strong>ORIENTA\u00c7\u00d5ES GERAIS<\/strong><\/p>\n<p>CURSOS LIVRES<\/p>\n<ol>\n<li>As inscri\u00e7\u00f5es ser\u00e3o realizadas at\u00e9 o \u00faltimo dia \u00fatil que antecede a data de in\u00edcio do curso, e se houver vaga. Caso a quantidade de pagantes ultrapasse o n\u00famero de vagas, o valor integral ser\u00e1 devolvido ao \u00faltimo participante inscrito;<\/li>\n<li>A realiza\u00e7\u00e3o do curso est\u00e1 sujeita a forma\u00e7\u00e3o de turma, com n\u00famero igual ou superior aos gastos estipulados pela empresa. A n\u00e3o forma\u00e7\u00e3o de turma est\u00e1 sujeita a devolu\u00e7\u00e3o do valor integral de da inscri\u00e7\u00e3o;<\/li>\n<li>A desist\u00eancia dever\u00e1 ser comunicada por e-mail (<a href=\"mailto:jf@jfservicoseducacionais.com.br\">jf@jfservicoseducacionais.com.br<\/a>) at\u00e9 72(setenta e duas) horas antes do in\u00edcio do curso. Ap\u00f3s esse prazo ser\u00e1 devolvido 70% (setenta por cento) do valor e ap\u00f3s o in\u00edcio do curso n\u00e3o h\u00e1 devolu\u00e7\u00e3o e\/ou estorno. No e-mail deve ser informado os dados banc\u00e1rios do aluno com o devido CPF e nome completo, e anexado o comprovante de pagamento para devolu\u00e7\u00e3o e\/ou estorno no caso de pagamento por meio de cart\u00e3o de cr\u00e9dito. A devolu\u00e7\u00e3o e\/ou estorno ser\u00e1 feita at\u00e9 3 (tr\u00eas) dias \u00fateis ap\u00f3s o recebimento do e-mail.<\/li>\n<\/ol>\n<p>&nbsp;<\/p>\n<p><strong>Dra. Julyana Freitas<br \/>\n<\/strong>Dire\u00e7\u00e3o Geral<\/p>\n","protected":false},"excerpt":{"rendered":"<p><strong>Objetivo: <\/strong>Conectar alta tecnologia, infraestrutura e conhecimento, abordando o treinamento de habilidades, manuseio de equipamentos e dispositivos atuais nos procedimentos de enfermagem mais comuns no ambiente pr\u00e9, intra e hospitalar, favorecendo o desenvolvimento de boas pr\u00e1ticas e alta performance nos cuidados de enfermagem.<\/p>\n<p><strong>P\u00fablico-alvo: <\/strong>T\u00e9cnicos de Enfermagem, Enfermeiros e Acad\u00eamicos de Enfermagem.<\/p>\n","protected":false},"featured_media":10518,"comment_status":"open","ping_status":"closed","template":"","meta":{"_acf_changed":false},"product_brand":[],"product_cat":[146],"product_tag":[],"class_list":{"0":"post-10519","1":"product","2":"type-product","3":"status-publish","4":"has-post-thumbnail","6":"product_cat-livre-realizados","8":"first","9":"outofstock","10":"shipping-taxable","11":"product-type-simple"},"acf":[],"_links":{"self":[{"href":"https:\/\/jfsimulacaosaude.com.br\/site\/wp-json\/wp\/v2\/product\/10519","targetHints":{"allow":["GET"]}}],"collection":[{"href":"https:\/\/jfsimulacaosaude.com.br\/site\/wp-json\/wp\/v2\/product"}],"about":[{"href":"https:\/\/jfsimulacaosaude.com.br\/site\/wp-json\/wp\/v2\/types\/product"}],"replies":[{"embeddable":true,"href":"https:\/\/jfsimulacaosaude.com.br\/site\/wp-json\/wp\/v2\/comments?post=10519"}],"wp:featuredmedia":[{"embeddable":true,"href":"https:\/\/jfsimulacaosaude.com.br\/site\/wp-json\/wp\/v2\/media\/10518"}],"wp:attachment":[{"href":"https:\/\/jfsimulacaosaude.com.br\/site\/wp-json\/wp\/v2\/media?parent=10519"}],"wp:term":[{"taxonomy":"product_brand","embeddable":true,"href":"https:\/\/jfsimulacaosaude.com.br\/site\/wp-json\/wp\/v2\/product_brand?post=10519"},{"taxonomy":"product_cat","embeddable":true,"href":"https:\/\/jfsimulacaosaude.com.br\/site\/wp-json\/wp\/v2\/product_cat?post=10519"},{"taxonomy":"product_tag","embeddable":true,"href":"https:\/\/jfsimulacaosaude.com.br\/site\/wp-json\/wp\/v2\/product_tag?post=10519"}],"curies":[{"name":"wp","href":"https:\/\/api.w.org\/{rel}","templated":true}]}}