{"id":10517,"date":"2024-03-28T17:22:22","date_gmt":"2024-03-28T20:22:22","guid":{"rendered":"https:\/\/jfsimulacaosaude.com.br\/site\/product\/alta-performence-em-feridas-e-coberturas\/"},"modified":"2024-04-02T15:19:40","modified_gmt":"2024-04-02T18:19:40","slug":"alta-performence-em-feridas-e-coberturas","status":"publish","type":"product","link":"https:\/\/jfsimulacaosaude.com.br\/site\/produto\/alta-performence-em-feridas-e-coberturas\/","title":{"rendered":"Alta Performence em Feridas e Coberturas"},"content":{"rendered":"<p><strong>OBJETIVO DO CURSO:<\/strong> Capacitar o participante a avaliar les\u00f5es, cria\u00e7\u00e3o da proposta terap\u00eautica e a\u00e7\u00e3o da cobertura adequada, utilizando os protocolos mais atuais que ir\u00e3o facilitar a execu\u00e7\u00e3o.<\/p>\n<p><strong>DATA DO CURSO:<\/strong> 29 de julho de 2023, das 8h \u00e0s 17h (Ao Vivo &#8211; Google Meet)<\/p>\n<p><strong>CARGA HOR\u00c1RIA:<\/strong> 10 horas<\/p>\n<p><strong>P\u00daBLICO:<\/strong> Enfermeiros, estudantes da gradua\u00e7\u00e3o e t\u00e9cnicos de Enfermagem.<\/p>\n<p><strong>CONTE\u00daDO PROGRAM\u00c1TICO DO CURSO:<\/strong><\/p>\n<ol>\n<li>ANATOMIA E FISIOLOGIA DA PELE<\/li>\n<li>FISIOLOGIA DA CICATRIZA\u00c7\u00c3O<\/li>\n<li>CONCEITO E CLASSIFICA\u00c7\u00c3O DE FERIDAS<\/li>\n<li>COMO AVALIAR UMA FERIDA<\/li>\n<li>COMO MENSURAR E DIMENSIONAR UMA FERIDA<\/li>\n<li>REGISTRO FOTOGR\u00c1FICO<\/li>\n<li>O EXAME DO PACIENTE PORTADOR DE FERIDA<\/li>\n<li>OS PACIENTES DE RISCO PARA O APARECIMENTO DE FERIDAS<\/li>\n<li>FATORES QUE INTERFEREM NO PROCESSO DE CICATRIZA\u00c7\u00c3O<\/li>\n<li>NUTRI\u00c7\u00c3O E CICATRIZA\u00c7\u00c3O<\/li>\n<li>FERIDAS E INFEC\u00c7\u00c3O<\/li>\n<li>BIOFILMES<\/li>\n<li>COBERTURAS<\/li>\n<li>DESBRIDAMENTOS \/ DESBASTAMENTO: Defini\u00e7\u00e3o, indica\u00e7\u00e3o e t\u00e9cnicas<\/li>\n<li>DESBRIDAMENTOS \/ DESBASTAMENTO: Pr\u00e1ticas<\/li>\n<li>Apresenta\u00e7\u00e3o de casos cl\u00ednicos e pr\u00e1ticas das t\u00e9cnicas dos curativos<\/li>\n<li>Tratamentos Adjuvantes como biostimula\u00e7\u00e3o e Oz\u00f4nioterapia<\/li>\n<\/ol>\n<p><strong>FACILITADORA:<\/strong><\/p>\n<p><strong>Dra. Helena Benevides<\/strong><br \/>\nEnfermeira Estomaterapeuta\/ Dermatoterapeuta\/ Auditora\/ Emergencista e Gestora em Sa\u00fade Publica e da Fam\u00edlia.<\/p>\n<p><b>Investimento<\/b><\/p>\n<p><strong>R$ 69,90 (sessenta e nove reais e noventa centavos)<\/strong><\/p>\n<p>*Acad\u00eamicos da sa\u00fade e t\u00e9cnicos de enfermagem ter\u00e3o direito a 20% de desconto. Para isso \u00e9 necess\u00e1rio entrar em contato com o nosso time de sucesso e enviar um comprovante no WhatsApp (85) 98832.7305.<\/p>\n<p>*Os descontos concedidos n\u00e3o s\u00e3o cumulativos.<\/p>\n<p><strong>ORIENTA\u00c7\u00d5ES GERAIS<\/strong><\/p>\n<p>CURSOS LIVRES<\/p>\n<ol>\n<li>As inscri\u00e7\u00f5es ser\u00e3o realizadas at\u00e9 o \u00faltimo dia \u00fatil que antecede a data de in\u00edcio do curso, e se houver vaga. Caso a quantidade de pagantes ultrapasse o n\u00famero de vagas, o valor integral ser\u00e1 devolvido ao \u00faltimo participante inscrito;<\/li>\n<li>A realiza\u00e7\u00e3o do curso est\u00e1 sujeita a forma\u00e7\u00e3o de turma, com n\u00famero igual ou superior aos gastos estipulados pela empresa. A n\u00e3o forma\u00e7\u00e3o de turma est\u00e1 sujeita a devolu\u00e7\u00e3o do valor integral de da inscri\u00e7\u00e3o;<\/li>\n<li>A desist\u00eancia dever\u00e1 ser comunicada por e-mail (<a href=\"mailto:jf@jfservicoseducacionais.com.br\">jf@jfservicoseducacionais.com.br<\/a>) at\u00e9 72(setenta e duas) horas antes do in\u00edcio do curso. Ap\u00f3s esse prazo ser\u00e1 devolvido 70% (setenta por cento) do valor e ap\u00f3s o in\u00edcio do curso n\u00e3o h\u00e1 devolu\u00e7\u00e3o e\/ou estorno. No e-mail deve ser informado os dados banc\u00e1rios do aluno com o devido CPF e nome completo, e anexado o comprovante de pagamento para devolu\u00e7\u00e3o e\/ou estorno no caso de pagamento por meio de cart\u00e3o de cr\u00e9dito. A devolu\u00e7\u00e3o e\/ou estorno ser\u00e1 feita at\u00e9 3 (tr\u00eas) dias \u00fateis ap\u00f3s o recebimento do e-mail.<\/li>\n<\/ol>\n<p>&nbsp;<\/p>\n<p><strong>Dra. Julyana Freitas<br \/>\n<\/strong>Dire\u00e7\u00e3o Geral<\/p>\n","protected":false},"excerpt":{"rendered":"<p><strong>DATA DO CURSO:<\/strong> 29 de julho de 2023, das 8h \u00e0s 17h (Ao Vivo &#8211; Google Meet)<\/p>\n<p><strong>CARGA HOR\u00c1RIA:<\/strong> 10 horas<\/p>\n<p><strong>P\u00daBLICO:<\/strong> Enfermeiros, estudantes da gradua\u00e7\u00e3o e t\u00e9cnicos de Enfermagem.<\/p>\n","protected":false},"featured_media":10516,"comment_status":"open","ping_status":"closed","template":"","meta":{"_acf_changed":false},"product_brand":[],"product_cat":[146],"product_tag":[],"class_list":{"0":"post-10517","1":"product","2":"type-product","3":"status-publish","4":"has-post-thumbnail","6":"product_cat-livre-realizados","8":"first","9":"outofstock","10":"shipping-taxable","11":"purchasable","12":"product-type-simple"},"acf":[],"_links":{"self":[{"href":"https:\/\/jfsimulacaosaude.com.br\/site\/wp-json\/wp\/v2\/product\/10517","targetHints":{"allow":["GET"]}}],"collection":[{"href":"https:\/\/jfsimulacaosaude.com.br\/site\/wp-json\/wp\/v2\/product"}],"about":[{"href":"https:\/\/jfsimulacaosaude.com.br\/site\/wp-json\/wp\/v2\/types\/product"}],"replies":[{"embeddable":true,"href":"https:\/\/jfsimulacaosaude.com.br\/site\/wp-json\/wp\/v2\/comments?post=10517"}],"wp:featuredmedia":[{"embeddable":true,"href":"https:\/\/jfsimulacaosaude.com.br\/site\/wp-json\/wp\/v2\/media\/10516"}],"wp:attachment":[{"href":"https:\/\/jfsimulacaosaude.com.br\/site\/wp-json\/wp\/v2\/media?parent=10517"}],"wp:term":[{"taxonomy":"product_brand","embeddable":true,"href":"https:\/\/jfsimulacaosaude.com.br\/site\/wp-json\/wp\/v2\/product_brand?post=10517"},{"taxonomy":"product_cat","embeddable":true,"href":"https:\/\/jfsimulacaosaude.com.br\/site\/wp-json\/wp\/v2\/product_cat?post=10517"},{"taxonomy":"product_tag","embeddable":true,"href":"https:\/\/jfsimulacaosaude.com.br\/site\/wp-json\/wp\/v2\/product_tag?post=10517"}],"curies":[{"name":"wp","href":"https:\/\/api.w.org\/{rel}","templated":true}]}}