{"id":10515,"date":"2024-03-28T17:22:15","date_gmt":"2024-03-28T20:22:15","guid":{"rendered":"https:\/\/jfsimulacaosaude.com.br\/site\/product\/assumi-o-plantao-e-agora-ecg-na-pratica\/"},"modified":"2024-04-02T15:19:45","modified_gmt":"2024-04-02T18:19:45","slug":"assumi-o-plantao-e-agora-ecg-na-pratica","status":"publish","type":"product","link":"https:\/\/jfsimulacaosaude.com.br\/site\/produto\/assumi-o-plantao-e-agora-ecg-na-pratica\/","title":{"rendered":"Assumi o Plant\u00e3o! E Agora? ECG na Pr\u00e1tica!"},"content":{"rendered":"<p><b>Sobre o Curso<\/b><\/p>\n<p><span style=\"font-weight: 400;\">O curso proporcionar\u00e1 ao aluno a capacidade e qualifica\u00e7\u00e3o necess\u00e1ria para analisar o eletrocardiograma (o que ser\u00e1 mostrado na parte te\u00f3rica do curso) e utilizar a an\u00e1lise aprendida para a identifica\u00e7\u00e3o de sinais eletrocardiogr\u00e1ficos de alarme e assim otimizar a assist\u00eancia de enfermagem a pacientes que se apresentam no departamento de emerg\u00eancia precisando de um eletrocardiograma. (O que acontecer\u00e1 na parte pr\u00e1tica do curso). O profissional tamb\u00e9m ser\u00e1 capacitado em rela\u00e7\u00e3o a realiza\u00e7\u00e3o de procedimentos importantes como a cardiovers\u00e3o el\u00e9trica sincronizada al\u00e9m de aprender drogas utilizadas para o manejo das principais arrimtias card\u00edacas.<\/span><\/p>\n<p><b>Objetivo<\/b><\/p>\n<ul>\n<li style=\"font-weight: 400;\" aria-level=\"1\"><span style=\"font-weight: 400;\">Conhecer o impacto do eletrocardiograma no desfecho favor\u00e1vel do paciente da emerg\u00eancia<\/span><\/li>\n<li style=\"font-weight: 400;\" aria-level=\"1\"><span style=\"font-weight: 400;\">Saber o passo-a-passo de como rodar um eletrocardiograma<\/span><\/li>\n<li style=\"font-weight: 400;\" aria-level=\"1\"><span style=\"font-weight: 400;\">Conhecer os princ\u00edpios do ECG a parte da fisiologia cardiovascular<\/span><\/li>\n<li style=\"font-weight: 400;\" aria-level=\"1\"><span style=\"font-weight: 400;\">Saber identificar um eletrocardiograma normal<\/span><\/li>\n<li style=\"font-weight: 400;\" aria-level=\"1\"><span style=\"font-weight: 400;\">Conhecer os principais par\u00e2metros a se analisar em um ECG<\/span><\/li>\n<li style=\"font-weight: 400;\" aria-level=\"1\"><span style=\"font-weight: 400;\">Conhecer as principais altera\u00e7\u00f5es eletrocardiogr\u00e1ficas em pacientes com dor tor\u00e1cica<\/span><\/li>\n<li style=\"font-weight: 400;\" aria-level=\"1\"><span style=\"font-weight: 400;\">Identificar as principais taquiarritmias e bradiarritmias<\/span><\/li>\n<li style=\"font-weight: 400;\" aria-level=\"1\"><span style=\"font-weight: 400;\">Saber como o eletrocardiograma consegue impactar favoravelmente o paciente com s\u00edndrome coronariana aguda<\/span><\/li>\n<li style=\"font-weight: 400;\" aria-level=\"1\"><span style=\"font-weight: 400;\">Saber as principais interven\u00e7\u00f5es para um paciente com taquiarrtmia e bradiarrtmia<\/span><\/li>\n<li style=\"font-weight: 400;\" aria-level=\"1\"><span style=\"font-weight: 400;\">Realizar cardiovers\u00e3o el\u00e9trica com sucesso<\/span><\/li>\n<\/ul>\n<p><b>Conte\u00fado Program\u00e1tico<\/b><\/p>\n<p><span style=\"font-weight: 400;\"><strong>Encontro 1<\/strong> \u2013 Car\u00e1ter te\u00f3rico\u00a0<\/span><\/p>\n<p><span style=\"font-weight: 400;\">&#8211; ECG na Emerg\u00eancia, o que a faculdade n\u00e3o me ensinou e preciso saber?<\/span><\/p>\n<p><span style=\"font-weight: 400;\">&#8211; Princ\u00edpios do ECG<\/span><\/p>\n<p><span style=\"font-weight: 400;\">&#8211; ECG Normal<\/span><\/p>\n<p><span style=\"font-weight: 400;\">&#8211; Altera\u00e7\u00f5es Eletrocardiogr\u00e1ficas que todo enfermeiro deve conhecer<\/span><\/p>\n<p>&nbsp;<\/p>\n<p><span style=\"font-weight: 400;\"><strong>Encontro 2<\/strong> &#8211; Car\u00e1ter Pr\u00e1tico\u00a0<\/span><\/p>\n<p><span style=\"font-weight: 400;\">Esta\u00e7\u00e3o 1 \u2013 Como Rodar um ECG?\u00a0\u00a0<\/span><\/p>\n<p><span style=\"font-weight: 400;\">Esta\u00e7\u00e3o 2 \u2013 Diagn\u00f3stico e manejo das taquiarritmias<\/span><\/p>\n<p><span style=\"font-weight: 400;\">Esta\u00e7\u00e3o 3 \u2013 Diagn\u00f3stico e Manejo das Bradiarritmias<\/span><\/p>\n<p><span style=\"font-weight: 400;\">Esta\u00e7\u00e3o 4 &#8211; ECG no paciente com dor tor\u00e1cica<\/span><\/p>\n<p><strong>Facilitadores<\/strong><\/p>\n<p><b>Dr. Jobert Mitson Silva dos Santos<\/b><\/p>\n<p><span style=\"font-weight: 400;\">Graduado em medicina pela Universidade Federal do Cear\u00e1, M\u00e9dico Emergencista Egresso da Resid\u00eancia de Medicina de Emerg\u00eancia da Escola de Sa\u00fade P\u00fablica do Cear\u00e1, Preceptor da Resid\u00eancia de Medicina de Emerg\u00eancia da Escola de Sa\u00fade P\u00fablica e Instituto Dr. Jos\u00e9 Frota, M\u00e9dico Diarista da Sala Cr\u00edtica do Hospital Geral de Fortaleza pela Funda\u00e7\u00e3o Regional de Sa\u00fade. CEO da p\u00e1gina Cen\u00e1rios de Eletro<\/span><\/p>\n<p><span style=\"font-weight: 400;\">\u00a0<\/span><\/p>\n<p><b>Enf.\u00ba Prof. Raphael Colares de S\u00e1<\/b><\/p>\n<p><span style=\"font-weight: 400;\">Graduado em Enfermagem pela Universidade de Fortaleza \u2013 UNIFOR. Especialista em Transplante de \u00d3rg\u00e3os e Tecidos pelo programa de Resid\u00eancia Integrada Multiprofissional do Hospital Universit\u00e1rio Walter Cant\u00eddio\/UFC. Especialista em Urg\u00eancia e Emerg\u00eancia Pr\u00e9-Hospitalar pelo Centro Universit\u00e1rio Christus &#8211; UNICHRISTUS. Mestre em Ensino em Sa\u00fade pelo Centro Universit\u00e1rio Christus &#8211; UNICHRISTUS. Enfermeiro Assistencial da Emerg\u00eancia do Instituto Dr. Jos\u00e9 Frota &#8211; IJF e Docente da Gradua\u00e7\u00e3o em Enfermagem do Centro Universit\u00e1rio Christus &#8211; UNICHRISTUS. Professor de P\u00f3s-Gradua\u00e7\u00e3o nas \u00e1reas de Terapia Intensiva, Urg\u00eancia e Emerg\u00eancia e Cl\u00ednica M\u00e9dico-Cir\u00fargica.<\/span><\/p>\n<p><b>Investimento<\/b><\/p>\n<p>R$ 420,00 (quatrocentos e vinte reais)<\/p>\n<p>*Acad\u00eamicos da sa\u00fade e t\u00e9cnicos de enfermagem ter\u00e3o direito a 20% de desconto. Para isso \u00e9 necess\u00e1rio entrar em contato com a JF Servi\u00e7os Educacionais em Sa\u00fade e enviar um comprovante no WhatsApp (85) 98832.7305.<\/p>\n<p>*Os descontos concedidos n\u00e3o s\u00e3o cumulativos.<\/p>\n<p><strong>AO FINAL DO CURSO O ALUNO TER\u00c1 SIDO CAPACITADO PARA:<\/strong><strong>\u00a0<\/strong><\/p>\n<ul>\n<li style=\"font-weight: 400;\" aria-level=\"1\"><span style=\"font-weight: 400;\">Identificar um Eletrocardiograma normal<\/span><\/li>\n<li style=\"font-weight: 400;\" aria-level=\"1\"><span style=\"font-weight: 400;\">Reconhecer as principais paredes e deriva\u00e7\u00f5es card\u00edacas a partir do ECG<\/span><\/li>\n<li style=\"font-weight: 400;\" aria-level=\"1\"><span style=\"font-weight: 400;\">Reconhecer as principais altera\u00e7\u00f5es eletrocardiogr\u00e1ficas em patologias como infarto agudo do mioc\u00e1rdio, tromboembolismo pulmonar, dissec\u00e7\u00e3o de aorta, taquiarritmias e bradiarritmias<\/span><\/li>\n<li style=\"font-weight: 400;\" aria-level=\"1\"><span style=\"font-weight: 400;\">Rodar um eletrocardiograma de forma simples e direta<\/span><\/li>\n<li style=\"font-weight: 400;\" aria-level=\"1\"><span style=\"font-weight: 400;\">Atuar no manejo das principais taquiarritmias e bradiarritmias<\/span><\/li>\n<\/ul>\n<p><b>INFORMA\u00c7\u00d5ES IMPORTANTES<\/b><\/p>\n<ul>\n<li style=\"font-weight: 400;\" aria-level=\"1\"><span style=\"font-weight: 400;\">Uma equipe multiprofissional bem treinada \u00e9 providencial para um desfecho favor\u00e1vel do paciente;<\/span><\/li>\n<li style=\"font-weight: 400;\" aria-level=\"1\"><span style=\"font-weight: 400;\">Este curso permitir\u00e1 ao enfermeiro atuar de forma integrada, mas sem substituir o profissional m\u00e9dico no manejo das patologias abordadas.<\/span><\/li>\n<\/ul>\n<p><strong>ORIENTA\u00c7\u00d5ES GERAIS<\/strong><\/p>\n<p>CURSOS LIVRES<\/p>\n<ol>\n<li>As inscri\u00e7\u00f5es ser\u00e3o realizadas at\u00e9 o \u00faltimo dia \u00fatil que antecede a data de in\u00edcio do curso, e se houver vaga. Caso a quantidade de pagantes ultrapasse o n\u00famero de vagas, o valor integral ser\u00e1 devolvido ao \u00faltimo participante inscrito;<\/li>\n<li>A realiza\u00e7\u00e3o do curso est\u00e1 sujeita a forma\u00e7\u00e3o de turma, com n\u00famero igual ou superior aos gastos estipulados pela empresa. A n\u00e3o forma\u00e7\u00e3o de turma est\u00e1 sujeita a devolu\u00e7\u00e3o do valor integral de da inscri\u00e7\u00e3o;<\/li>\n<li>A desist\u00eancia dever\u00e1 ser comunicada por e-mail (<a href=\"mailto:jf@jfservicoseducacionais.com.br\">jf@jfservicoseducacionais.com.br<\/a>) at\u00e9 72(setenta e duas) horas antes do in\u00edcio do curso. Ap\u00f3s esse prazo ser\u00e1 devolvido 70% (setenta por cento) do valor e ap\u00f3s o in\u00edcio do curso n\u00e3o h\u00e1 devolu\u00e7\u00e3o e\/ou estorno. No e-mail deve ser informado os dados banc\u00e1rios do aluno com o devido CPF e nome completo, e anexado o comprovante de pagamento para devolu\u00e7\u00e3o e\/ou estorno no caso de pagamento por meio de cart\u00e3o de cr\u00e9dito. A devolu\u00e7\u00e3o e\/ou estorno ser\u00e1 feita at\u00e9 3 (tr\u00eas) dias \u00fateis ap\u00f3s o recebimento do e-mail.<\/li>\n<\/ol>\n<p>&nbsp;<\/p>\n<p><strong>Dra. Julyana Freitas<br \/>\n<\/strong>Dire\u00e7\u00e3o Geral<\/p>\n","protected":false},"excerpt":{"rendered":"<p><strong>Data:\u00a0\u00a0<\/strong>02 de junho de 2023 (sexta)\u00a0 das 18h \u00e0s 22h via Google Meet e 03 de junho de 2023 (s\u00e1bado) das 08 \u00e0s 17h no Centro de Simula\u00e7\u00e3o JF.<\/p>\n<p><strong>Endere\u00e7o:\u00a0<\/strong>Rua Ab\u00edlio Martins n\u00ba 900, Parquel\u00e2ndia.<\/p>\n<p><strong>P\u00fablico-alvo:<\/strong>\u00a0Acad\u00eamicos da sa\u00fade e profissionais de sa\u00fade (enfermagem, medicina, farm\u00e1cia, biomedicina e odontologia)<\/p>\n<p><strong>Modalidade:<\/strong>\u00a0Presencial<\/p>\n<p><strong>Carga-hor\u00e1ria:<\/strong>\u00a020h\/a<\/p>\n<p><strong>Investimento:\u00a0<\/strong>R$ 420,00 (quatrocentos e vinte reais).<\/p>\n<p><strong>Certificado:<\/strong>\u00a0A certifica\u00e7\u00e3o ser\u00e1 concedida ao aluno que completar a carga hor\u00e1ria de no m\u00ednimo 75% do curso.<\/p>\n<p><strong>N\u00ba de alunos: <\/strong>\u00a015 alunos<\/p>\n","protected":false},"featured_media":10514,"comment_status":"open","ping_status":"closed","template":"","meta":{"_acf_changed":false},"product_brand":[],"product_cat":[146],"product_tag":[],"class_list":{"0":"post-10515","1":"product","2":"type-product","3":"status-publish","4":"has-post-thumbnail","6":"product_cat-livre-realizados","8":"first","9":"outofstock","10":"shipping-taxable","11":"purchasable","12":"product-type-simple"},"acf":[],"_links":{"self":[{"href":"https:\/\/jfsimulacaosaude.com.br\/site\/wp-json\/wp\/v2\/product\/10515","targetHints":{"allow":["GET"]}}],"collection":[{"href":"https:\/\/jfsimulacaosaude.com.br\/site\/wp-json\/wp\/v2\/product"}],"about":[{"href":"https:\/\/jfsimulacaosaude.com.br\/site\/wp-json\/wp\/v2\/types\/product"}],"replies":[{"embeddable":true,"href":"https:\/\/jfsimulacaosaude.com.br\/site\/wp-json\/wp\/v2\/comments?post=10515"}],"wp:featuredmedia":[{"embeddable":true,"href":"https:\/\/jfsimulacaosaude.com.br\/site\/wp-json\/wp\/v2\/media\/10514"}],"wp:attachment":[{"href":"https:\/\/jfsimulacaosaude.com.br\/site\/wp-json\/wp\/v2\/media?parent=10515"}],"wp:term":[{"taxonomy":"product_brand","embeddable":true,"href":"https:\/\/jfsimulacaosaude.com.br\/site\/wp-json\/wp\/v2\/product_brand?post=10515"},{"taxonomy":"product_cat","embeddable":true,"href":"https:\/\/jfsimulacaosaude.com.br\/site\/wp-json\/wp\/v2\/product_cat?post=10515"},{"taxonomy":"product_tag","embeddable":true,"href":"https:\/\/jfsimulacaosaude.com.br\/site\/wp-json\/wp\/v2\/product_tag?post=10515"}],"curies":[{"name":"wp","href":"https:\/\/api.w.org\/{rel}","templated":true}]}}