{"id":10511,"date":"2024-03-28T17:22:00","date_gmt":"2024-03-28T20:22:00","guid":{"rendered":"https:\/\/jfsimulacaosaude.com.br\/site\/product\/imersao-em-moulage-para-simulacao-em-saude\/"},"modified":"2024-03-31T23:09:09","modified_gmt":"2024-04-01T02:09:09","slug":"imersao-em-moulage-para-simulacao-em-saude","status":"publish","type":"product","link":"https:\/\/jfsimulacaosaude.com.br\/site\/produto\/imersao-em-moulage-para-simulacao-em-saude\/","title":{"rendered":"Imers\u00e3o em Moulage para Simula\u00e7\u00e3o em Sa\u00fade"},"content":{"rendered":"<p><strong>APRESENTA\u00c7\u00c3O<\/strong><\/p>\n<p>Como ferramenta educacional, o Curso de Imers\u00e3o em Moulage para Simula\u00e7\u00e3o em Sa\u00fade utiliza habilidades t\u00e9cnicas por meio do uso de produtos espec\u00edficos para efeitos especiais, ou mesmo subst\u00e2ncias caseiras adaptadas para simular praticamente tudo, desde do abras\u00e3o, um ferimento \u00e0 arma de fogo, hematomas, queimaduras, fraturas exposta e at\u00e9 mesmo odores tornando os cen\u00e1rios simulados com maior \u00a0e complexidade.<\/p>\n<p><strong>OBJETIVOS<\/strong><\/p>\n<ul>\n<li>Desenvolver diversos tipos de moulagens nos cen\u00e1rios cl\u00ednicos e traum\u00e1ticos para a simula\u00e7\u00e3o em sa\u00fade.<\/li>\n<\/ul>\n<p><strong>P\u00fablico-Alvo<\/strong>: P\u00fablico em geral<\/p>\n<p><strong>Vagas:<\/strong> 15 participantes<\/p>\n<p><strong>Carga-hor\u00e1ria:<\/strong> 20h<\/p>\n<p>&#8211; 5 horas te\u00f3ricas;<\/p>\n<p>&#8211; 10 horas pr\u00e1ticas;<\/p>\n<p><strong>Dias:<\/strong> 28 e 29 de abril de 2023 (sexta-feira das 18h \u00e0s 22h &#8211; Google Meet e s\u00e1bado das 8h \u00e0s 17h) no <strong>Centro de Simula\u00e7\u00e3o JF<\/strong> (Rua Ab\u00edlio Martins, 900, Parquel\u00e2ndia).<\/p>\n<p><strong>Certifica\u00e7\u00e3o:<\/strong><\/p>\n<p>Ser\u00e1 fornecido certificado de participa\u00e7\u00e3o para todos os alunos que completarem no m\u00ednimo 75% da carga hor\u00e1ria do curso.<\/p>\n<p><strong>CONTE\u00daDO PROGRAM\u00c1TICO<\/strong><\/p>\n<p><strong>M\u00d3DULO I:<\/strong> Acolhimento, Apresenta\u00e7\u00e3o e Expectativas do Curso<\/p>\n<p>Hist\u00f3rico da \u00a0 no processo educacional.<\/p>\n<p>Confec\u00e7\u00e3o de pr\u00f3teses de silicone.<\/p>\n<p><strong>M\u00d3DULO II:<\/strong> Confec\u00e7\u00e3o de moulage para cen\u00e1rios cl\u00ednicos.<\/p>\n<p>Confec\u00e7\u00e3o de moulage para cen\u00e1rios traum\u00e1ticos.<\/p>\n<p><strong>*CRONOGRAMA SUJEITO A ALTERA\u00c7\u00d5ES.<\/strong><\/p>\n<p><strong>FACILITADORA<\/strong><\/p>\n<ul>\n<li><strong>Prof. Ms. Wilcilene Oliveira \u2013 Facilitador de Simula\u00e7\u00e3o<\/strong><br \/>\nMestre em Tecnologia e Inova\u00e7\u00e3o em Enfermagem \u2013 UNIFOR<br \/>\nEspecialista em Urg\u00eancia e Emerg\u00eancia<br \/>\nEnfa de Central de Material e Esteriliza\u00e7\u00e3o \u2013 Hospital Dr. Argeu Braga Herbster.<br \/>\nCoordenadora de Extens\u00e3o do NEP SAMU 192 \u2013 Regional Fortaleza.<br \/>\nCoordenadora Pedag\u00f3gica da JF Servi\u00e7os Educacionais em Sa\u00fade.<br \/>\nInstrutora de Simula\u00e7\u00e3o Cl\u00ednica \u2013 LAERDAL<br \/>\nFacilitadora do NEP SAMU 192 \u2013 Regional Fortaleza<\/li>\n<\/ul>\n<p><strong>DIFERENCIAIS DO CURSO:<\/strong><\/p>\n<p>O Curso baseia-se em habilidades t\u00e9cnicas onde o facilitador apresenta diversas t\u00e9cnicas de moulage para propiciar na confec\u00e7\u00e3o de diversos tipos de cen\u00e1rios simulados\u00a0 baseado na criatividade de cada participante. Ressalta-se que, nesse processo ativo, a atua\u00e7\u00e3o do facilitador n\u00e3o \u00e9 o \u00fanico determinante para o sucesso de tais t\u00e9cnicas os participantes devem tamb\u00e9m se tornar aut\u00f4nomos e respons\u00e1veis pela pr\u00f3pria aprendizagem.<\/p>\n<p><strong>Investimento:<\/strong><\/p>\n<p><b>Valor do Curso:<\/b> R$ 500,00 (quinhentos reais).<\/p>\n<p>*Alunos da JF tem 15% de desconto. Para isso \u00e9 necess\u00e1rio entrar em contato com a JF Servi\u00e7os Educacionais em Sa\u00fade para enviar um comprovante no WhatsApp (85) 98832.7305.<\/p>\n<p>*Os descontos concedidos n\u00e3o s\u00e3o cumulativos.<\/p>\n<p><strong>ORIENTA\u00c7\u00d5ES GERAIS<\/strong><\/p>\n<p>CURSOS LIVRES<\/p>\n<ol>\n<li>As inscri\u00e7\u00f5es ser\u00e3o realizadas at\u00e9 o \u00faltimo dia \u00fatil que antecede a data de in\u00edcio do curso, e se houver vaga. Caso a quantidade de pagantes ultrapasse o n\u00famero de vagas, o valor integral ser\u00e1 devolvido ao \u00faltimo participante inscrito;<\/li>\n<li>A realiza\u00e7\u00e3o do curso est\u00e1 sujeita a forma\u00e7\u00e3o de turma, com n\u00famero igual ou superior aos gastos estipulados pela empresa. A n\u00e3o forma\u00e7\u00e3o de turma est\u00e1 sujeita a devolu\u00e7\u00e3o do valor integral de da inscri\u00e7\u00e3o;<\/li>\n<li>A desist\u00eancia dever\u00e1 ser comunicada por e-mail (<a href=\"mailto:jf@jfservicoseducacionais.com.br\">jf@jfservicoseducacionais.com.br<\/a>) at\u00e9 72(setenta e duas) horas antes do in\u00edcio do curso. Ap\u00f3s esse prazo ser\u00e1 devolvido 70% (setenta por cento) do valor e ap\u00f3s o in\u00edcio do curso n\u00e3o h\u00e1 devolu\u00e7\u00e3o e\/ou estorno. No e-mail deve ser informado os dados banc\u00e1rios do aluno com o devido CPF e nome completo, e anexado o comprovante de pagamento para devolu\u00e7\u00e3o e\/ou estorno no caso de pagamento por meio de cart\u00e3o de cr\u00e9dito. A devolu\u00e7\u00e3o e\/ou estorno ser\u00e1 feita at\u00e9 3 (tr\u00eas) dias \u00fateis ap\u00f3s o recebimento do e-mail.<\/li>\n<\/ol>\n<p><strong>ORIENTA\u00c7\u00d5ES ESPEC\u00cdFICAS<\/strong><\/p>\n<ol>\n<li>As aulas EAD (www.eadjf.com.br), se houver, ficar\u00e3o dispon\u00edveis no per\u00edodo de realiza\u00e7\u00e3o do curso, bem como as aulas remotas que ser\u00e3o enviadas (link privado), se for o caso, para o e-mail cadastrado de cada aluno inscrito, sabendo que n\u00e3o \u00e9 permitido compartilhar este conte\u00fado a terceiros;<\/li>\n<li>Para o recebimento do certificado, \u00e9 necess\u00e1rio a participa\u00e7\u00e3o m\u00ednima em 75% das aulas remotas, presenciais e EAD.<\/li>\n<\/ol>\n<p>&nbsp;<\/p>\n<p><strong>Dra. Julyana Freitas<br \/>\n<\/strong>Dire\u00e7\u00e3o Geral<\/p>\n","protected":false},"excerpt":{"rendered":"<p><strong>Dias:<\/strong> 28 e 29 de abril de 2023 (sexta-feira das 18h \u00e0s 22h &#8211; Google Meet e s\u00e1bado das 8h \u00e0s 17h) no <strong>Centro de Simula\u00e7\u00e3o JF<\/strong> (Rua Ab\u00edlio Martins, 900, Parquel\u00e2ndia).<\/p>\n","protected":false},"featured_media":10510,"comment_status":"open","ping_status":"closed","template":"","meta":{"_acf_changed":false},"product_brand":[],"product_cat":[146],"product_tag":[],"class_list":{"0":"post-10511","1":"product","2":"type-product","3":"status-publish","4":"has-post-thumbnail","6":"product_cat-livre-realizados","8":"first","9":"outofstock","10":"shipping-taxable","11":"purchasable","12":"product-type-simple"},"acf":[],"_links":{"self":[{"href":"https:\/\/jfsimulacaosaude.com.br\/site\/wp-json\/wp\/v2\/product\/10511","targetHints":{"allow":["GET"]}}],"collection":[{"href":"https:\/\/jfsimulacaosaude.com.br\/site\/wp-json\/wp\/v2\/product"}],"about":[{"href":"https:\/\/jfsimulacaosaude.com.br\/site\/wp-json\/wp\/v2\/types\/product"}],"replies":[{"embeddable":true,"href":"https:\/\/jfsimulacaosaude.com.br\/site\/wp-json\/wp\/v2\/comments?post=10511"}],"wp:featuredmedia":[{"embeddable":true,"href":"https:\/\/jfsimulacaosaude.com.br\/site\/wp-json\/wp\/v2\/media\/10510"}],"wp:attachment":[{"href":"https:\/\/jfsimulacaosaude.com.br\/site\/wp-json\/wp\/v2\/media?parent=10511"}],"wp:term":[{"taxonomy":"product_brand","embeddable":true,"href":"https:\/\/jfsimulacaosaude.com.br\/site\/wp-json\/wp\/v2\/product_brand?post=10511"},{"taxonomy":"product_cat","embeddable":true,"href":"https:\/\/jfsimulacaosaude.com.br\/site\/wp-json\/wp\/v2\/product_cat?post=10511"},{"taxonomy":"product_tag","embeddable":true,"href":"https:\/\/jfsimulacaosaude.com.br\/site\/wp-json\/wp\/v2\/product_tag?post=10511"}],"curies":[{"name":"wp","href":"https:\/\/api.w.org\/{rel}","templated":true}]}}