{"id":10503,"date":"2024-03-28T17:21:36","date_gmt":"2024-03-28T20:21:36","guid":{"rendered":"https:\/\/jfsimulacaosaude.com.br\/site\/product\/pec-principais-emergencias-clinicas\/"},"modified":"2024-03-31T23:08:07","modified_gmt":"2024-04-01T02:08:07","slug":"pec-principais-emergencias-clinicas","status":"publish","type":"product","link":"https:\/\/jfsimulacaosaude.com.br\/site\/produto\/pec-principais-emergencias-clinicas\/","title":{"rendered":"PEC &#8211; Principais Emerg\u00eancias Cl\u00ednicas"},"content":{"rendered":"<p><strong>TURMA 2<\/strong><\/p>\n<p><strong>P\u00fablico Alvo:<\/strong>\u00a0Profissionais da Sa\u00fade e acad\u00eamicos.<\/p>\n<p><strong>Carga Hor\u00e1ria:<\/strong> 20h (10h presencial + 10 horas webaulas)<\/p>\n<p><strong>Data: <\/strong><b><span style=\"font-weight: 400;\">27 de outubro de 2023, sexta-feira das <\/span><\/b>8h \u00e0s 18h.<\/p>\n<p><strong>Local:<\/strong> Audit\u00f3rio COAPH Sa\u00fade &#8211; Rua: Marcondes Pereira, n\u00famero 1065, Dion\u00edsio Torres<\/p>\n<p><strong>Certifica\u00e7\u00e3o:<\/strong>\u00a0Ser\u00e1 fornecido certificado de participa\u00e7\u00e3o para todos os alunos que completarem no m\u00ednimo 75% da carga hor\u00e1ria do curso.<\/p>\n<p><strong>Conte\u00fado Program\u00e1tico<\/strong><\/p>\n<p>\u2705 Emerg\u00eancias Hipertensivas<br \/>\n\u2705 Crise Convulsiva\/ Estado de Mal Epil\u00e9ptico<br \/>\n\u2705 Dist\u00farbios Glic\u00eamicos<br \/>\n\u2705 AVE<br \/>\n\u2705 IAM<br \/>\n\u2705 ICC<br \/>\n\u2705 Choques<br \/>\n\u2705 DPOC<br \/>\n\u2705 EAP<br \/>\n\u2705 CRISE ASM\u00c1TICA<br \/>\n\u2705 INTOXICA\u00c7\u00d5ES<\/p>\n<p><strong>Facilitador<\/strong><\/p>\n<p><b>Prof. Ms. Miller Brand\u00e3o<\/b><\/p>\n<ul>\n<li>Enfermeiro<\/li>\n<li>Mestre em Enfermagem e Sa\u00fade pela UFBA<\/li>\n<li>Especialista em processos educacionais em sa\u00fade pelo H Sirio Liban\u00eas<\/li>\n<li>Especialista em Urg\u00eancia e Emerg\u00eancia<\/li>\n<li>Professor Equipe R\u00f4mulo Passos<\/li>\n<li>Professor Titular da Faculdade de Medicina da UniFTC Salvador<\/li>\n<li>Intervencionista de SAV e AERO do SAMU METROPOLITANO de Salvador<\/li>\n<li>Diretor de Ensino do Grupo de Atualiza\u00e7\u00f5es em Sa\u00fade-GAS<\/li>\n<\/ul>\n<p><strong>Investimento<\/strong><\/p>\n<p>R$ 275,00 (Duzentos e setenta e cinco reais) &#8211; Individual<br \/>\nR$ 250,00 (duzentos e cinquenta reais) &#8211; Grupo de 03 pessoas (Desconto 10%)<br \/>\nR$ 230,00 (duzentos e trinta reais) &#8211; Grupo de 06 pessoas (Desconto 20%)<\/p>\n<p>*Acad\u00eamicos da sa\u00fade e t\u00e9cnicos de enfermagem ter\u00e3o direito a 20% de desconto. Para isso \u00e9 necess\u00e1rio entrar em contato com a nossa equipe e enviar um comprovante no WhatsApp (85) 98832.7305.<\/p>\n<p>*Os descontos concedidos n\u00e3o s\u00e3o cumulativos.<\/p>\n<p><strong>ORIENTA\u00c7\u00d5ES GERAIS<\/strong><\/p>\n<p>CURSOS LIVRES<\/p>\n<ol>\n<li>As inscri\u00e7\u00f5es ser\u00e3o realizadas at\u00e9 o \u00faltimo dia \u00fatil que antecede a data de in\u00edcio do curso, e se houver vaga. Caso a quantidade de pagantes ultrapasse o n\u00famero de vagas, o valor integral ser\u00e1 devolvido ao \u00faltimo participante inscrito;<\/li>\n<li>A realiza\u00e7\u00e3o do curso est\u00e1 sujeita a forma\u00e7\u00e3o de turma, com n\u00famero igual ou superior aos gastos estipulados pela empresa. A n\u00e3o forma\u00e7\u00e3o de turma est\u00e1 sujeita a devolu\u00e7\u00e3o do valor integral de da inscri\u00e7\u00e3o;<\/li>\n<li>A desist\u00eancia dever\u00e1 ser comunicada por e-mail (<a href=\"mailto:jf@jfservicoseducacionais.com.br\">jf@jfservicoseducacionais.com.br<\/a>) at\u00e9 72(setenta e duas) horas antes do in\u00edcio do curso. Ap\u00f3s esse prazo ser\u00e1 devolvido 70% (setenta por cento) do valor e ap\u00f3s o in\u00edcio do curso n\u00e3o h\u00e1 devolu\u00e7\u00e3o e\/ou estorno. No e-mail deve ser informado os dados banc\u00e1rios do aluno com o devido CPF e nome completo, e anexado o comprovante de pagamento para devolu\u00e7\u00e3o e\/ou estorno no caso de pagamento por meio de cart\u00e3o de cr\u00e9dito. A devolu\u00e7\u00e3o e\/ou estorno ser\u00e1 feita at\u00e9 3 (tr\u00eas) dias \u00fateis ap\u00f3s o recebimento do e-mail.<\/li>\n<\/ol>\n<p><strong>ORIENTA\u00c7\u00d5ES ESPEC\u00cdFICAS<\/strong><\/p>\n<ol>\n<li>As aulas remotas ser\u00e3o as sextas-feiras (ver cronograma). In\u00edcio: 18h \/ T\u00e9rmino: 22h;<\/li>\n<li>As aulas EAD (plataforma Google Classroom) ficar\u00e3o dispon\u00edveis no per\u00edodo do curso de realiza\u00e7\u00e3o do curso, bem como as aulas remotas que ser\u00e3o enviadas (link privado) para o e-mail cadastrado de cada aluno inscrito, sabendo que n\u00e3o \u00e9 permitido compartilhar este conte\u00fado a terceiros;<\/li>\n<li>Para o recebimento do certificado, \u00e9 necess\u00e1rio a participa\u00e7\u00e3o m\u00ednima em 75% das aulas remotas, presenciais e EAD.<\/li>\n<\/ol>\n<p>&nbsp;<\/p>\n<p><strong>Dra. Julyana Freitas<br \/>\n<\/strong>Dire\u00e7\u00e3o Geral<\/p>\n","protected":false},"excerpt":{"rendered":"<p><strong>Data:<\/strong><\/p>\n<ul>\n<li><b><span style=\"font-weight: 400;\">27 de outubro de 2023, sexta das <\/span><\/b>8h \u00e0s 18h.<\/li>\n<\/ul>\n<p><strong>Local:<\/strong> Audit\u00f3rio COAPH Sa\u00fade &#8211; Rua: Marcondes Pereira, n\u00famero 1065, Dion\u00edsio Torres<\/p>\n","protected":false},"featured_media":10502,"comment_status":"open","ping_status":"closed","template":"","meta":{"_acf_changed":false},"product_brand":[],"product_cat":[146],"product_tag":[],"class_list":{"0":"post-10503","1":"product","2":"type-product","3":"status-publish","4":"has-post-thumbnail","6":"product_cat-livre-realizados","8":"first","9":"outofstock","10":"shipping-taxable","11":"purchasable","12":"product-type-simple"},"acf":[],"_links":{"self":[{"href":"https:\/\/jfsimulacaosaude.com.br\/site\/wp-json\/wp\/v2\/product\/10503","targetHints":{"allow":["GET"]}}],"collection":[{"href":"https:\/\/jfsimulacaosaude.com.br\/site\/wp-json\/wp\/v2\/product"}],"about":[{"href":"https:\/\/jfsimulacaosaude.com.br\/site\/wp-json\/wp\/v2\/types\/product"}],"replies":[{"embeddable":true,"href":"https:\/\/jfsimulacaosaude.com.br\/site\/wp-json\/wp\/v2\/comments?post=10503"}],"wp:featuredmedia":[{"embeddable":true,"href":"https:\/\/jfsimulacaosaude.com.br\/site\/wp-json\/wp\/v2\/media\/10502"}],"wp:attachment":[{"href":"https:\/\/jfsimulacaosaude.com.br\/site\/wp-json\/wp\/v2\/media?parent=10503"}],"wp:term":[{"taxonomy":"product_brand","embeddable":true,"href":"https:\/\/jfsimulacaosaude.com.br\/site\/wp-json\/wp\/v2\/product_brand?post=10503"},{"taxonomy":"product_cat","embeddable":true,"href":"https:\/\/jfsimulacaosaude.com.br\/site\/wp-json\/wp\/v2\/product_cat?post=10503"},{"taxonomy":"product_tag","embeddable":true,"href":"https:\/\/jfsimulacaosaude.com.br\/site\/wp-json\/wp\/v2\/product_tag?post=10503"}],"curies":[{"name":"wp","href":"https:\/\/api.w.org\/{rel}","templated":true}]}}