{"id":10501,"date":"2024-03-28T17:21:28","date_gmt":"2024-03-28T20:21:28","guid":{"rendered":"https:\/\/jfsimulacaosaude.com.br\/site\/product\/assumi-o-plantao-e-agora-alta-performance-em-treinamento-de-habilidades-em-enfermagem\/"},"modified":"2024-04-02T15:20:15","modified_gmt":"2024-04-02T18:20:15","slug":"assumi-o-plantao-e-agora-alta-performance-em-treinamento-de-habilidades-em-enfermagem","status":"publish","type":"product","link":"https:\/\/jfsimulacaosaude.com.br\/site\/produto\/assumi-o-plantao-e-agora-alta-performance-em-treinamento-de-habilidades-em-enfermagem\/","title":{"rendered":"Assumi o Plant\u00e3o! E Agora? Alta Performance em Treinamento de Habilidades em Enfermagem"},"content":{"rendered":"<p><strong>TURMA 02<\/strong><\/p>\n<p>Objetivo:<\/p>\n<p>conectar alta tecnologia, infraestrutura e conhecimento, abordando o treinamento de habilidades, manuseio de equipamentos e dispositivos atuais nos procedimentos de enfermagem mais comuns no ambiente hospitalar, favorecendo o desenvolvimento de boas pr\u00e1ticas e alta performance nos cuidados de enfermagem.<\/p>\n<p><strong>P\u00fablico-alvo<\/strong>:<\/p>\n<p>Acad\u00eamicos e profissionais da sa\u00fade (Enfermagem)<\/p>\n<p><strong>Carga Hor\u00e1ria:<\/strong><\/p>\n<p>20h<\/p>\n<p><b>Modalidade:<\/b> Presencial\/Pr\u00e1tico<\/p>\n<p><strong>Dias<\/strong><\/p>\n<p>Ter\u00e7a e Quinta-feira das 8h \u00e0s 18h.<\/p>\n<p><b>Per\u00edodo:<\/b> 24 e 25\/09\/2022.<\/p>\n<p><strong>Local de Realiza\u00e7\u00e3o:<\/strong><\/p>\n<ul>\n<li><strong>Centro de Simula\u00e7\u00e3o JF<\/strong> (Rua Ab\u00edlio Martins, 900, Parquel\u00e2ndia)<\/li>\n<\/ul>\n<p><strong>Certifica\u00e7\u00e3o:<\/strong><\/p>\n<p>Ser\u00e1 fornecido certificado de participa\u00e7\u00e3o para todos os alunos que completarem no m\u00ednimo 75% da carga hor\u00e1ria do curso.<\/p>\n<p><strong>Conte\u00fado Program\u00e1tico (Esta\u00e7\u00f5es Pr\u00e1ticas)<\/strong><\/p>\n<p>Exame f\u00edsico cardiovascular<br \/>\nMonitoriza\u00e7\u00e3o card\u00edaca<br \/>\nRealiza\u00e7\u00e3o de ECG<br \/>\nExame f\u00edsico pulmonar<br \/>\nOxigenoterapia<br \/>\nAspira\u00e7\u00e3o de Via A\u00e9rea (inferior e superior)<br \/>\nCateter (naso\/oro) g\u00e1strico<br \/>\nCateter nasoenteral<br \/>\nGastrostomias<br \/>\nCateter (naso\/oro) g\u00e1strico<br \/>\nCateter nasoenteral<br \/>\nHemotransfus\u00e3o<br \/>\nCateterismo vesical al\u00edvio (feminino e masculino)<br \/>\nCateterismo vesical demora (feminino e masculino)<br \/>\nPr\u00e1ticas de Injet\u00e1veis (IV; IM; SC; ID)<\/p>\n<p><strong>*CRONOGRAMA SUJEITO A ALTERA\u00c7\u00d5ES.<br \/>\n<\/strong><\/p>\n<p>Facilitadores:<\/p>\n<p><strong>Enf.\u00ba Prof. Ms. Raphael Colares de S\u00e1<\/strong><\/p>\n<p>Graduado em Enfermagem pela Universidade de Fortaleza \u2013 UNIFOR. Especialista em Transplante de \u00d3rg\u00e3os e Tecidos pelo programa de Resid\u00eancia Integrada Multiprofissional do Hospital Universit\u00e1rio Walter Cant\u00eddio\/UFC. Especialista em Urg\u00eancia e Emerg\u00eancia Pr\u00e9-Hospitalar pelo Centro Universit\u00e1rio Christus &#8211; UNICHRISTUS. Mestre em Ensino em Sa\u00fade pelo Centro Universit\u00e1rio Christus &#8211; UNICHRISTUS. Enfermeiro Assistencial da Emerg\u00eancia do Instituto Dr. Jos\u00e9 Frota &#8211; IJF e Docente da Gradua\u00e7\u00e3o em Enfermagem do Centro Universit\u00e1rio Christus &#8211; UNICHRISTUS. Professor de P\u00f3s-Gradua\u00e7\u00e3o nas \u00e1reas de Terapia Intensiva, Urg\u00eancia e Emerg\u00eancia e Cl\u00ednica M\u00e9dico-Cir\u00fargica.<\/p>\n<p><strong>\u00a0<\/strong><strong>Enf.\u00ba Prof. Esp. Ac\u00e1ssio Ferreira de Holanda<\/strong><\/p>\n<p>Graduado em Enfermagem pelo Centro Universit\u00e1rio Est\u00e1cio do Cear\u00e1. Especialista em Terapia Vascular pela Universit\u00e8 Paris Descartes V. P\u00f3s-graduando Urg\u00eancia e Emerg\u00eancia pela JF Servi\u00e7os Educacionais em Sa\u00fade. P\u00f3s- graduando em Acessos Vasculares e Terapia Infunsional e Habilitado para inser\u00e7\u00e3o de PICC pelo Hospital Israelita de Ensino e Pesquisa Albert Einstein. Membro da <em>Infusion Nurse Society<\/em>&#8211; INS. T\u00e9cnico de Laborat\u00f3rio em An\u00e1lises Cl\u00ednicas. Pesquisador com \u00eanfase nas linhas de pesquisas na \u00e1rea de tecnologias educacionais para enfermagem, constru\u00e7\u00e3o e valida\u00e7\u00e3o de tecnologias educacionais.<\/p>\n<p><strong>Enf.\u00ba Profa. Ms. Wilcilene Oliveira dos Santos<\/strong><\/p>\n<p>Graduada em enfermagem pela Unifametro. Especialista em Urg\u00eancia e Emerg\u00eancia pela AVM. Mestre em Tecnologia e Inova\u00e7\u00e3o em Enfermagem pela UNIFOR. Coordenadora de extens\u00e3o do NEP\/SAMUFor. Coordenadora do laborat\u00f3rio de simula\u00e7\u00e3o da JF Servi\u00e7os em Sa\u00fade. Facilitadora em suporte avan\u00e7ado e b\u00e1sico pelo NEP\/SAMUFor. Enfermeira intervencionista em suporte intermedi\u00e1rio \u00e0 vida no SAMUFor. Enfermeira do centro cir\u00fargico do Hospital Dr Argeu Braga Herbster. Instrutora de simula\u00e7\u00e3o cl\u00ednica real\u00edstica pelo Hospital Albert Einstein.<\/p>\n<p><strong>Enf.\u00ba Prof. Esp. Egberg Santos<\/strong><\/p>\n<p><strong>AO FINAL DO CURSO O ALUNO SER\u00c1 CAPAZ DE:<\/strong><\/p>\n<ul>\n<li>Desenvolver as boas pr\u00e1ticas e habilidades para alta performance em procedimentos de enfermagem;<\/li>\n<li>Manusear os dispositivos e as tecnologias para a execu\u00e7\u00e3o de procedimentos de enfermagem rotineiros no ambiente hospitalar;<\/li>\n<\/ul>\n<p><strong>Investimento:<\/strong><\/p>\n<p><b>Valor do Curso:<\/b> R$ 250,00 (duzentos e cinquenta reais).<\/p>\n<p>*Acad\u00eamicos da sa\u00fade e t\u00e9cnicos de enfermagem ter\u00e3o direito a 15% de desconto. Para isso \u00e9 necess\u00e1rio entrar em contato com a JF Servi\u00e7os Educacionais em Sa\u00fade para enviar um comprovante no WhatsApp (85) 98832.7305.<\/p>\n<p>*Os descontos concedidos n\u00e3o s\u00e3o cumulativos.<\/p>\n<p><strong>ORIENTA\u00c7\u00d5ES GERAIS<\/strong><\/p>\n<p>CURSOS LIVRES<\/p>\n<ol>\n<li>As inscri\u00e7\u00f5es ser\u00e3o realizadas at\u00e9 o \u00faltimo dia \u00fatil que antecede a data de in\u00edcio do curso, e se houver vaga. Caso a quantidade de pagantes ultrapasse o n\u00famero de vagas, o valor integral ser\u00e1 devolvido ao \u00faltimo participante inscrito;<\/li>\n<li>A realiza\u00e7\u00e3o do curso est\u00e1 sujeita a forma\u00e7\u00e3o de turma, com n\u00famero igual ou superior aos gastos estipulados pela empresa. A n\u00e3o forma\u00e7\u00e3o de turma est\u00e1 sujeita a devolu\u00e7\u00e3o do valor integral de da inscri\u00e7\u00e3o;<\/li>\n<li>A desist\u00eancia dever\u00e1 ser comunicada por e-mail (<a href=\"mailto:jf@jfservicoseducacionais.com.br\">jf@jfservicoseducacionais.com.br<\/a>) at\u00e9 72(setenta e duas) horas antes do in\u00edcio do curso. Ap\u00f3s esse prazo ser\u00e1 devolvido 70% (setenta por cento) do valor e ap\u00f3s o in\u00edcio do curso n\u00e3o h\u00e1 devolu\u00e7\u00e3o e\/ou estorno. No e-mail deve ser informado os dados banc\u00e1rios do aluno com o devido CPF e nome completo, e anexado o comprovante de pagamento para devolu\u00e7\u00e3o e\/ou estorno no caso de pagamento por meio de cart\u00e3o de cr\u00e9dito. A devolu\u00e7\u00e3o e\/ou estorno ser\u00e1 feita at\u00e9 3 (tr\u00eas) dias \u00fateis ap\u00f3s o recebimento do e-mail.<\/li>\n<\/ol>\n<p><strong>ORIENTA\u00c7\u00d5ES ESPEC\u00cdFICAS<\/strong><\/p>\n<ol>\n<li>As aulas EAD (www.eadjf.com.br), se houver, ficar\u00e3o dispon\u00edveis no per\u00edodo de realiza\u00e7\u00e3o do curso, bem como as aulas remotas que ser\u00e3o enviadas (link privado), se for o caso, para o e-mail cadastrado de cada aluno inscrito, sabendo que n\u00e3o \u00e9 permitido compartilhar este conte\u00fado a terceiros;<\/li>\n<li>Para o recebimento do certificado, \u00e9 necess\u00e1rio a participa\u00e7\u00e3o m\u00ednima em 75% das aulas remotas, presenciais e EAD.<\/li>\n<\/ol>\n<p>&nbsp;<\/p>\n<p><strong>Dra. Julyana Freitas<br \/>\n<\/strong>Dire\u00e7\u00e3o Geral<\/p>\n","protected":false},"excerpt":{"rendered":"<p><strong>TURMA 2<\/strong><\/p>\n<p><strong>Dias: <\/strong>24 e 25\/09\/2022 (S\u00e1bado e Domingo das 8h \u00e0s 18h)<\/p>\n<p>&nbsp;<\/p>\n","protected":false},"featured_media":10500,"comment_status":"open","ping_status":"closed","template":"","meta":{"_acf_changed":false},"product_brand":[],"product_cat":[146],"product_tag":[],"class_list":{"0":"post-10501","1":"product","2":"type-product","3":"status-publish","4":"has-post-thumbnail","6":"product_cat-livre-realizados","8":"first","9":"outofstock","10":"shipping-taxable","11":"product-type-simple"},"acf":[],"_links":{"self":[{"href":"https:\/\/jfsimulacaosaude.com.br\/site\/wp-json\/wp\/v2\/product\/10501","targetHints":{"allow":["GET"]}}],"collection":[{"href":"https:\/\/jfsimulacaosaude.com.br\/site\/wp-json\/wp\/v2\/product"}],"about":[{"href":"https:\/\/jfsimulacaosaude.com.br\/site\/wp-json\/wp\/v2\/types\/product"}],"replies":[{"embeddable":true,"href":"https:\/\/jfsimulacaosaude.com.br\/site\/wp-json\/wp\/v2\/comments?post=10501"}],"wp:featuredmedia":[{"embeddable":true,"href":"https:\/\/jfsimulacaosaude.com.br\/site\/wp-json\/wp\/v2\/media\/10500"}],"wp:attachment":[{"href":"https:\/\/jfsimulacaosaude.com.br\/site\/wp-json\/wp\/v2\/media?parent=10501"}],"wp:term":[{"taxonomy":"product_brand","embeddable":true,"href":"https:\/\/jfsimulacaosaude.com.br\/site\/wp-json\/wp\/v2\/product_brand?post=10501"},{"taxonomy":"product_cat","embeddable":true,"href":"https:\/\/jfsimulacaosaude.com.br\/site\/wp-json\/wp\/v2\/product_cat?post=10501"},{"taxonomy":"product_tag","embeddable":true,"href":"https:\/\/jfsimulacaosaude.com.br\/site\/wp-json\/wp\/v2\/product_tag?post=10501"}],"curies":[{"name":"wp","href":"https:\/\/api.w.org\/{rel}","templated":true}]}}