{"id":10495,"date":"2024-03-28T17:21:04","date_gmt":"2024-03-28T20:21:04","guid":{"rendered":"https:\/\/jfsimulacaosaude.com.br\/site\/product\/boas-praticas-em-coleta-de-exames-laboratoriais\/"},"modified":"2024-04-08T11:59:24","modified_gmt":"2024-04-08T14:59:24","slug":"boas-praticas-em-coleta-de-exames-laboratoriais","status":"publish","type":"product","link":"https:\/\/jfsimulacaosaude.com.br\/site\/produto\/boas-praticas-em-coleta-de-exames-laboratoriais\/","title":{"rendered":"Boas Pr\u00e1ticas em Coleta de Exames Laboratoriais"},"content":{"rendered":"<p><strong>P\u00fablico Alvo:<\/strong> Acad\u00eamicos da sa\u00fade e profissionais de sa\u00fade (enfermagem, medicina, farm\u00e1cia e biomedicina);<\/p>\n<p><strong>Carga Hor\u00e1ria:<\/strong>\u00a020H<\/p>\n<p><strong>Datas:<\/strong>\u00a0 22<span style=\"font-weight: 400;\"> e 23 de Julho de 2022<\/span><br \/>\n<strong>Sexta-feira:<\/strong>\u00a018h \u00e0s 22h (Via Google Meet)<br \/>\n<strong>S\u00e1bado:<\/strong>\u00a08h \u00e0s 18h (Centro de Simula\u00e7\u00e3o JF \u2013 Rua Ab\u00edlio Martins, 900 \u2013 Parquel\u00e2ndia)<\/p>\n<p><strong>Certifica\u00e7\u00e3o:<\/strong>\u00a0Ser\u00e1 fornecido certificado de participa\u00e7\u00e3o para todos os alunos que completarem no m\u00ednimo 75% da carga hor\u00e1ria do curso.<\/p>\n<p><strong>Conte\u00fado Program\u00e1tico<\/strong><\/p>\n<ol>\n<li>Recomenda\u00e7\u00f5es as Sociedade Brasileira de Patologia Cl\u00ednica Medicina Laboratorial para Coleta de Sangue venoso e arterial (SBPC\/ML);<\/li>\n<li>Normativas da Clinical and Laboratory Standards Instittute (CLSI);<\/li>\n<li>Fases pr\u00e9- anal\u00edtica, anal\u00edtica e p\u00f3s- anal\u00edtica;<\/li>\n<li>Dispositivos utilizados para coleta de sangue;<\/li>\n<li>Tipos de coletas de sangue;<\/li>\n<li>Coleta de sangue \u00e0 v\u00e1cuo (fechada);<\/li>\n<li>Coleta de sangue com seringa, scalp e\/ou agulha (aberta);<\/li>\n<li>Dispositivos invasivos para coleta de exames laboratoriais;\n<ol>\n<li>Cateter Venoso Central (CVC);<\/li>\n<li>Press\u00e3o Arterial Invasiva (PAI);<\/li>\n<\/ol>\n<\/li>\n<li>Agulhas a v\u00e1cuo;<\/li>\n<li>Materiais utilizados para coleta de sangue venoso;<\/li>\n<li>Tubos para coleta de sangue;<\/li>\n<li>Dispositivos;<\/li>\n<li>Luer adapt;<\/li>\n<li>Discuss\u00e3o de casos cl\u00ednicos.<\/li>\n<\/ol>\n<p><strong>Facilitador<\/strong><\/p>\n<p><strong>Enf.\u00ba Prof. Ac\u00e1ssio Ferreira de Holanda<\/strong><\/p>\n<p>Graduado em Enfermagem pelo Centro Universit\u00e1rio Est\u00e1cio do Cear\u00e1. Especialista em Terapia Vascular pela Universit\u00e8 Paris Descartes V. P\u00f3s-graduando Urg\u00eancia e Emerg\u00eancia pela JF Servi\u00e7os Educacionais em Sa\u00fade. P\u00f3s- graduando em Acessos Vasculares e Terapia Infunsional e Habilitado para<\/p>\n<p>inser\u00e7\u00e3o de PICC pelo Hospital Israelita de Ensino e Pesquisa Albert Einstein. Membro da <em>Infusion Nurse Society<\/em>&#8211; INS. T\u00e9cnico de Laborat\u00f3rio em An\u00e1lises Cl\u00ednicas. Pesquisador com \u00eanfase nas linhas de pesquisas na \u00e1rea de tecnologias educacionais para enfermagem, constru\u00e7\u00e3o e valida\u00e7\u00e3o de tecnologias educacionais.<\/p>\n<p><strong>Investimento<br \/>\n<\/strong>R$ 349,00 (trezentos e quarenta e nove reais)<\/p>\n<p><strong>ORIENTA\u00c7\u00d5ES GERAIS<\/strong><\/p>\n<p>CURSOS LIVRES<\/p>\n<ol>\n<li>As inscri\u00e7\u00f5es ser\u00e3o realizadas at\u00e9 o \u00faltimo dia \u00fatil que antecede a data de in\u00edcio do curso, e se houver vaga. Caso a quantidade de pagantes ultrapasse o n\u00famero de vagas, o valor integral ser\u00e1 devolvido ao \u00faltimo participante inscrito;<\/li>\n<li>A realiza\u00e7\u00e3o do curso est\u00e1 sujeita a forma\u00e7\u00e3o de turma, com n\u00famero igual ou superior aos gastos estipulados pela empresa. A n\u00e3o forma\u00e7\u00e3o de turma est\u00e1 sujeita a devolu\u00e7\u00e3o do valor integral de da inscri\u00e7\u00e3o;<\/li>\n<li>A desist\u00eancia dever\u00e1 ser comunicada por e-mail (<a href=\"mailto:jf@jfservicoseducacionais.com.br\">jf@jfservicoseducacionais.com.br<\/a>) at\u00e9 72(setenta e duas) horas antes do in\u00edcio do curso. Ap\u00f3s esse prazo ser\u00e1 devolvido 70% (setenta por cento) do valor e ap\u00f3s o in\u00edcio do curso n\u00e3o h\u00e1 devolu\u00e7\u00e3o e\/ou estorno. No e-mail deve ser informado os dados banc\u00e1rios do aluno com o devido CPF e nome completo, e anexado o comprovante de pagamento para devolu\u00e7\u00e3o e\/ou estorno no caso de pagamento por meio de cart\u00e3o de cr\u00e9dito. A devolu\u00e7\u00e3o e\/ou estorno ser\u00e1 feita at\u00e9 3 (tr\u00eas) dias \u00fateis ap\u00f3s o recebimento do e-mail.<\/li>\n<\/ol>\n<p><strong>ORIENTA\u00c7\u00d5ES ESPEC\u00cdFICAS<\/strong><\/p>\n<ol>\n<li>As aulas remotas ser\u00e3o as sextas-feiras (ver cronograma). In\u00edcio: 18h \/ T\u00e9rmino: 22h;<\/li>\n<li>As aulas EAD (plataforma Google Classroom) ficar\u00e3o dispon\u00edveis no per\u00edodo do curso de realiza\u00e7\u00e3o do curso, bem como as aulas remotas que ser\u00e3o enviadas (link privado) para o e-mail cadastrado de cada aluno inscrito, sabendo que n\u00e3o \u00e9 permitido compartilhar este conte\u00fado a terceiros;<\/li>\n<li>Para o recebimento do certificado, \u00e9 necess\u00e1rio a participa\u00e7\u00e3o m\u00ednima em 75% das aulas remotas, presenciais e EAD.<\/li>\n<\/ol>\n<p>&nbsp;<\/p>\n<p><strong>Dra. Julyana Freitas<br \/>\n<\/strong>Dire\u00e7\u00e3o Geral<\/p>\n","protected":false},"excerpt":{"rendered":"<p><strong>Datas:<\/strong>\u00a0 22<span style=\"font-weight: 400;\"> e 23 de Julho de 2022<\/span><br \/>\n<strong>Sexta-feira:<\/strong>\u00a018h \u00e0s 22h (Via Google Meet)<br \/>\n<strong>S\u00e1bado:<\/strong>\u00a08h \u00e0s 18h (Centro de Simula\u00e7\u00e3o JF \u2013 Rua Ab\u00edlio Martins, 900 \u2013 Parquel\u00e2ndia)<\/p>\n","protected":false},"featured_media":10494,"comment_status":"open","ping_status":"closed","template":"","meta":{"_acf_changed":false},"product_brand":[],"product_cat":[146],"product_tag":[],"class_list":{"0":"post-10495","1":"product","2":"type-product","3":"status-publish","4":"has-post-thumbnail","6":"product_cat-livre-realizados","8":"first","9":"outofstock","10":"shipping-taxable","11":"purchasable","12":"product-type-simple"},"acf":[],"_links":{"self":[{"href":"https:\/\/jfsimulacaosaude.com.br\/site\/wp-json\/wp\/v2\/product\/10495","targetHints":{"allow":["GET"]}}],"collection":[{"href":"https:\/\/jfsimulacaosaude.com.br\/site\/wp-json\/wp\/v2\/product"}],"about":[{"href":"https:\/\/jfsimulacaosaude.com.br\/site\/wp-json\/wp\/v2\/types\/product"}],"replies":[{"embeddable":true,"href":"https:\/\/jfsimulacaosaude.com.br\/site\/wp-json\/wp\/v2\/comments?post=10495"}],"wp:featuredmedia":[{"embeddable":true,"href":"https:\/\/jfsimulacaosaude.com.br\/site\/wp-json\/wp\/v2\/media\/10494"}],"wp:attachment":[{"href":"https:\/\/jfsimulacaosaude.com.br\/site\/wp-json\/wp\/v2\/media?parent=10495"}],"wp:term":[{"taxonomy":"product_brand","embeddable":true,"href":"https:\/\/jfsimulacaosaude.com.br\/site\/wp-json\/wp\/v2\/product_brand?post=10495"},{"taxonomy":"product_cat","embeddable":true,"href":"https:\/\/jfsimulacaosaude.com.br\/site\/wp-json\/wp\/v2\/product_cat?post=10495"},{"taxonomy":"product_tag","embeddable":true,"href":"https:\/\/jfsimulacaosaude.com.br\/site\/wp-json\/wp\/v2\/product_tag?post=10495"}],"curies":[{"name":"wp","href":"https:\/\/api.w.org\/{rel}","templated":true}]}}