{"id":10485,"date":"2024-03-28T17:20:18","date_gmt":"2024-03-28T20:20:18","guid":{"rendered":"https:\/\/jfsimulacaosaude.com.br\/site\/product\/formacao-em-ultrassom-para-nutricionistas\/"},"modified":"2024-04-08T11:59:53","modified_gmt":"2024-04-08T14:59:53","slug":"formacao-em-ultrassom-para-nutricionistas","status":"publish","type":"product","link":"https:\/\/jfsimulacaosaude.com.br\/site\/produto\/formacao-em-ultrassom-para-nutricionistas\/","title":{"rendered":"Forma\u00e7\u00e3o em Ultrassom para Nutricionistas"},"content":{"rendered":"<p><b>Objetivo<\/b><\/p>\n<p>Capacitar o nutricionista para a execu\u00e7\u00e3o na pr\u00e1tica com precis\u00e3o de ultrassom a beira leito do quadr\u00edceps femoral com o objetivo de avaliar e acompanhar a espessura da musculatura esquel\u00e9tica em pacientes acamados ou restritos ao leito, como os hospitalizados nas enfermarias e na UTI.<\/p>\n<p>Discutir casos cl\u00ednicos e imagens de US previamente coletados em pacientes reais, com o objetivo de realizar a classifica\u00e7\u00e3o da qualidade muscular, divis\u00e3o das estruturas anat\u00f4micas e camadas teciduais, al\u00e9m da ecogeneidade das fibras musculares envolvidas no exame de US, para definir se h\u00e1 como otimizar a terapia nutricional e qual melhor conduta nutricional para os pacientes em quest\u00e3o.<\/p>\n<p><b>Conte\u00fado Program\u00e1tico<\/b><\/p>\n<p>&#8211; Anatomia da musculatura do quadr\u00edceps femoral<\/p>\n<p>&#8211; US: conceitua\u00e7\u00e3o, leitura de imagens e execu\u00e7\u00e3o<\/p>\n<p>&#8211; Pontos anat\u00f4micos<\/p>\n<p>&#8211; Hands On (pr\u00e1tica de execu\u00e7\u00e3o)<\/p>\n<p>&#8211; Discuss\u00e3o de casos cl\u00ednicos<\/p>\n<p><b>Metodologia<\/b><\/p>\n<p>Aula expositiva \u2013 introdu\u00e7\u00e3o ao tema<\/p>\n<p>Simula\u00e7\u00e3o real\u00edstica \u2013 pr\u00e1tica de execu\u00e7\u00e3o (Hands On)<\/p>\n<p>Discuss\u00e3o de casos cl\u00ednicos com imagens de US \u2013 pr\u00e1tica de leitura e interpreta\u00e7\u00e3o (Team Based Learning &#8211; TBL)<\/p>\n<p><strong>Facilitadora<\/strong><\/p>\n<p><b>Profa. Dra. Juliana R\u00eago<\/b><\/p>\n<p>Doutora em Ci\u00eancias M\u00e9dicas (UFC)<br \/>\nMestre em Nutri\u00e7\u00e3o (USP)<br \/>\nEspecialista em Nutri\u00e7\u00e3o Enteral e Parental (BRASPEN)<br \/>\nP\u00f3s-Gradua\u00e7\u00e3o em Cuidados Intensivos (GANEP)<br \/>\nP\u00f3s-Gradua\u00e7\u00e3o em Nutri\u00e7\u00e3o Cl\u00ednica (UGF)<br \/>\nP\u00f3s-Gradua\u00e7\u00e3o em Equipe Multidisciplinar em Terapia Nutricional (USP)<br \/>\nP\u00f3s-Gradua\u00e7\u00e3o em Educa\u00e7\u00e3o e Exerc\u00edcio F\u00edsico (UECE)<br \/>\nNutricionista Cl\u00ednica e Intensivista do IJF<\/p>\n<p><b>Investimento<\/b><\/p>\n<p>R$ 376,00 (trezentos e setenta e seis reais) &#8211; 1\u00ba lote &#8211; at\u00e9 \u00e0s 23h59 do dia 30\/4\/2022.<br \/>\nR$ 470,00 (quatrocentos e setenta reais) &#8211; 2o lote<\/p>\n<p>*Acad\u00eamicos da sa\u00fade ter\u00e3o direito a 15% de desconto. Para isso \u00e9 necess\u00e1rio entrar em contato com a JF Servi\u00e7os Educacionais em Sa\u00fade e enviar um comprovante no WhatsApp (85) 98832.7305.<\/p>\n<p>*Os descontos concedidos n\u00e3o s\u00e3o cumulativos.<\/p>\n<p><strong>ORIENTA\u00c7\u00d5ES GERAIS<\/strong><\/p>\n<p>CURSOS LIVRES<\/p>\n<ol>\n<li>As inscri\u00e7\u00f5es ser\u00e3o realizadas at\u00e9 o \u00faltimo dia \u00fatil que antecede a data de in\u00edcio do curso, e se houver vaga. Caso a quantidade de pagantes ultrapasse o n\u00famero de vagas, o valor integral ser\u00e1 devolvido ao \u00faltimo participante inscrito;<\/li>\n<li>A realiza\u00e7\u00e3o do curso est\u00e1 sujeita a forma\u00e7\u00e3o de turma, com n\u00famero igual ou superior aos gastos estipulados pela empresa. A n\u00e3o forma\u00e7\u00e3o de turma est\u00e1 sujeita a devolu\u00e7\u00e3o do valor integral de da inscri\u00e7\u00e3o;<\/li>\n<li>A desist\u00eancia dever\u00e1 ser comunicada por e-mail (<a href=\"mailto:jf@jfservicoseducacionais.com.br\">jf@jfservicoseducacionais.com.br<\/a>) at\u00e9 72(setenta e duas) horas antes do in\u00edcio do curso. Ap\u00f3s esse prazo ser\u00e1 devolvido 70% (setenta por cento) do valor e ap\u00f3s o in\u00edcio do curso n\u00e3o h\u00e1 devolu\u00e7\u00e3o e\/ou estorno. No e-mail deve ser informado os dados banc\u00e1rios do aluno com o devido CPF e nome completo, e anexado o comprovante de pagamento para devolu\u00e7\u00e3o e\/ou estorno no caso de pagamento por meio de cart\u00e3o de cr\u00e9dito. A devolu\u00e7\u00e3o e\/ou estorno ser\u00e1 feita at\u00e9 3 (tr\u00eas) dias \u00fateis ap\u00f3s o recebimento do e-mail.<\/li>\n<\/ol>\n<p>&nbsp;<\/p>\n<p><strong>Dra. Julyana Freitas<br \/>\n<\/strong>Dire\u00e7\u00e3o Geral<\/p>\n","protected":false},"excerpt":{"rendered":"<p><strong>Data:\u00a0<\/strong>04 de junho de 2022 das 8h \u00e0s 18h.(S\u00e1bado)<\/p>\n<p><strong>Local: <\/strong>Centro de Simula\u00e7\u00e3o JF Servi\u00e7os em Sa\u00fade (Rua Ab\u00edlio Martins, 900, Amadeu Furtado &#8211; Pr\u00f3ximo a Igreja Redonda da Parquel\u00e2ndia).<\/p>\n<p><strong>P\u00fablico-alvo:<\/strong> Estudantes, Residentes e Nutricionistas<\/p>\n<p><strong>Modalidade:<\/strong> Presencial.<\/p>\n","protected":false},"featured_media":10484,"comment_status":"open","ping_status":"closed","template":"","meta":{"_acf_changed":false},"product_brand":[],"product_cat":[146],"product_tag":[],"class_list":{"0":"post-10485","1":"product","2":"type-product","3":"status-publish","4":"has-post-thumbnail","6":"product_cat-livre-realizados","8":"first","9":"outofstock","10":"shipping-taxable","11":"purchasable","12":"product-type-simple"},"acf":[],"_links":{"self":[{"href":"https:\/\/jfsimulacaosaude.com.br\/site\/wp-json\/wp\/v2\/product\/10485","targetHints":{"allow":["GET"]}}],"collection":[{"href":"https:\/\/jfsimulacaosaude.com.br\/site\/wp-json\/wp\/v2\/product"}],"about":[{"href":"https:\/\/jfsimulacaosaude.com.br\/site\/wp-json\/wp\/v2\/types\/product"}],"replies":[{"embeddable":true,"href":"https:\/\/jfsimulacaosaude.com.br\/site\/wp-json\/wp\/v2\/comments?post=10485"}],"wp:featuredmedia":[{"embeddable":true,"href":"https:\/\/jfsimulacaosaude.com.br\/site\/wp-json\/wp\/v2\/media\/10484"}],"wp:attachment":[{"href":"https:\/\/jfsimulacaosaude.com.br\/site\/wp-json\/wp\/v2\/media?parent=10485"}],"wp:term":[{"taxonomy":"product_brand","embeddable":true,"href":"https:\/\/jfsimulacaosaude.com.br\/site\/wp-json\/wp\/v2\/product_brand?post=10485"},{"taxonomy":"product_cat","embeddable":true,"href":"https:\/\/jfsimulacaosaude.com.br\/site\/wp-json\/wp\/v2\/product_cat?post=10485"},{"taxonomy":"product_tag","embeddable":true,"href":"https:\/\/jfsimulacaosaude.com.br\/site\/wp-json\/wp\/v2\/product_tag?post=10485"}],"curies":[{"name":"wp","href":"https:\/\/api.w.org\/{rel}","templated":true}]}}