{"id":10483,"date":"2024-03-28T17:20:05","date_gmt":"2024-03-28T20:20:05","guid":{"rendered":"https:\/\/jfsimulacaosaude.com.br\/site\/product\/gestao-em-protecao-e-defesa-civil-turma-01\/"},"modified":"2024-04-08T12:02:20","modified_gmt":"2024-04-08T15:02:20","slug":"gestao-em-protecao-e-defesa-civil-turma-01","status":"publish","type":"product","link":"https:\/\/jfsimulacaosaude.com.br\/site\/produto\/gestao-em-protecao-e-defesa-civil-turma-01\/","title":{"rendered":"Gest\u00e3o em Prote\u00e7\u00e3o e Defesa Civil &#8211; Turma 01"},"content":{"rendered":"<p><strong>P\u00d3S- GRADUA\u00c7\u00c3O &#8211; GEST\u00c3O EM PROTE\u00c7\u00c3O E DEFESA CIVIL<\/strong> \u2013 TURMA 01<\/p>\n<p><strong>OBJETIVO:<\/strong> Formar profissionais que trabalham ou pretendam trabalhar como gestores de crises e emerg\u00eancias e desastres na \u00e1rea de prote\u00e7\u00e3o civil, bem como, capacitar os agentes de prote\u00e7\u00e3o e defesa civil para desempenharem com excel\u00eancia suas fun\u00e7\u00f5es nas defesas civis municipais, de acordo com as especifica\u00e7\u00f5es da Lei 12.608, de 10 de abril de 2012, a qual institui a Pol\u00edtica Nacional de Prote\u00e7\u00e3o e Defesa Civil do Brasil.<\/p>\n<p><b>OBJETIVOS ESPEC\u00cdFICOS:<\/b><\/p>\n<ul>\n<li>Contribuir com a forma\u00e7\u00e3o continuada de agentes de Prote\u00e7\u00e3o e Defesa Civil, desta forma prestando um servi\u00e7o de excel\u00eancia \u00e0 sociedade;<\/li>\n<li>Proporcionar aos agentes de prote\u00e7\u00e3o e defesa civil as ferramentas necess\u00e1rias para capta\u00e7\u00e3o de recursos federais destinados \u00e0 preven\u00e7\u00e3o e resposta em desastres;<\/li>\n<li>Empregar elementos te\u00f3ricos necess\u00e1rios \u00e0 especializa\u00e7\u00e3o profissional na \u00e1rea de Prote\u00e7\u00e3o e Defesa Civil, capacitando profissionais a atuarem na \u00e1rea p\u00fablica inclusive na formula\u00e7\u00e3o de pol\u00edticas no setor;<\/li>\n<li>Definir pap\u00e9is, fun\u00e7\u00f5es e responsabilidades na atua\u00e7\u00e3o no Sistema de Prote\u00e7\u00e3o e Defesa Civil;<\/li>\n<li>Desenvolver as habilidades e compet\u00eancias necess\u00e1rias para identifica\u00e7\u00e3o e caracteriza\u00e7\u00e3o dos cen\u00e1rios de vulnerabilidades, de riscos e de amea\u00e7as.<\/li>\n<\/ul>\n<p><strong>P\u00daBLICO-ALVO:<\/strong> Agentes de Prote\u00e7\u00e3o e Defesa Civil e Bombeiros Militares.<\/p>\n<p><strong>ORGANIZA\u00c7\u00c3O DO CURSO:<\/strong>\u00a0JF SERVI\u00c7OS EDUCACIONAIS EM SA\u00daDE.<\/p>\n<p><strong>CHANCELA:<\/strong> FACULDADE FIC (GARANHUS\/ PE) \u2013 POLO UNIVIRTUAL P\u00d3S-FIC &#8211; N\u00facleo Fortaleza\/CE &#8211; Rua Ab\u00edlio Martins, 900, Bairro Amadeu Furtado.<\/p>\n<p><strong>COORDENA\u00c7\u00c3O DO CURSO: <\/strong>Profa. Dra. Julyana Freitas<\/p>\n<ul>\n<li>Graduada em Enfermagem pela Universidade Federal do Cear\u00e1.<\/li>\n<li>Especialista em Urg\u00eancia e Emerg\u00eancia pela ESP (Escola de Sa\u00fade P\u00fablica) e em Linhas de Cuidado em Enfermagem (Urg\u00eancia e Emerg\u00eancia) pela UFSC (Universidade de Santa Catarina).<\/li>\n<li>Mestrado e Doutorado em Enfermagem pela Universidade Federal do Cear\u00e1.<\/li>\n<li>Docente da Gradua\u00e7\u00e3o e do Mestrado Profissional Tecnologia e Inova\u00e7\u00e3o em Enfermagem (MPTIE\/UNIFOR).<\/li>\n<li>Pesquisadora e Coordenadora do Laborat\u00f3rio de Tecnologia em Enfermagem (LABTENF)\/UNIFOR.<\/li>\n<li>Preceptora do N\u00facleo de Educa\u00e7\u00e3o Permanente (SAMU FORTALEZA).<\/li>\n<li>Experi\u00eancia Profissional: UPA, SAMU e HGF.<\/li>\n<li>Atuando principalmente nos seguintes temas: Simula\u00e7\u00e3o; Urg\u00eancia e Emerg\u00eancia; Paciente cr\u00edtico; Tecnologias e Educa\u00e7\u00e3o.<\/li>\n<\/ul>\n<p><strong>PERIODICIDADE<\/strong>: ter\u00e7as e quintas feiras (remota) das 13h \u00e0s 17h \u2013 Quinzelamente\u00a0 com expertises na tem\u00e1tica.<\/p>\n<p><strong>IN\u00cdCIO PREVISTO: <\/strong>14\/Junho\/2022<\/p>\n<p><strong>Per\u00edodo de Matr\u00edcula:<\/strong> At\u00e9 13\/junho\/2022 ou enquanto houver vaga dispon\u00edvel. Ser\u00e3o disponibilizadas vagas limitadas para o curso. A efetiva\u00e7\u00e3o da matr\u00edcula est\u00e1 condicionada ao pagamento da taxa e a entrega da documenta\u00e7\u00e3o.<\/p>\n<p><b>CARGA HOR\u00c1RIA:<\/b> 405 horas.<\/p>\n<p><strong>CONTE\u00daDO PROGRAM\u00c1TICO<\/strong><\/p>\n<ul>\n<li>Introdu\u00e7\u00e3o ao Estudo da Defesa Civil: Hist\u00f3ria da Defesa Civil;<\/li>\n<li>Pol\u00edtica Nacional de Prote\u00e7\u00e3o e Defesa Civil (Legisla\u00e7\u00e3o);<\/li>\n<li>Log\u00edstica em Desastres;<\/li>\n<li>S2ID na Pr\u00e1tica;<\/li>\n<li>Estrutura\u00e7\u00e3o de COMPDEC;<\/li>\n<li>Admnistra\u00e7\u00e3o P\u00fablica;<\/li>\n<li>Gest\u00e3o de Contratos;<\/li>\n<li>Lei de Licita\u00e7\u00f5es;<\/li>\n<li>Elabora\u00e7\u00e3o de Plano de Contig\u00eancia;<\/li>\n<li>Planejamento Estrat\u00e9gico e Cen\u00e1rios Prospectivos;<\/li>\n<li>Sistema de Comando de Incidentes &#8211; SCI;<\/li>\n<li>Gerenciamento de Abrigo Provis\u00f3rio;<\/li>\n<li>Geoprocessamento e Constru\u00e7\u00e3o de Mapas de Riscos;<\/li>\n<li>Gest\u00e3o de Desastres e o Meio Ambiente;<\/li>\n<li>Metodologia do Trabalho Cient\u00edfico;<\/li>\n<li>Trabalho de Conclus\u00e3o de Curso.<\/li>\n<\/ul>\n<p><strong>Facilitadores Expertises<\/strong><\/p>\n<p><strong>TC. Francisco Albert Eisntein Lima Arruda<\/strong><br \/>\n-ENGENHEIRO DE SEGURAN\u00c7A CONTRA INC\u00caNDIO E P\u00c2NICO PELA ACADEMIA DE BOMBEIRO MILITAR DO DISTRITO FEDERAL;<br \/>\n&#8211; CURSO SUPERIOR DE COMANDO (ESPECIALIZA\u00c7\u00c3O EM ADMINISTRA\u00c7\u00c3O P\u00daBLICA) PELA CBMCE\/UVA;<br \/>\n&#8211; CURSO DE ALTOS ESTUDOS (ESPECIALIZA\u00c7\u00c3O EM POL\u00cdTICAS P\u00daBLICAS) PELA CBMCE\/FAMETRO;<br \/>\n&#8211; GEST\u00c3O DE DESASTRES: AMEA\u00c7AS, RISCOS E VULNERABILIDADES EM EDIFICA\u00c7\u00d5ES PELA UNIVERSIDADE DE FORTALEZA \u2013 UNIFOR;<br \/>\n&#8211; First Response to Terrorist Incidents pela Embaixada EUA;<br \/>\n&#8211; PreHospital Trauma Life Supporte Provider Course pela National Association of Emergency Medical Technicians;<br \/>\n&#8211; Curso de A\u00e7\u00f5es e Opera\u00e7\u00f5es Para Prote\u00e7\u00e3o de Autoridades Governamentais pelo Governo do Estado do Ceara &#8211; Casa Militar;<br \/>\n&#8211; Est\u00e1gio T\u00e9cnico-profissional em primeira resposta, no Corpo de Bombeiros de MIAMI-DADE pelo United States Military Liaison Office;<br \/>\n&#8211; Curso de Forma\u00e7\u00e3o de Socorristas em Atendimento Pre-Hospitalar pelo Minist\u00e9rio da Integra\u00e7\u00e3o Nacional;<br \/>\n&#8211; Curso de Sistema de Comando de Incidentes \u2013 SCI pelo CBMCE\/SENASP.<br \/>\n\u00daltimo artigo publicado:<br \/>\nSimula\u00e7\u00e3o de incidente com m\u00faltiplas v\u00edtimas: treinando profissionais e ensinando universit\u00e1rios.<br \/>\nhttps:\/\/www.scielo.br\/j\/rcbc\/a\/VJPgJ4wwyh34KMmYrqTXcFz\/?lang=pt<\/p>\n<p><strong>Ten. Pedro Ananias Gomes Catanho<\/strong><br \/>\nPatente: 1\u00b0 TEN QOABM\/CBMCE<br \/>\nForma\u00e7\u00e3o acad\u00eamica:<br \/>\n&#8211; licenciado em ci\u00eancias- UECE\/1991<br \/>\n&#8211; especialista em: educa\u00e7\u00e3o\/FADIRE\/2016; pol\u00edticas publicas\/UVA\/2013; seguran\u00e7a e defesa civil\/FAMETRO\/2011; gest\u00e3o de desatres\/UNIFOR\/2010.<br \/>\n&#8211; Mestre em climatologia\/UECE\/2018.<\/p>\n<p><strong>Ten. Davi Teixeira Gomes<\/strong><br \/>\nTenente Bombeiro Militar, Gerente de Prepara\u00e7\u00e3o para Desastres da Coordenadoria Estadual de Defesa Civil Cear\u00e1.<br \/>\nMestre em Climatologia e Aplica\u00e7\u00f5es nos Pa\u00edses da CPLP e \u00c1frica (UECE), Tecn\u00f3logo em Mecatr\u00f4nica industrial (IFCE), Especialista em Novas Tecnologias na Educa\u00e7\u00e3o.<\/p>\n<p><strong>TC Luiz Cl\u00e1udio<\/strong><br \/>\nComandante do 2\u00ba Batalh\u00e3o de Bombeiros Militar<\/p>\n<p>Dentre outros.<\/p>\n<p><strong>DOCUMENTOS NECESS\u00c1RIOS PARA MATR\u00cdCULA<\/strong><\/p>\n<p>\u2013 RG (c\u00f3pia autenticada ou c\u00f3pia com apresenta\u00e7\u00e3o do documento original);<\/p>\n<p>\u2013 CPF (c\u00f3pia autenticada ou c\u00f3pia com apresenta\u00e7\u00e3o do documento original);<\/p>\n<p>\u2013 Diploma do Curso Superior (c\u00f3pia autenticada ou c\u00f3pia com apresenta\u00e7\u00e3o do documento original);<\/p>\n<p>\u2013 Hist\u00f3rico Escolar do Curso Superior (c\u00f3pia autenticada ou c\u00f3pia com apresenta\u00e7\u00e3o do documento original);<\/p>\n<p>\u2013 Comprovante de resid\u00eancia (c\u00f3pia)<\/p>\n<p>\u2013 1 foto 3\u00d74<\/p>\n<p>\u2013 Comprovante de Pagamento da Taxa de Matr\u00edcula<\/p>\n<p>\u2013 Contrato Educacional assinado e disponibilizado na entrega da documenta\u00e7\u00e3o.<\/p>\n<p><strong>LOCAL DE MATR\u00cdCULA<\/strong><\/p>\n<p>A matr\u00edcula poder\u00e1 ser efetivada com nossa equipe de consultores de segunda a sexta-feira, das 8h \u00e0s 12h e das 13h \u00e0s 17h e aos s\u00e1bados das 08h \u00e0s 12h atrav\u00e9s dos contatos (85) 98832-7305 &#8211; WhatsApp ou <a href=\"mailto:jf@jfservicoseducacionais.com.br\">jf@jfservicoseducacionais.com.br<\/a><\/p>\n<p><strong>INVESTIMENTO:<\/strong><\/p>\n<p>Matr\u00edcula de R$ 150,00 (cento e cinquenta reais) \u00e0 vista ou R$ 160,00 (cento e sessenta reais) no cart\u00e3o de cr\u00e9dito e 15 mensalidades de R$ 660,00 (seiscentos e sessenta reais).<\/p>\n<p><strong>30% de desconto para Grupo de 05 (cinco) alunos:\u00a0<\/strong>14 Parcelas de R$ 462,00 (at\u00e9 a data de vencimento)*<br \/>\n*ap\u00f3s o vencimento a parcela volta ao valor normal acrescido de multa e juros.<\/p>\n<p><strong>Obs\u00b9:\u00a0<\/strong>Para ter o desconto concedido, o respons\u00e1vel pelo grupo dever\u00e1 informar o nome completo, telefone e e-mail de todos do grupo e apresentar o comprovante de transfer\u00eancia do valor referente a matr\u00edcula via whastapp ou e-mail.<\/p>\n<p><strong>Obs\u00b2:<\/strong>\u00a0O desconto n\u00e3o \u00e9 aplicado na taxa de matr\u00edcula. No caso de desist\u00eancia n\u00e3o h\u00e1 devolu\u00e7\u00e3o da taxa de matr\u00edcula.<\/p>\n<p><strong>DADOS BANC\u00c1RIOS<\/strong><\/p>\n<p><strong>Banco Bradesco<\/strong><\/p>\n<p><strong>Ag\u00eancia:<\/strong>\u00a05447<\/p>\n<p><strong>Conta corrente:<\/strong>\u00a010451-5<\/p>\n<p><strong>Favorecido:<\/strong>\u00a0Julyana Gomes Freitas \u2013 ME<\/p>\n<p><strong>CNPJ:<\/strong>\u00a031.822.970\/0001-04\u00a0<strong>(Chave PIX)<\/strong><\/p>\n<p><strong>Nossos alunos tem direito:<\/strong><\/p>\n<p><strong>B\u00d4NUS 1:<\/strong>\u00a0Grupo fechado do whatsapp com divulga\u00e7\u00e3o de protocolos e atualiza\u00e7\u00f5es do per\u00edodo e sorteio de vagas em eventos, livros, webinars, congressos e parcerias da JF Servi\u00e7os Educacionais em Sa\u00fade.<\/p>\n<p>&nbsp;<\/p>\n","protected":false},"excerpt":{"rendered":"<p><strong>OBJETIVO:<\/strong> Formar profissionais que trabalham ou pretendam trabalhar como gestores de crises e emerg\u00eancias e desastres na \u00e1rea de prote\u00e7\u00e3o civil, bem como, capacitar os agentes de prote\u00e7\u00e3o e defesa civil para desempenharem com excel\u00eancia suas fun\u00e7\u00f5es nas defesas civis municipais, de acordo com as especifica\u00e7\u00f5es da Lei 12.608, de 10 de abril de 2012, a qual institui a Pol\u00edtica Nacional de Prote\u00e7\u00e3o e Defesa Civil do Brasil.<\/p>\n<p><b>OBJETIVOS ESPEC\u00cdFICOS:<\/b><\/p>\n<ul>\n<li>Contribuir com a forma\u00e7\u00e3o continuada de agentes de Prote\u00e7\u00e3o e Defesa Civil, desta forma prestando um servi\u00e7o de excel\u00eancia \u00e0 sociedade;<\/li>\n<li>Proporcionar aos agentes de prote\u00e7\u00e3o e defesa civil as ferramentas necess\u00e1rias para capta\u00e7\u00e3o de recursos federais destinados \u00e0 preven\u00e7\u00e3o e resposta em desastres;<\/li>\n<li>Empregar elementos te\u00f3ricos necess\u00e1rios \u00e0 especializa\u00e7\u00e3o profissional na \u00e1rea de Prote\u00e7\u00e3o e Defesa Civil, capacitando profissionais a atuarem na \u00e1rea p\u00fablica inclusive na formula\u00e7\u00e3o de pol\u00edticas no setor;<\/li>\n<li>Definir pap\u00e9is, fun\u00e7\u00f5es e responsabilidades na atua\u00e7\u00e3o no Sistema de Prote\u00e7\u00e3o e Defesa Civil;<\/li>\n<li>Desenvolver as habilidades e compet\u00eancias necess\u00e1rias para identifica\u00e7\u00e3o e caracteriza\u00e7\u00e3o dos cen\u00e1rios de vulnerabilidades, de riscos e de amea\u00e7as.<\/li>\n<\/ul>\n<p><strong>P\u00daBLICO-ALVO:<\/strong> Agentes de Prote\u00e7\u00e3o e Defesa Civil e Bombeiros Militares.<\/p>\n","protected":false},"featured_media":10482,"comment_status":"open","ping_status":"closed","template":"","meta":{"_acf_changed":false},"product_brand":[],"product_cat":[153],"product_tag":[],"class_list":{"0":"post-10483","1":"product","2":"type-product","3":"status-publish","4":"has-post-thumbnail","6":"product_cat-pos-graduacao-realizados","8":"first","9":"outofstock","10":"shipping-taxable","11":"purchasable","12":"product-type-simple"},"acf":[],"_links":{"self":[{"href":"https:\/\/jfsimulacaosaude.com.br\/site\/wp-json\/wp\/v2\/product\/10483","targetHints":{"allow":["GET"]}}],"collection":[{"href":"https:\/\/jfsimulacaosaude.com.br\/site\/wp-json\/wp\/v2\/product"}],"about":[{"href":"https:\/\/jfsimulacaosaude.com.br\/site\/wp-json\/wp\/v2\/types\/product"}],"replies":[{"embeddable":true,"href":"https:\/\/jfsimulacaosaude.com.br\/site\/wp-json\/wp\/v2\/comments?post=10483"}],"wp:featuredmedia":[{"embeddable":true,"href":"https:\/\/jfsimulacaosaude.com.br\/site\/wp-json\/wp\/v2\/media\/10482"}],"wp:attachment":[{"href":"https:\/\/jfsimulacaosaude.com.br\/site\/wp-json\/wp\/v2\/media?parent=10483"}],"wp:term":[{"taxonomy":"product_brand","embeddable":true,"href":"https:\/\/jfsimulacaosaude.com.br\/site\/wp-json\/wp\/v2\/product_brand?post=10483"},{"taxonomy":"product_cat","embeddable":true,"href":"https:\/\/jfsimulacaosaude.com.br\/site\/wp-json\/wp\/v2\/product_cat?post=10483"},{"taxonomy":"product_tag","embeddable":true,"href":"https:\/\/jfsimulacaosaude.com.br\/site\/wp-json\/wp\/v2\/product_tag?post=10483"}],"curies":[{"name":"wp","href":"https:\/\/api.w.org\/{rel}","templated":true}]}}