{"id":10481,"date":"2024-03-28T17:19:54","date_gmt":"2024-03-28T20:19:54","guid":{"rendered":"https:\/\/jfsimulacaosaude.com.br\/site\/product\/nutricao-enteral-basico\/"},"modified":"2024-04-08T12:00:18","modified_gmt":"2024-04-08T15:00:18","slug":"nutricao-enteral-basico","status":"publish","type":"product","link":"https:\/\/jfsimulacaosaude.com.br\/site\/produto\/nutricao-enteral-basico\/","title":{"rendered":"Nutric\u00e3o Enteral &#8211; B\u00e1sico"},"content":{"rendered":"<p><b>Objetivo<\/b><\/p>\n<p>Favorecer a imers\u00e3o desde conceitos b\u00e1sicos sobre conceitua\u00e7\u00e3o, legisla\u00e7\u00e3o, indica\u00e7\u00e3o, contra indica\u00e7\u00e3o, f\u00f3rmulas e vias de administra\u00e7\u00e3o de Nutri\u00e7\u00e3o Enteral, al\u00e9m de c\u00e1lculos de prescri\u00e7\u00e3o e adequa\u00e7\u00e3o \u00e0s necessidades energ\u00e9ticas de acordo com as recomenda\u00e7\u00f5es.<\/p>\n<p><b>Conte\u00fado Program\u00e1tico<\/b><\/p>\n<p>1. Conceito de Nutri\u00e7\u00e3o Enteral;<br \/>\n2. Indica\u00e7\u00e3o e contra indica\u00e7\u00e3o;<br \/>\n3. Vias e formas de administra\u00e7\u00e3o;<br \/>\n4. Complica\u00e7\u00f5es;<br \/>\n5. C\u00e1lculos;<br \/>\n6. Prescri\u00e7\u00e3o.<\/p>\n<p>&#8211; Aula s\u00edncrona<br \/>\n&#8211; Discuss\u00f5es e resolu\u00e7\u00f5es de casos em tempo real<br \/>\n&#8211; Com acesso por 30 dias da grava\u00e7\u00e3o das aulas<\/p>\n<p><strong>Facilitadora<\/strong><\/p>\n<p><b>Profa. Dra. Juliana R\u00eago<\/b><\/p>\n<p>Doutora em Ci\u00eancias M\u00e9dicas (UFC)<br \/>\nMestre em Nutri\u00e7\u00e3o (USP)<br \/>\nEspecialista em Nutri\u00e7\u00e3o Enteral e Parental (BRASPEN)<br \/>\nP\u00f3s-Gradua\u00e7\u00e3o em Cuidados Intensivos (GANEP)<br \/>\nP\u00f3s-Gradua\u00e7\u00e3o em Nutri\u00e7\u00e3o Cl\u00ednica (UGF)<br \/>\nP\u00f3s-Gradua\u00e7\u00e3o em Equipe Multidisciplinar em Terapia Nutricional (USP)<br \/>\nP\u00f3s-Gradua\u00e7\u00e3o em Educa\u00e7\u00e3o e Exerc\u00edcio F\u00edsico (UECE)<br \/>\nNutricionista Cl\u00ednica e Intensivista do IJF<\/p>\n<p><b>Investimento<\/b><\/p>\n<p>R$ 150,00 (cento e cinquenta reais)<\/p>\n<p>*Acad\u00eamicos da sa\u00fade ter\u00e3o direito a 15% de desconto. Para isso \u00e9 necess\u00e1rio entrar em contato com a JF Servi\u00e7os Educacionais em Sa\u00fade e enviar um comprovante no WhatsApp (85) 98832.7305.<\/p>\n<p>*Os descontos concedidos n\u00e3o s\u00e3o cumulativos.<\/p>\n<p><strong>ORIENTA\u00c7\u00d5ES GERAIS<\/strong><\/p>\n<p>CURSOS LIVRES<\/p>\n<ol>\n<li>As inscri\u00e7\u00f5es ser\u00e3o realizadas at\u00e9 o \u00faltimo dia \u00fatil que antecede a data de in\u00edcio do curso, e se houver vaga. Caso a quantidade de pagantes ultrapasse o n\u00famero de vagas, o valor integral ser\u00e1 devolvido ao \u00faltimo participante inscrito;<\/li>\n<li>A realiza\u00e7\u00e3o do curso est\u00e1 sujeita a forma\u00e7\u00e3o de turma, com n\u00famero igual ou superior aos gastos estipulados pela empresa. A n\u00e3o forma\u00e7\u00e3o de turma est\u00e1 sujeita a devolu\u00e7\u00e3o do valor integral de da inscri\u00e7\u00e3o;<\/li>\n<li>A desist\u00eancia dever\u00e1 ser comunicada por e-mail (<a href=\"mailto:jf@jfservicoseducacionais.com.br\">jf@jfservicoseducacionais.com.br<\/a>) at\u00e9 72(setenta e duas) horas antes do in\u00edcio do curso. Ap\u00f3s esse prazo ser\u00e1 devolvido 70% (setenta por cento) do valor e ap\u00f3s o in\u00edcio do curso n\u00e3o h\u00e1 devolu\u00e7\u00e3o e\/ou estorno. No e-mail deve ser informado os dados banc\u00e1rios do aluno com o devido CPF e nome completo, e anexado o comprovante de pagamento para devolu\u00e7\u00e3o e\/ou estorno no caso de pagamento por meio de cart\u00e3o de cr\u00e9dito. A devolu\u00e7\u00e3o e\/ou estorno ser\u00e1 feita at\u00e9 3 (tr\u00eas) dias \u00fateis ap\u00f3s o recebimento do e-mail.<\/li>\n<\/ol>\n<p>&nbsp;<\/p>\n<p><strong>Dra. Julyana Freitas<br \/>\n<\/strong>Dire\u00e7\u00e3o Geral<\/p>\n","protected":false},"excerpt":{"rendered":"<p><strong>Data:\u00a0<\/strong>02 de abril de 2022 das 8h \u00e0s 18h.(S\u00e1bado)<\/p>\n<p><strong>Local:\u00a0<\/strong>Ambiente Virtual JF.<\/p>\n<p><strong>P\u00fablico-alvo:<\/strong> Estudantes, Residentes e Nutricionistas<\/p>\n<p><strong>Modalidade:<\/strong> Online (Ao Vivo)<\/p>\n<p><strong>Carga-hor\u00e1ria:<\/strong>\u00a010h\/a<\/p>\n<p><strong>Investimento:\u00a0<\/strong>R$ 150,00 (cento e cinquenta reais).<\/p>\n<p><strong>Certificado:<\/strong>\u00a0A certifica\u00e7\u00e3o ser\u00e1 concedida ao aluno que completar a carga hor\u00e1ria de no m\u00ednimo 75% do curso.<\/p>\n","protected":false},"featured_media":10480,"comment_status":"open","ping_status":"closed","template":"","meta":{"_acf_changed":false},"product_brand":[],"product_cat":[146],"product_tag":[],"class_list":{"0":"post-10481","1":"product","2":"type-product","3":"status-publish","4":"has-post-thumbnail","6":"product_cat-livre-realizados","8":"first","9":"outofstock","10":"shipping-taxable","11":"purchasable","12":"product-type-simple"},"acf":[],"_links":{"self":[{"href":"https:\/\/jfsimulacaosaude.com.br\/site\/wp-json\/wp\/v2\/product\/10481","targetHints":{"allow":["GET"]}}],"collection":[{"href":"https:\/\/jfsimulacaosaude.com.br\/site\/wp-json\/wp\/v2\/product"}],"about":[{"href":"https:\/\/jfsimulacaosaude.com.br\/site\/wp-json\/wp\/v2\/types\/product"}],"replies":[{"embeddable":true,"href":"https:\/\/jfsimulacaosaude.com.br\/site\/wp-json\/wp\/v2\/comments?post=10481"}],"wp:featuredmedia":[{"embeddable":true,"href":"https:\/\/jfsimulacaosaude.com.br\/site\/wp-json\/wp\/v2\/media\/10480"}],"wp:attachment":[{"href":"https:\/\/jfsimulacaosaude.com.br\/site\/wp-json\/wp\/v2\/media?parent=10481"}],"wp:term":[{"taxonomy":"product_brand","embeddable":true,"href":"https:\/\/jfsimulacaosaude.com.br\/site\/wp-json\/wp\/v2\/product_brand?post=10481"},{"taxonomy":"product_cat","embeddable":true,"href":"https:\/\/jfsimulacaosaude.com.br\/site\/wp-json\/wp\/v2\/product_cat?post=10481"},{"taxonomy":"product_tag","embeddable":true,"href":"https:\/\/jfsimulacaosaude.com.br\/site\/wp-json\/wp\/v2\/product_tag?post=10481"}],"curies":[{"name":"wp","href":"https:\/\/api.w.org\/{rel}","templated":true}]}}