{"id":10473,"date":"2024-03-28T17:19:14","date_gmt":"2024-03-28T20:19:14","guid":{"rendered":"https:\/\/jfsimulacaosaude.com.br\/site\/product\/jf-kids-primeiros-socorros-para-criancas\/"},"modified":"2024-04-02T15:21:30","modified_gmt":"2024-04-02T18:21:30","slug":"jf-kids-primeiros-socorros-para-criancas","status":"publish","type":"product","link":"https:\/\/jfsimulacaosaude.com.br\/site\/produto\/jf-kids-primeiros-socorros-para-criancas\/","title":{"rendered":"JF KIDS (Primeiros Socorros para Crian\u00e7as)"},"content":{"rendered":"<p><b>(2\u00aa Turma)<\/b><\/p>\n<p><b>Objetivo geral:\u00a0<\/b><\/p>\n<ul>\n<li><span style=\"font-weight: 400;\">Capacitar crian\u00e7as a partir de 7 anos de idade para prestar os primeiros socorros em situa\u00e7\u00f5es de emerg\u00eancia.\u00a0<\/span><\/li>\n<\/ul>\n<p><b>Objetivos espec\u00edficos:\u00a0<\/b><\/p>\n<ul>\n<li><span style=\"font-weight: 400;\">Entender a import\u00e2ncia de ajudar a salvar vidas;<\/span><\/li>\n<li><span style=\"font-weight: 400;\">Identificar a diferen\u00e7a entre as institui\u00e7\u00f5es de servi\u00e7os de urg\u00eancias (SAMU e Bombeiros);<\/span><\/li>\n<li><span style=\"font-weight: 400;\">Adotar condutas de suporte b\u00e1sico de vida em situa\u00e7\u00f5es de emerg\u00eancias cl\u00ednicas e traum\u00e1ticas.<\/span><\/li>\n<\/ul>\n<p><b>P\u00fablico-alvo<\/b><span style=\"font-weight: 400;\">:<\/span><\/p>\n<ul>\n<li><span style=\"font-weight: 400;\">Crian\u00e7as entre 7 e 13 anos de idade.<\/span><\/li>\n<\/ul>\n<p><strong>Vagas:<\/strong><\/p>\n<p>15 (quinze) crian\u00e7as<\/p>\n<p><b>Carga Hor\u00e1ria:<\/b><\/p>\n<p><span style=\"font-weight: 400;\">15 horas.<\/span><\/p>\n<p><b>Periodicidade:<\/b><\/p>\n<p><span style=\"font-weight: 400;\"><strong>Datas:<\/strong> 19\/11; 03\/12; e 17\/12\/2022 (s\u00e1bado das 8h \u00e0s 12h &#8211; Quizenalmente).<\/span><\/p>\n<p><b>\u00a0 *Cronograma sujeito a altera\u00e7\u00e3o.<\/b><\/p>\n<p><b>Local de Realiza\u00e7\u00e3o:<\/b><\/p>\n<ul>\n<li style=\"font-weight: 400;\" aria-level=\"1\"><b>Espa\u00e7o Kids JF<\/b><span style=\"font-weight: 400;\"> (Rua Ab\u00edlio Martins, 900, Parquel\u00e2ndia).<\/span><\/li>\n<li aria-level=\"1\">Os pais ter\u00e3o acesso remoto via aplicativo no celular para visualiza\u00e7\u00e3o das crian\u00e7as em sala de aula.<\/li>\n<\/ul>\n<p><b>Certifica\u00e7\u00e3o:<\/b><\/p>\n<ul>\n<li><span style=\"font-weight: 400;\">Ser\u00e1 fornecido certificado de participa\u00e7\u00e3o para todos os participantes que completarem no m\u00ednimo 75% da carga hor\u00e1ria do curso.<\/span><\/li>\n<\/ul>\n<p><b>Conte\u00fado Program\u00e1tico:<\/b><\/p>\n<ul>\n<li style=\"font-weight: 400;\" aria-level=\"1\"><span style=\"font-weight: 400;\">O que \u00e9 o SAMU e quem faz parte;<\/span><\/li>\n<li style=\"font-weight: 400;\" aria-level=\"1\"><span style=\"font-weight: 400;\">Diferen\u00e7a entre SAMU e Bombeiro;<\/span><\/li>\n<li style=\"font-weight: 400;\" aria-level=\"1\"><span style=\"font-weight: 400;\">Quando e como ligar para o SAMU;<\/span><\/li>\n<li style=\"font-weight: 400;\" aria-level=\"1\"><span style=\"font-weight: 400;\">Trote: DIGA N\u00c3O!;<\/span><\/li>\n<li aria-level=\"1\">Preven\u00e7\u00e3o de\u00a0 Acidentes Dom\u00e9sticos;<\/li>\n<li style=\"font-weight: 400;\" aria-level=\"1\"><span style=\"font-weight: 400;\">Principais emerg\u00eancias: o que fazer e n\u00e3o fazer;<\/span><\/li>\n<li style=\"font-weight: 400;\" aria-level=\"1\"><span style=\"font-weight: 400;\">Sinais Vitais (Pulso, respira\u00e7\u00e3o e enchimento capilar);<\/span><\/li>\n<li style=\"font-weight: 400;\" aria-level=\"1\"><span style=\"font-weight: 400;\">COVID-19;<\/span><\/li>\n<li style=\"font-weight: 400;\" aria-level=\"1\"><span style=\"font-weight: 400;\">Engasgo;<\/span><\/li>\n<li style=\"font-weight: 400;\" aria-level=\"1\"><span style=\"font-weight: 400;\">Sinais e sintomas de Infarto Agudo do Mioc\u00e1rdio e Acidente Vascular Cerebral ;<\/span><\/li>\n<li style=\"font-weight: 400;\" aria-level=\"1\"><span style=\"font-weight: 400;\">Parada Cardiorrespirat\u00f3ria (PCR);<\/span><\/li>\n<li style=\"font-weight: 400;\" aria-level=\"1\"><span style=\"font-weight: 400;\">Controle de Hemorragias;<\/span><\/li>\n<li style=\"font-weight: 400;\" aria-level=\"1\"><span style=\"font-weight: 400;\">Afogamento;<\/span><\/li>\n<li style=\"font-weight: 400;\" aria-level=\"1\"><span style=\"font-weight: 400;\">Queimaduras;<\/span><\/li>\n<li style=\"font-weight: 400;\" aria-level=\"1\"><span style=\"font-weight: 400;\">Choque el\u00e9trico;<\/span><\/li>\n<li style=\"font-weight: 400;\" aria-level=\"1\"><span style=\"font-weight: 400;\">Quedas;<\/span><\/li>\n<li style=\"font-weight: 400;\" aria-level=\"1\"><span style=\"font-weight: 400;\">Acidentes no tr\u00e2nsito e conhecimentos sobre a sinaliza\u00e7\u00e3o;<\/span><\/li>\n<li style=\"font-weight: 400;\" aria-level=\"1\"><span style=\"font-weight: 400;\">Intoxica\u00e7\u00e3o com veneno\u00a0 e animais pe\u00e7onhentos;<\/span><\/li>\n<li style=\"font-weight: 400;\" aria-level=\"1\"><span style=\"font-weight: 400;\">Visita T\u00e9cnica (SAMU\/ BOMBEIROS), <strong>a depender das institui\u00e7\u00f5es<\/strong>.<\/span><\/li>\n<\/ul>\n<p><b>B\u00f4nus:\u00a0<\/b><\/p>\n<ul>\n<li><span style=\"font-weight: 400;\">Brinquedo (kit de primeiros socorros);<\/span><\/li>\n<li><span style=\"font-weight: 400;\">Blusa + m\u00e1scara personalizada;<\/span><\/li>\n<li><span style=\"font-weight: 400;\">Momento de divers\u00e3o com palha\u00e7o e brincadeiras durante os encontros.<\/span><\/li>\n<\/ul>\n<p><strong>Orienta\u00e7\u00f5es Gerais<\/strong><\/p>\n<ul>\n<li>Os pais ter\u00e3o acesso remoto via aplicativo no celular para visualiza\u00e7\u00e3o das crian\u00e7as em sala de aula;<\/li>\n<li>O lanche \u00e9 de responsabilidade dos pais ou respons\u00e1veis;<\/li>\n<li>No intervalo das aulas os monitores acompanhar\u00e3o cada crian\u00e7a na sua alimenta\u00e7\u00e3o;<\/li>\n<li>Na ficha de inscri\u00e7\u00e3o os pais dever\u00e3o informar se a crian\u00e7a tem alguma restri\u00e7\u00e3o quanto \u00e0 sa\u00fade ou alimentar;<\/li>\n<li>Caso seja liberado a <strong>Visita T\u00e9cnica<\/strong>, \u00e9 de responsabilidade dos pais o deslocamento das crian\u00e7as at\u00e9 o local.<\/li>\n<\/ul>\n<p><b>Metodologia:<\/b><\/p>\n<ul>\n<li style=\"font-weight: 400;\" aria-level=\"1\"><span style=\"font-weight: 400;\">Resolu\u00e7\u00e3o de casos cl\u00ednicos explicitados de forma l\u00fadica e com fantoches;<\/span><\/li>\n<li style=\"font-weight: 400;\" aria-level=\"1\"><span style=\"font-weight: 400;\">Demonstra\u00e7\u00e3o de equipamentos de primeiros socorros;<\/span><\/li>\n<li style=\"font-weight: 400;\" aria-level=\"1\"><span style=\"font-weight: 400;\">Simula\u00e7\u00f5es com manequins;<\/span><\/li>\n<li style=\"font-weight: 400;\" aria-level=\"1\"><span style=\"font-weight: 400;\">Simula\u00e7\u00e3o real\u00edstica;<\/span><\/li>\n<li style=\"font-weight: 400;\" aria-level=\"1\"><span style=\"font-weight: 400;\">Gamifica\u00e7\u00e3o.<\/span><\/li>\n<\/ul>\n<p><b>Investimento:<\/b><\/p>\n<p><strong>R$ <\/strong><span style=\"font-weight: 400;\"><strong>298,00<\/strong> (duzentos e noventa e oito reais)<\/span><\/p>\n<ul>\n<li><span style=\"font-weight: 400;\">2 crian\u00e7as da mesma fam\u00edlia ter\u00e3o 20% de desconto (Via PIX);<\/span><\/li>\n<li>Cart\u00e3o de Cr\u00e9dito (Parcelamento at\u00e9 18 vezes)<b>;<\/b><\/li>\n<li>PIX: <span style=\"font-weight: 400;\">10% de desconto;<\/span><\/li>\n<li>Pai, m\u00e3e ou respons\u00e1vel pela crian\u00e7a ter\u00e1 desconto especial no curso de Primeiros Socorros para cuidadores de crian\u00e7a;<\/li>\n<li>Para obter o desconto, o respons\u00e1vel dever\u00e1 entrar em contato com o atendimento da JF (85) 98832.7305.<\/li>\n<\/ul>\n<p><strong>ORIENTA\u00c7\u00d5ES GERAIS<\/strong><\/p>\n<p>CURSOS LIVRES<\/p>\n<ol>\n<li>As inscri\u00e7\u00f5es ser\u00e3o realizadas at\u00e9 o \u00faltimo dia \u00fatil que antecede a data de in\u00edcio do curso, e se houver vaga. Caso a quantidade de pagantes ultrapasse o n\u00famero de vagas, o valor integral ser\u00e1 devolvido ao \u00faltimo participante inscrito;<\/li>\n<li>A realiza\u00e7\u00e3o do curso est\u00e1 sujeita a forma\u00e7\u00e3o de turma, com n\u00famero igual ou superior aos gastos estipulados pela empresa. A n\u00e3o forma\u00e7\u00e3o de turma est\u00e1 sujeita a devolu\u00e7\u00e3o do valor integral de da inscri\u00e7\u00e3o;<\/li>\n<li>A desist\u00eancia dever\u00e1 ser comunicada por e-mail (<a href=\"mailto:jf@jfservicoseducacionais.com.br\">jf@jfservicoseducacionais.com.br<\/a>) at\u00e9 72(setenta e duas) horas antes do in\u00edcio do curso. Ap\u00f3s esse prazo ser\u00e1 devolvido 70% (setenta por cento) do valor e ap\u00f3s o in\u00edcio do curso n\u00e3o h\u00e1 devolu\u00e7\u00e3o e\/ou estorno. No e-mail deve ser informado os dados banc\u00e1rios do aluno com o devido CPF e nome completo, e anexado o comprovante de pagamento para devolu\u00e7\u00e3o e\/ou estorno no caso de pagamento por meio de cart\u00e3o de cr\u00e9dito. A devolu\u00e7\u00e3o e\/ou estorno ser\u00e1 feita at\u00e9 3 (tr\u00eas) dias \u00fateis ap\u00f3s o recebimento do e-mail.<\/li>\n<\/ol>\n<p>&nbsp;<\/p>\n<p><strong>Dra. Julyana Freitas<br \/>\n<\/strong>Dire\u00e7\u00e3o Geral<\/p>\n","protected":false},"excerpt":{"rendered":"<p><strong>2\u00aa TURMA<\/strong><\/p>\n<p><b>Objetivo geral:\u00a0<\/b><\/p>\n<ul>\n<li><span style=\"font-weight: 400;\">Capacitar crian\u00e7as a partir de 7 anos de idade para prestar os primeiros socorros em situa\u00e7\u00f5es de emerg\u00eancia.\u00a0<\/span><\/li>\n<\/ul>\n<p><b>Objetivos espec\u00edficos:\u00a0<\/b><\/p>\n<ul>\n<li><span style=\"font-weight: 400;\">Entender a import\u00e2ncia de ajudar a salvar vidas;<\/span><\/li>\n<li><span style=\"font-weight: 400;\">Identificar a diferen\u00e7a entre as institui\u00e7\u00f5es de servi\u00e7os de urg\u00eancias (SAMU e Bombeiros);<\/span><\/li>\n<li><span style=\"font-weight: 400;\">Adotar condutas de suporte b\u00e1sico de vida em situa\u00e7\u00f5es de emerg\u00eancias cl\u00ednicas e traum\u00e1ticas.<\/span><\/li>\n<\/ul>\n<p><b>Local de Realiza\u00e7\u00e3o:<\/b><\/p>\n<ul>\n<li>Espa\u00e7o Kids<span style=\"font-weight: 400;\">\u00a0(Rua Ab\u00edlio Martins, 900, Parquel\u00e2ndia).<\/span><\/li>\n<\/ul>\n","protected":false},"featured_media":10472,"comment_status":"open","ping_status":"closed","template":"","meta":{"_acf_changed":false},"product_brand":[],"product_cat":[146],"product_tag":[],"class_list":{"0":"post-10473","1":"product","2":"type-product","3":"status-publish","4":"has-post-thumbnail","6":"product_cat-livre-realizados","8":"first","9":"outofstock","10":"shipping-taxable","11":"purchasable","12":"product-type-simple"},"acf":[],"_links":{"self":[{"href":"https:\/\/jfsimulacaosaude.com.br\/site\/wp-json\/wp\/v2\/product\/10473","targetHints":{"allow":["GET"]}}],"collection":[{"href":"https:\/\/jfsimulacaosaude.com.br\/site\/wp-json\/wp\/v2\/product"}],"about":[{"href":"https:\/\/jfsimulacaosaude.com.br\/site\/wp-json\/wp\/v2\/types\/product"}],"replies":[{"embeddable":true,"href":"https:\/\/jfsimulacaosaude.com.br\/site\/wp-json\/wp\/v2\/comments?post=10473"}],"wp:featuredmedia":[{"embeddable":true,"href":"https:\/\/jfsimulacaosaude.com.br\/site\/wp-json\/wp\/v2\/media\/10472"}],"wp:attachment":[{"href":"https:\/\/jfsimulacaosaude.com.br\/site\/wp-json\/wp\/v2\/media?parent=10473"}],"wp:term":[{"taxonomy":"product_brand","embeddable":true,"href":"https:\/\/jfsimulacaosaude.com.br\/site\/wp-json\/wp\/v2\/product_brand?post=10473"},{"taxonomy":"product_cat","embeddable":true,"href":"https:\/\/jfsimulacaosaude.com.br\/site\/wp-json\/wp\/v2\/product_cat?post=10473"},{"taxonomy":"product_tag","embeddable":true,"href":"https:\/\/jfsimulacaosaude.com.br\/site\/wp-json\/wp\/v2\/product_tag?post=10473"}],"curies":[{"name":"wp","href":"https:\/\/api.w.org\/{rel}","templated":true}]}}