{"id":10471,"date":"2024-03-28T17:19:00","date_gmt":"2024-03-28T20:19:00","guid":{"rendered":"https:\/\/jfsimulacaosaude.com.br\/site\/product\/primeiros-socorros-para-leigos\/"},"modified":"2025-03-15T10:46:03","modified_gmt":"2025-03-15T13:46:03","slug":"primeiros-socorros-para-leigos","status":"publish","type":"product","link":"https:\/\/jfsimulacaosaude.com.br\/site\/produto\/primeiros-socorros-para-leigos\/","title":{"rendered":"Primeiros Socorros para Leigos"},"content":{"rendered":"<p><strong>Objetivo do curso:<\/strong><\/p>\n<p>Capacitar leigos para a tomada de decis\u00f5es em situa\u00e7\u00f5es de emerg\u00eancias c\u00ednicas e traum\u00e1ticas.<\/p>\n<p><strong>P\u00fablico Alvo:<\/strong> Profissionais n\u00e3o oriundos da sa\u00fade e afins.<\/p>\n<p><strong>Carga Hor\u00e1ria:<\/strong> 20 h.<\/p>\n<p><strong>Per\u00edodo:<\/strong><\/p>\n<ul>\n<li>27 de abril de 2025 (domingo das 8h \u00e0s 17h).<\/li>\n<\/ul>\n<p><strong>N\u00famero de Participantes:<\/strong> 25 Participantes<\/p>\n<p><strong>Certifica\u00e7\u00e3o:<\/strong> Ser\u00e1 fornecido certificado de participa\u00e7\u00e3o para todos os alunos que completarem no m\u00ednimo 75% da carga hor\u00e1ria do curso.<\/p>\n<p><strong>Temas Abordados:<\/strong><\/p>\n<ul>\n<li>Aspectos Essenciais da Seguran\u00e7a e Acionamento do SAMU e Bombeiros;<\/li>\n<li>Primeiros Socorros em Situa\u00e7\u00f5es Cl\u00ednicas (Engasgo; Parada Cardiorrespirat\u00f3ria; Infarto Agudo do Mioc\u00e1rdio, Acidente Vascular Cerebral, e Intoxica\u00e7\u00e3o);<\/li>\n<li>Primeitos Socorros em Situa\u00e7\u00f5es de Trauma (Quedas; Queimaduras; Hemorragias; Trauma de Cabe\u00e7a e Trauma de Extremidades).<\/li>\n<\/ul>\n<p><strong>Metodologia:<\/strong><\/p>\n<ul>\n<li>Aulas expositivas e dialogadas em ambiente virtual (plataforma Meet);<\/li>\n<li>Aprendizagem Baseada em Problemas (ABP) com resolu\u00e7\u00e3o de casos cl\u00ednicos;<\/li>\n<li>Esta\u00e7\u00f5es pr\u00e1ticas simuladas com simuladores de m\u00e9dia tecnologia e moulage (maquiagem real\u00edstica);<\/li>\n<\/ul>\n<p><strong>Facilitadora<\/strong><\/p>\n<p><strong>Enf. Ms. Wilcilene Oliveira<\/strong><\/p>\n<ul>\n<li>Mestre em Tecnologia e Inova\u00e7\u00e3o em Enfermagem \u2013 UNIFOR.<\/li>\n<li>Especialista em Urg\u00eancia e Emerg\u00eancia.<\/li>\n<li>Facilitadora do Centro de Ensino e Simula\u00e7\u00e3o JF.<\/li>\n<li>Educa\u00e7\u00e3o Permanente do Hospital Dr. Argeu Braga Herbster.<\/li>\n<li>Enfermeira socorrista do SAMU 192 \u2013 Regional Fortaleza.<\/li>\n<li>Instrutora de Simula\u00e7\u00e3o Cl\u00ednica \u2013 LAERDAL<\/li>\n<li>Facilitadora do NEP SAMU 192 \u2013 Regional Fortaleza<\/li>\n<\/ul>\n<p><strong>Investimento:<\/strong><\/p>\n<p>R$ 180,00 (duzentos e vinte reais);<\/p>\n<p>*Acad\u00eamicos da sa\u00fade e t\u00e9cnicos de enfermagem ter\u00e3o direito a 20% de desconto. Para isso \u00e9 necess\u00e1rio entrar em contato com a JF Servi\u00e7os Educacionais em Sa\u00fade e enviar um comprovante no WhatsApp (85) 98832.7305.<\/p>\n<p>*Os descontos concedidos n\u00e3o s\u00e3o cumulativos.<\/p>\n<p><strong>ORIENTA\u00c7\u00d5ES GERAIS<\/strong><\/p>\n<p>CURSOS LIVRES<\/p>\n<ol>\n<li>As inscri\u00e7\u00f5es ser\u00e3o realizadas at\u00e9 o \u00faltimo dia \u00fatil que antecede a data de in\u00edcio do curso, e se houver vaga. Caso a quantidade de pagantes ultrapasse o n\u00famero de vagas, o valor integral ser\u00e1 devolvido ao \u00faltimo participante inscrito;<\/li>\n<li>A realiza\u00e7\u00e3o do curso est\u00e1 sujeita a forma\u00e7\u00e3o de turma, com n\u00famero igual ou superior aos gastos estipulados pela empresa. A n\u00e3o forma\u00e7\u00e3o de turma est\u00e1 sujeita a devolu\u00e7\u00e3o do valor integral de da inscri\u00e7\u00e3o;<\/li>\n<li>A desist\u00eancia dever\u00e1 ser comunicada por e-mail (<a href=\"mailto:jf@jfservicoseducacionais.com.br\">jf@jfservicoseducacionais.com.br<\/a>) at\u00e9 72(setenta e duas) horas antes do in\u00edcio do curso. Ap\u00f3s esse prazo ser\u00e1 devolvido 70% (setenta por cento) do valor e ap\u00f3s o in\u00edcio do curso n\u00e3o h\u00e1 devolu\u00e7\u00e3o e\/ou estorno. No e-mail deve ser informado os dados banc\u00e1rios do aluno com o devido CPF e nome completo, e anexado o comprovante de pagamento para devolu\u00e7\u00e3o e\/ou estorno no caso de pagamento por meio de cart\u00e3o de cr\u00e9dito. A devolu\u00e7\u00e3o e\/ou estorno ser\u00e1 feita at\u00e9 3 (tr\u00eas) dias \u00fateis ap\u00f3s o recebimento do e-mail.<\/li>\n<\/ol>\n<p><strong>ORIENTA\u00c7\u00d5ES ESPEC\u00cdFICAS<\/strong><\/p>\n<ol>\n<li>Para o recebimento do certificado, \u00e9 necess\u00e1rio a participa\u00e7\u00e3o m\u00ednima em 75% das aulas remotas, presenciais e EAD.<\/li>\n<\/ol>\n","protected":false},"excerpt":{"rendered":"<p><strong>Temas Abordados:<\/strong><br \/>\n\u2013 Aspectos Essenciais da Seguran\u00e7a;<br \/>\n\u2013 Suporte Imediato \u00e0 Vida;<br \/>\n\u2013 Emerg\u00eancias Cl\u00ednicas;<br \/>\n\u2013 Emerg\u00eancias Traum\u00e1ticas.<\/p>\n<p><strong>Per\u00edodo:<\/strong><\/p>\n<ul>\n<li>06 de novembro de 2021 (s\u00e1bado das 8h \u00e0s 17h);<\/li>\n<li>20 de novembro de 2021( s\u00e1bado das 8h \u00e0s 17h);<\/li>\n<li>04 de dezembro de 2021 ( s\u00e1bado das 8h \u00e0s 17h);<\/li>\n<li>18\u00a0 de dezembro de 2021 ( s\u00e1bado das 8h \u00e0s 17h).<\/li>\n<\/ul>\n","protected":false},"featured_media":10470,"comment_status":"open","ping_status":"closed","template":"","meta":{"_acf_changed":false},"product_brand":[],"product_cat":[146],"product_tag":[],"class_list":{"0":"post-10471","1":"product","2":"type-product","3":"status-publish","4":"has-post-thumbnail","6":"product_cat-livre-realizados","8":"first","9":"outofstock","10":"shipping-taxable","11":"purchasable","12":"product-type-simple"},"acf":[],"_links":{"self":[{"href":"https:\/\/jfsimulacaosaude.com.br\/site\/wp-json\/wp\/v2\/product\/10471","targetHints":{"allow":["GET"]}}],"collection":[{"href":"https:\/\/jfsimulacaosaude.com.br\/site\/wp-json\/wp\/v2\/product"}],"about":[{"href":"https:\/\/jfsimulacaosaude.com.br\/site\/wp-json\/wp\/v2\/types\/product"}],"replies":[{"embeddable":true,"href":"https:\/\/jfsimulacaosaude.com.br\/site\/wp-json\/wp\/v2\/comments?post=10471"}],"wp:featuredmedia":[{"embeddable":true,"href":"https:\/\/jfsimulacaosaude.com.br\/site\/wp-json\/wp\/v2\/media\/10470"}],"wp:attachment":[{"href":"https:\/\/jfsimulacaosaude.com.br\/site\/wp-json\/wp\/v2\/media?parent=10471"}],"wp:term":[{"taxonomy":"product_brand","embeddable":true,"href":"https:\/\/jfsimulacaosaude.com.br\/site\/wp-json\/wp\/v2\/product_brand?post=10471"},{"taxonomy":"product_cat","embeddable":true,"href":"https:\/\/jfsimulacaosaude.com.br\/site\/wp-json\/wp\/v2\/product_cat?post=10471"},{"taxonomy":"product_tag","embeddable":true,"href":"https:\/\/jfsimulacaosaude.com.br\/site\/wp-json\/wp\/v2\/product_tag?post=10471"}],"curies":[{"name":"wp","href":"https:\/\/api.w.org\/{rel}","templated":true}]}}