{"id":10469,"date":"2024-03-28T17:18:51","date_gmt":"2024-03-28T20:18:51","guid":{"rendered":"https:\/\/jfsimulacaosaude.com.br\/site\/product\/primeiros-socorros-para-pais-maes-e-cuidadores\/"},"modified":"2024-04-08T12:00:31","modified_gmt":"2024-04-08T15:00:31","slug":"primeiros-socorros-para-pais-maes-e-cuidadores","status":"publish","type":"product","link":"https:\/\/jfsimulacaosaude.com.br\/site\/produto\/primeiros-socorros-para-pais-maes-e-cuidadores\/","title":{"rendered":"Primeiros Socorros para Pais, M\u00e3es e Cuidadores"},"content":{"rendered":"<p><strong>Dia:<\/strong> 17 de setembro de 2021 (14h \u00e0s 18h)<\/p>\n<p><strong>Local:<\/strong> Escola Montessori (Rua Tib\u00farcio Cavalcante, 2630)<\/p>\n<p><strong>P\u00fablico-Alvo:<\/strong> Pais, m\u00e3es, familiares e cuidadores de crian\u00e7as.<\/p>\n<p><strong>Carga-hor\u00e1ria:<\/strong> 4h<\/p>\n<p><strong>Conte\u00fado Program\u00e1tico:<\/strong><\/p>\n<ul>\n<li>Queimaduras;<\/li>\n<li>Desmaios;<\/li>\n<li>Convuls\u00e3o;<\/li>\n<li>Afogamento;<\/li>\n<li>Engasgos;<\/li>\n<li>Choques;<\/li>\n<li>Ferimentos e Hemorragias;<\/li>\n<li>Quedas e Fraturas.<\/li>\n<\/ul>\n<p><strong>Facilitadora<\/strong><\/p>\n<p><b>Dra. Julyana Freitas<\/b><\/p>\n<p>Enfermeira. Doutora em Enfermagem pela Universidade Federal do Cear\u00e1. Instrutora em Simula\u00e7\u00e3o Cl\u00ednica e Real\u00edstica (<em>Leardal Medical e Area Training &amp; Consulting<\/em>). Docente da Gradua\u00e7\u00e3o em Enfermagem e do Mestrado Profissional Tecnologia e Inova\u00e7\u00e3o em Enfermagem (MPTIE)\/UNIFOR. Pesquisadora e Coordenadora\u00a0 do Laborat\u00f3rio de Tecnologia em Enfermagem (LABTENF)\/UNIFOR.<\/p>\n<p><strong>Investimento:<\/strong><\/p>\n<p><strong>R$ 150,00 <\/strong>(cento e cinquenta reais);<\/p>\n<p><strong>ORIENTA\u00c7\u00d5ES GERAIS<\/strong><\/p>\n<p>CURSOS LIVRES<\/p>\n<ol>\n<li>As inscri\u00e7\u00f5es ser\u00e3o realizadas at\u00e9 o \u00faltimo dia \u00fatil que antecede a data de in\u00edcio do curso, e se houver vaga. Caso a quantidade de pagantes ultrapasse o n\u00famero de vagas, o valor integral ser\u00e1 devolvido ao \u00faltimo participante inscrito;<\/li>\n<li>A realiza\u00e7\u00e3o do curso est\u00e1 sujeita a forma\u00e7\u00e3o de turma, com n\u00famero igual ou superior aos gastos estipulados pela empresa. A n\u00e3o forma\u00e7\u00e3o de turma est\u00e1 sujeita a devolu\u00e7\u00e3o do valor integral de da inscri\u00e7\u00e3o;<\/li>\n<li>A desist\u00eancia dever\u00e1 ser comunicada por e-mail (<a href=\"mailto:jf@jfservicoseducacionais.com.br\">jf@jfservicoseducacionais.com.br<\/a>) at\u00e9 72(setenta e duas) horas antes do in\u00edcio do curso. Ap\u00f3s esse prazo ser\u00e1 devolvido 70% (setenta por cento) do valor e ap\u00f3s o in\u00edcio do curso n\u00e3o h\u00e1 devolu\u00e7\u00e3o e\/ou estorno. No e-mail deve ser informado os dados banc\u00e1rios do aluno com o devido CPF e nome completo, e anexado o comprovante de pagamento para devolu\u00e7\u00e3o e\/ou estorno no caso de pagamento por meio de cart\u00e3o de cr\u00e9dito. A devolu\u00e7\u00e3o e\/ou estorno ser\u00e1 feita at\u00e9 3 (tr\u00eas) dias \u00fateis ap\u00f3s o recebimento do e-mail.<\/li>\n<\/ol>\n<p><strong>ORIENTA\u00c7\u00d5ES ESPEC\u00cdFICAS<\/strong><\/p>\n<ol>\n<li>Para o recebimento do certificado, \u00e9 necess\u00e1rio a participa\u00e7\u00e3o m\u00ednima em 75% das aulas remotas, presenciais e EAD.<\/li>\n<\/ol>\n<p>&nbsp;<\/p>\n<p><strong>Dra. Julyana Freitas<br \/>\n<\/strong>Dire\u00e7\u00e3o Geral<\/p>\n","protected":false},"excerpt":{"rendered":"<p><strong>Dia:<\/strong> 17 de setembro de 2021 (14h \u00e0s 18h)<\/p>\n<p><strong>Local:<\/strong> Escola Montessori (Rua Tib\u00farcio Cavalcante, 2630)<\/p>\n<p><strong>P\u00fablico-Alvo:<\/strong> Pais, m\u00e3es, familiares e cuidadores.<\/p>\n<p><strong>Carga-hor\u00e1ria:<\/strong> 4h<\/p>\n","protected":false},"featured_media":10468,"comment_status":"open","ping_status":"closed","template":"","meta":{"_acf_changed":false},"product_brand":[],"product_cat":[146],"product_tag":[],"class_list":{"0":"post-10469","1":"product","2":"type-product","3":"status-publish","4":"has-post-thumbnail","6":"product_cat-livre-realizados","8":"first","9":"outofstock","10":"shipping-taxable","11":"purchasable","12":"product-type-simple"},"acf":[],"_links":{"self":[{"href":"https:\/\/jfsimulacaosaude.com.br\/site\/wp-json\/wp\/v2\/product\/10469","targetHints":{"allow":["GET"]}}],"collection":[{"href":"https:\/\/jfsimulacaosaude.com.br\/site\/wp-json\/wp\/v2\/product"}],"about":[{"href":"https:\/\/jfsimulacaosaude.com.br\/site\/wp-json\/wp\/v2\/types\/product"}],"replies":[{"embeddable":true,"href":"https:\/\/jfsimulacaosaude.com.br\/site\/wp-json\/wp\/v2\/comments?post=10469"}],"wp:featuredmedia":[{"embeddable":true,"href":"https:\/\/jfsimulacaosaude.com.br\/site\/wp-json\/wp\/v2\/media\/10468"}],"wp:attachment":[{"href":"https:\/\/jfsimulacaosaude.com.br\/site\/wp-json\/wp\/v2\/media?parent=10469"}],"wp:term":[{"taxonomy":"product_brand","embeddable":true,"href":"https:\/\/jfsimulacaosaude.com.br\/site\/wp-json\/wp\/v2\/product_brand?post=10469"},{"taxonomy":"product_cat","embeddable":true,"href":"https:\/\/jfsimulacaosaude.com.br\/site\/wp-json\/wp\/v2\/product_cat?post=10469"},{"taxonomy":"product_tag","embeddable":true,"href":"https:\/\/jfsimulacaosaude.com.br\/site\/wp-json\/wp\/v2\/product_tag?post=10469"}],"curies":[{"name":"wp","href":"https:\/\/api.w.org\/{rel}","templated":true}]}}