{"id":10467,"date":"2024-03-28T17:18:44","date_gmt":"2024-03-28T20:18:44","guid":{"rendered":"https:\/\/jfsimulacaosaude.com.br\/site\/product\/preparatorio-jf-samu-fortaleza-2a-fase-treinamento-de-habilidades-tecnicos\/"},"modified":"2024-04-02T15:21:48","modified_gmt":"2024-04-02T18:21:48","slug":"preparatorio-jf-samu-fortaleza-2a-fase-treinamento-de-habilidades-tecnicos","status":"publish","type":"product","link":"https:\/\/jfsimulacaosaude.com.br\/site\/produto\/preparatorio-jf-samu-fortaleza-2a-fase-treinamento-de-habilidades-tecnicos\/","title":{"rendered":"Preparat\u00f3rio JF SAMU\/Fortaleza &#8211; 2\u00aa Fase TREINAMENTO DE HABILIDADES (T\u00e9cnicos)"},"content":{"rendered":"<p><strong>P\u00fablico Alvo:<\/strong> T\u00e9cnicos de Enfermagem<\/p>\n<p><strong>Carga Hor\u00e1ria:<\/strong>\u00a020H<\/p>\n<p><strong>Vagas<\/strong>\u00a0\u2013 20 (vinte)<br \/>\nCurso sujeito \u00e0 forma\u00e7\u00e3o de turma.<\/p>\n<p>O preparat\u00f3rio para avalia\u00e7\u00e3o pr\u00e1tica ir\u00e1 contemplar os seguintes m\u00f3dulos:<\/p>\n<ul>\n<li>Profa. Julyana Freitas<br \/>\nEmerg\u00eancias Cl\u00ednicas<br \/>\nquinta-feira 23.2, das 8h \u00e0s 17h.<\/li>\n<li>Prof. Ary Farias<br \/>\nEmerg\u00eancias Traum\u00e1ticas<br \/>\nsexta 24.02, das 8h \u00e0s 17h.<\/li>\n<\/ul>\n<p><strong>Local:<\/strong> Centro de Ensino e Simula\u00e7\u00e3o em Sa\u00fade &#8211; Dra Julyana Freitas (Rua Ab\u00edlio Martins, 900, Parquel\u00e2ndia)<\/p>\n<p><strong>Avalia\u00e7\u00e3o de Compet\u00eancias para o APH <\/strong><strong>(checklist das principais esta\u00e7\u00f5es pr\u00e1ticas simuladas baseadas no conte\u00fado program\u00e1tico conforme o anexo IV do edital 229\/2022.)<\/strong><\/p>\n<p><strong>Certifica\u00e7\u00e3o:<\/strong>\u00a0Ser\u00e1 fornecido certificado digital de participa\u00e7\u00e3o para todos os alunos que completarem no m\u00ednimo 75% da carga hor\u00e1ria do curso.<\/p>\n<p><strong>Conte\u00fado Program\u00e1tico:\u00a0<\/strong>Ver <a href=\"https:\/\/drive.google.com\/file\/d\/1yvuKmJcvU61Z4WH4vYU3axmiBQlEF6d4\/view?usp=sharing\">Edital 229\/2022<\/a><\/p>\n<p><strong>Facilitadores<\/strong><\/p>\n<p><strong>Dra. Julyana Freitas e convidados expertises na \u00e1rea.<\/strong><\/p>\n<p><b>Profa. Dra. Julyana Gomes Freitas.<\/b><br \/>\n&#8211; Graduada em Enfermagem pela Universidade Federal do Cear\u00e1;<br \/>\n&#8211; Especialista em Urg\u00eancia e Emerg\u00eancia pela ESP (Escola de Sa\u00fade P\u00fablica) e em Linhas de Cuidado em\u00a0 Enfermagem (Urg\u00eancia e Emerg\u00eancia) pela UFSC (Universidade de Santa Catarina);<br \/>\n&#8211; Mestrado e Doutorado em Enfermagem pela Universidade Federal do Cear\u00e1;<br \/>\n&#8211; Instutora em Simula\u00e7\u00e3o Cl\u00ednica e Real\u00edstica (Laerdal Medical e Area Training &amp; Consulting);<br \/>\n&#8211; Docente da Gradua\u00e7\u00e3o e P\u00f3s-Gradua\u00e7\u00e3o Stricto Sensu (Mestrado Profissional em Tecnologia e Inova\u00e7\u00e3o em Enfermagem) da Universidade de Fortaleza;<br \/>\n&#8211; Preceptora do N\u00facleo de Educa\u00e7\u00e3o Permanente (SAMU FORTALEZA)\/ 2019 a 2021;<br \/>\n&#8211; Assistente Educacional em Simula\u00e7\u00e3o Cl\u00ednica da Escola de Sa\u00fade P\u00fablica (ESP\/CE);<br \/>\n&#8211; CEO da JF Servi\u00e7os em Sa\u00fade.<\/p>\n<p>Atuando principalmente nos seguintes temas: Simula\u00e7\u00e3o; Urg\u00eancia e Emerg\u00eancia; Paciente Cr\u00edtico; Tecnologias e Educa\u00e7\u00e3o.<\/p>\n<p>&nbsp;<\/p>\n<p>Investimento:<\/p>\n<p><strong>P\u00fablico Externo<\/strong><br \/>\nR$ 250,00 \u2013 T\u00e9cnico(a) de Enfermagem aprovado(a) na primeira fase*<\/p>\n<p><strong>Participantes do Preparat\u00f3rio JF (1\u00aa fase)<br \/>\n<\/strong>Alunos aprovados JF<\/p>\n<p>15% de desconto transfer\u00eancia banc\u00e1ria<\/p>\n<p>10% de desconto cart\u00e3o de cr\u00e9dito<\/p>\n<p><strong>\u00a0*Os interessados dever\u00e3o entrar em contato pelo WhatsApp para solicitar o seu CUPOM de desconto no (85) 98832.7305.<\/strong><\/p>\n<p><strong>ORIENTA\u00c7\u00d5ES GERAIS<\/strong><\/p>\n<p>CURSOS LIVRES<\/p>\n<ol>\n<li>As inscri\u00e7\u00f5es ser\u00e3o realizadas at\u00e9 o \u00faltimo dia \u00fatil que antecede a data de in\u00edcio do curso, e se houver vaga. Caso a quantidade de pagantes ultrapasse o n\u00famero de vagas, o valor integral ser\u00e1 devolvido ao \u00faltimo participante inscrito;<\/li>\n<li>A realiza\u00e7\u00e3o do curso est\u00e1 sujeita a forma\u00e7\u00e3o de turma, com n\u00famero igual ou superior aos gastos estipulados pela empresa. A n\u00e3o forma\u00e7\u00e3o de turma est\u00e1 sujeita a devolu\u00e7\u00e3o do valor integral de da inscri\u00e7\u00e3o;<\/li>\n<li>A desist\u00eancia dever\u00e1 ser comunicada por e-mail (<a href=\"mailto:jf@jfservicoseducacionais.com.br\">jf@jfservicoseducacionais.com.br<\/a>) at\u00e9 72(setenta e duas) horas antes do in\u00edcio do curso. Ap\u00f3s esse prazo ser\u00e1 devolvido 70% (setenta por cento) do valor e ap\u00f3s o in\u00edcio do curso n\u00e3o h\u00e1 devolu\u00e7\u00e3o e\/ou estorno. No e-mail deve ser informado os dados banc\u00e1rios do aluno com o devido CPF e nome completo, e anexado o comprovante de pagamento para devolu\u00e7\u00e3o e\/ou estorno no caso de pagamento por meio de cart\u00e3o de cr\u00e9dito. A devolu\u00e7\u00e3o e\/ou estorno ser\u00e1 feita at\u00e9 3 (tr\u00eas) dias \u00fateis ap\u00f3s o recebimento do e-mail.<\/li>\n<\/ol>\n<p>&nbsp;<\/p>\n","protected":false},"excerpt":{"rendered":"<p style=\"text-align: left;\"><strong>Datas:<\/strong><\/p>\n<ul>\n<li>23 de feveiro de 2023 \u2013 Emerg\u00eancias Cl\u00ednicas\u00a0 \u2013 Profa Julyana Gomes Freitas<\/li>\n<li>24 de fevereiro de 2023 \u2013 Emerg\u00eancias Traum\u00e1ticas \u2013 Prof. Ary Farias<\/li>\n<\/ul>\n","protected":false},"featured_media":10466,"comment_status":"open","ping_status":"closed","template":"","meta":{"_acf_changed":false},"product_brand":[],"product_cat":[146],"product_tag":[],"class_list":{"0":"post-10467","1":"product","2":"type-product","3":"status-publish","4":"has-post-thumbnail","6":"product_cat-livre-realizados","8":"first","9":"outofstock","10":"shipping-taxable","11":"product-type-simple"},"acf":[],"_links":{"self":[{"href":"https:\/\/jfsimulacaosaude.com.br\/site\/wp-json\/wp\/v2\/product\/10467","targetHints":{"allow":["GET"]}}],"collection":[{"href":"https:\/\/jfsimulacaosaude.com.br\/site\/wp-json\/wp\/v2\/product"}],"about":[{"href":"https:\/\/jfsimulacaosaude.com.br\/site\/wp-json\/wp\/v2\/types\/product"}],"replies":[{"embeddable":true,"href":"https:\/\/jfsimulacaosaude.com.br\/site\/wp-json\/wp\/v2\/comments?post=10467"}],"wp:featuredmedia":[{"embeddable":true,"href":"https:\/\/jfsimulacaosaude.com.br\/site\/wp-json\/wp\/v2\/media\/10466"}],"wp:attachment":[{"href":"https:\/\/jfsimulacaosaude.com.br\/site\/wp-json\/wp\/v2\/media?parent=10467"}],"wp:term":[{"taxonomy":"product_brand","embeddable":true,"href":"https:\/\/jfsimulacaosaude.com.br\/site\/wp-json\/wp\/v2\/product_brand?post=10467"},{"taxonomy":"product_cat","embeddable":true,"href":"https:\/\/jfsimulacaosaude.com.br\/site\/wp-json\/wp\/v2\/product_cat?post=10467"},{"taxonomy":"product_tag","embeddable":true,"href":"https:\/\/jfsimulacaosaude.com.br\/site\/wp-json\/wp\/v2\/product_tag?post=10467"}],"curies":[{"name":"wp","href":"https:\/\/api.w.org\/{rel}","templated":true}]}}