{"id":10458,"date":"2024-03-28T17:18:11","date_gmt":"2024-03-28T20:18:11","guid":{"rendered":"https:\/\/jfsimulacaosaude.com.br\/site\/product\/arena-jf-revalidacao-turma-02\/"},"modified":"2024-04-08T11:52:20","modified_gmt":"2024-04-08T14:52:20","slug":"arena-jf-revalidacao-turma-02","status":"publish","type":"product","link":"https:\/\/jfsimulacaosaude.com.br\/site\/produto\/arena-jf-revalidacao-turma-02\/","title":{"rendered":"Arena JF Revalida\u00e7\u00e3o &#8211; Turma 02"},"content":{"rendered":"<p><strong>Aten\u00e7\u00e3o! Leia o <a href=\"https:\/\/jfservicoseducacionais.com.br\/wp-content\/uploads\/2021\/11\/CONTRATO-DE-PRESTACAO-DE-SERVICOS_REVALIDA-2021.pdf\">Contrato<\/a> e confirme antes de clicar em comprar!!<\/strong><\/p>\n<p>A Arena JF Revalida\u00e7\u00e3o \u00e9 um treinamento 100% presencial (v\u00e9spera da prova) que visa simular o dia da prova pr\u00e1tica do Revalida.<\/p>\n<p>Em um dia de pura imers\u00e3o, o candidato percorre 40 cen\u00e1rios cl\u00ednicos de atendimento em simula\u00e7\u00e3o real\u00edstica, da mesma forma que encontrar\u00e1 no dia da prova.<\/p>\n<p>Com atendimentos em dezenas de cabines de avalia\u00e7\u00e3o com atores padronizados, avalia\u00e7\u00e3o em checklist, realiza\u00e7\u00e3o de procedimentos, e atendimento, o candidato estar\u00e1 em um ambiente de prova de habilidades cl\u00ednicas 100% voltado para o Revalida.<\/p>\n<p>Recebendo o debriefing de cada esta\u00e7\u00e3o realizada, possibilitando ao candidato, fazer os \u00faltimos ajustes antes da prova.<\/p>\n<p><strong>P\u00fablico-Alvo:<\/strong> M\u00e9dicos inscritos no processo de Revalida\u00e7\u00e3o da II etapa (Prova de habilidades cl\u00ednicas) do Revalida\/INEP edital 2021<\/p>\n<p><strong>Data<\/strong>: 16 de dezembro de 2021 (v\u00e9spera da prova prevista para 18\/12\/2021)<\/p>\n<p><strong>Carga hor\u00e1ria<\/strong>: 12 horas (um dia de pura imers\u00e3o)<\/p>\n<p><strong>Cronograma<\/strong>:<\/p>\n<p>Credenciamento: 7h30<\/p>\n<p>In\u00edcio do arena: 8h<\/p>\n<p>Coffee Break: 10h<\/p>\n<p>Almo\u00e7o: 12h<\/p>\n<p>Coffee Break: 16h<\/p>\n<p>Finaliza\u00e7\u00e3o: 20h<\/p>\n<p><strong>Investimento<\/strong><\/p>\n<p>R$ 1.668,00 ou em at\u00e9 12 x R$ 167,47 no cart\u00e3o de cr\u00e9dito &#8211; PagSeguro.<\/p>\n<p><strong>ORIENTA\u00c7\u00d5ES GERAIS<\/strong><\/p>\n<p>CURSOS LIVRES<\/p>\n<ol>\n<li>As inscri\u00e7\u00f5es ser\u00e3o realizadas at\u00e9 o \u00faltimo dia \u00fatil que antecede a data de in\u00edcio do curso, e se houver vaga. Caso a quantidade de pagantes ultrapasse o n\u00famero de vagas, o valor integral ser\u00e1 devolvido ao \u00faltimo participante inscrito;<\/li>\n<li>A realiza\u00e7\u00e3o do curso est\u00e1 sujeita a forma\u00e7\u00e3o de turma, com n\u00famero igual ou superior aos gastos estipulados pela empresa. A n\u00e3o forma\u00e7\u00e3o de turma est\u00e1 sujeita a devolu\u00e7\u00e3o do valor integral de da inscri\u00e7\u00e3o;<\/li>\n<li>A desist\u00eancia dever\u00e1 ser comunicada por e-mail (<a href=\"mailto:jf@jfservicoseducacionais.com.br\">jf@jfservicoseducacionais.com.br<\/a>) at\u00e9 72(setenta e duas) horas antes do in\u00edcio do curso. Ap\u00f3s esse prazo ser\u00e1 devolvido 70% (setenta por cento) do valor e ap\u00f3s o in\u00edcio do curso n\u00e3o h\u00e1 devolu\u00e7\u00e3o e\/ou estorno. No e-mail deve ser informado os dados banc\u00e1rios do aluno com o devido CPF e nome completo, e anexado o comprovante de pagamento para devolu\u00e7\u00e3o e\/ou estorno no caso de pagamento por meio de cart\u00e3o de cr\u00e9dito. A devolu\u00e7\u00e3o e\/ou estorno ser\u00e1 feita at\u00e9 3 (tr\u00eas) dias \u00fateis ap\u00f3s o recebimento do e-mail.<\/li>\n<\/ol>\n","protected":false},"excerpt":{"rendered":"<p><strong>Data<\/strong>: 16 de dezembro de 2021 (v\u00e9spera da prova, prevista para 18\/12\/2021)<\/p>\n<p><strong>Carga hor\u00e1ria<\/strong>: 12 horas (um dia de pura imers\u00e3o)<\/p>\n","protected":false},"featured_media":10457,"comment_status":"open","ping_status":"closed","template":"","meta":{"_acf_changed":false},"product_brand":[],"product_cat":[146],"product_tag":[],"class_list":{"0":"post-10458","1":"product","2":"type-product","3":"status-publish","4":"has-post-thumbnail","6":"product_cat-livre-realizados","8":"first","9":"outofstock","10":"shipping-taxable","11":"product-type-simple"},"acf":[],"_links":{"self":[{"href":"https:\/\/jfsimulacaosaude.com.br\/site\/wp-json\/wp\/v2\/product\/10458","targetHints":{"allow":["GET"]}}],"collection":[{"href":"https:\/\/jfsimulacaosaude.com.br\/site\/wp-json\/wp\/v2\/product"}],"about":[{"href":"https:\/\/jfsimulacaosaude.com.br\/site\/wp-json\/wp\/v2\/types\/product"}],"replies":[{"embeddable":true,"href":"https:\/\/jfsimulacaosaude.com.br\/site\/wp-json\/wp\/v2\/comments?post=10458"}],"wp:featuredmedia":[{"embeddable":true,"href":"https:\/\/jfsimulacaosaude.com.br\/site\/wp-json\/wp\/v2\/media\/10457"}],"wp:attachment":[{"href":"https:\/\/jfsimulacaosaude.com.br\/site\/wp-json\/wp\/v2\/media?parent=10458"}],"wp:term":[{"taxonomy":"product_brand","embeddable":true,"href":"https:\/\/jfsimulacaosaude.com.br\/site\/wp-json\/wp\/v2\/product_brand?post=10458"},{"taxonomy":"product_cat","embeddable":true,"href":"https:\/\/jfsimulacaosaude.com.br\/site\/wp-json\/wp\/v2\/product_cat?post=10458"},{"taxonomy":"product_tag","embeddable":true,"href":"https:\/\/jfsimulacaosaude.com.br\/site\/wp-json\/wp\/v2\/product_tag?post=10458"}],"curies":[{"name":"wp","href":"https:\/\/api.w.org\/{rel}","templated":true}]}}